{"id":15571,"date":"2021-06-09T14:28:11","date_gmt":"2021-06-09T12:28:11","guid":{"rendered":"https:\/\/beachin.ch\/fussball-em-im-beachin\/"},"modified":"2021-07-14T13:41:01","modified_gmt":"2021-07-14T11:41:01","slug":"public-viewing","status":"publish","type":"page","link":"https:\/\/beachin.ch\/fr\/public-viewing\/","title":{"rendered":"Public-Viewing \u00e0 BeachIN"},"content":{"rendered":"<div class=\"wpb-content-wrapper\"><p>[vc_row][vc_column][vc_column_text]<\/p>\n<h1>Public-Viewing \u00e0 BeachIN en direct<\/h1>\n<p>Le championnat europ\u00e9en de football, le tennis \u00e0 Wimbledon et le beach-volley \u00e0 Gstaad font partie de l&#8217;histoire.<br \/>\nSpectacle et ambiance de f\u00eate lors du visionnage public \u00e0 BeachIN, nous avons v\u00e9cu ensemble de grands moments de sport.<\/p>\n<p>Jetez un coup d&#8217;\u0153il \u00e0 notre revue de visionnement public :<\/p>\n<p>[\/vc_column_text][\/vc_column][\/vc_row][vc_row][vc_column][vc_gallery interval=&#8221;3&#8243; images=&#8221;16232,16229,16226,16220,16214,16211,16202,16199,16193,16190,16187,16184,16181,16178,16175,16172,16169,16166,16163,16160,16154&#8243; img_size=&#8221;full&#8221; title=&#8221;Review Public-Viewing \u00e0 BeachIN&#8221;][\/vc_column][\/vc_row]<\/p>\n<\/div>","protected":false},"excerpt":{"rendered":"<p>[vc_row][vc_column][vc_column_text] Public-Viewing \u00e0 BeachIN en direct Le championnat europ\u00e9en de football, le tennis \u00e0 Wimbledon et le beach-volley \u00e0 Gstaad font partie de l&#8217;histoire. Spectacle et ambiance de f\u00eate lors du visionnage public \u00e0 BeachIN, nous avons v\u00e9cu ensemble de grands moments de sport. Jetez un coup d&#8217;\u0153il \u00e0 notre revue de visionnement public : <a class=\"more-link\" href=\"https:\/\/beachin.ch\/fr\/public-viewing\/\">weiterlesen&#8230;<\/a><\/p>\n","protected":false},"author":1,"featured_media":0,"parent":0,"menu_order":0,"comment_status":"closed","ping_status":"closed","template":"","meta":{"footnotes":""},"yoast_head":"<!-- This site is optimized with the Yoast SEO plugin v14.4.1 - https:\/\/yoast.com\/wordpress\/plugins\/seo\/ -->\n<title>Public-Viewing \u00e0 BeachIN &ndash; BeachIN Sport, Bar &amp; Hotel<\/title>\n<meta name=\"robots\" content=\"index, follow\" \/>\n<meta name=\"googlebot\" content=\"index, follow, max-snippet:-1, max-image-preview:large, max-video-preview:-1\" \/>\n<meta name=\"bingbot\" content=\"index, follow, max-snippet:-1, max-image-preview:large, max-video-preview:-1\" \/>\n<link rel=\"canonical\" href=\"https:\/\/beachin.ch\/fr\/public-viewing\/\" \/>\n<meta property=\"og:locale\" content=\"fr_FR\" \/>\n<meta property=\"og:type\" content=\"article\" \/>\n<meta property=\"og:title\" content=\"Public-Viewing \u00e0 BeachIN &ndash; BeachIN Sport, Bar &amp; Hotel\" \/>\n<meta property=\"og:description\" content=\"[vc_row][vc_column][vc_column_text] Public-Viewing \u00e0 BeachIN en direct Le championnat europ\u00e9en de football, le tennis \u00e0 Wimbledon et le beach-volley \u00e0 Gstaad font partie de l&#8217;histoire. Spectacle et ambiance de f\u00eate lors du visionnage public \u00e0 BeachIN, nous avons v\u00e9cu ensemble de grands moments de sport. Jetez un coup d&#8217;\u0153il \u00e0 notre revue de visionnement public : weiterlesen...\" \/>\n<meta property=\"og:url\" content=\"https:\/\/beachin.ch\/fr\/public-viewing\/\" \/>\n<meta property=\"og:site_name\" content=\"BeachIN Sport, Bar &amp; Hotel\" \/>\n<meta property=\"article:modified_time\" content=\"2021-07-14T11:41:01+00:00\" \/>\n<meta name=\"twitter:card\" content=\"summary_large_image\" \/>\n<script type=\"application\/ld+json\" class=\"yoast-schema-graph\">{\"@context\":\"https:\/\/schema.org\",\"@graph\":[{\"@type\":\"WebSite\",\"@id\":\"https:\/\/beachin.ch\/fr\/#website\",\"url\":\"https:\/\/beachin.ch\/fr\/\",\"name\":\"BeachIN Sport, Bar &amp; Hotel\",\"description\":\"Strandfeeling das ganze Jahr!\",\"potentialAction\":[{\"@type\":\"SearchAction\",\"target\":\"https:\/\/beachin.ch\/fr\/?s={search_term_string}\",\"query-input\":\"required name=search_term_string\"}],\"inLanguage\":\"fr-FR\"},{\"@type\":\"WebPage\",\"@id\":\"https:\/\/beachin.ch\/fr\/public-viewing\/#webpage\",\"url\":\"https:\/\/beachin.ch\/fr\/public-viewing\/\",\"name\":\"Public-Viewing \\u00e0 BeachIN &ndash; BeachIN Sport, Bar &amp; Hotel\",\"isPartOf\":{\"@id\":\"https:\/\/beachin.ch\/fr\/#website\"},\"datePublished\":\"2021-06-09T12:28:11+00:00\",\"dateModified\":\"2021-07-14T11:41:01+00:00\",\"inLanguage\":\"fr-FR\",\"potentialAction\":[{\"@type\":\"ReadAction\",\"target\":[\"https:\/\/beachin.ch\/fr\/public-viewing\/\"]}]}]}<\/script>\n<!-- \/ Yoast SEO plugin. -->","_links":{"self":[{"href":"https:\/\/beachin.ch\/fr\/wp-json\/wp\/v2\/pages\/15571"}],"collection":[{"href":"https:\/\/beachin.ch\/fr\/wp-json\/wp\/v2\/pages"}],"about":[{"href":"https:\/\/beachin.ch\/fr\/wp-json\/wp\/v2\/types\/page"}],"author":[{"embeddable":true,"href":"https:\/\/beachin.ch\/fr\/wp-json\/wp\/v2\/users\/1"}],"replies":[{"embeddable":true,"href":"https:\/\/beachin.ch\/fr\/wp-json\/wp\/v2\/comments?post=15571"}],"version-history":[{"count":25,"href":"https:\/\/beachin.ch\/fr\/wp-json\/wp\/v2\/pages\/15571\/revisions"}],"predecessor-version":[{"id":16237,"href":"https:\/\/beachin.ch\/fr\/wp-json\/wp\/v2\/pages\/15571\/revisions\/16237"}],"wp:attachment":[{"href":"https:\/\/beachin.ch\/fr\/wp-json\/wp\/v2\/media?parent=15571"}],"curies":[{"name":"wp","href":"https:\/\/api.w.org\/{rel}","templated":true}]}}