{"id":1531,"date":"2018-12-03T11:51:56","date_gmt":"2018-12-03T10:51:56","guid":{"rendered":"https:\/\/beachin.ch\/contact\/"},"modified":"2020-02-13T11:23:57","modified_gmt":"2020-02-13T10:23:57","slug":"contact","status":"publish","type":"page","link":"https:\/\/beachin.ch\/fr\/contact\/","title":{"rendered":"Contact"},"content":{"rendered":"<div class=\"wpb-content-wrapper\"><p>[vc_row][vc_column width=&#8221;1\/4&#8243;][vc_hoverbox image=&#8221;5556&#8243; primary_title=&#8221;R\u00e9servation du terrain&#8221; hover_title=&#8221;&#8221; hover_background_color=&#8221;orange&#8221; hover_btn_title=&#8221;R\u00e9serve ici&#8221; hover_add_button=&#8221;true&#8221; hover_btn_link=&#8221;url:https%3A%2F%2Fbeachin.ch%2Ffr%2Fsport-de-plage%2Fonlinereservation-kleinfeld%2F|title:Inscription%20en%20ligne|&#8221;]R\u00e9serve ton terrain facilement et en ligne.[\/vc_hoverbox][\/vc_column][vc_column width=&#8221;1\/4&#8243;][vc_hoverbox image=&#8221;5547&#8243; primary_title=&#8221;R\u00e9servation de la chambre d&#8217;h\u00f4tel&#8221; hover_title=&#8221;&#8221; hover_background_color=&#8221;peacoc&#8221; hover_btn_title=&#8221;R\u00e9serve ici&#8221; hover_add_button=&#8221;true&#8221; hover_btn_link=&#8221;url:https%3A%2F%2Fbeachin.ch%2Ffr%2Fhotel%2F|title:Inscription%20en%20ligne|&#8221;]R\u00e9serve facilement ta chambre d&#8217;h\u00f4tel en ligne.[\/vc_hoverbox][\/vc_column][vc_column width=&#8221;1\/4&#8243;][vc_hoverbox image=&#8221;5550&#8243; primary_title=&#8221;Inscription du cours&#8221; hover_title=&#8221;&#8221; hover_background_color=&#8221;orange&#8221; hover_btn_title=&#8221;R\u00e9serve ici&#8221; hover_add_button=&#8221;true&#8221; hover_btn_link=&#8221;url:https%3A%2F%2Fbeachin.ch%2Ffr%2Fsport-de-plage%2Fcours%2F|title:Inscription%20en%20ligne|&#8221;]Inscris-toi en ligne ici.[\/vc_hoverbox][\/vc_column][vc_column width=&#8221;1\/4&#8243;][vc_hoverbox image=&#8221;5559&#8243; primary_title=&#8221;R\u00e9servation de la salle de conf\u00e9rence.&#8221; hover_title=&#8221;&#8221; hover_background_color=&#8221;orange&#8221; hover_btn_title=&#8221;R\u00e9serve ici&#8221; hover_add_button=&#8221;true&#8221; hover_btn_link=&#8221;url:https%3A%2F%2Fbeachin.ch%2Ffr%2Fseminaire%2Freserver-une-salle-de-seminaire%2F|title:Inscription%20en%20ligne|&#8221;]R\u00e9serve facilement la salle de conf\u00e9rence en ligne.[\/vc_hoverbox][\/vc_column][\/vc_row][vc_row][vc_column][vc_column_text]<\/p>\n<h1 style=\"text-align: center;\"><strong>Contact<\/strong><\/h1>\n<p>[\/vc_column_text][vc_column_text]<\/p>\n<p style=\"text-align: center;\">Tu as d&#8217;autres questions ou suggestions concernant BeachIN ou tu souhaites demander une offre d&#8217;\u00e9v\u00e9nement ? Nous sommes \u00e0 ta disposition pour plus d&#8217;informations. \u00c9cris un email \u00e0 sonne(at)beachin.ch, appelle-nous au 032 \/ 312 00 66 Ou rempli le formulaire de contact suivant. Nous sommes heureux d&#8217;\u00e9tre \u00e0 votre service.<\/p>\n<p>[\/vc_column_text][vc_column_text]<div id='formContainer2024506917' class='sfForm rednaoFormContainer SfFormElementContainer bootstrap-wrapper'><\/div><script>\n            var ajaxurl = 'https:\/\/beachin.ch\/wp-admin\/admin-ajax.php';\n            var smartFormsCurrentTime=new Date('Mon Apr 06 2026 06:38:45 +0000');\n            \tvar smartFormsUserName=\"\";\n            \tvar smartFormsFirstName=\"\";\n            \tvar smartFormsLastName=\"\";\n            \tvar smartFormsEmail=\"\";\n                var smartFormsPath=\"https:\/\/beachin.ch\/wp-content\/plugins\/smart-forms\/\";\n                var smartDonationsRootPath=\"\";\n                var smartDonationsSandbox=\"\";\n                var smartFormsAdditionalFields6=[{\"id\":\"rednaorecaptcha2\"}];\n                var smartFormsDesignMode=false;\n                if(!window.smartFormsItemsToLoad)\n                    window.smartFormsItemsToLoad=new Array();                                                   \n        window.smartFormsItemsToLoad.push({ 'form_id':6,  'elements':[{\"_id\":117,\"ClassName\":\"rednaoselectbasic\",\"IsRequired\":\"y\",\"Formulas\":{},\"Styles\":{},\"ContainerOptions\":{\"Width\":-1,\"Id\":\"128\",\"Type\":\"single\"},\"Id\":\"rnField13\",\"Spacing\":\"col-sm-12\",\"Label\":\"Betreff\",\"DefaultText\":\"Bitte w\u00e4hlen\",\"Options\":[{\"label\":\"Allgemeine Anfrage\",\"value\":\"0\",\"sel\":\"n\",\"url\":\"\"},{\"label\":\"Event-Offerte\",\"value\":\"0\",\"sel\":\"n\",\"url\":\"\"},{\"label\":\"Spezial-Buchung der Beach-Felder\",\"value\":\"0\",\"sel\":\"n\",\"url\":\"\"},{\"label\":\"Bewerbung\",\"value\":\"0\",\"sel\":\"n\",\"url\":\"\"}],\"Width\":\"500\",\"CustomCSS\":\"\",\"DefaultText_Icon\":{\"ClassName\":\"\",\"Orientation\":\"\"}},{\"_id\":37,\"ClassName\":\"rednaotextinput\",\"IsRequired\":\"y\",\"Formulas\":{\"Value\":{\"Value\":\"RNLastName()\",\"RefreshFormData\":\"y\",\"CompiledFormula\":\"new Promise(function(sfInternalResolve){\\n            \\n                sfInternalResolve(RNLastName());\\n            \\n        });\",\"FieldsUsed\":[],\"PropertyName\":\"Value\",\"AdditionalInformation\":{\"ManipulatorType\":\"basic\",\"RefreshFormData\":true,\"Placeholder\":\"Default\",\"Width\":\"100%\"}}},\"Styles\":{},\"ContainerOptions\":{\"Width\":-1,\"Id\":\"87\",\"Type\":\"single\"},\"Id\":\"rnField3\",\"Spacing\":\"col-sm-12\",\"Label\":\"Name\",\"Placeholder\":\"\",\"Value\":\"\",\"ReadOnly\":\"n\",\"Width\":\"\",\"Icon\":{\"ClassName\":\"\"},\"CustomCSS\":\"\",\"Placeholder_Icon\":{\"ClassName\":\"\",\"Orientation\":\"\"}},{\"_id\":36,\"ClassName\":\"rednaotextinput\",\"IsRequired\":\"y\",\"Formulas\":{\"Value\":{\"Value\":\"RNFirstName()\",\"RefreshFormData\":\"y\",\"CompiledFormula\":\"new Promise(function(sfInternalResolve){\\n            \\n                sfInternalResolve(RNFirstName());\\n            \\n        });\",\"FieldsUsed\":[],\"PropertyName\":\"Value\",\"AdditionalInformation\":{\"ManipulatorType\":\"basic\",\"RefreshFormData\":true,\"Placeholder\":\"Default\",\"Width\":\"100%\"}}},\"Styles\":{},\"ContainerOptions\":{\"Width\":-1,\"Id\":\"37\",\"Type\":\"single\"},\"Id\":\"rnField2\",\"Spacing\":\"col-sm-12\",\"Label\":\"Vorname\",\"Placeholder\":\"\",\"Value\":\"\",\"ReadOnly\":\"n\",\"Width\":\"\",\"Icon\":{\"ClassName\":\"\"},\"CustomCSS\":\"\",\"Placeholder_Icon\":{\"ClassName\":\"\",\"Orientation\":\"\"}},{\"_id\":79,\"ClassName\":\"rednaotextinput\",\"IsRequired\":\"n\",\"Formulas\":{},\"Styles\":{},\"ContainerOptions\":{\"Width\":-1,\"Id\":\"89\",\"Type\":\"single\"},\"Id\":\"rnField11\",\"Spacing\":\"col-sm-12\",\"Label\":\"Firma\",\"Placeholder\":\"\",\"Value\":\"\",\"ReadOnly\":\"n\",\"Width\":\"\",\"Icon\":{\"ClassName\":\"\"},\"CustomCSS\":\"\",\"Placeholder_Icon\":{\"ClassName\":\"\",\"Orientation\":\"\"}},{\"_id\":38,\"ClassName\":\"rednaotextinput\",\"IsRequired\":\"n\",\"Formulas\":{},\"Styles\":{},\"ContainerOptions\":{\"Width\":-1,\"Id\":\"41\",\"Type\":\"single\"},\"Id\":\"rnField4\",\"Spacing\":\"col-sm-12\",\"Label\":\"Strasse \/ Nr.\",\"Placeholder\":\"\",\"Value\":\"\",\"ReadOnly\":\"n\",\"Width\":\"\",\"Icon\":{\"ClassName\":\"\"},\"CustomCSS\":\"\",\"Placeholder_Icon\":{\"ClassName\":\"\",\"Orientation\":\"\"}},{\"_id\":39,\"ClassName\":\"rednaotextinput\",\"IsRequired\":\"n\",\"Formulas\":{},\"Styles\":{},\"ContainerOptions\":{\"Width\":-1,\"Id\":\"43\",\"Type\":\"single\"},\"Id\":\"rnField5\",\"Spacing\":\"col-sm-12\",\"Label\":\"PLZ \/ Ort\",\"Placeholder\":\"\",\"Value\":\"\",\"ReadOnly\":\"n\",\"Width\":\"\",\"Icon\":{\"ClassName\":\"\"},\"CustomCSS\":\"\",\"Placeholder_Icon\":{\"ClassName\":\"\",\"Orientation\":\"\"}},{\"_id\":40,\"ClassName\":\"rednaotextinput\",\"IsRequired\":\"n\",\"Formulas\":{},\"Styles\":{},\"ContainerOptions\":{\"Width\":-1,\"Id\":\"45\",\"Type\":\"single\"},\"Id\":\"rnField6\",\"Spacing\":\"col-sm-12\",\"Label\":\"Telefon\",\"Placeholder\":\"\",\"Value\":\"\",\"ReadOnly\":\"n\",\"Width\":\"\",\"Icon\":{\"ClassName\":\"\"},\"CustomCSS\":\"\",\"Placeholder_Icon\":{\"ClassName\":\"\",\"Orientation\":\"\"}},{\"_id\":44,\"ClassName\":\"rednaoemail\",\"IsRequired\":\"y\",\"Formulas\":{\"Value\":{\"Value\":\"RNEmail()\",\"RefreshFormData\":\"y\",\"CompiledFormula\":\"new Promise(function(sfInternalResolve){\\n            \\n                sfInternalResolve(RNEmail());\\n            \\n        });\",\"FieldsUsed\":[],\"PropertyName\":\"Value\",\"AdditionalInformation\":{\"ManipulatorType\":\"basic\",\"RefreshFormData\":true,\"Placeholder\":\"Default\",\"Width\":\"100%\"}}},\"Styles\":{},\"ContainerOptions\":{\"Width\":-1,\"Id\":\"53\",\"Type\":\"single\"},\"Id\":\"rnField10\",\"Spacing\":\"col-sm-12\",\"Label\":\"E-Mail\",\"Placeholder\":\"\",\"Icon\":{\"ClassName\":\"\"},\"CustomCSS\":\"\",\"Placeholder_Icon\":{\"ClassName\":\"\",\"Orientation\":\"\"},\"Value\":\"\",\"ReadOnly\":\"n\"},{\"_id\":42,\"ClassName\":\"rednaotextarea\",\"IsRequired\":\"y\",\"Formulas\":{},\"Styles\":{},\"ContainerOptions\":{\"Width\":-1,\"Id\":\"49\",\"Type\":\"single\"},\"Id\":\"rnField8\",\"Spacing\":\"col-sm-12\",\"Label\":\"Nachricht\",\"DefaultText\":\"\",\"Value\":\"\",\"Width\":\"\",\"Height\":\"\",\"Placeholder\":\"\",\"Disabled\":\"n\",\"MaxLength\":\"\",\"CustomCSS\":\"\",\"Placeholder_Icon\":{\"ClassName\":\"\",\"Orientation\":\"\"}},{\"_id\":156,\"ClassName\":\"rednaotitle\",\"IsRequired\":\"n\",\"Formulas\":{},\"Styles\":{},\"ContainerOptions\":{\"Width\":-1,\"Id\":\"170\",\"Type\":\"single\"},\"Id\":\"rnField16\",\"Spacing\":\"col-sm-12\",\"Title\":\"Bewerbungsdossier\",\"CustomCSS\":\"\"},{\"_id\":154,\"ClassName\":\"sfFileUpload\",\"IsRequired\":\"n\",\"Formulas\":{},\"Styles\":{},\"ContainerOptions\":{\"Width\":-1,\"Id\":\"165\",\"Type\":\"single\"},\"Id\":\"rnField14\",\"Spacing\":\"col-sm-12\",\"Title\":\"Title\",\"Label\":\"Bewerbungsdossier\",\"Multiple\":\"y\"},{\"_id\":80,\"ClassName\":\"rednaohtml\",\"IsRequired\":\"n\",\"Formulas\":{},\"Styles\":{},\"ContainerOptions\":{\"Width\":-1,\"Id\":\"91\",\"Type\":\"single\"},\"Id\":\"rnField12\",\"Spacing\":\"col-sm-12\",\"Label\":\"\",\"HTML\":\"* = zwingende Felder\",\"CustomCSS\":\"\"},{\"_id\":194,\"ClassName\":\"rednaorecaptcha2\",\"IsRequired\":\"n\",\"Formulas\":{},\"Styles\":{},\"ContainerOptions\":{\"Width\":-1,\"Id\":\"207\",\"Type\":\"single\"},\"Id\":\"captcha2\",\"Spacing\":\"col-sm-12\",\"Label\":\"ReCaptcha\",\"SiteKey\":\"6Lc-lpgqAAAAACktBWXz7s7iXrg2WP9o0S-ziwyW\"},{\"_id\":43,\"ClassName\":\"rednaosubmissionbutton\",\"IsRequired\":\"n\",\"Formulas\":{},\"Styles\":{},\"ContainerOptions\":{\"Width\":-1,\"Id\":\"51\",\"Type\":\"single\"},\"Id\":\"rnField9\",\"Spacing\":\"col-sm-12\",\"ButtonText\":\"Senden\",\"CustomCSS\":\"\",\"Icon\":{\"ClassName\":\"\"},\"Animated\":\"y\"}],'client_form_options':{\"JavascriptCode\":[],\"CSS\":\".sfForm .fuelux .wizard .steps-container{\\ndisplay:none;\\n}\\n\\n.sfForm .fuelux .wizard .step-content {\\n    width: 100%;\\n    border: none;\\n    padding-left: 0;\\n    padding-right: 0;\\n    padding-top: 0;\\n}\\n\\n.sfForm.bootstrap-wrapper .form-horizontal .form-group{\\n    margin-left:-15px !important;\\n}\\n\\n\\n.sfForm .fuelux .wizard > .actions {\\n    width: 100%;\\n    margin-left: 0%;\\n    line-height: 46px;\\n    padding-left: 0px;\\n}\\n\\n\",\"Conditions\":[{\"Id\":2,\"Type\":\"SfShowConditionalHandler\",\"GeneralInfo\":{\"Name\":\"Bewerbung\"},\"FieldPicker\":{\"AffectedItems\":[\"rnField16\",\"rnField14\"]},\"Condition\":{\"Mode\":\"Builder\",\"Conditions\":[{\"Field\":\"rnField13\",\"Op\":\"contains\",\"OpType\":\"list\",\"Value\":[\"Bewerbung\"],\"IsOpeningPar\":\"n\",\"IsClosingPar\":\"n\",\"Join\":\"\",\"SerializationType\":\"list\",\"Formula\":{\"RowMode\":\"FixedValue\"}}],\"CompiledCondition\":\"new Promise(function(sfInternalResolve){\\n            \\n                sfInternalResolve(RedNaoListContainsValue([\\\"Bewerbung\\\"],formData.rnField13) );\\n            \\n        });\"},\"Label\":\"Bewerbung\"}],\"UsesCaptcha\":\"y\",\"CaptchaVersion\":\"2\",\"alert_message\":\"\",\"alert_message_cb\":\"n\",\"DontClearForm\":\"n\",\"redirect_to\":[{\"URL\":\"https:\/\/beachin.ch\/kontakt\/vielen-dank\/\",\"RCSettings\":{\"Redirect\":\"always\",\"ConditionSettings\":[]}}],\"redirect_to_cb\":\"y\",\"Campaign\":\"\",\"PayPalEmail\":\"\",\"PayPalCondition\":{},\"PayPalType\":\"donation\",\"PayPalDescription\":\"\",\"PayPalCurrency\":\"USD\",\"Formulas\":{},\"InvalidInputMessage\":\"* Bitte f\u00fclle alle Pflichtfelder aus. \",\"FormType\":\"nor\",\"SplitSteps\":{},\"ToolTipPosition\":\"bottom\",\"Theme\":\"basic\",\"LabelLayout\":\"top\",\"Extensions\":{}},'container':'formContainer2024506917'});<\/script>[\/vc_column_text][\/vc_column][\/vc_row][vc_row][vc_column][vc_separator][vc_column_text]<\/p>\n<h1>Plan du site<\/h1>\n<p>[\/vc_column_text][vc_btn title=&#8221;\u00bb Comment nous trouver&#8221; link=&#8221;url:https%3A%2F%2Fbeachin.ch%2Ffr%2Fplan-de-situation%2F|title:Plan%20du%20site|&#8221;][vc_empty_space height=&#8221;60px&#8221;][\/vc_column][\/vc_row]<\/p>\n<\/div>","protected":false},"excerpt":{"rendered":"<p>[vc_row][vc_column width=&#8221;1\/4&#8243;][vc_hoverbox image=&#8221;5556&#8243; primary_title=&#8221;R\u00e9servation du terrain&#8221; hover_title=&#8221;&#8221; hover_background_color=&#8221;orange&#8221; hover_btn_title=&#8221;R\u00e9serve ici&#8221; hover_add_button=&#8221;true&#8221; hover_btn_link=&#8221;url:https%3A%2F%2Fbeachin.ch%2Ffr%2Fsport-de-plage%2Fonlinereservation-kleinfeld%2F|title:Inscription%20en%20ligne|&#8221;]R\u00e9serve ton terrain facilement et en ligne.[\/vc_hoverbox][\/vc_column][vc_column width=&#8221;1\/4&#8243;][vc_hoverbox image=&#8221;5547&#8243; primary_title=&#8221;R\u00e9servation de la chambre d&#8217;h\u00f4tel&#8221; hover_title=&#8221;&#8221; hover_background_color=&#8221;peacoc&#8221; hover_btn_title=&#8221;R\u00e9serve ici&#8221; hover_add_button=&#8221;true&#8221; hover_btn_link=&#8221;url:https%3A%2F%2Fbeachin.ch%2Ffr%2Fhotel%2F|title:Inscription%20en%20ligne|&#8221;]R\u00e9serve facilement ta chambre d&#8217;h\u00f4tel en ligne.[\/vc_hoverbox][\/vc_column][vc_column width=&#8221;1\/4&#8243;][vc_hoverbox image=&#8221;5550&#8243; primary_title=&#8221;Inscription du cours&#8221; hover_title=&#8221;&#8221; hover_background_color=&#8221;orange&#8221; hover_btn_title=&#8221;R\u00e9serve ici&#8221; hover_add_button=&#8221;true&#8221; hover_btn_link=&#8221;url:https%3A%2F%2Fbeachin.ch%2Ffr%2Fsport-de-plage%2Fcours%2F|title:Inscription%20en%20ligne|&#8221;]Inscris-toi en ligne ici.[\/vc_hoverbox][\/vc_column][vc_column width=&#8221;1\/4&#8243;][vc_hoverbox image=&#8221;5559&#8243; primary_title=&#8221;R\u00e9servation de <a class=\"more-link\" href=\"https:\/\/beachin.ch\/fr\/contact\/\">weiterlesen&#8230;<\/a><\/p>\n","protected":false},"author":1,"featured_media":0,"parent":0,"menu_order":0,"comment_status":"closed","ping_status":"closed","template":"","meta":{"footnotes":""},"yoast_head":"<!-- This site is optimized with the Yoast SEO plugin v14.4.1 - https:\/\/yoast.com\/wordpress\/plugins\/seo\/ -->\n<title>Contact &ndash; BeachIN Sport, Bar &amp; Hotel<\/title>\n<meta name=\"robots\" content=\"index, follow\" \/>\n<meta name=\"googlebot\" content=\"index, follow, max-snippet:-1, max-image-preview:large, max-video-preview:-1\" \/>\n<meta name=\"bingbot\" content=\"index, follow, max-snippet:-1, max-image-preview:large, max-video-preview:-1\" \/>\n<link rel=\"canonical\" href=\"https:\/\/beachin.ch\/fr\/contact\/\" \/>\n<meta property=\"og:locale\" content=\"fr_FR\" \/>\n<meta property=\"og:type\" content=\"article\" \/>\n<meta property=\"og:title\" content=\"Contact &ndash; BeachIN Sport, Bar &amp; Hotel\" \/>\n<meta property=\"og:description\" content=\"[vc_row][vc_column width=&#8221;1\/4&#8243;][vc_hoverbox image=&#8221;5556&#8243; primary_title=&#8221;R\u00e9servation du terrain&#8221; hover_title=&#8221;&#8221; hover_background_color=&#8221;orange&#8221; hover_btn_title=&#8221;R\u00e9serve ici&#8221; hover_add_button=&#8221;true&#8221; hover_btn_link=&#8221;url:https%3A%2F%2Fbeachin.ch%2Ffr%2Fsport-de-plage%2Fonlinereservation-kleinfeld%2F|title:Inscription%20en%20ligne|&#8221;]R\u00e9serve ton terrain facilement et en ligne.[\/vc_hoverbox][\/vc_column][vc_column width=&#8221;1\/4&#8243;][vc_hoverbox image=&#8221;5547&#8243; primary_title=&#8221;R\u00e9servation de la chambre d&#8217;h\u00f4tel&#8221; hover_title=&#8221;&#8221; hover_background_color=&#8221;peacoc&#8221; hover_btn_title=&#8221;R\u00e9serve ici&#8221; hover_add_button=&#8221;true&#8221; hover_btn_link=&#8221;url:https%3A%2F%2Fbeachin.ch%2Ffr%2Fhotel%2F|title:Inscription%20en%20ligne|&#8221;]R\u00e9serve facilement ta chambre d&#8217;h\u00f4tel en ligne.[\/vc_hoverbox][\/vc_column][vc_column width=&#8221;1\/4&#8243;][vc_hoverbox image=&#8221;5550&#8243; primary_title=&#8221;Inscription du cours&#8221; hover_title=&#8221;&#8221; hover_background_color=&#8221;orange&#8221; hover_btn_title=&#8221;R\u00e9serve ici&#8221; hover_add_button=&#8221;true&#8221; hover_btn_link=&#8221;url:https%3A%2F%2Fbeachin.ch%2Ffr%2Fsport-de-plage%2Fcours%2F|title:Inscription%20en%20ligne|&#8221;]Inscris-toi en ligne ici.[\/vc_hoverbox][\/vc_column][vc_column width=&#8221;1\/4&#8243;][vc_hoverbox image=&#8221;5559&#8243; primary_title=&#8221;R\u00e9servation de weiterlesen...\" \/>\n<meta property=\"og:url\" content=\"https:\/\/beachin.ch\/fr\/contact\/\" \/>\n<meta property=\"og:site_name\" content=\"BeachIN Sport, Bar &amp; Hotel\" \/>\n<meta property=\"article:modified_time\" content=\"2020-02-13T10:23:57+00:00\" \/>\n<meta name=\"twitter:card\" content=\"summary_large_image\" \/>\n<script type=\"application\/ld+json\" class=\"yoast-schema-graph\">{\"@context\":\"https:\/\/schema.org\",\"@graph\":[{\"@type\":\"WebSite\",\"@id\":\"https:\/\/beachin.ch\/fr\/#website\",\"url\":\"https:\/\/beachin.ch\/fr\/\",\"name\":\"BeachIN Sport, Bar &amp; Hotel\",\"description\":\"Strandfeeling das ganze Jahr!\",\"potentialAction\":[{\"@type\":\"SearchAction\",\"target\":\"https:\/\/beachin.ch\/fr\/?s={search_term_string}\",\"query-input\":\"required name=search_term_string\"}],\"inLanguage\":\"fr-FR\"},{\"@type\":\"WebPage\",\"@id\":\"https:\/\/beachin.ch\/fr\/contact\/#webpage\",\"url\":\"https:\/\/beachin.ch\/fr\/contact\/\",\"name\":\"Contact &ndash; BeachIN Sport, Bar &amp; Hotel\",\"isPartOf\":{\"@id\":\"https:\/\/beachin.ch\/fr\/#website\"},\"datePublished\":\"2018-12-03T10:51:56+00:00\",\"dateModified\":\"2020-02-13T10:23:57+00:00\",\"inLanguage\":\"fr-FR\",\"potentialAction\":[{\"@type\":\"ReadAction\",\"target\":[\"https:\/\/beachin.ch\/fr\/contact\/\"]}]}]}<\/script>\n<!-- \/ Yoast SEO plugin. -->","_links":{"self":[{"href":"https:\/\/beachin.ch\/fr\/wp-json\/wp\/v2\/pages\/1531"}],"collection":[{"href":"https:\/\/beachin.ch\/fr\/wp-json\/wp\/v2\/pages"}],"about":[{"href":"https:\/\/beachin.ch\/fr\/wp-json\/wp\/v2\/types\/page"}],"author":[{"embeddable":true,"href":"https:\/\/beachin.ch\/fr\/wp-json\/wp\/v2\/users\/1"}],"replies":[{"embeddable":true,"href":"https:\/\/beachin.ch\/fr\/wp-json\/wp\/v2\/comments?post=1531"}],"version-history":[{"count":7,"href":"https:\/\/beachin.ch\/fr\/wp-json\/wp\/v2\/pages\/1531\/revisions"}],"predecessor-version":[{"id":10562,"href":"https:\/\/beachin.ch\/fr\/wp-json\/wp\/v2\/pages\/1531\/revisions\/10562"}],"wp:attachment":[{"href":"https:\/\/beachin.ch\/fr\/wp-json\/wp\/v2\/media?parent=1531"}],"curies":[{"name":"wp","href":"https:\/\/api.w.org\/{rel}","templated":true}]}}