{"id":1514,"date":"2018-12-03T10:15:24","date_gmt":"2018-12-03T09:15:24","guid":{"rendered":"https:\/\/beachin.ch\/mentions-legales\/"},"modified":"2018-12-03T13:40:11","modified_gmt":"2018-12-03T12:40:11","slug":"mentions-legales","status":"publish","type":"page","link":"https:\/\/beachin.ch\/fr\/mentions-legales\/","title":{"rendered":"Mentions l\u00e9gales"},"content":{"rendered":"<div class=\"wpb-content-wrapper\"><p>[vc_row][vc_column][vc_column_text]<\/p>\n<h1 class=\"shortened_begin2\">Mentions l\u00e9gales<\/h1>\n<p>Pour toute demande, veuillez utiliser le <a href=\"https:\/\/beachin.ch\/fr\/contact\/\">formulaire de contact<\/a>.\u00a0<span data-ccp-props=\"{&quot;134233117&quot;:true,&quot;335559739&quot;:120}\">\u00a0<\/span><\/p>\n<p><b>Adresse de contact<\/b><br \/>\nBeachIN GmbH<br \/>\nR\u00e4mismatte 7<br \/>\n3232 Anet<br \/>\nT\u00e9l.:\u00a0+41 (0)32 312 00 66<br \/>\nE-mail:\u00a0<a class=\"mail\" href=\"mailto:soleil@beachin.ch\">soleil(at)beachin.ch<\/a>\u202f\u00a0<span data-ccp-props=\"{&quot;134233117&quot;:true,&quot;335559739&quot;:120}\">\u00a0<\/span><\/p>\n<p><b>lnscription<\/b><b>\u00a0au registre du commerce<\/b><br \/>\nRaison sociale de la\u00a0soci\u00e9t\u00e9: BeachIN GmbH<br \/>\nNum\u00e9ro de la\u00a0soci\u00e9t\u00e9: CHE-141.136.927<br \/>\nOffice du registre du\u00a0commerce:\u00a0canton de Berne<br \/>\nNum\u00e9ro de\u00a0TVA: CHE-141.136.927 MWST<\/p>\n<p><b>Concept &amp; design\u00a0<\/b><br \/>\nLe concept et le design\u202f ont \u00e9t\u00e9 r\u00e9alis\u00e9s par la soci\u00e9t\u00e9 <a href=\"https:\/\/web-id.ch\/\">Web-ID GmbH<\/a>, Anet.\u00a0<span data-ccp-props=\"{&quot;134233117&quot;:true,&quot;335559739&quot;:120}\">\u00a0<\/span><\/p>\n<p><b>Programmation &amp; CMS<\/b><br \/>\nLa programmation et le CMS ont \u00e9t\u00e9 r\u00e9alis\u00e9s par la soci\u00e9t\u00e9 <a href=\"https:\/\/web-id.ch\/\">Web-ID GmbH<\/a>, Anet.\u00a0<span data-ccp-props=\"{&quot;134233117&quot;:true,&quot;335559739&quot;:120}\">\u00a0<\/span><\/p>\n<p><b>Droits d\u2019auteur<\/b><br \/>\nLes droits d\u2019auteur et tous les autres droits sur les contenus du site Internet appartiennent exclusivement \u00e0 BeachIN GmbH.\u00a0<span data-ccp-props=\"{&quot;134233117&quot;:true,&quot;335559739&quot;:120}\">\u00a0<\/span><\/p>\n<p><b>Navigateur<\/b><span data-ccp-props=\"{&quot;134233117&quot;:true}\"><br \/>\n<\/span>Ce site est optimis\u00e9 pour les navigateurs suivantes: Chrome, Firefox, Internet Explorer (\u00e0 partir de la version 10), Safari et\u00a0Opera. Si vous utilisez un autre navigateur ou une version plus ancienne le fonctionnement de ce site Web peut \u00eatre limit\u00e9. Si possible, utilisez la derni\u00e8re version de votre navigateur pour consulter notre site Web.<span data-ccp-props=\"{&quot;134233117&quot;:true,&quot;335559739&quot;:120}\">\u00a0<\/span><\/p>\n<p><b>Responsabilit\u00e9 l\u00e9gale<\/b><br \/>\nMalgr\u00e9 un contr\u00f4le attentif, nous d\u00e9clinons toute responsabilit\u00e9 pour les contenus des liens externes dont les op\u00e9rateurs sont exclusivement responsables.\u00a0<span data-ccp-props=\"{&quot;134233117&quot;:true,&quot;335559739&quot;:120}\">\u00a0<\/span>[\/vc_column_text][\/vc_column][\/vc_row]<\/p>\n<\/div>","protected":false},"excerpt":{"rendered":"<p>[vc_row][vc_column][vc_column_text] Mentions l\u00e9gales Pour toute demande, veuillez utiliser le formulaire de contact.\u00a0\u00a0 Adresse de contact BeachIN GmbH R\u00e4mismatte 7 3232 Anet T\u00e9l.:\u00a0+41 (0)32 312 00 66 E-mail:\u00a0soleil(at)beachin.ch\u202f\u00a0\u00a0 lnscription\u00a0au registre du commerce Raison sociale de la\u00a0soci\u00e9t\u00e9: BeachIN GmbH Num\u00e9ro de la\u00a0soci\u00e9t\u00e9: CHE-141.136.927 Office du registre du\u00a0commerce:\u00a0canton de Berne Num\u00e9ro de\u00a0TVA: CHE-141.136.927 MWST Concept &amp; design\u00a0 Le <a class=\"more-link\" href=\"https:\/\/beachin.ch\/fr\/mentions-legales\/\">weiterlesen&#8230;<\/a><\/p>\n","protected":false},"author":1,"featured_media":0,"parent":0,"menu_order":0,"comment_status":"closed","ping_status":"closed","template":"","meta":{"footnotes":""},"yoast_head":"<!-- This site is optimized with the Yoast SEO plugin v14.4.1 - https:\/\/yoast.com\/wordpress\/plugins\/seo\/ -->\n<title>Mentions l\u00e9gales &ndash; BeachIN Sport, Bar &amp; Hotel<\/title>\n<meta name=\"robots\" content=\"index, follow\" \/>\n<meta name=\"googlebot\" content=\"index, follow, max-snippet:-1, max-image-preview:large, max-video-preview:-1\" \/>\n<meta name=\"bingbot\" content=\"index, follow, max-snippet:-1, max-image-preview:large, max-video-preview:-1\" \/>\n<link rel=\"canonical\" href=\"https:\/\/beachin.ch\/fr\/mentions-legales\/\" \/>\n<meta property=\"og:locale\" content=\"fr_FR\" \/>\n<meta property=\"og:type\" content=\"article\" \/>\n<meta property=\"og:title\" content=\"Mentions l\u00e9gales &ndash; BeachIN Sport, Bar &amp; Hotel\" \/>\n<meta property=\"og:description\" content=\"[vc_row][vc_column][vc_column_text] Mentions l\u00e9gales Pour toute demande, veuillez utiliser le formulaire de contact.\u00a0\u00a0 Adresse de contact BeachIN GmbH R\u00e4mismatte 7 3232 Anet T\u00e9l.:\u00a0+41 (0)32 312 00 66 E-mail:\u00a0soleil(at)beachin.ch\u202f\u00a0\u00a0 lnscription\u00a0au registre du commerce Raison sociale de la\u00a0soci\u00e9t\u00e9: BeachIN GmbH Num\u00e9ro de la\u00a0soci\u00e9t\u00e9: CHE-141.136.927 Office du registre du\u00a0commerce:\u00a0canton de Berne Num\u00e9ro de\u00a0TVA: CHE-141.136.927 MWST Concept &amp; design\u00a0 Le weiterlesen...\" \/>\n<meta property=\"og:url\" content=\"https:\/\/beachin.ch\/fr\/mentions-legales\/\" \/>\n<meta property=\"og:site_name\" content=\"BeachIN Sport, Bar &amp; Hotel\" \/>\n<meta property=\"article:modified_time\" content=\"2018-12-03T12:40:11+00:00\" \/>\n<meta name=\"twitter:card\" content=\"summary_large_image\" \/>\n<script type=\"application\/ld+json\" class=\"yoast-schema-graph\">{\"@context\":\"https:\/\/schema.org\",\"@graph\":[{\"@type\":\"WebSite\",\"@id\":\"https:\/\/beachin.ch\/fr\/#website\",\"url\":\"https:\/\/beachin.ch\/fr\/\",\"name\":\"BeachIN Sport, Bar &amp; Hotel\",\"description\":\"Strandfeeling das ganze Jahr!\",\"potentialAction\":[{\"@type\":\"SearchAction\",\"target\":\"https:\/\/beachin.ch\/fr\/?s={search_term_string}\",\"query-input\":\"required name=search_term_string\"}],\"inLanguage\":\"fr-FR\"},{\"@type\":\"WebPage\",\"@id\":\"https:\/\/beachin.ch\/fr\/mentions-legales\/#webpage\",\"url\":\"https:\/\/beachin.ch\/fr\/mentions-legales\/\",\"name\":\"Mentions l\\u00e9gales &ndash; BeachIN Sport, Bar &amp; Hotel\",\"isPartOf\":{\"@id\":\"https:\/\/beachin.ch\/fr\/#website\"},\"datePublished\":\"2018-12-03T09:15:24+00:00\",\"dateModified\":\"2018-12-03T12:40:11+00:00\",\"inLanguage\":\"fr-FR\",\"potentialAction\":[{\"@type\":\"ReadAction\",\"target\":[\"https:\/\/beachin.ch\/fr\/mentions-legales\/\"]}]}]}<\/script>\n<!-- \/ Yoast SEO plugin. -->","_links":{"self":[{"href":"https:\/\/beachin.ch\/fr\/wp-json\/wp\/v2\/pages\/1514"}],"collection":[{"href":"https:\/\/beachin.ch\/fr\/wp-json\/wp\/v2\/pages"}],"about":[{"href":"https:\/\/beachin.ch\/fr\/wp-json\/wp\/v2\/types\/page"}],"author":[{"embeddable":true,"href":"https:\/\/beachin.ch\/fr\/wp-json\/wp\/v2\/users\/1"}],"replies":[{"embeddable":true,"href":"https:\/\/beachin.ch\/fr\/wp-json\/wp\/v2\/comments?post=1514"}],"version-history":[{"count":2,"href":"https:\/\/beachin.ch\/fr\/wp-json\/wp\/v2\/pages\/1514\/revisions"}],"predecessor-version":[{"id":1544,"href":"https:\/\/beachin.ch\/fr\/wp-json\/wp\/v2\/pages\/1514\/revisions\/1544"}],"wp:attachment":[{"href":"https:\/\/beachin.ch\/fr\/wp-json\/wp\/v2\/media?parent=1514"}],"curies":[{"name":"wp","href":"https:\/\/api.w.org\/{rel}","templated":true}]}}