{"id":1501,"date":"2018-12-03T09:55:03","date_gmt":"2018-12-03T08:55:03","guid":{"rendered":"https:\/\/beachin.ch\/protection-des-donnees\/"},"modified":"2023-10-27T14:49:12","modified_gmt":"2023-10-27T12:49:12","slug":"protection-des-donnees","status":"publish","type":"page","link":"https:\/\/beachin.ch\/fr\/protection-des-donnees\/","title":{"rendered":"Protection des donn\u00e9es"},"content":{"rendered":"<div class=\"wpb-content-wrapper\"><p>[vc_row][vc_column][vc_column_text]<\/p>\n<h1>Protection des donn\u00e9es<\/h1>\n<p>[\/vc_column_text][vc_column_text]<strong>1. Conseils<\/strong><br \/>\nNous vous prions de lire consciencieusement les informations ci-apr\u00e8s. Elles contiennent des dispositions juridiques d\u00e9terminantes. En acc\u00e9dant au site Web et \u00e0 ses pages, vous confirmez avoir compris les conditions d&#8217;utilisation ci-apr\u00e8s en relation avec ledit site et les accepter.[\/vc_column_text][vc_column_text]<strong>2. Protection des donn\u00e9es<\/strong><br \/>\nBeachIN GmbH prend la protection des donn\u00e9es tr\u00e8s au s\u00e9rieux et souhaite, par le biais de la pr\u00e9sente politique de protection des donn\u00e9es, vous expliquer quelles donn\u00e9es sont absolument n\u00e9cessaires, de quelle mani\u00e8re nous les utilisons et comment vous pouvez corriger ou modifier les donn\u00e9es vous concernant.<br \/>\nNous ne pouvons pas garantir la s\u00e9curit\u00e9 de la transmission de donn\u00e9es sur Internet; en particulier, il existe un risque d\u2019acc\u00e8s par des tiers lorsque les donn\u00e9es sont transmises par courrier \u00e9lectronique.<br \/>\nSi certaines dispositions ou formulations de cette clause de non-responsabilit\u00e9 s\u2019av\u00e9raient \u00eatre ou devenir invalides, le contenu et la validit\u00e9 des autres dispositions n\u2019en seraient pas affect\u00e9s.<br \/>\nNous consid\u00e9rons que la protection de votre vie priv\u00e9e est d\u2019une importance primordiale. C\u2019est pourquoi il va de soi que nous respectons les dispositions l\u00e9gales strictes en mati\u00e8re de protection des donn\u00e9es. Nous sommes fermement convaincus que la protection des donn\u00e9es commence par la transparence. Par cons\u00e9quent, nous tenons \u00e0 ce que vous sachiez \u00e0 tout moment quand nous enregistrons vos donn\u00e9es \u00e0 caract\u00e8re personnel, de quelles donn\u00e9es il s\u2019agit, de quelle mani\u00e8re nous les utilisons, mais aussi comment vous pouvez limiter ou emp\u00eacher cette utilisation.[\/vc_column_text][vc_column_text]<strong>3. Coordonn\u00e9es de contact<\/strong><br \/>\nSi vous souhaitez nous contacter au sujet de notre utilisation de vos donn\u00e9es \u00e0 caract\u00e8re personnel ou si vous vous opposez \u00e0 leur traitement, nous vous prions de bien vouloir nous envoyer un message \u00e0 l&#8217;adresse \u00e0 soleil@beachin.ch[\/vc_column_text][vc_column_text]<strong>4. Qu&#8217;est-ce que les donn\u00e9es personnelles?<\/strong><br \/>\nLes donn\u00e9es personnelles sont toutes les informations sur les circonstances personnelles et factuelles d&#8217;une personne. Cela comprend des informations tels que votre (vrai) nom, votre adresse postale et votre num\u00e9ro de t\u00e9l\u00e9phone. Votre adresse e-mail en fait aussi partie si elle comporte une r\u00e9f\u00e9rence \u00e0 votre nom qui permet de vous identifier. Les informations qui ne permettent pas de vous identifier n&#8217;ont font pas partie. Ce type d&#8217;informations sont par exemple toutes les informations sans r\u00e9f\u00e9rence \u00e0 votre nom, tels que le sexe ou l&#8217;\u00e2ge uniquement.[\/vc_column_text][vc_column_text]<strong>5. Utilisation et transmission des donn\u00e9es \u00e0 caract\u00e8re personnel<\/strong><br \/>\nNous on s\u2019engage \u00e0 prot\u00e9ger votre vie priv\u00e9e, n\u2019utilisera vos donn\u00e9es \u00e0 caract\u00e8re personnel qu\u2019au sein de l\u2019entreprise et ne les transmettra qu\u2019aux entreprises impliqu\u00e9es dans l\u2019ex\u00e9cution des contrats conclus avec vous ou dans la fourniture de prestations en g\u00e9n\u00e9ral. Pour le reste, vos donn\u00e9es \u00e0 caract\u00e8re personnel ne seront pas transmises \u00e0 des tiers, sauf si vous y avez express\u00e9ment donn\u00e9 votre accord ou si nous sommes oblig\u00e9s de les transmettre, p. ex. en raison d\u2019une d\u00e9cision d\u2019un tribunal ou d\u2019une autorit\u00e9 publique.[\/vc_column_text][vc_column_text]<strong>6. Prise de contact<\/strong><br \/>\nLorsque vous nous contactez (par exemple via le formulaire de contact ou par courrier \u00e9lectronique), les informations de l\u2019utilisateur sont enregistr\u00e9es en vue du traitement de la demande et pour le cas o\u00f9 il y aurait des demandes de suivi.[\/vc_column_text][vc_column_text]<strong>7. Dur\u00e9e de conservation<\/strong><br \/>\nNous conservons les Donn\u00e9es personnelles le temps n\u00e9cessaire pour remplir l\u2019objectif pour lequel nous les avons recueillies. Certaines Donn\u00e9es personnelles sont en outre soumises \u00e0 des obligations de conservation l\u00e9gales de dix ann\u00e9es ou plus, que nous respectons. Nous pouvons \u00e9galement conserver les Donn\u00e9es personnelles au moins pendant les d\u00e9lais de prescription applicables, qui se portent dans de nombreux cas \u00e0 cinq ou \u00e0 dix ans. Toutefois, en r\u00e8gle g\u00e9n\u00e9rale, nous effa\u00e7ons plus t\u00f4t, \u00e0 savoir d\u00e8s que leur Traitement ne pr\u00e9sente plus d\u2019int\u00e9r\u00eat pour nous, les Donn\u00e9es personnelles qui sont g\u00e9n\u00e9r\u00e9es dans le cadre de l\u2019utilisation de nos Services (protocoles, journaux (\u00ablogs\u00bb), analyses, etc.) et qui ne sont pas soumises \u00e0 de tels d\u00e9lais de conservation ou de prescription. Les Donn\u00e9es anonymis\u00e9es peuvent \u00eatre conserv\u00e9es plus longtemps. Sous r\u00e9serve de tout accord contractuel expr\u00e8s, nous ne sommes pas tenus de conserver les Donn\u00e9es pendant une dur\u00e9e d\u00e9termin\u00e9e.[\/vc_column_text][vc_column_text]<strong>8. Utilisation de cookies<\/strong><br \/>\nBeachIN GmbH utilise des cookies pour le site Internet. Les cookies sont de petits fichiers texte que le serveur web stocke \u00e0 plusieurs endroits dans le navigateur de votre ordinateur et qui peuvent \u00eatre utilis\u00e9s pour vous identifier lors d&#8217;une visite ult\u00e9rieure sur le site. Nos cookies ne collectent pas d&#8217;informations personnelles, ils ne nuisent pas \u00e0 votre ordinateur et ne contiennent pas de virus. Lors de l&#8217;utilisation de notre site web, nous stockons principalement des \u00abcookies de session\u00bb sur le disque dur de votre ordinateur, qui ne sont utiles que pour votre visite sur notre site. Ces cookies servent exclusivement \u00e0 la gestion de la session et \u00e0 la navigation. Ils vous permettent une navigation conviviale dans sur notre site. Ils se souviennent, par exemple, de certains r\u00e9glages que vous avez effectu\u00e9s pendant la session et \u00e9vitent les entr\u00e9es r\u00e9p\u00e9t\u00e9es. Les \u00abcookies de session\u00bb sont supprim\u00e9s lorsque vous terminez la session de votre navigateur. De m\u00eame, nous utilisons \u00e9galement des cookies persistants, qui nous permettent de reconna\u00eetre votre navigateur lors de la prochaine visite. Votre navigateur vous offre l&#8217;option d&#8217;un message d&#8217;avertissement si un serveur Web souhaite d\u00e9finir un cookie sur votre ordinateur. Vous pouvez accepter ou refuser les cookies. La plupart des navigateurs sont configur\u00e9s pour accepter automatiquement les cookies. Cependant, vous pouvez d\u00e9sactiver le stockage des cookies ou configurer votre navigateur pour vous avertir de l&#8217;envoi de cookies. En quittant notre site Internet, vous pouvez ensuite supprimer les cookies du disque dur de votre ordinateur, si en raison d&#8217;un dysfonctionnement de la connexion Internet, par exemple, la suppression automatique ne peut plus avoir lieu.<\/p>\n<p>Vous pouvez consulter notre site Internet sans cookies. Si vous ne souhaitez pas que nous reconnaissions votre ordinateur, vous pouvez emp\u00eacher le stockage des cookies sur votre disque dur en s\u00e9lectionnant \u00abNe pas accepter les cookies\u00bb dans les param\u00e8tres de votre navigateur. Veuillez lire les instructions de votre navigateur pour plus de d\u00e9tails. Si vous n&#8217;acceptez pas les cookies, cela peut entra\u00eener des restrictions concernant certaines fonctionnalit\u00e9s du site Internet.<\/p>\n<p>D\u00e9sactiver les cookies sur:<br \/>\nChrome<br \/>\n<a href=\"https:\/\/support.google.com\/accounts\/answer\/61416?hl=fr\">https:\/\/support.google.com\/accounts\/answer\/61416?hl=fr<\/a><br \/>\nFirefox<br \/>\n<a href=\"https:\/\/support.mozilla.org\/fr\/kb\/empecher-sites-enregistrer-preferences\">https:\/\/support.mozilla.org\/fr\/kb\/empecher-sites-enregistrer-preferences<\/a><br \/>\nSafari<br \/>\n<a href=\"https:\/\/support.apple.com\/kb\/PH21411?locale=de_DE&amp;viewlocale=fr_FR\">https:\/\/support.apple.com\/kb\/PH21411?locale=de_DE&amp;viewlocale=fr_FR<\/a>[\/vc_column_text][vc_column_text]<strong>9. Google Analytics<\/strong><br \/>\nCe site utilise Google Analytics, un service d&#8217;analyse de site internet fourni par Google Inc. (\u00abGoogle\u00bb). Google Analytics utilise des \u00abcookies\u00bb., Des fichiers texte qui sont stock\u00e9s sur votre ordinateur, pour aider \u00e0 analyser la fa\u00e7on dont les utilisateurs utilisent le site. Les informations g\u00e9n\u00e9r\u00e9es par les cookies concernant votre utilisation de ce site sont transmises g\u00e9n\u00e9ralement \u00e0 un serveur de Google aux \u00c9tats-Unis et y sont stock\u00e9es. Dans le cas d&#8217;activation de l&#8217;anonymisation IP sur ce site, votre adresse IP sera tronqu\u00e9 au sein des \u00c9tats membres de l&#8217;Union europ\u00e9enne ou d&#8217;autres parties \u00e0 l&#8217;accord sur l&#8217;Espace \u00e9conomique europ\u00e9en.<\/p>\n<p>Seulement dans des cas exceptionnels sera l&#8217;adresse IP compl\u00e8te d&#8217;un serveur de Google aux Etats-Unis et est raccourcie. Au nom de l&#8217;op\u00e9rateur de ce site Google utilisera cette information pour \u00e9valuer votre utilisation du site, de compiler des rapports sur l&#8217;activit\u00e9 du site et fournir d&#8217;autres services li\u00e9s \u00e0 l&#8217;activit\u00e9 du site et d&#8217;Internet \u00e0 l&#8217;exploitant du site. Ce est dans le cadre de Google Analytics gr\u00e2ce \u00e0 votre adresse IP ne est pas associ\u00e9 avec toute autre donn\u00e9e d\u00e9tenue par Google.<\/p>\n<p>Vous pouvez refuser l&#8217;utilisation de cookies en s\u00e9lectionnant les param\u00e8tres appropri\u00e9s de votre navigateur; Toutefois, nous soulignons que vous pouvez \u00e9ventuellement utiliser \u00e0 leur pleine mesure dans ce cas toutes les fonctions de ce site. Vous pouvez \u00e9galement emp\u00eacher les donn\u00e9es g\u00e9n\u00e9r\u00e9es par les cookies concernant votre utilisation du site (incl. Votre adresse IP) sur Google et le traitement de ces donn\u00e9es par Google en t\u00e9l\u00e9chargeant disponible au lien navigateur plugin suivant et installer: http:\/\/tools.google.com\/dlpage\/gaoptout?hl=fr[\/vc_column_text][vc_column_text]<strong>10. Newsletter<\/strong><br \/>\nDans la newsletter, nous vous donnons des informations sur notre entreprise et nos offres. Si vous souhaitez la recevoir, nous avons besoin d\u2019une adresse e-mail valide, de votre nom et d\u2019informations qui nous permettent de v\u00e9rifier que vous \u00eates bien le propri\u00e9taire de l\u2019adresse e-mail indiqu\u00e9e ou que son propri\u00e9taire est d\u2019accord pour recevoir la newsletter. Nous ne collectons pas d\u2019autres donn\u00e9es. Ces donn\u00e9es ne sont transmises \u00e0 un syst\u00e8me tiers que pour l\u2019envoi de la newsletter et ne sont pas communiqu\u00e9es \u00e0 des tiers.<br \/>\nLorsque vous vous inscrivez \u00e0 la newsletter, nous enregistrons \u00e9galement votre adresse IP et la date de votre inscription. Cet enregistrement ne sert qu\u2019\u00e0 titre de preuve dans le cas o\u00f9 un tiers ferait un usage abusif d\u2019une adresse e-mail et s\u2019inscrirait \u00e0 la newsletter sans que le b\u00e9n\u00e9ficiaire en ait connaissance.<br \/>\nVous pouvez revenir \u00e0 tout moment sur votre consentement \u00e0 l\u2019enregistrement des donn\u00e9es, de l\u2019adresse e-mail, et \u00e0 leur utilisation pour l\u2019envoi de la newsletter. Cette r\u00e9vocation peut \u00eatre activ\u00e9e par un lien dans la newsletter elle-m\u00eame, ou se faire dans votre profil ou en envoyant un message aux contacts susmentionn\u00e9s.<br \/>\nLa newsletter est envoy\u00e9e par le logiciel d&#8217;exp\u00e9dition Evalanche. Nous transmettons pour cela vos donn\u00e9es \u00e0 SC-Networks GmbH (W\u00fcrmstrasse 4, D-82319 Starnberg).[\/vc_column_text][vc_column_text]<strong>11. Quels autres outils utilisons-nous?<\/strong><br \/>\nGoogle Web Fonts<br \/>\nNotre site Internet utilise des polices pour pages web fournies par Google, qui permettent une pr\u00e9sentation graphique uniformis\u00e9e du site Internet. Votre navigateur charge les polices d&#8217;\u00e9criture n\u00e9cessaires dans son cache pour pouvoir afficher correctement les textes et les polices.<br \/>\nPour ce faire, il doit \u00e9tablir une connexion avec les serveurs de Google. Google apprend de cette mani\u00e8re que votre adresse IP a consult\u00e9 notre site Internet.<br \/>\nLes polices qui ne sont pas prises en charge par votre navigateur sont remplac\u00e9es par une police standard propos\u00e9e par votre ordinateur.<br \/>\nPlus d&#8217;informations \u00e0 ce sujet sont fournies sous le lien <a href=\"https:\/\/developers.google.com\/fonts\/faq\">https:\/\/developers.google.com\/fonts\/faq<\/a> et dans les r\u00e8gles de confidentialit\u00e9 de Google \u00e0 l&#8217;adresse suivante: <a href=\"https:\/\/fr-fr.facebook.com\/about\/privacy\/\">https:\/\/fr-fr.facebook.com\/about\/privacy\/<\/a><\/p>\n<p>Google Maps<br \/>\nNotre site Internet utilise, par l&#8217;interm\u00e9diaire d&#8217;une API (interface de programmation), le service de cartographie Google Maps, g\u00e9r\u00e9 par Google Inc., 1600 Amphitheatre Parkway, Mountain View, CA 94043, Etats-Unis.<br \/>\nLorsque vous utilisez les fonctions de Google Maps, votre adresse IP est enregistr\u00e9e par Google et g\u00e9n\u00e9ralement transmise \u00e0 un serveur de Google aux Etats-Unis. On n&#8217;a aucun contr\u00f4le sur ce transfert de donn\u00e9es.<br \/>\nPlus d&#8217;informations \u00e0 ce sujet sont fournies dans les r\u00e8gles de confidentialit\u00e9 de Google \u00e0 l&#8217;adresse suivante: <a href=\"https:\/\/www.google.fr\/intl\/fr\/policies\/privacy\/\">https:\/\/www.google.fr\/intl\/fr\/policies\/privacy\/<\/a><\/p>\n<p>YouTube<br \/>\nNous utilisons YouTube, Google Ireland Limited, Gordon House, Barrow Street, Dublin 4, Irlande. Nous utilisons la plate-forme Youtube pour publier des vid\u00e9os sur notre site web. Sur certains de nos sites web, nous int\u00e9grons des vid\u00e9os qui sont stock\u00e9es sur YouTube. Cette int\u00e9gration permet d&#8217;afficher le contenu des vid\u00e9os YouTube comme faisant partie de notre site web. Cette technique utilise un &#8220;iFrame&#8221; pour int\u00e9grer la vid\u00e9o. Cela implique la connexion aux serveurs de YouTube et l&#8217;envoi de certaines informations (par ex. donn\u00e9es personnelles, adresse IP) ainsi que le stockage et l&#8217;utilisation \u00e0 des fins commerciales conform\u00e9ment \u00e0 notre politique d&#8217;utilisation des donn\u00e9es.<br \/>\nPour vous y opposer, consultez la page suivante : https:\/\/adssettings.google.com\/authenticated.<br \/>\nLe mode de confidentialit\u00e9 \u00e9tendu de YouTube ne stocke que des cookies sans informations personnelles sur votre appareil. Vous pouvez \u00e9viter ces cookies dans les param\u00e8tres de votre navigateur.[\/vc_column_text][vc_column_text]<strong>12. Liens vers d&#8217;autres sites<\/strong><br \/>\nNos sites contiennent un certain nombre de liens vers d&#8217;autres sites Internet susceptibles d&#8217;offrir de l&#8217;information int\u00e9ressante \u00e0 nos visiteurs. Cette police ne s&#8217;applique pas \u00e0 ces sites, et nous vous recommandons de communiquer directement avec eux si vous souhaitez de plus amples informations concernant leurs polices \u00e0 ce sujet.[\/vc_column_text][vc_column_text]<strong>13. Droit de modification<\/strong><br \/>\nNous nous r\u00e9servons le droit de modifier notre politique de protection des donn\u00e9es de temps en temps conform\u00e9ment aux dispositions l\u00e9gales.[\/vc_column_text][vc_column_text]<strong>14. Dur\u00e9e de conservation<\/strong><br \/>\nNous ne stockons des donn\u00e9es \u00e0 caract\u00e8re personnel qu\u2019aussi longtemps que cela est n\u00e9cessaire \u00e0 l\u2019utilisation des services de suivi susmentionn\u00e9s ainsi qu\u2019aux autres traitements fond\u00e9s sur notre int\u00e9r\u00eat l\u00e9gitime. Les donn\u00e9es contractuelles sont conserv\u00e9es pour une dur\u00e9e plus longue dans la mesure o\u00f9 les obligations l\u00e9gales de conservation nous l\u2019imposent. D\u00e8s lors que nous n\u2019avons plus besoin de ces donn\u00e9es pour fournir les prestations, celles-ci sont bloqu\u00e9es. Cela signifie que ces donn\u00e9es pourront \u00eatre utilis\u00e9es uniquement \u00e0 des fins comptables et fiscales.[\/vc_column_text][vc_column_text]<strong>15. Vos droits<\/strong><br \/>\nVous pouvez exercer \u00e0 tout moment les droits suivants:<br \/>\n\u2013 Demande d\u2019information sur vos donn\u00e9es personnelles stock\u00e9es et leur traitement<br \/>\n\u2013 Modification de donn\u00e9es personnelles incorrectes<br \/>\n\u2013 Suppression de vos donn\u00e9es personnelles<br \/>\n\u2013 Demande de restriction de traitement de donn\u00e9es personnelles, si nous ne pouvons pas supprimer vos donn\u00e9es personnelles pour motif d&#8217;obligations l\u00e9gales<br \/>\n\u2013 Objection de traitement de vos donn\u00e9es personnelles et<br \/>\n\u2013 Transmission de vos donn\u00e9es personnelles, si vous avez consenti au traitement de celles-ci ou si nous avons un contrat.<br \/>\nSi vous nous avez donn\u00e9 votre consentement, vous pouvez le r\u00e9voquer \u00e0 tout moment. Vous pouvez en tout temps d\u00e9poser une r\u00e9clamation aupr\u00e8s de l&#8217;autorit\u00e9 de surveillance comp\u00e9tente.[\/vc_column_text][vc_column_text]<strong>16. Clause de non-responsabilit\u00e9<\/strong><br \/>\nTous les textes et liens ont \u00e9t\u00e9 v\u00e9rifi\u00e9s avec soin et sont r\u00e9guli\u00e8rement mis \u00e0 jour. Nous nous effor\u00e7ons de publier sur ce site des informations exactes et compl\u00e8tes, mais d\u00e9clinons toute responsabilit\u00e9 et n\u2019offrons aucune garantie quant \u00e0 l\u2019exactitude, l\u2019exhaustivit\u00e9 et le caract\u00e8re actuel de ces informations, y compris toute inscription dans la base de donn\u00e9es.<br \/>\nNous nous r\u00e9servons le droit de modifier \u00e0 tout moment et sans pr\u00e9avis les informations pr\u00e9sentes sur ce site. Nous ne sommes nullement tenus de mettre ces contenus \u00e0 jour. L\u2019exactitude de tous les liens vers des fournisseurs externes a \u00e9t\u00e9 v\u00e9rifi\u00e9e au moment de leur saisie. Nous d\u00e9clinons cependant toute responsabilit\u00e9 quant aux contenus et \u00e0 la disponibilit\u00e9 de ces sites accessibles par liens hypertextes. En cas de contenus ill\u00e9gaux, erron\u00e9s ou incomplets, et notamment en cas de dommages r\u00e9sultant de l\u2019utilisation non v\u00e9rifi\u00e9e de contenus pr\u00e9sents sur des pages connexes, seul le fournisseur de ces pages peut \u00eatre tenu pour responsable, et ce, quelle que soit la nature du dommage (directe, indirecte ou financi\u00e8re) ou pour tout autre dommage pouvant survenir suite \u00e0 une perte de donn\u00e9es, une perte d\u2019usage, ou \u00e0 d\u2019autres raisons.[\/vc_column_text][vc_column_text]<strong>17. Droit applicable<\/strong><br \/>\nPour tous les rapports juridiques avec les visiteurs du site, \u00e0 l\u2019exception de commandes pass\u00e9es par ces derniers, seul le droit suisse est applicable, \u00e0 l\u2019exclusion de l\u2019article 19 de la Loi f\u00e9d\u00e9rale sur le droit international priv\u00e9.[\/vc_column_text][vc_column_text]Version du octobre 2023[\/vc_column_text][\/vc_column][\/vc_row]<\/p>\n<\/div>","protected":false},"excerpt":{"rendered":"<p>[vc_row][vc_column][vc_column_text] Protection des donn\u00e9es [\/vc_column_text][vc_column_text]1. Conseils Nous vous prions de lire consciencieusement les informations ci-apr\u00e8s. Elles contiennent des dispositions juridiques d\u00e9terminantes. En acc\u00e9dant au site Web et \u00e0 ses pages, vous confirmez avoir compris les conditions d&#8217;utilisation ci-apr\u00e8s en relation avec ledit site et les accepter.[\/vc_column_text][vc_column_text]2. Protection des donn\u00e9es BeachIN GmbH prend la protection des <a class=\"more-link\" href=\"https:\/\/beachin.ch\/fr\/protection-des-donnees\/\">weiterlesen&#8230;<\/a><\/p>\n","protected":false},"author":1,"featured_media":0,"parent":0,"menu_order":0,"comment_status":"closed","ping_status":"closed","template":"","meta":{"footnotes":""},"yoast_head":"<!-- This site is optimized with the Yoast SEO plugin v14.4.1 - https:\/\/yoast.com\/wordpress\/plugins\/seo\/ -->\n<title>Protection des donn\u00e9es &ndash; BeachIN Sport, Bar &amp; Hotel<\/title>\n<meta name=\"robots\" content=\"index, follow\" \/>\n<meta name=\"googlebot\" content=\"index, follow, max-snippet:-1, max-image-preview:large, max-video-preview:-1\" \/>\n<meta name=\"bingbot\" content=\"index, follow, max-snippet:-1, max-image-preview:large, max-video-preview:-1\" \/>\n<link rel=\"canonical\" href=\"https:\/\/beachin.ch\/fr\/protection-des-donnees\/\" \/>\n<meta property=\"og:locale\" content=\"fr_FR\" \/>\n<meta property=\"og:type\" content=\"article\" \/>\n<meta property=\"og:title\" content=\"Protection des donn\u00e9es &ndash; BeachIN Sport, Bar &amp; Hotel\" \/>\n<meta property=\"og:description\" content=\"[vc_row][vc_column][vc_column_text] Protection des donn\u00e9es [\/vc_column_text][vc_column_text]1. Conseils Nous vous prions de lire consciencieusement les informations ci-apr\u00e8s. Elles contiennent des dispositions juridiques d\u00e9terminantes. En acc\u00e9dant au site Web et \u00e0 ses pages, vous confirmez avoir compris les conditions d&#8217;utilisation ci-apr\u00e8s en relation avec ledit site et les accepter.[\/vc_column_text][vc_column_text]2. Protection des donn\u00e9es BeachIN GmbH prend la protection des weiterlesen...\" \/>\n<meta property=\"og:url\" content=\"https:\/\/beachin.ch\/fr\/protection-des-donnees\/\" \/>\n<meta property=\"og:site_name\" content=\"BeachIN Sport, Bar &amp; Hotel\" \/>\n<meta property=\"article:modified_time\" content=\"2023-10-27T12:49:12+00:00\" \/>\n<meta name=\"twitter:card\" content=\"summary_large_image\" \/>\n<script type=\"application\/ld+json\" class=\"yoast-schema-graph\">{\"@context\":\"https:\/\/schema.org\",\"@graph\":[{\"@type\":\"WebSite\",\"@id\":\"https:\/\/beachin.ch\/fr\/#website\",\"url\":\"https:\/\/beachin.ch\/fr\/\",\"name\":\"BeachIN Sport, Bar &amp; Hotel\",\"description\":\"Strandfeeling das ganze Jahr!\",\"potentialAction\":[{\"@type\":\"SearchAction\",\"target\":\"https:\/\/beachin.ch\/fr\/?s={search_term_string}\",\"query-input\":\"required name=search_term_string\"}],\"inLanguage\":\"fr-FR\"},{\"@type\":\"WebPage\",\"@id\":\"https:\/\/beachin.ch\/fr\/protection-des-donnees\/#webpage\",\"url\":\"https:\/\/beachin.ch\/fr\/protection-des-donnees\/\",\"name\":\"Protection des donn\\u00e9es &ndash; BeachIN Sport, Bar &amp; Hotel\",\"isPartOf\":{\"@id\":\"https:\/\/beachin.ch\/fr\/#website\"},\"datePublished\":\"2018-12-03T08:55:03+00:00\",\"dateModified\":\"2023-10-27T12:49:12+00:00\",\"inLanguage\":\"fr-FR\",\"potentialAction\":[{\"@type\":\"ReadAction\",\"target\":[\"https:\/\/beachin.ch\/fr\/protection-des-donnees\/\"]}]}]}<\/script>\n<!-- \/ Yoast SEO plugin. -->","_links":{"self":[{"href":"https:\/\/beachin.ch\/fr\/wp-json\/wp\/v2\/pages\/1501"}],"collection":[{"href":"https:\/\/beachin.ch\/fr\/wp-json\/wp\/v2\/pages"}],"about":[{"href":"https:\/\/beachin.ch\/fr\/wp-json\/wp\/v2\/types\/page"}],"author":[{"embeddable":true,"href":"https:\/\/beachin.ch\/fr\/wp-json\/wp\/v2\/users\/1"}],"replies":[{"embeddable":true,"href":"https:\/\/beachin.ch\/fr\/wp-json\/wp\/v2\/comments?post=1501"}],"version-history":[{"count":12,"href":"https:\/\/beachin.ch\/fr\/wp-json\/wp\/v2\/pages\/1501\/revisions"}],"predecessor-version":[{"id":22878,"href":"https:\/\/beachin.ch\/fr\/wp-json\/wp\/v2\/pages\/1501\/revisions\/22878"}],"wp:attachment":[{"href":"https:\/\/beachin.ch\/fr\/wp-json\/wp\/v2\/media?parent=1501"}],"curies":[{"name":"wp","href":"https:\/\/api.w.org\/{rel}","templated":true}]}}