{"id":14512,"date":"2021-01-06T15:06:07","date_gmt":"2021-01-06T14:06:07","guid":{"rendered":"https:\/\/beachin.ch\/sport-de-plage\/corona-beachspecial\/"},"modified":"2024-12-20T15:35:46","modified_gmt":"2024-12-20T14:35:46","slug":"beach_eat_sleep","status":"publish","type":"page","link":"https:\/\/beachin.ch\/fr\/sport-de-plage\/beach_eat_sleep\/","title":{"rendered":"Beach Eat Sleep"},"content":{"rendered":"<div class=\"wpb-content-wrapper\"><p>[vc_row][vc_column][vc_column_text]<\/p>\n<h1>Beach &#8211; Eat &#8211; Sleep!<\/h1>\n<p>[\/vc_column_text][vc_column_text]<\/p>\n<h3>27.11.24 &#8211; 04.01.25<\/h3>\n<p><span class=\"HwtZe\" lang=\"fr\"><strong><span class=\"jCAhz ChMk0b\"><span class=\"ryNqvb\">2 x 90 minutes une terrain, d\u00eener et petit-d\u00e9jeuner et une nuit dans l&#8217;h\u00f4tel.<\/span><\/span> <\/strong><span class=\"jCAhz ChMk0b\"><span class=\"ryNqvb\">R\u00e9servable du 27 d\u00e9cembre 2024 au 4 janvier 2025 !<\/span><\/span><\/span><\/p>\n<p><span class=\"jCAhz ChMk0b\"><span class=\"ryNqvb\">Prix \u200b\u200bpar personne en chambre double \/ appartement ou studio avec salle de bain : CHF 175.\u2013<br \/>\n<\/span><\/span><span class=\"jCAhz ChMk0b\"><span class=\"ryNqvb\">Prix \u200b\u200bpar personne en chambre partag\u00e9e avec salle de bain commune : CHF 150.\u2013<\/span><\/span><\/p>\n<p><span class=\"jCAhz ChMk0b\"><span class=\"ryNqvb\">Inclus dans le prix : <\/span><\/span><span class=\"HwtZe\" lang=\"fr\"> <span class=\"jCAhz\"><span class=\"ryNqvb\">2 x 90 minutes terrain de beach (r\u00e9servation de place)<br \/>\n<\/span><\/span> <span class=\"jCAhz\"><span class=\"ryNqvb\">Une nuit en chambre double ou \u00e0 plusieurs lits<br \/>\n<\/span><\/span> <span class=\"jCAhz\"><span class=\"ryNqvb\">Menu 4 plats le soir (ap\u00e9ro, entr\u00e9e, plat, dessert)<br \/>\n<\/span><\/span> <span class=\"jCAhz\"><span class=\"ryNqvb\">Petit-d\u00e9jeuner copieux le matin<\/span><\/span><\/span><\/p>\n<p><span class=\"jCAhz ChMk0b\"><span class=\"ryNqvb\">Seulement si les chambres d\u2019h\u00f4tel et les terrains de plage sont encore disponibles.<\/span><\/span> <span class=\"jCAhz ChMk0b\"><span class=\"ryNqvb\">Arriv\u00e9e \u00e0 partir de midi.<\/span><\/span> <span class=\"jCAhz ChMk0b\"><span class=\"ryNqvb\">Une r\u00e9servation d&#8217;emplacement l&#8217;apr\u00e8s-midi ou en d\u00e9but de soir\u00e9e apr\u00e8s l&#8217;arriv\u00e9e.<\/span><\/span> <span class=\"jCAhz ChMk0b\"><span class=\"ryNqvb\">1 place sur r\u00e9servation le matin apr\u00e8s le petit d\u00e9jeuner.<\/span><\/span> <span class=\"jCAhz ChMk0b\"><span class=\"ryNqvb\">Inscrivez-vous en utilisant le formulaire en ligne ci-dessous.<\/span><\/span> <span class=\"jCAhz ChMk0b\"><span class=\"ryNqvb\">Nous confirmerons personnellement votre r\u00e9servation avec les horaires des chambres et des espaces de plage peu de temps apr\u00e8s l&#8217;inscription.<\/span><\/span> <span class=\"jCAhz ChMk0b\"><span class=\"ryNqvb\">Paiement sur place au moment du d\u00e9part (esp\u00e8ces, Twint ou carte).<\/span><\/span> <span class=\"jCAhz ChMk0b\"><span class=\"ryNqvb\">Si vous avez des questions, vous pouvez nous contacter par t\u00e9l\u00e9phone ou par e-mail \u00e0 tout moment. <\/span><\/span><span class=\"jCAhz ChMk0b\"><span class=\"ryNqvb\">A bient\u00f4t chez BeachIN !<\/span><\/span>[\/vc_column_text][vc_column_text]<div id='formContainer328839054' class='sfForm rednaoFormContainer SfFormElementContainer bootstrap-wrapper'><\/div><script>\n            var ajaxurl = 'https:\/\/beachin.ch\/wp-admin\/admin-ajax.php';\n            var smartFormsCurrentTime=new Date('Mon Apr 20 2026 08:31:32 +0000');\n            \tvar smartFormsUserName=\"\";\n            \tvar smartFormsFirstName=\"\";\n            \tvar smartFormsLastName=\"\";\n            \tvar smartFormsEmail=\"\";\n                var smartFormsPath=\"https:\/\/beachin.ch\/wp-content\/plugins\/smart-forms\/\";\n                var smartDonationsRootPath=\"\";\n                var smartDonationsSandbox=\"\";\n                var smartFormsAdditionalFields37=[];\n                var smartFormsDesignMode=false;\n                if(!window.smartFormsItemsToLoad)\n                    window.smartFormsItemsToLoad=new Array();                                                   \n        window.smartFormsItemsToLoad.push({ 'form_id':37,  'elements':[{\"_id\":197,\"ClassName\":\"rednaomultipleradios\",\"IsRequired\":\"n\",\"Formulas\":{},\"Styles\":{},\"ContainerOptions\":{\"Width\":-1,\"Id\":\"212\",\"Type\":\"single\"},\"Id\":\"rnField19\",\"Spacing\":\"col-sm-12\",\"Label\":\"Datum w\u00e4hlen:\",\"Orientation\":\"v\",\"Options\":[{\"label\":\"27.12.24 - 28.12.24\",\"value\":\"0\",\"sel\":\"n\",\"url\":\"\"},{\"label\":\"28.12.24 - 29.12.24\",\"value\":\"0\",\"sel\":\"n\",\"url\":\"\"},{\"label\":\"29.12.24 - 30.12.24\",\"value\":\"0\",\"sel\":\"n\",\"url\":\"\"},{\"label\":\"30.12.24 - 31.12.24\",\"value\":\"0\",\"sel\":\"n\",\"url\":\"\"},{\"label\":\"01.01.25 - 02.01.25\",\"value\":\"0\",\"sel\":\"n\",\"url\":\"\"},{\"label\":\"02.01.25 - 03.01.25\",\"value\":\"0\",\"sel\":\"n\",\"url\":\"\"},{\"label\":\"03.01.25 - 04.01.25\",\"value\":\"0\",\"sel\":\"n\",\"url\":\"\"}],\"CustomCSS\":\"\"},{\"_id\":154,\"ClassName\":\"rednaotextinput\",\"IsRequired\":\"y\",\"Formulas\":{},\"Styles\":{},\"ContainerOptions\":{\"Width\":-1,\"Id\":\"163\",\"Type\":\"single\"},\"Id\":\"rnField12\",\"Spacing\":\"col-sm-12\",\"Label\":\"Vorname \/ Prenom\",\"Placeholder\":\"\",\"Value\":\"\",\"ReadOnly\":\"n\",\"Width\":\"\",\"Icon\":{\"ClassName\":\"fa fa-user\",\"Orientation\":\"Add\"},\"CustomCSS\":\"\",\"Placeholder_Icon\":{\"ClassName\":\"\",\"Orientation\":\"\"}},{\"_id\":155,\"ClassName\":\"rednaotextinput\",\"IsRequired\":\"y\",\"Formulas\":{},\"Styles\":{},\"ContainerOptions\":{\"Width\":-1,\"Id\":\"165\",\"Type\":\"single\"},\"Id\":\"rnField13\",\"Spacing\":\"col-sm-12\",\"Label\":\"Name \/ Nom\",\"Placeholder\":\"\",\"Value\":\"\",\"ReadOnly\":\"n\",\"Width\":\"\",\"Icon\":{\"ClassName\":\"fa fa-user\",\"Orientation\":\"Add\"},\"CustomCSS\":\"\",\"Placeholder_Icon\":{\"ClassName\":\"\",\"Orientation\":\"\"}},{\"_id\":156,\"ClassName\":\"rednaotextinput\",\"IsRequired\":\"y\",\"Formulas\":{},\"Styles\":{},\"ContainerOptions\":{\"Width\":-1,\"Id\":\"167\",\"Type\":\"single\"},\"Id\":\"rnField14\",\"Spacing\":\"col-sm-12\",\"Label\":\"Strasse Nr. \/ Rue Nr.\",\"Placeholder\":\"\",\"Value\":\"\",\"ReadOnly\":\"n\",\"Width\":\"\",\"Icon\":{\"ClassName\":\"glyphicon glyphicon-road\",\"Orientation\":\"Add\"},\"CustomCSS\":\"\",\"Placeholder_Icon\":{\"ClassName\":\"\",\"Orientation\":\"\"}},{\"_id\":157,\"ClassName\":\"rednaotextinput\",\"IsRequired\":\"y\",\"Formulas\":{},\"Styles\":{},\"ContainerOptions\":{\"Width\":-1,\"Id\":\"169\",\"Type\":\"single\"},\"Id\":\"rnField15\",\"Spacing\":\"col-sm-12\",\"Label\":\"PLZ Ort \/ Code postale lieu\",\"Placeholder\":\"\",\"Value\":\"\",\"ReadOnly\":\"n\",\"Width\":\"\",\"Icon\":{\"ClassName\":\"fa fa-map-pin\",\"Orientation\":\"Add\"},\"CustomCSS\":\"\",\"Placeholder_Icon\":{\"ClassName\":\"\",\"Orientation\":\"\"}},{\"_id\":36,\"ClassName\":\"rednaotextinput\",\"IsRequired\":\"y\",\"Formulas\":{},\"Styles\":{},\"ContainerOptions\":{\"Width\":-1,\"Id\":\"37\",\"Type\":\"single\"},\"Id\":\"rnField2\",\"Spacing\":\"col-sm-12\",\"Label\":\"Email\",\"Placeholder\":\"\",\"Value\":\"\",\"ReadOnly\":\"n\",\"Width\":\"\",\"Icon\":{\"ClassName\":\"glyphicon glyphicon-envelope\",\"Orientation\":\"Add\"},\"CustomCSS\":\"\",\"Placeholder_Icon\":{\"ClassName\":\"\",\"Orientation\":\"\"}},{\"_id\":158,\"ClassName\":\"rednaonumber\",\"IsRequired\":\"y\",\"Formulas\":{},\"Styles\":{},\"ContainerOptions\":{\"Width\":-1,\"Id\":\"171\",\"Type\":\"single\"},\"Id\":\"rnField16\",\"Spacing\":\"col-sm-12\",\"Label\":\"Telefon \/ T\u00e9l\u00e9phone\",\"Placeholder\":\"\",\"NumberOfDecimals\":0,\"MaximumValue\":\"\",\"MinimumValue\":\"\",\"Decimals\":0,\"Icon\":{\"ClassName\":\"glyphicon glyphicon-earphone\",\"Orientation\":\"Add\"},\"CustomCSS\":\"\",\"Width\":\"\",\"Placeholder_Icon\":{\"ClassName\":\"\",\"Orientation\":\"\"},\"Value\":\"\"},{\"_id\":79,\"ClassName\":\"rednaotextarea\",\"IsRequired\":\"n\",\"Formulas\":{},\"Styles\":{},\"ContainerOptions\":{\"Width\":-1,\"Id\":\"87\",\"Type\":\"single\"},\"Id\":\"rnField9\",\"Spacing\":\"col-sm-12\",\"Label\":\"Nachricht \/ Message\",\"DefaultText\":\"\",\"Value\":\"\",\"Width\":\"\",\"Height\":\"\",\"Placeholder\":\"\",\"Disabled\":\"n\",\"MaxLength\":\"\",\"CustomCSS\":\"\",\"Placeholder_Icon\":{\"ClassName\":\"\",\"Orientation\":\"\"}},{\"_id\":40,\"ClassName\":\"rednaosubmissionbutton\",\"IsRequired\":\"n\",\"Formulas\":{},\"Styles\":{},\"ContainerOptions\":{\"Width\":-1,\"Id\":\"45\",\"Type\":\"single\"},\"Id\":\"rnField6\",\"Spacing\":\"col-sm-12\",\"ButtonText\":\" Anmeldung senden \/ envoyer\",\"CustomCSS\":\"\",\"Icon\":{\"ClassName\":\"glyphicon glyphicon-send\",\"Orientation\":\"Add\"},\"Animated\":\"y\"}],'client_form_options':{\"JavascriptCode\":[],\"CSS\":\".bootstrap-wrapper.SfFormElementContainer .rednao-control-group {\\nbackground-color:null !important;\\n}\\n.bootstrap-wrapper.SfFormElementContainer .rednao-control-group .redNaoRadio:before{\\ncolor:null !important;\\n}\\n.bootstrap-wrapper.SfFormElementContainer .rednao-control-group .redNaoRadio:after{\\ncolor:null !important;\\n}\\n\",\"Conditions\":[],\"UsesCaptcha\":\"n\",\"CaptchaVersion\":\"\",\"alert_message\":\"Danke f\u00fcr die Beach-Eat-Sleep-Anmeldung. Hat geklappt. Wir melden uns innert K\u00fcrze f\u00fcr die definitve Best\u00e4tigung. \",\"alert_message_cb\":\"y\",\"DontClearForm\":\"n\",\"redirect_to\":[{\"URL\":\"https:\/\/beachin.ch\/beachsport\/corona-beachspecial\/\",\"RCSettings\":{\"Redirect\":\"always\",\"ConditionSettings\":[]}}],\"redirect_to_cb\":\"y\",\"Campaign\":\"\",\"PayPalEmail\":\"\",\"PayPalCondition\":{},\"PayPalType\":\"donation\",\"PayPalDescription\":\"\",\"PayPalCurrency\":\"USD\",\"Formulas\":{},\"InvalidInputMessage\":\"*Bitte alle zwingenden Felder ausf\u00fcllen\",\"FormType\":\"nor\",\"SplitSteps\":{},\"ToolTipPosition\":\"bottom\",\"Theme\":\"basic\",\"LabelLayout\":\"top\",\"Extensions\":{}},'container':'formContainer328839054'});<\/script>[\/vc_column_text][\/vc_column][\/vc_row]<\/p>\n<\/div>","protected":false},"excerpt":{"rendered":"<p>[vc_row][vc_column][vc_column_text] Beach &#8211; Eat &#8211; Sleep! [\/vc_column_text][vc_column_text] 27.11.24 &#8211; 04.01.25 2 x 90 minutes une terrain, d\u00eener et petit-d\u00e9jeuner et une nuit dans l&#8217;h\u00f4tel. R\u00e9servable du 27 d\u00e9cembre 2024 au 4 janvier 2025 ! Prix \u200b\u200bpar personne en chambre double \/ appartement ou studio avec salle de bain : CHF 175.\u2013 Prix \u200b\u200bpar personne en <a class=\"more-link\" href=\"https:\/\/beachin.ch\/fr\/sport-de-plage\/beach_eat_sleep\/\">weiterlesen&#8230;<\/a><\/p>\n","protected":false},"author":1,"featured_media":0,"parent":1229,"menu_order":0,"comment_status":"closed","ping_status":"closed","template":"","meta":{"footnotes":""},"yoast_head":"<!-- This site is optimized with the Yoast SEO plugin v14.4.1 - https:\/\/yoast.com\/wordpress\/plugins\/seo\/ -->\n<title>Beach Eat Sleep &ndash; BeachIN Sport, Bar &amp; Hotel<\/title>\n<meta name=\"description\" content=\"Beachen trotz Corona! Ab sofort nach Verf\u00fcgbarkeit: Beachen inklusive \u00dcbernachtung, 3-G\u00e4nge Abendessen und Fr\u00fchst\u00fcck.\" \/>\n<meta name=\"robots\" content=\"index, follow\" \/>\n<meta name=\"googlebot\" content=\"index, follow, max-snippet:-1, max-image-preview:large, max-video-preview:-1\" \/>\n<meta name=\"bingbot\" content=\"index, follow, max-snippet:-1, max-image-preview:large, max-video-preview:-1\" \/>\n<link rel=\"canonical\" href=\"https:\/\/beachin.ch\/fr\/sport-de-plage\/beach_eat_sleep\/\" \/>\n<meta property=\"og:locale\" content=\"fr_FR\" \/>\n<meta property=\"og:type\" content=\"article\" \/>\n<meta property=\"og:title\" content=\"Beach Eat Sleep &ndash; BeachIN Sport, Bar &amp; Hotel\" \/>\n<meta property=\"og:description\" content=\"Beachen trotz Corona! Ab sofort nach Verf\u00fcgbarkeit: Beachen inklusive \u00dcbernachtung, 3-G\u00e4nge Abendessen und Fr\u00fchst\u00fcck.\" \/>\n<meta property=\"og:url\" content=\"https:\/\/beachin.ch\/fr\/sport-de-plage\/beach_eat_sleep\/\" \/>\n<meta property=\"og:site_name\" content=\"BeachIN Sport, Bar &amp; Hotel\" \/>\n<meta property=\"article:modified_time\" content=\"2024-12-20T14:35:46+00:00\" \/>\n<meta name=\"twitter:card\" content=\"summary_large_image\" \/>\n<script type=\"application\/ld+json\" class=\"yoast-schema-graph\">{\"@context\":\"https:\/\/schema.org\",\"@graph\":[{\"@type\":\"WebSite\",\"@id\":\"https:\/\/beachin.ch\/fr\/#website\",\"url\":\"https:\/\/beachin.ch\/fr\/\",\"name\":\"BeachIN Sport, Bar &amp; Hotel\",\"description\":\"Strandfeeling das ganze Jahr!\",\"potentialAction\":[{\"@type\":\"SearchAction\",\"target\":\"https:\/\/beachin.ch\/fr\/?s={search_term_string}\",\"query-input\":\"required name=search_term_string\"}],\"inLanguage\":\"fr-FR\"},{\"@type\":\"WebPage\",\"@id\":\"https:\/\/beachin.ch\/fr\/sport-de-plage\/beach_eat_sleep\/#webpage\",\"url\":\"https:\/\/beachin.ch\/fr\/sport-de-plage\/beach_eat_sleep\/\",\"name\":\"Beach Eat Sleep &ndash; BeachIN Sport, Bar &amp; Hotel\",\"isPartOf\":{\"@id\":\"https:\/\/beachin.ch\/fr\/#website\"},\"datePublished\":\"2021-01-06T14:06:07+00:00\",\"dateModified\":\"2024-12-20T14:35:46+00:00\",\"description\":\"Beachen trotz Corona! Ab sofort nach Verf\\u00fcgbarkeit: Beachen inklusive \\u00dcbernachtung, 3-G\\u00e4nge Abendessen und Fr\\u00fchst\\u00fcck.\",\"inLanguage\":\"fr-FR\",\"potentialAction\":[{\"@type\":\"ReadAction\",\"target\":[\"https:\/\/beachin.ch\/fr\/sport-de-plage\/beach_eat_sleep\/\"]}]}]}<\/script>\n<!-- \/ Yoast SEO plugin. -->","_links":{"self":[{"href":"https:\/\/beachin.ch\/fr\/wp-json\/wp\/v2\/pages\/14512"}],"collection":[{"href":"https:\/\/beachin.ch\/fr\/wp-json\/wp\/v2\/pages"}],"about":[{"href":"https:\/\/beachin.ch\/fr\/wp-json\/wp\/v2\/types\/page"}],"author":[{"embeddable":true,"href":"https:\/\/beachin.ch\/fr\/wp-json\/wp\/v2\/users\/1"}],"replies":[{"embeddable":true,"href":"https:\/\/beachin.ch\/fr\/wp-json\/wp\/v2\/comments?post=14512"}],"version-history":[{"count":10,"href":"https:\/\/beachin.ch\/fr\/wp-json\/wp\/v2\/pages\/14512\/revisions"}],"predecessor-version":[{"id":26517,"href":"https:\/\/beachin.ch\/fr\/wp-json\/wp\/v2\/pages\/14512\/revisions\/26517"}],"up":[{"embeddable":true,"href":"https:\/\/beachin.ch\/fr\/wp-json\/wp\/v2\/pages\/1229"}],"wp:attachment":[{"href":"https:\/\/beachin.ch\/fr\/wp-json\/wp\/v2\/media?parent=14512"}],"curies":[{"name":"wp","href":"https:\/\/api.w.org\/{rel}","templated":true}]}}