{"id":1370,"date":"2018-11-23T16:48:41","date_gmt":"2018-11-23T15:48:41","guid":{"rendered":"https:\/\/beachin.ch\/wordpress\/mybeachin\/register\/"},"modified":"2018-11-29T14:10:52","modified_gmt":"2018-11-29T13:10:52","slug":"register","status":"publish","type":"page","link":"https:\/\/beachin.ch\/fr\/mybeachin\/register\/","title":{"rendered":"sinscrire"},"content":{"rendered":"<div class=\"wpb-content-wrapper\"><p>[vc_row][vc_column][vc_column_text]<\/p>\n<h1>S&#8217;inscrire<\/h1>\n<p>[\/vc_column_text][vc_column_text]\n<div class=\"um um-register um-965\">\n\n\t<div class=\"um-form\" data-mode=\"register\">\n\n\t\t<form method=\"post\" action=\"\">\n\n\t\t\t<div class=\"um-row _um_row_1 \" style=\"margin: 0 0 30px 0;\"><div class=\"um-col-1\"><div  id=\"um_field_965_user_login\" class=\"um-field um-field-text  um-field-user_login um-field-text um-field-type_text\" data-key=\"user_login\"><div class=\"um-field-label\"><label for=\"user_login-965\">Identifiant *<\/label><div class=\"um-clear\"><\/div><\/div><div class=\"um-field-area\"><input  autocomplete=\"off\" class=\"um-form-field valid \" type=\"text\" name=\"user_login-965\" id=\"user_login-965\" value=\"\" placeholder=\"\" data-validate=\"unique_username\" data-key=\"user_login\" \/>\n\n\t\t\t\t\t\t<\/div><\/div><div  id=\"um_field_965_first_name\" class=\"um-field um-field-text  um-field-first_name um-field-text um-field-type_text\" data-key=\"first_name\"><div class=\"um-field-label\"><label for=\"first_name-965\">Pr\u00e9nom *<\/label><div class=\"um-clear\"><\/div><\/div><div class=\"um-field-area\"><input  autocomplete=\"off\" class=\"um-form-field valid \" type=\"text\" name=\"first_name-965\" id=\"first_name-965\" value=\"\" placeholder=\"\" data-validate=\"\" data-key=\"first_name\" \/>\n\n\t\t\t\t\t\t<\/div><\/div><div  id=\"um_field_965_last_name\" class=\"um-field um-field-text  um-field-last_name um-field-text um-field-type_text\" data-key=\"last_name\"><div class=\"um-field-label\"><label for=\"last_name-965\">Surname *<\/label><div class=\"um-clear\"><\/div><\/div><div class=\"um-field-area\"><input  autocomplete=\"off\" class=\"um-form-field valid \" type=\"text\" name=\"last_name-965\" id=\"last_name-965\" value=\"\" placeholder=\"\" data-validate=\"\" data-key=\"last_name\" \/>\n\n\t\t\t\t\t\t<\/div><\/div><div  id=\"um_field_965_billing_company\" class=\"um-field um-field-text  um-field-billing_company um-field-text um-field-type_text\" data-key=\"billing_company\"><div class=\"um-field-label\"><label for=\"billing_company-965\">Entreprise<\/label><div class=\"um-clear\"><\/div><\/div><div class=\"um-field-area\"><input  autocomplete=\"off\" class=\"um-form-field valid not-required \" type=\"text\" name=\"billing_company-965\" id=\"billing_company-965\" value=\"\" placeholder=\"\" data-validate=\"\" data-key=\"billing_company\" \/>\n\n\t\t\t\t\t\t<\/div><\/div><div  id=\"um_field_965_billing_address_1\" class=\"um-field um-field-text  um-field-billing_address_1 um-field-text um-field-type_text\" data-key=\"billing_address_1\"><div class=\"um-field-label\"><label for=\"billing_address_1-965\">Rue *<\/label><div class=\"um-clear\"><\/div><\/div><div class=\"um-field-area\"><input  autocomplete=\"off\" class=\"um-form-field valid \" type=\"text\" name=\"billing_address_1-965\" id=\"billing_address_1-965\" value=\"\" placeholder=\"\" data-validate=\"\" data-key=\"billing_address_1\" \/>\n\n\t\t\t\t\t\t<\/div><\/div><div  id=\"um_field_965_billing_address_2\" class=\"um-field um-field-text  um-field-billing_address_2 um-field-text um-field-type_text\" data-key=\"billing_address_2\"><div class=\"um-field-area\"><input  autocomplete=\"off\" class=\"um-form-field valid not-required \" type=\"text\" name=\"billing_address_2-965\" id=\"billing_address_2-965\" value=\"\" placeholder=\"Wohnung, Suite, Geb\u00e4ude, etc. (optional)\" data-validate=\"\" data-key=\"billing_address_2\" \/>\n\n\t\t\t\t\t\t<\/div><\/div><div  id=\"um_field_965_billing_postcode\" class=\"um-field um-field-number  um-field-billing_postcode um-field-number um-field-type_number\" data-key=\"billing_postcode\"><div class=\"um-field-label\"><label for=\"billing_postcode-965\">NPA *<\/label><div class=\"um-clear\"><\/div><\/div><div class=\"um-field-area\"><input  class=\"um-form-field valid \" type=\"number\" name=\"billing_postcode-965\" id=\"billing_postcode-965\" value=\"\" placeholder=\"\" data-validate=\"\" data-key=\"billing_postcode\"  \/>\n\n\t\t\t\t\t\t<\/div><\/div><div  id=\"um_field_965_billing_city\" class=\"um-field um-field-text  um-field-billing_city um-field-text um-field-type_text\" data-key=\"billing_city\"><div class=\"um-field-label\"><label for=\"billing_city-965\">Lieu \/ Ville *<\/label><div class=\"um-clear\"><\/div><\/div><div class=\"um-field-area\"><input  autocomplete=\"off\" class=\"um-form-field valid \" type=\"text\" name=\"billing_city-965\" id=\"billing_city-965\" value=\"\" placeholder=\"\" data-validate=\"\" data-key=\"billing_city\" \/>\n\n\t\t\t\t\t\t<\/div><\/div><div  id=\"um_field_965_billing_country\" class=\"um-field um-field-select  um-field-billing_country um-field-select um-field-type_select\" data-key=\"billing_country\"><div class=\"um-field-label\"><label for=\"billing_country-965\">Pays *<\/label><div class=\"um-clear\"><\/div><\/div><div class=\"um-field-area  \"><select data-default=\"CH\"     name=\"billing_country\" id=\"billing_country\" data-validate=\"\" data-key=\"billing_country\" class=\"um-form-field valid um-s1 \" style=\"width: 100%\" data-placeholder=\"Land ausw\u00e4hlen...\"  data-um-ajax-source=\"getCountries\" ><option value=\"\"><\/option><option value=\"AF\" >Afghanistan<\/option><option value=\"ZA\" >Afrique du Sud<\/option><option value=\"AX\" >Aland Islands<\/option><option value=\"AL\" >Albanie<\/option><option value=\"DZ\" >Alg\u00e9rie<\/option><option value=\"DE\" >Allemagne<\/option><option value=\"AS\" >Samoa am\u00e9ricaines<\/option><option value=\"AD\" >Andorre<\/option><option value=\"AO\" >Angola<\/option><option value=\"AI\" >Anguilla<\/option><option value=\"AQ\" >Antarctique<\/option><option value=\"AG\" >Antigua-et-Barbuda<\/option><option value=\"SA\" >Arabie Saoudite<\/option><option value=\"AR\" >Argentine<\/option><option value=\"AM\" >Arm\u00e9nie<\/option><option value=\"AW\" >Aruba<\/option><option value=\"AU\" >Australie<\/option><option value=\"AT\" >Autriche<\/option><option value=\"AZ\" >Azerba\u00efdjan<\/option><option value=\"BS\" >Bahamas<\/option><option value=\"BH\" >Bahre\u00efn<\/option><option value=\"BD\" >Bangladesh<\/option><option value=\"BB\" >Barbades<\/option><option value=\"PW\" >Belau<\/option><option value=\"BE\" >Belgique<\/option><option value=\"BZ\" >Belize<\/option><option value=\"BJ\" >B\u00e9nin<\/option><option value=\"BM\" >Bermudes<\/option><option value=\"BT\" >Bhoutan<\/option><option value=\"BY\" >Bi\u00e9lorussie<\/option><option value=\"BO\" >Bolivie<\/option><option value=\"BA\" >Bosnie-Herz\u00e9govine<\/option><option value=\"BW\" >Botswana<\/option><option value=\"BR\" >Br\u00e9sil<\/option><option value=\"BN\" >Brunei<\/option><option value=\"BG\" >Bulgarie<\/option><option value=\"BF\" >Burkina Faso<\/option><option value=\"BI\" >Burundi<\/option><option value=\"KH\" >Cambodge<\/option><option value=\"CM\" >Cameroun<\/option><option value=\"CA\" >Canada<\/option><option value=\"CV\" >Cap Vert<\/option><option value=\"CL\" >Chili<\/option><option value=\"CN\" >Chine<\/option><option value=\"CX\" >\u00cele Christmas<\/option><option value=\"CY\" >Chypre<\/option><option value=\"CO\" >Colombie<\/option><option value=\"KM\" >Comores<\/option><option value=\"CG\" >Congo (Brazzaville)<\/option><option value=\"CD\" >Congo (Kinshasa)<\/option><option value=\"KP\" >Cor\u00e9e du Nord<\/option><option value=\"KR\" >Cor\u00e9e du Sud<\/option><option value=\"CR\" >Costa Rica<\/option><option value=\"CI\" >C\u00f4te-d\u2019Ivoire<\/option><option value=\"HR\" >Croatie<\/option><option value=\"CU\" >Cuba<\/option><option value=\"CW\" >Cura\u00e7ao<\/option><option value=\"DK\" >Danemark<\/option><option value=\"DJ\" >Djibouti<\/option><option value=\"DM\" >Dominique<\/option><option value=\"EG\" >\u00c9gypte<\/option><option value=\"AE\" >\u00c9mirats Arabes Unis<\/option><option value=\"EC\" >\u00c9quateur<\/option><option value=\"ER\" >Erythr\u00e9e<\/option><option value=\"ES\" >Espagne<\/option><option value=\"EE\" >Estonie<\/option><option value=\"US\" >Etats-Unis (USA)<\/option><option value=\"ET\" >\u00c9thiopie<\/option><option value=\"FJ\" >Fidji<\/option><option value=\"FI\" >Finlande<\/option><option value=\"FR\" >France<\/option><option value=\"GA\" >Gabon<\/option><option value=\"GM\" >Gambie<\/option><option value=\"GE\" >G\u00e9orgie<\/option><option value=\"GS\" >G\u00e9orgie du Sud \/ \u00eeles Sandwich<\/option><option value=\"GH\" >Ghana<\/option><option value=\"GI\" >Gibraltar<\/option><option value=\"GR\" >Gr\u00e8ce<\/option><option value=\"GD\" >Grenade<\/option><option value=\"GL\" >Groenland<\/option><option value=\"GP\" >Guadeloupe<\/option><option value=\"GU\" >Guam<\/option><option value=\"GT\" >Guatemala<\/option><option value=\"GG\" >Guernesey<\/option><option value=\"GN\" >Guin\u00e9e<\/option><option value=\"GQ\" >Guin\u00e9e \u00e9quatoriale<\/option><option value=\"GW\" >Guin\u00e9e-Bissau<\/option><option value=\"GY\" >Guyane<\/option><option value=\"GF\" >Guyane Fran\u00e7aise<\/option><option value=\"HT\" >Ha\u00efti<\/option><option value=\"HN\" >Honduras<\/option><option value=\"HK\" >Hong Kong<\/option><option value=\"HU\" >Hongrie<\/option><option value=\"BV\" >\u00cele Bouvet<\/option><option value=\"NF\" >\u00cele Norfolk<\/option><option value=\"IM\" >\u00cele de Man<\/option><option value=\"KY\" >\u00celes Ca\u00efmans<\/option><option value=\"CC\" >\u00celes Cocos<\/option><option value=\"CK\" >\u00celes Cook<\/option><option value=\"FK\" >\u00celes Falkland<\/option><option value=\"FO\" >\u00celes F\u00e9ro\u00e9<\/option><option value=\"HM\" >\u00celes Heard-et-MacDonald<\/option><option value=\"MH\" >\u00celes Marshall<\/option><option value=\"UM\" >\u00celes Mineures \u00e9loign\u00e9es des \u00c9tats-Unis<\/option><option value=\"SB\" >\u00celes Salomon<\/option><option value=\"TC\" >\u00celes Turques et Ca\u00efques<\/option><option value=\"IN\" >Inde<\/option><option value=\"ID\" >Indon\u00e9sie<\/option><option value=\"IR\" >Iran<\/option><option value=\"IQ\" >Irak<\/option><option value=\"IE\" >Irlande<\/option><option value=\"IS\" >Islande<\/option><option value=\"IL\" >Isra\u00ebl<\/option><option value=\"IT\" >Italie<\/option><option value=\"JM\" >Jama\u00efque<\/option><option value=\"JP\" >Japon<\/option><option value=\"JE\" >Jersey<\/option><option value=\"JO\" >Jordanie<\/option><option value=\"KZ\" >Kazakhstan<\/option><option value=\"KE\" >Kenya<\/option><option value=\"KI\" >Kiribati<\/option><option value=\"KW\" >Kowe\u00eft<\/option><option value=\"KG\" >Kirghizistan<\/option><option value=\"RE\" >La R\u00e9union<\/option><option value=\"LA\" >Laos<\/option><option value=\"LS\" >Lesotho<\/option><option value=\"LV\" >Lettonie<\/option><option value=\"LB\" >Liban<\/option><option value=\"LR\" >Liberia<\/option><option value=\"LY\" >Libye<\/option><option value=\"LI\" >Liechtenstein<\/option><option value=\"LT\" >Lituanie<\/option><option value=\"LU\" >Luxembourg<\/option><option value=\"MO\" >Macao<\/option><option value=\"MK\" >Mac\u00e9doine du Nord<\/option><option value=\"MG\" >Madagascar<\/option><option value=\"MY\" >Malaisie<\/option><option value=\"MW\" >Malawi<\/option><option value=\"MV\" >Maldives<\/option><option value=\"ML\" >Mali<\/option><option value=\"MT\" >Malte<\/option><option value=\"MA\" >Maroc<\/option><option value=\"MQ\" >Martinique<\/option><option value=\"MU\" >Maurice<\/option><option value=\"MR\" >Mauritanie<\/option><option value=\"YT\" >Mayotte<\/option><option value=\"MX\" >Mexique<\/option><option value=\"FM\" >Micron\u00e9sie<\/option><option value=\"MD\" >Moldavie<\/option><option value=\"MC\" >Monaco<\/option><option value=\"MN\" >Mongolie<\/option><option value=\"ME\" >Mont\u00e9n\u00e9gro<\/option><option value=\"MS\" >Montserrat<\/option><option value=\"MZ\" >Mozambique<\/option><option value=\"MM\" >Birmanie<\/option><option value=\"NA\" >Namibie<\/option><option value=\"NR\" >Nauru<\/option><option value=\"NP\" >N\u00e9pal<\/option><option value=\"NI\" >Nicaragua<\/option><option value=\"NE\" >Niger<\/option><option value=\"NG\" >Nigeria<\/option><option value=\"NU\" >Niu\u00e9en<\/option><option value=\"MP\" >\u00celes Mariannes du Nord<\/option><option value=\"NO\" >Norv\u00e8ge<\/option><option value=\"NC\" >Nouvelle-Cal\u00e9donie<\/option><option value=\"NZ\" >Nouvelle-Z\u00e9lande<\/option><option value=\"OM\" >Oman<\/option><option value=\"PK\" >Pakistan<\/option><option value=\"PA\" >Panama<\/option><option value=\"PG\" >Papouasie-Nouvelle-Guin\u00e9e<\/option><option value=\"PY\" >Paraguay<\/option><option value=\"NL\" >Pays-Bas<\/option><option value=\"PE\" >P\u00e9rou<\/option><option value=\"PH\" >Philippines<\/option><option value=\"PN\" >Pitcairn<\/option><option value=\"PL\" >Pologne<\/option><option value=\"PF\" >Polyn\u00e9sie Fran\u00e7aise<\/option><option value=\"PT\" >Portugal<\/option><option value=\"PR\" >Porto Rico<\/option><option value=\"QA\" >Qatar<\/option><option value=\"CF\" >R\u00e9publique Centrafricaine<\/option><option value=\"DO\" >R\u00e9publique Dominicaine<\/option><option value=\"CZ\" >R\u00e9publique Tch\u00e8que<\/option><option value=\"RO\" >Roumanie<\/option><option value=\"GB\" >Royaume-Uni (UK)<\/option><option value=\"RU\" >Russie<\/option><option value=\"RW\" >Rwanda<\/option><option value=\"BQ\" >Saba, Saint-Eustache et Bonaire<\/option><option value=\"EH\" >Sahara occidental<\/option><option value=\"BL\" >Saint Barth\u00e9lemy<\/option><option value=\"PM\" >Saint Pierre et Miquelon<\/option><option value=\"KN\" >Saint-Kitts-et-Nevis<\/option><option value=\"MF\" >Saint-Martin (partie fran\u00e7aise)<\/option><option value=\"SX\" >Saint-Martin (partie n\u00e9erlandaise)<\/option><option value=\"VC\" >Saint-Vincent-et-les-Grenadines<\/option><option value=\"SH\" >Sainte-H\u00e9l\u00e8ne<\/option><option value=\"LC\" >Sainte-Lucie<\/option><option value=\"SV\" >Salvador<\/option><option value=\"WS\" >Samoa<\/option><option value=\"SM\" >Saint Marin<\/option><option value=\"ST\" >Sao Tom\u00e9-et-Principe<\/option><option value=\"SN\" >S\u00e9n\u00e9gal<\/option><option value=\"RS\" >Serbie<\/option><option value=\"SC\" >Seychelles<\/option><option value=\"SL\" >Sierra Leone<\/option><option value=\"SG\" >Singapour<\/option><option value=\"SK\" >Slovaquie<\/option><option value=\"SI\" >Slov\u00e9nie<\/option><option value=\"SO\" >Somalie<\/option><option value=\"SD\" >Soudan<\/option><option value=\"SS\" >Soudan du Sud<\/option><option value=\"LK\" >Sri Lanka<\/option><option value=\"SE\" >Su\u00e8de<\/option><option value=\"CH\" selected>Suisse<\/option><option value=\"SR\" >Suriname<\/option><option value=\"SJ\" >Svalbard et Jan Mayen<\/option><option value=\"SZ\" >Swaziland<\/option><option value=\"SY\" >Syrie<\/option><option value=\"TW\" >Taiwan<\/option><option value=\"TJ\" >Tadjikistan<\/option><option value=\"TZ\" >Tanzanie<\/option><option value=\"TD\" >Tchad<\/option><option value=\"TF\" >Terres Australes Fran\u00e7aises<\/option><option value=\"PS\" >Territoire Palestinien<\/option><option value=\"IO\" >Territoire britannique de l&rsquo;oc\u00e9an Indien<\/option><option value=\"TH\" >Thailande<\/option><option value=\"TL\" >Timor-Leste<\/option><option value=\"TG\" >Togo<\/option><option value=\"TK\" >Tok\u00e9laou<\/option><option value=\"TO\" >Tonga<\/option><option value=\"TT\" >Trinit\u00e9-et-Tobago<\/option><option value=\"TN\" >Tunisie<\/option><option value=\"TM\" >Turkm\u00e9nistan<\/option><option value=\"TR\" >Turquie<\/option><option value=\"TV\" >Tuvalu<\/option><option value=\"UG\" >Ouganda<\/option><option value=\"UA\" >Ukraine<\/option><option value=\"UY\" >Uruguay<\/option><option value=\"UZ\" >Ouzb\u00e9kistan<\/option><option value=\"VU\" >Vanuatu<\/option><option value=\"VA\" >Vatican<\/option><option value=\"VE\" >Venezuela<\/option><option value=\"VN\" >Vietnam<\/option><option value=\"VG\" >Virgin Islands (British)<\/option><option value=\"VI\" >Virgin Islands (US)<\/option><option value=\"WF\" >Wallis et Futuna<\/option><option value=\"YE\" >Yemen<\/option><option value=\"ZM\" >Zambie<\/option><option value=\"ZW\" >Zimbabwe<\/option><\/select><\/div><\/div><div  id=\"um_field_965_billing_phone\" class=\"um-field um-field-text  um-field-billing_phone um-field-text um-field-type_text\" data-key=\"billing_phone\"><div class=\"um-field-label\"><label for=\"billing_phone-965\">T\u00e9l\u00e9phone<\/label><div class=\"um-clear\"><\/div><\/div><div class=\"um-field-area\"><input  autocomplete=\"off\" class=\"um-form-field valid not-required \" type=\"text\" name=\"billing_phone-965\" id=\"billing_phone-965\" value=\"\" placeholder=\"\" data-validate=\"\" data-key=\"billing_phone\" \/>\n\n\t\t\t\t\t\t<\/div><\/div><div  id=\"um_field_965_user_email\" class=\"um-field um-field-text  um-field-user_email um-field-text um-field-type_text\" data-key=\"user_email\"><div class=\"um-field-label\"><label for=\"user_email-965\">Email<\/label><div class=\"um-clear\"><\/div><\/div><div class=\"um-field-area\"><input  autocomplete=\"off\" class=\"um-form-field valid \" type=\"text\" name=\"user_email-965\" id=\"user_email-965\" value=\"\" placeholder=\"\" data-validate=\"unique_email\" data-key=\"user_email\" \/>\n\n\t\t\t\t\t\t<\/div><\/div><div  id=\"um_field_965_user_password\" class=\"um-field um-field-password  um-field-user_password um-field-password um-field-type_password\" data-key=\"user_password\"><div class=\"um-field-label\"><label for=\"user_password-965\">Mot de passe *<\/label><div class=\"um-clear\"><\/div><\/div><div class=\"um-field-area\"><input class=\"um-form-field valid \" type=\"password\" name=\"user_password-965\" id=\"user_password-965\" value=\"\" placeholder=\"\" data-validate=\"\" data-key=\"user_password\" \/>\n\n\t\t\t\t\t\t<\/div><\/div><div  id=\"um_field_965_confirm_user_password\" class=\"um-field um-field-password  um-field-user_password um-field-password um-field-type_password\" data-key=\"confirm_user_password\"><div class=\"um-field-label\"><label for=\"confirm_user_password-965\">Confirmer le Mot de passe *<\/label><div class=\"um-clear\"><\/div><\/div><div class=\"um-field-area\"><input class=\"um-form-field valid \" type=\"password\" name=\"confirm_user_password-965\" id=\"confirm_user_password-965\" value=\"\" placeholder=\"Confirmer le Mot de passe *\" data-validate=\"\" data-key=\"confirm_user_password\" \/><\/div><\/div><\/div><\/div>\t\t<input type=\"hidden\" name=\"form_id\" id=\"form_id_965\" value=\"965\" \/>\n\t\n\t<p class=\"um_request_name\">\n\t\t<label for=\"um_request_965\">Only fill in if you are not human<\/label>\n\t\t<input type=\"hidden\" name=\"um_request\" id=\"um_request_965\" class=\"input\" value=\"\" size=\"25\" autocomplete=\"off\" \/>\n\t<\/p>\n\n\t<input type=\"hidden\" id=\"_wpnonce\" name=\"_wpnonce\" value=\"d916f1cfa6\" \/><input type=\"hidden\" name=\"_wp_http_referer\" value=\"\/fr\/wp-json\/wp\/v2\/pages\/1370\" \/>\n<div class=\"um-field\">\n\t<div class=\"g-recaptcha\" id=\"um-965\" data-type=\"image\" data-size=\"normal\" data-theme=\"light\" data-sitekey=\"6LcFCOkqAAAAAHlXDC53t2aKhzIVm9CqffEgb5Qd\"><\/div>\n<\/div>\n\n\n<script type=\"text\/javascript\">\n\t\n\t\tvar onloadCallback = function () {\n\t\t\tjQuery('.g-recaptcha').each( function (i) {\n\t\t\t\tgrecaptcha.render( jQuery(this).attr('id'), {\n\t\t\t\t\t'sitekey': jQuery(this).attr('data-sitekey'),\n\t\t\t\t\t'theme': jQuery(this).attr('data-theme')\n\t\t\t\t});\n\t\t\t});\n\t\t};\n\n\t\tfunction um_recaptcha_refresh() {\n\t\t\tjQuery('.g-recaptcha').html('');\n\t\t\tgrecaptcha.reset();\n\t\t\tonloadCallback();\n\t\t}\n\n\t<\/script>\n\n\t<div class=\"um-col-alt\">\n\n\t\t\n\t\t\t<div class=\"um-center\">\n\t\t\t\t<input type=\"submit\" value=\"S\u2019inscrire\" class=\"um-button\" id=\"um-submit-btn\" \/>\n\t\t\t<\/div>\n\n\t\t\n\t\t<div class=\"um-clear\"><\/div>\n\n\t<\/div>\n\n\t\n\t\t<\/form>\n\n\t<\/div>\n\n<\/div>\n<style>\n\t\t\t.um-965.um {\n\t\t\tmax-width: 450px;\n\t\t}\n\t\t<\/style>\n[\/vc_column_text][\/vc_column][\/vc_row]<\/p>\n<\/div>","protected":false},"excerpt":{"rendered":"<p>[vc_row][vc_column][vc_column_text] S&#8217;inscrire [\/vc_column_text][vc_column_text][\/vc_column_text][\/vc_column][\/vc_row]<\/p>\n","protected":false},"author":1,"featured_media":0,"parent":1365,"menu_order":0,"comment_status":"closed","ping_status":"closed","template":"","meta":{"footnotes":""},"yoast_head":"<!-- This site is optimized with the Yoast SEO plugin v14.4.1 - https:\/\/yoast.com\/wordpress\/plugins\/seo\/ -->\n<title>sinscrire &ndash; BeachIN Sport, Bar &amp; Hotel<\/title>\n<meta name=\"robots\" content=\"index, follow\" \/>\n<meta name=\"googlebot\" content=\"index, follow, max-snippet:-1, max-image-preview:large, max-video-preview:-1\" \/>\n<meta name=\"bingbot\" content=\"index, follow, max-snippet:-1, max-image-preview:large, max-video-preview:-1\" \/>\n<link rel=\"canonical\" href=\"https:\/\/beachin.ch\/fr\/mybeachin\/register\/\" \/>\n<meta property=\"og:locale\" content=\"fr_FR\" \/>\n<meta property=\"og:type\" content=\"article\" \/>\n<meta property=\"og:title\" content=\"sinscrire &ndash; BeachIN Sport, Bar &amp; Hotel\" \/>\n<meta property=\"og:description\" content=\"[vc_row][vc_column][vc_column_text] S&#8217;inscrire [\/vc_column_text][vc_column_text][\/vc_column_text][\/vc_column][\/vc_row]\" \/>\n<meta property=\"og:url\" content=\"https:\/\/beachin.ch\/fr\/mybeachin\/register\/\" \/>\n<meta property=\"og:site_name\" content=\"BeachIN Sport, Bar &amp; Hotel\" \/>\n<meta property=\"article:modified_time\" content=\"2018-11-29T13:10:52+00:00\" \/>\n<meta name=\"twitter:card\" content=\"summary_large_image\" \/>\n<script type=\"application\/ld+json\" class=\"yoast-schema-graph\">{\"@context\":\"https:\/\/schema.org\",\"@graph\":[{\"@type\":\"WebSite\",\"@id\":\"https:\/\/beachin.ch\/fr\/#website\",\"url\":\"https:\/\/beachin.ch\/fr\/\",\"name\":\"BeachIN Sport, Bar &amp; Hotel\",\"description\":\"Strandfeeling das ganze Jahr!\",\"potentialAction\":[{\"@type\":\"SearchAction\",\"target\":\"https:\/\/beachin.ch\/fr\/?s={search_term_string}\",\"query-input\":\"required name=search_term_string\"}],\"inLanguage\":\"fr-FR\"},{\"@type\":\"WebPage\",\"@id\":\"https:\/\/beachin.ch\/fr\/mybeachin\/register\/#webpage\",\"url\":\"https:\/\/beachin.ch\/fr\/mybeachin\/register\/\",\"name\":\"sinscrire &ndash; BeachIN Sport, Bar &amp; Hotel\",\"isPartOf\":{\"@id\":\"https:\/\/beachin.ch\/fr\/#website\"},\"datePublished\":\"2018-11-23T15:48:41+00:00\",\"dateModified\":\"2018-11-29T13:10:52+00:00\",\"inLanguage\":\"fr-FR\",\"potentialAction\":[{\"@type\":\"ReadAction\",\"target\":[\"https:\/\/beachin.ch\/fr\/mybeachin\/register\/\"]}]}]}<\/script>\n<!-- \/ Yoast SEO plugin. -->","_links":{"self":[{"href":"https:\/\/beachin.ch\/fr\/wp-json\/wp\/v2\/pages\/1370"}],"collection":[{"href":"https:\/\/beachin.ch\/fr\/wp-json\/wp\/v2\/pages"}],"about":[{"href":"https:\/\/beachin.ch\/fr\/wp-json\/wp\/v2\/types\/page"}],"author":[{"embeddable":true,"href":"https:\/\/beachin.ch\/fr\/wp-json\/wp\/v2\/users\/1"}],"replies":[{"embeddable":true,"href":"https:\/\/beachin.ch\/fr\/wp-json\/wp\/v2\/comments?post=1370"}],"version-history":[{"count":6,"href":"https:\/\/beachin.ch\/fr\/wp-json\/wp\/v2\/pages\/1370\/revisions"}],"predecessor-version":[{"id":1432,"href":"https:\/\/beachin.ch\/fr\/wp-json\/wp\/v2\/pages\/1370\/revisions\/1432"}],"up":[{"embeddable":true,"href":"https:\/\/beachin.ch\/fr\/wp-json\/wp\/v2\/pages\/1365"}],"wp:attachment":[{"href":"https:\/\/beachin.ch\/fr\/wp-json\/wp\/v2\/media?parent=1370"}],"curies":[{"name":"wp","href":"https:\/\/api.w.org\/{rel}","templated":true}]}}