{"id":1330,"date":"2018-11-23T13:50:35","date_gmt":"2018-11-23T12:50:35","guid":{"rendered":"https:\/\/beachin.ch\/wordpress\/cg\/"},"modified":"2024-02-06T14:51:30","modified_gmt":"2024-02-06T13:51:30","slug":"cg","status":"publish","type":"page","link":"https:\/\/beachin.ch\/fr\/cg\/","title":{"rendered":"CG"},"content":{"rendered":"<div class=\"wpb-content-wrapper\"><p>[vc_row][vc_column][vc_column_text]<\/p>\n<h1>Conditions g\u00e9n\u00e9rales de vente (CGV) et r\u00e8glement int\u00e9rieur<\/h1>\n<p>1. domaine d&#8217;application des CGV<br \/>\nLes conditions g\u00e9n\u00e9rales de vente (CGV) suivantes s&#8217;appliquent \u00e0 l&#8217;utilisation de tous les domaines et de l&#8217;infrastructure du BeachIN.<\/p>\n<p>2. r\u00e8gles g\u00e9n\u00e9rales d&#8217;utilisation<br \/>\nL&#8217;acc\u00e8s \u00e0 la parcelle 6202 de R\u00e4mismatte 7 \u00e0 CH-3232 Ins par les locataires, les co\u00e9quipiers, les invit\u00e9s et les visiteurs ou la r\u00e9servation et la r\u00e9servation de parties du BeachIN ou de l&#8217;ensemble du BeachIN impliquent que les CGV relatives au BeachIN sont connues en tous points et prennent effet.<\/p>\n<p>3. Heures d&#8217;ouverture<br \/>\nEn principe, il y a toujours quelqu&#8217;un sur place pendant les heures d&#8217;ouverture communiqu\u00e9es sur le site Internet. Nous sommes joignables par t\u00e9l\u00e9phone pendant les heures d&#8217;ouverture des bureaux. Les activit\u00e9s sportives et les manifestations sont \u00e9galement possibles sur demande en dehors des heures d&#8217;ouverture. Les check-in \u00e0 l&#8217;h\u00f4tel sont \u00e9galement possibles en dehors des heures d&#8217;ouverture (self-checkin) sur demande. La direction de BeachIN GmbH se r\u00e9serve le droit de fermer une partie ou l&#8217;ensemble du BeachIN \u00e0 certaines fins et \u00e0 certaines heures.<\/p>\n<p>4. location de l&#8217;infrastructure<br \/>\nToute r\u00e9servation constitue la conclusion d&#8217;un contrat de location bas\u00e9 sur les pr\u00e9sentes conditions g\u00e9n\u00e9rales. Le loueur se r\u00e9serve le droit de modifier les r\u00e9servations attribu\u00e9es ou d&#8217;utiliser lui-m\u00eame les r\u00e9servations attribu\u00e9es \u00e0 des fins et manifestations particuli\u00e8res, pour autant que le locataire soit inform\u00e9 de cette utilisation au moins 72 heures \u00e0 l&#8217;avance.<\/p>\n<p>4.1 Manifestations de tout type<br \/>\nLe personnel de BeachIN est toujours pr\u00e9sent lors des manifestations de tout type. La restauration des invit\u00e9s (repas et boissons) fait normalement partie int\u00e9grante de l&#8217;\u00e9v\u00e9nement. Des exceptions (par exemple, un service de restauration propre ou l&#8217;apport de nourriture et de boissons) sont possibles apr\u00e8s accord. En principe, une offre individuelle est cr\u00e9\u00e9e pour chaque \u00e9v\u00e9nement apr\u00e8s un rendez-vous\/visite sur place ou par t\u00e9l\u00e9phone, puis un contrat de r\u00e9servation, une confirmation de r\u00e9servation, une confirmation de commande sont cr\u00e9\u00e9s et un acompte est factur\u00e9. Les offres de prix forfaitaires seront toujours factur\u00e9es int\u00e9gralement au prix convenu. Si un forfait boissons est convenu, les boissons qui ne sont pas d\u00e9finies dans le forfait boissons seront factur\u00e9es en suppl\u00e9ment. Si les quantit\u00e9s convenues d&#8217;un forfait de boisson sont d\u00e9pass\u00e9es, celles-ci seront \u00e9galement factur\u00e9es en suppl\u00e9ment. Des r\u00e9servations provisoires et sans engagement sont possibles pour 10 jours. Les annulations d&#8217;\u00e9v\u00e9nements r\u00e9serv\u00e9s peuvent \u00eatre annul\u00e9es sans frais jusqu&#8217;\u00e0 30 jours \u00e0 l&#8217;avance. Les annulations pour cause de force majeure (par exemple pand\u00e9mie, etc.) sont trait\u00e9es individuellement. Les d\u00e9penses d\u00e9j\u00e0 engag\u00e9es seront factur\u00e9es dans tous les cas.<\/p>\n<p>4.2 Activit\u00e9s sportives en salle<br \/>\nLes r\u00e9servations peuvent \u00eatre effectu\u00e9es exclusivement sur www.beachin.ch, personnellement sur place ou par t\u00e9l\u00e9phone au 032 312 00 66. Avec la r\u00e9servation, les frais convenus doivent \u00eatre pay\u00e9s de mani\u00e8re contraignante. Si le locataire utilise partiellement ou pas du tout la location de la p\u00e9riode r\u00e9serv\u00e9e, tout droit au remboursement du prix de la location est annul\u00e9, sauf si la r\u00e9servation est annul\u00e9e 72 heures avant le d\u00e9but. En cas d&#8217;annulation ult\u00e9rieure, le montant total sera d\u00e9bit\u00e9. Les r\u00e9servations d&#8217;emplacements fixes peuvent \u00eatre report\u00e9es 2 semaines \u00e0 l&#8217;avance (max. 4 x par saison), aussi bien par le locataire que par le loueur. Les dates de remplacement peuvent en principe \u00eatre choisies \u00e0 toutes les dates libres, mais doivent \u00eatre honor\u00e9es avant le d\u00e9but de la nouvelle saison des places fixes. Les r\u00e9servations non honor\u00e9es ne sont pas rembours\u00e9es. Pour les terrains de sport en sable, la dur\u00e9e de location est d&#8217;au moins 90 minutes. L&#8217;horloge de la halle est d\u00e9terminante pour le d\u00e9but et la fin du match. 5 minutes avant la fin du match, les courts doivent \u00eatre nivel\u00e9s et racl\u00e9s \u00e0 l&#8217;aide des r\u00e2teaux disponibles. Il est interdit de consommer des aliments et des boissons (\u00e0 l&#8217;exception des bouteilles d&#8217;eau pendant le sport). Les sacs de sport doivent \u00eatre d\u00e9pos\u00e9s dans les vestiaires et ne peuvent pas \u00eatre emmen\u00e9s dans la salle. Pour les locations sp\u00e9ciales (par ex. tout le domaine pour une soci\u00e9t\u00e9 ferm\u00e9e), les conditions contractuelles correspondantes dans la confirmation de r\u00e9servation individuelle s&#8217;appliquent.<\/p>\n<p>4.3 R\u00e9servations d&#8217;h\u00f4tel<br \/>\nLes r\u00e9servations d&#8217;h\u00f4tel peuvent \u00eatre effectu\u00e9es \u00e0 tout moment en ligne, par t\u00e9l\u00e9phone, sur place et par e-mail, avec ou sans petit-d\u00e9jeuner. Les annulations sont gratuites jusqu&#8217;\u00e0 10 jours avant la date de r\u00e9servation. En cas d&#8217;annulation jusqu&#8217;\u00e0 3 jours (72h) avant la date r\u00e9serv\u00e9e, les frais de la premi\u00e8re nuit sont factur\u00e9s. En cas d&#8217;annulation \u00e0 court terme dans les 3 jours (72h), la totalit\u00e9 de la p\u00e9riode de r\u00e9servation est factur\u00e9e. Les annulations de r\u00e9servations d&#8217;h\u00f4tel de plusieurs chambres pour des groupes (p. ex. militaires, camps d&#8217;entra\u00eenement, manifestations, etc.) sont possibles sans frais jusqu&#8217;\u00e0 30 jours avant la date. Pass\u00e9 ce d\u00e9lai, 100% des frais seront factur\u00e9s.<\/p>\n<p>4.4 Dur\u00e9e de location<br \/>\nDiff\u00e9rentes unit\u00e9s de temps s&#8217;appliquent en fonction du domaine et de l&#8217;\u00e9tendue. Pour les terrains de sport en sable, la dur\u00e9e de location est d&#8217;au moins 90 minutes. L&#8217;horloge de la salle est d\u00e9terminante pour le d\u00e9but et la fin du match. 5 minutes avant la fin du match, les courts doivent \u00eatre retir\u00e9s \u00e0 l&#8217;aide des r\u00e2teaux disponibles. Pour les locations sp\u00e9ciales (p. ex. toute une zone pour une soci\u00e9t\u00e9 ferm\u00e9e), les conditions contractuelles correspondantes dans la confirmation de r\u00e9servation s&#8217;appliquent.<\/p>\n<p>4.5 Prix<br \/>\nPour les \u00e9v\u00e9nements de toute nature, les prix propos\u00e9s ou sp\u00e9cifiquement convenus s&#8217;appliquent toujours. Les prix publi\u00e9s sur le site beachin.ch s&#8217;appliquent aux r\u00e9servations de sport. Les prix du <a href=\"https:\/\/beachbar.beachin.ch\/fr\" target=\"_blank\" rel=\"noopener\">menu et de la carte des boissons<\/a> s&#8217;appliquent \u00e0 la consommation au Beachbar. Tous les prix incluent g\u00e9n\u00e9ralement les frais suppl\u00e9mentaires et la TVA.<\/p>\n<p>5. R\u00e8gles d&#8217;utilisation<\/p>\n<p>5.1 Toute l&#8217;infrastructure et toutes les installations<br \/>\nL&#8217;ensemble de l&#8217;infrastructure et toutes les installations doivent \u00eatre trait\u00e9s correctement et avec soin. Les appareils et installations ne peuvent \u00eatre utilis\u00e9s que conform\u00e9ment \u00e0 leur destination. Le locataire ou chaque utilisateur individuel est enti\u00e8rement responsable de tout dommage, contamination ou dommage caus\u00e9 par lui aux b\u00e2timents, au mobilier et aux \u00e9quipements, sauf s&#8217;ils sont dus \u00e0 l&#8217;usure normale ou \u00e0 des d\u00e9fauts de mat\u00e9riaux. Les dommages et la contamination doivent \u00eatre signal\u00e9s imm\u00e9diatement. Les dommages non signal\u00e9s seront factur\u00e9s r\u00e9troactivement d\u00e8s leur d\u00e9couverte. Les dommages caus\u00e9s par une mauvaise manipulation ou du vandalisme doivent \u00e9galement \u00eatre pay\u00e9s par les responsables.<\/p>\n<p>5.2 Animaux<br \/>\nAmener des animaux dans tout le b\u00e2timent n&#8217;est autoris\u00e9 que sur demande. Les animaux ne sont g\u00e9n\u00e9ralement pas admis dans la salle ni sur le sable. Les dommages aux infrastructures caus\u00e9s par les animaux seront \u00e0 la charge du propri\u00e9taire de l&#8217;animal. Les animaux sont admis dans les chambres de l&#8217;h\u00f4tel apr\u00e8s accord et pr\u00e9avis et dans le respect du r\u00e8glement (les animaux ne sont pas autoris\u00e9s \u00e0 dormir dans le lit et ne peuvent pas \u00eatre laiss\u00e9s sans surveillance dans la chambre. Les chiens et les chats doivent \u00eatre tenus en laisse ou transport\u00e9s dans le b\u00e2timent). Les chiens et les chats de l&#8217;h\u00f4tel sont factur\u00e9s 15 CHF suppl\u00e9mentaires par nuit et par animal.<\/p>\n<p>5.3 Fumer<br \/>\nIl est interdit de fumer dans tous les locaux. Si vous fumez dans les chambres d&#8217;h\u00f4tel, des frais suppl\u00e9mentaires pouvant aller jusqu&#8217;\u00e0 500 CHF par personne vous seront factur\u00e9s.<br \/>\nL&#8217;apposition d&#8217;affiches et la mise en place de flyers, etc. ne sont pas autoris\u00e9es sans l&#8217;accord pr\u00e9alable et explicite de la direction.<\/p>\n<p>5.5 Enfants<br \/>\nLes enfants doivent \u00eatre surveill\u00e9s par leurs parents dans toute la zone et dans tous les locaux.<\/p>\n<p>5.6 Responsabilit\u00e9<br \/>\nL&#8217;acc\u00e8s et l&#8217;utilisation de toute l&#8217;infrastructure se font aux risques et p\u00e9rils de l&#8217;utilisateur. Les parents sont responsables de leurs enfants. Aucune responsabilit\u00e9 n&#8217;est assum\u00e9e pour les objets perdus ou vol\u00e9s. Les objets de valeur peuvent \u00eatre enferm\u00e9s dans les armoires \u00e0 disposition dans les vestiaires.<\/p>\n<p>5.8 Instructions<br \/>\nTout visiteur et utilisateur du BeachIN doit se conformer aux instructions du personnel du BeachIN.<\/p>\n<p>6. Droit de domicile et exclusion de responsabilit\u00e9<br \/>\nLa soci\u00e9t\u00e9 BeachIN GmbH, respectivement ses organes et son personnel, exercent les droits du ma\u00eetre des lieux. Toute responsabilit\u00e9 du propri\u00e9taire, de ses employ\u00e9s et de ses auxiliaires, des visiteurs, des clients et des partenaires vis-\u00e0-vis des locataires et de tous les autres visiteurs de BeachIN en cas d&#8217;accident, de perte, de vol, de dommages corporels, mat\u00e9riels et financiers \u00e0 l&#8217;int\u00e9rieur et \u00e0 l&#8217;ext\u00e9rieur de l&#8217;installation, y compris sur les voies d&#8217;acc\u00e8s et les parkings, quelle qu&#8217;en soit la cause, est exclue dans tous les cas. Il n&#8217;y a notamment aucune responsabilit\u00e9 en cas de blessures ou de vol\/perte de v\u00eatements, d&#8217;\u00e9quipement, d&#8217;objets de valeur de quelque nature que ce soit, ainsi qu&#8217;en cas de vol ou de d\u00e9t\u00e9rioration de v\u00e9hicules.<\/p>\n<p>7. photos et vid\u00e9os<br \/>\nEn p\u00e9n\u00e9trant sur le terrain de R\u00e4mismatte 7 AG, chaque personne accepte d&#8217;\u00eatre photographi\u00e9e ou film\u00e9e \u00e0 tout moment. De m\u00eame, chaque personne accepte que des photos et des vid\u00e9os de sa personne puissent \u00eatre publi\u00e9es sur le site Internet du BeachIN ou sur tout autre mat\u00e9riel publicitaire et sur les portails des m\u00e9dias sociaux.<\/p>\n<p>8. protection des donn\u00e9es<br \/>\nLes utilisateurs et les visiteurs du BeachIN acceptent que la transmission de leurs donn\u00e9es, qui parviennent \u00e0 la soci\u00e9t\u00e9 BeachIN GmbH suite \u00e0 des r\u00e9servations, des jeux-concours, des enregistrements et autres inscriptions, puisse \u00eatre utilis\u00e9e \u00e0 des fins publicitaires et transmise \u00e0 d&#8217;\u00e9ventuels partenaires de la soci\u00e9t\u00e9 BeachIN GmbH.<\/p>\n<p>9. Infractions<br \/>\nEn cas d&#8217;infraction, BeachIN GmbH peut exclure la personne concern\u00e9e de l&#8217;utilisation ult\u00e9rieure des installations, sans la lib\u00e9rer de l&#8217;obligation de payer le prix en vigueur. En cas d&#8217;utilisation de l&#8217;infrastructure ou d&#8217;utilisation par un nombre de personnes sup\u00e9rieur \u00e0 celui des r\u00e9servations, une amende peut \u00e9galement \u00eatre prononc\u00e9e. En outre, BeachIN GmbH peut prononcer des interdictions d&#8217;acc\u00e8s. Il n&#8217;existe aucun droit au remboursement des redevances d\u00e9j\u00e0 pay\u00e9es pour l&#8217;utilisation exclue. Nous nous r\u00e9servons le droit de faire valoir d&#8217;autres dommages et int\u00e9r\u00eats et d&#8217;autres droits.<\/p>\n<p>10. For et droit applicable<br \/>\nLe droit suisse est applicable \u00e0 tous les litiges. Le for juridique est \u00e0 Bienne.<\/p>\n<p>11. Clause salvatrice<br \/>\nSi certaines dispositions des pr\u00e9sentes conditions g\u00e9n\u00e9rales devaient s&#8217;av\u00e9rer nulles, inefficaces ou inex\u00e9cutables, la validit\u00e9, l&#8217;efficacit\u00e9 et l&#8217;ex\u00e9cutabilit\u00e9 des autres parties n&#8217;en seraient pas affect\u00e9es.[\/vc_column_text][\/vc_column][\/vc_row]<\/p>\n<\/div>","protected":false},"excerpt":{"rendered":"<p>[vc_row][vc_column][vc_column_text] Conditions g\u00e9n\u00e9rales de vente (CGV) et r\u00e8glement int\u00e9rieur 1. domaine d&#8217;application des CGV Les conditions g\u00e9n\u00e9rales de vente (CGV) suivantes s&#8217;appliquent \u00e0 l&#8217;utilisation de tous les domaines et de l&#8217;infrastructure du BeachIN. 2. r\u00e8gles g\u00e9n\u00e9rales d&#8217;utilisation L&#8217;acc\u00e8s \u00e0 la parcelle 6202 de R\u00e4mismatte 7 \u00e0 CH-3232 Ins par les locataires, les co\u00e9quipiers, les invit\u00e9s <a class=\"more-link\" href=\"https:\/\/beachin.ch\/fr\/cg\/\">weiterlesen&#8230;<\/a><\/p>\n","protected":false},"author":1,"featured_media":0,"parent":0,"menu_order":0,"comment_status":"closed","ping_status":"closed","template":"","meta":{"footnotes":""},"yoast_head":"<!-- This site is optimized with the Yoast SEO plugin v14.4.1 - https:\/\/yoast.com\/wordpress\/plugins\/seo\/ -->\n<title>CG &ndash; BeachIN Sport, Bar &amp; Hotel<\/title>\n<meta name=\"robots\" content=\"index, follow\" \/>\n<meta name=\"googlebot\" content=\"index, follow, max-snippet:-1, max-image-preview:large, max-video-preview:-1\" \/>\n<meta name=\"bingbot\" content=\"index, follow, max-snippet:-1, max-image-preview:large, max-video-preview:-1\" \/>\n<link rel=\"canonical\" href=\"https:\/\/beachin.ch\/fr\/cg\/\" \/>\n<meta property=\"og:locale\" content=\"fr_FR\" \/>\n<meta property=\"og:type\" content=\"article\" \/>\n<meta property=\"og:title\" content=\"CG &ndash; BeachIN Sport, Bar &amp; Hotel\" \/>\n<meta property=\"og:description\" content=\"[vc_row][vc_column][vc_column_text] Conditions g\u00e9n\u00e9rales de vente (CGV) et r\u00e8glement int\u00e9rieur 1. domaine d&#8217;application des CGV Les conditions g\u00e9n\u00e9rales de vente (CGV) suivantes s&#8217;appliquent \u00e0 l&#8217;utilisation de tous les domaines et de l&#8217;infrastructure du BeachIN. 2. r\u00e8gles g\u00e9n\u00e9rales d&#8217;utilisation L&#8217;acc\u00e8s \u00e0 la parcelle 6202 de R\u00e4mismatte 7 \u00e0 CH-3232 Ins par les locataires, les co\u00e9quipiers, les invit\u00e9s weiterlesen...\" \/>\n<meta property=\"og:url\" content=\"https:\/\/beachin.ch\/fr\/cg\/\" \/>\n<meta property=\"og:site_name\" content=\"BeachIN Sport, Bar &amp; Hotel\" \/>\n<meta property=\"article:modified_time\" content=\"2024-02-06T13:51:30+00:00\" \/>\n<meta name=\"twitter:card\" content=\"summary_large_image\" \/>\n<script type=\"application\/ld+json\" class=\"yoast-schema-graph\">{\"@context\":\"https:\/\/schema.org\",\"@graph\":[{\"@type\":\"WebSite\",\"@id\":\"https:\/\/beachin.ch\/fr\/#website\",\"url\":\"https:\/\/beachin.ch\/fr\/\",\"name\":\"BeachIN Sport, Bar &amp; Hotel\",\"description\":\"Strandfeeling das ganze Jahr!\",\"potentialAction\":[{\"@type\":\"SearchAction\",\"target\":\"https:\/\/beachin.ch\/fr\/?s={search_term_string}\",\"query-input\":\"required name=search_term_string\"}],\"inLanguage\":\"fr-FR\"},{\"@type\":\"WebPage\",\"@id\":\"https:\/\/beachin.ch\/fr\/cg\/#webpage\",\"url\":\"https:\/\/beachin.ch\/fr\/cg\/\",\"name\":\"CG &ndash; BeachIN Sport, Bar &amp; Hotel\",\"isPartOf\":{\"@id\":\"https:\/\/beachin.ch\/fr\/#website\"},\"datePublished\":\"2018-11-23T12:50:35+00:00\",\"dateModified\":\"2024-02-06T13:51:30+00:00\",\"inLanguage\":\"fr-FR\",\"potentialAction\":[{\"@type\":\"ReadAction\",\"target\":[\"https:\/\/beachin.ch\/fr\/cg\/\"]}]}]}<\/script>\n<!-- \/ Yoast SEO plugin. -->","_links":{"self":[{"href":"https:\/\/beachin.ch\/fr\/wp-json\/wp\/v2\/pages\/1330"}],"collection":[{"href":"https:\/\/beachin.ch\/fr\/wp-json\/wp\/v2\/pages"}],"about":[{"href":"https:\/\/beachin.ch\/fr\/wp-json\/wp\/v2\/types\/page"}],"author":[{"embeddable":true,"href":"https:\/\/beachin.ch\/fr\/wp-json\/wp\/v2\/users\/1"}],"replies":[{"embeddable":true,"href":"https:\/\/beachin.ch\/fr\/wp-json\/wp\/v2\/comments?post=1330"}],"version-history":[{"count":8,"href":"https:\/\/beachin.ch\/fr\/wp-json\/wp\/v2\/pages\/1330\/revisions"}],"predecessor-version":[{"id":23581,"href":"https:\/\/beachin.ch\/fr\/wp-json\/wp\/v2\/pages\/1330\/revisions\/23581"}],"wp:attachment":[{"href":"https:\/\/beachin.ch\/fr\/wp-json\/wp\/v2\/media?parent=1330"}],"curies":[{"name":"wp","href":"https:\/\/api.w.org\/{rel}","templated":true}]}}