{"id":13133,"date":"2020-10-12T13:56:33","date_gmt":"2020-10-12T11:56:33","guid":{"rendered":"https:\/\/beachin.ch\/?page_id=13133"},"modified":"2020-10-12T13:56:33","modified_gmt":"2020-10-12T11:56:33","slug":"celebration-de-mariage-du-05-09-2020","status":"publish","type":"page","link":"https:\/\/beachin.ch\/fr\/evenements\/archives-des-evenements\/celebration-de-mariage-du-05-09-2020\/","title":{"rendered":"C\u00e9l\u00e9bration de mariage du 05.09.2020"},"content":{"rendered":"<div class=\"wpb-content-wrapper\"><p>[vc_row][vc_column][vc_column_text]<\/p>\n<h1>Revue de la C\u00e9l\u00e9bration de mariage de Conni et Matthias<\/h1>\n<p>Le grand jour de Conni et Matthias a \u00e9t\u00e9 le 04.09.2020. Le lendemain, ils ont c\u00e9l\u00e9br\u00e9 un mariage avec leurs amis et leur famille sur &#8220;Hawai&#8221; \u00e0 BeachIN. Environ 50 invit\u00e9s, jeux, amusement, spectacles, ap\u00e9ritif, buffet de barbecue, dessert, f\u00eate et rencontre conviviale jusqu&#8217;au petit matin.<\/p>\n<p>&nbsp;<\/p>\n<p><strong>Feedback Client:<\/strong><\/p>\n<p><em>Nous avons eu une c\u00e9l\u00e9bration vraiment merveilleuse qui restera dans nos m\u00e9moires pour le reste de nos vies. L&#8217;\u00e9quipe de BeachIN a fait un super travail et a aussi enti\u00e8rement satisfait nos &#8220;souhaits sp\u00e9ciaux&#8221;. Nous \u00e9tions enti\u00e8rement satisfaits. Merci beaucoup <\/em>[\/vc_column_text][\/vc_column][\/vc_row][vc_row][vc_column][vc_media_grid grid_id=&#8221;vc_gid:1602503578034-780c63b5-8de5-2&#8243; include=&#8221;12871,12874,12877,12880,12883,12886,12889,12892&#8243;][\/vc_column][\/vc_row][vc_row][vc_column][vc_row_inner][vc_column_inner][vc_btn title=&#8221;Retour \u00e0 l&#8217;archive&#8221; link=&#8221;url:https%3A%2F%2Fbeachin.ch%2Ffr%2Fevenements%2Farchives-des-evenements%2F|title:Archives%20des%20%C3%A9v%C3%A9nements|&#8221;][vc_separator][vc_column_text]<\/p>\n<h3>Tu planifies aussi un \u00e9v\u00e9nement ?<\/h3>\n<p>Nous nous ferons un plaisir de te conseiller et de pr\u00e9parer ton offre individuelle et sans engagement.[\/vc_column_text][vc_btn title=&#8221;Demander une offre individuelle&#8221; link=&#8221;url:https%3A%2F%2Fbeachin.ch%2Ffr%2Fcontact%2F|title:Contact|&#8221;][vc_empty_space][\/vc_column_inner][\/vc_row_inner][\/vc_column][\/vc_row]<\/p>\n<\/div>","protected":false},"excerpt":{"rendered":"<p>[vc_row][vc_column][vc_column_text] Revue de la C\u00e9l\u00e9bration de mariage de Conni et Matthias Le grand jour de Conni et Matthias a \u00e9t\u00e9 le 04.09.2020. Le lendemain, ils ont c\u00e9l\u00e9br\u00e9 un mariage avec leurs amis et leur famille sur &#8220;Hawai&#8221; \u00e0 BeachIN. Environ 50 invit\u00e9s, jeux, amusement, spectacles, ap\u00e9ritif, buffet de barbecue, dessert, f\u00eate et rencontre conviviale jusqu&#8217;au <a class=\"more-link\" href=\"https:\/\/beachin.ch\/fr\/evenements\/archives-des-evenements\/celebration-de-mariage-du-05-09-2020\/\">weiterlesen&#8230;<\/a><\/p>\n","protected":false},"author":1,"featured_media":0,"parent":9767,"menu_order":0,"comment_status":"closed","ping_status":"closed","template":"","meta":{"footnotes":""},"yoast_head":"<!-- This site is optimized with the Yoast SEO plugin v14.4.1 - https:\/\/yoast.com\/wordpress\/plugins\/seo\/ -->\n<title>C\u00e9l\u00e9bration de mariage du 05.09.2020 &ndash; BeachIN Sport, Bar &amp; Hotel<\/title>\n<meta name=\"robots\" content=\"index, follow\" \/>\n<meta name=\"googlebot\" content=\"index, follow, max-snippet:-1, max-image-preview:large, max-video-preview:-1\" \/>\n<meta name=\"bingbot\" content=\"index, follow, max-snippet:-1, max-image-preview:large, max-video-preview:-1\" \/>\n<link rel=\"canonical\" href=\"https:\/\/beachin.ch\/fr\/evenements\/archives-des-evenements\/celebration-de-mariage-du-05-09-2020\/\" \/>\n<meta property=\"og:locale\" content=\"fr_FR\" \/>\n<meta property=\"og:type\" content=\"article\" \/>\n<meta property=\"og:title\" content=\"C\u00e9l\u00e9bration de mariage du 05.09.2020 &ndash; BeachIN Sport, Bar &amp; Hotel\" \/>\n<meta property=\"og:description\" content=\"[vc_row][vc_column][vc_column_text] Revue de la C\u00e9l\u00e9bration de mariage de Conni et Matthias Le grand jour de Conni et Matthias a \u00e9t\u00e9 le 04.09.2020. Le lendemain, ils ont c\u00e9l\u00e9br\u00e9 un mariage avec leurs amis et leur famille sur &#8220;Hawai&#8221; \u00e0 BeachIN. Environ 50 invit\u00e9s, jeux, amusement, spectacles, ap\u00e9ritif, buffet de barbecue, dessert, f\u00eate et rencontre conviviale jusqu&#8217;au weiterlesen...\" \/>\n<meta property=\"og:url\" content=\"https:\/\/beachin.ch\/fr\/evenements\/archives-des-evenements\/celebration-de-mariage-du-05-09-2020\/\" \/>\n<meta property=\"og:site_name\" content=\"BeachIN Sport, Bar &amp; Hotel\" \/>\n<meta name=\"twitter:card\" content=\"summary_large_image\" \/>\n<script type=\"application\/ld+json\" class=\"yoast-schema-graph\">{\"@context\":\"https:\/\/schema.org\",\"@graph\":[{\"@type\":\"WebSite\",\"@id\":\"https:\/\/beachin.ch\/fr\/#website\",\"url\":\"https:\/\/beachin.ch\/fr\/\",\"name\":\"BeachIN Sport, Bar &amp; Hotel\",\"description\":\"Strandfeeling das ganze Jahr!\",\"potentialAction\":[{\"@type\":\"SearchAction\",\"target\":\"https:\/\/beachin.ch\/fr\/?s={search_term_string}\",\"query-input\":\"required name=search_term_string\"}],\"inLanguage\":\"fr-FR\"},{\"@type\":\"WebPage\",\"@id\":\"https:\/\/beachin.ch\/fr\/evenements\/archives-des-evenements\/celebration-de-mariage-du-05-09-2020\/#webpage\",\"url\":\"https:\/\/beachin.ch\/fr\/evenements\/archives-des-evenements\/celebration-de-mariage-du-05-09-2020\/\",\"name\":\"C\\u00e9l\\u00e9bration de mariage du 05.09.2020 &ndash; BeachIN Sport, Bar &amp; Hotel\",\"isPartOf\":{\"@id\":\"https:\/\/beachin.ch\/fr\/#website\"},\"datePublished\":\"2020-10-12T11:56:33+00:00\",\"dateModified\":\"2020-10-12T11:56:33+00:00\",\"inLanguage\":\"fr-FR\",\"potentialAction\":[{\"@type\":\"ReadAction\",\"target\":[\"https:\/\/beachin.ch\/fr\/evenements\/archives-des-evenements\/celebration-de-mariage-du-05-09-2020\/\"]}]}]}<\/script>\n<!-- \/ Yoast SEO plugin. -->","_links":{"self":[{"href":"https:\/\/beachin.ch\/fr\/wp-json\/wp\/v2\/pages\/13133"}],"collection":[{"href":"https:\/\/beachin.ch\/fr\/wp-json\/wp\/v2\/pages"}],"about":[{"href":"https:\/\/beachin.ch\/fr\/wp-json\/wp\/v2\/types\/page"}],"author":[{"embeddable":true,"href":"https:\/\/beachin.ch\/fr\/wp-json\/wp\/v2\/users\/1"}],"replies":[{"embeddable":true,"href":"https:\/\/beachin.ch\/fr\/wp-json\/wp\/v2\/comments?post=13133"}],"version-history":[{"count":2,"href":"https:\/\/beachin.ch\/fr\/wp-json\/wp\/v2\/pages\/13133\/revisions"}],"predecessor-version":[{"id":13135,"href":"https:\/\/beachin.ch\/fr\/wp-json\/wp\/v2\/pages\/13133\/revisions\/13135"}],"up":[{"embeddable":true,"href":"https:\/\/beachin.ch\/fr\/wp-json\/wp\/v2\/pages\/9767"}],"wp:attachment":[{"href":"https:\/\/beachin.ch\/fr\/wp-json\/wp\/v2\/media?parent=13133"}],"curies":[{"name":"wp","href":"https:\/\/api.w.org\/{rel}","templated":true}]}}