{"id":13128,"date":"2020-10-12T13:51:18","date_gmt":"2020-10-12T11:51:18","guid":{"rendered":"https:\/\/beachin.ch\/?page_id=13128"},"modified":"2020-10-12T13:51:18","modified_gmt":"2020-10-12T11:51:18","slug":"fete-danniversaire-du-22-08-2020","status":"publish","type":"page","link":"https:\/\/beachin.ch\/fr\/evenements\/archives-des-evenements\/fete-danniversaire-du-22-08-2020\/","title":{"rendered":"F\u00eate d&#8217;anniversaire du 22.08.2020"},"content":{"rendered":"<div class=\"wpb-content-wrapper\"><p>[vc_row][vc_column][vc_column_text]<\/p>\n<h1>Revue de la f\u00eate d&#8217;anniversaire du 22.08.2020 de Brigitte<\/h1>\n<p>40 personnes<\/p>\n<p>Avec de bons amis et la famille, une f\u00eate d&#8217;anniversaire confortable et informelle avec un m\u00e9ga buffet de tapas. Une chaude soir\u00e9e d&#8217;\u00e9t\u00e9 o\u00f9 les gens mangeaient, buvaient et jouaient jusqu&#8217;\u00e0 tard dans la nuit.<\/p>\n<p><strong>Feedback Client:<\/strong><\/p>\n<p><em>Un grand merci \u00e0 l&#8217;\u00e9quipe de BeachIN ! Le Tapas-Buffet \u00e9tait tout simplement le marteau absolu. Tout s&#8217;est d\u00e9roul\u00e9 \u00e0 merveille et nous avons \u00e9t\u00e9 servis avec beaucoup de courtoisie. <\/em>[\/vc_column_text][\/vc_column][\/vc_row][vc_row][vc_column][vc_media_grid grid_id=&#8221;vc_gid:1602503444848-836d8f9f-cbc3-3&#8243; include=&#8221;12848,12851,12854,12857&#8243;][\/vc_column][\/vc_row][vc_row][vc_column][vc_row_inner][vc_column_inner][vc_btn title=&#8221;Retour \u00e0 l&#8217;archive&#8221; link=&#8221;url:https%3A%2F%2Fbeachin.ch%2Ffr%2Fevenements%2Farchives-des-evenements%2F|title:Archives%20des%20%C3%A9v%C3%A9nements|&#8221;][vc_separator][vc_column_text]<\/p>\n<h3>Tu planifies aussi un \u00e9v\u00e9nement ?<\/h3>\n<p>Nous nous ferons un plaisir de te conseiller et de pr\u00e9parer ton offre individuelle et sans engagement.[\/vc_column_text][vc_btn title=&#8221;Demander une offre individuelle&#8221; link=&#8221;url:https%3A%2F%2Fbeachin.ch%2Ffr%2Fcontact%2F|title:Contact|&#8221;][vc_empty_space][\/vc_column_inner][\/vc_row_inner][\/vc_column][\/vc_row]<\/p>\n<\/div>","protected":false},"excerpt":{"rendered":"<p>[vc_row][vc_column][vc_column_text] Revue de la f\u00eate d&#8217;anniversaire du 22.08.2020 de Brigitte 40 personnes Avec de bons amis et la famille, une f\u00eate d&#8217;anniversaire confortable et informelle avec un m\u00e9ga buffet de tapas. Une chaude soir\u00e9e d&#8217;\u00e9t\u00e9 o\u00f9 les gens mangeaient, buvaient et jouaient jusqu&#8217;\u00e0 tard dans la nuit. Feedback Client: Un grand merci \u00e0 l&#8217;\u00e9quipe de <a class=\"more-link\" href=\"https:\/\/beachin.ch\/fr\/evenements\/archives-des-evenements\/fete-danniversaire-du-22-08-2020\/\">weiterlesen&#8230;<\/a><\/p>\n","protected":false},"author":1,"featured_media":0,"parent":9767,"menu_order":0,"comment_status":"closed","ping_status":"closed","template":"","meta":{"footnotes":""},"yoast_head":"<!-- This site is optimized with the Yoast SEO plugin v14.4.1 - https:\/\/yoast.com\/wordpress\/plugins\/seo\/ -->\n<title>F\u00eate d&#039;anniversaire du 22.08.2020 &ndash; BeachIN Sport, Bar &amp; Hotel<\/title>\n<meta name=\"robots\" content=\"index, follow\" \/>\n<meta name=\"googlebot\" content=\"index, follow, max-snippet:-1, max-image-preview:large, max-video-preview:-1\" \/>\n<meta name=\"bingbot\" content=\"index, follow, max-snippet:-1, max-image-preview:large, max-video-preview:-1\" \/>\n<link rel=\"canonical\" href=\"https:\/\/beachin.ch\/fr\/evenements\/archives-des-evenements\/fete-danniversaire-du-22-08-2020\/\" \/>\n<meta property=\"og:locale\" content=\"fr_FR\" \/>\n<meta property=\"og:type\" content=\"article\" \/>\n<meta property=\"og:title\" content=\"F\u00eate d&#039;anniversaire du 22.08.2020 &ndash; BeachIN Sport, Bar &amp; Hotel\" \/>\n<meta property=\"og:description\" content=\"[vc_row][vc_column][vc_column_text] Revue de la f\u00eate d&#8217;anniversaire du 22.08.2020 de Brigitte 40 personnes Avec de bons amis et la famille, une f\u00eate d&#8217;anniversaire confortable et informelle avec un m\u00e9ga buffet de tapas. Une chaude soir\u00e9e d&#8217;\u00e9t\u00e9 o\u00f9 les gens mangeaient, buvaient et jouaient jusqu&#8217;\u00e0 tard dans la nuit. Feedback Client: Un grand merci \u00e0 l&#8217;\u00e9quipe de weiterlesen...\" \/>\n<meta property=\"og:url\" content=\"https:\/\/beachin.ch\/fr\/evenements\/archives-des-evenements\/fete-danniversaire-du-22-08-2020\/\" \/>\n<meta property=\"og:site_name\" content=\"BeachIN Sport, Bar &amp; Hotel\" \/>\n<meta name=\"twitter:card\" content=\"summary_large_image\" \/>\n<script type=\"application\/ld+json\" class=\"yoast-schema-graph\">{\"@context\":\"https:\/\/schema.org\",\"@graph\":[{\"@type\":\"WebSite\",\"@id\":\"https:\/\/beachin.ch\/fr\/#website\",\"url\":\"https:\/\/beachin.ch\/fr\/\",\"name\":\"BeachIN Sport, Bar &amp; Hotel\",\"description\":\"Strandfeeling das ganze Jahr!\",\"potentialAction\":[{\"@type\":\"SearchAction\",\"target\":\"https:\/\/beachin.ch\/fr\/?s={search_term_string}\",\"query-input\":\"required name=search_term_string\"}],\"inLanguage\":\"fr-FR\"},{\"@type\":\"WebPage\",\"@id\":\"https:\/\/beachin.ch\/fr\/evenements\/archives-des-evenements\/fete-danniversaire-du-22-08-2020\/#webpage\",\"url\":\"https:\/\/beachin.ch\/fr\/evenements\/archives-des-evenements\/fete-danniversaire-du-22-08-2020\/\",\"name\":\"F\\u00eate d'anniversaire du 22.08.2020 &ndash; BeachIN Sport, Bar &amp; Hotel\",\"isPartOf\":{\"@id\":\"https:\/\/beachin.ch\/fr\/#website\"},\"datePublished\":\"2020-10-12T11:51:18+00:00\",\"dateModified\":\"2020-10-12T11:51:18+00:00\",\"inLanguage\":\"fr-FR\",\"potentialAction\":[{\"@type\":\"ReadAction\",\"target\":[\"https:\/\/beachin.ch\/fr\/evenements\/archives-des-evenements\/fete-danniversaire-du-22-08-2020\/\"]}]}]}<\/script>\n<!-- \/ Yoast SEO plugin. -->","_links":{"self":[{"href":"https:\/\/beachin.ch\/fr\/wp-json\/wp\/v2\/pages\/13128"}],"collection":[{"href":"https:\/\/beachin.ch\/fr\/wp-json\/wp\/v2\/pages"}],"about":[{"href":"https:\/\/beachin.ch\/fr\/wp-json\/wp\/v2\/types\/page"}],"author":[{"embeddable":true,"href":"https:\/\/beachin.ch\/fr\/wp-json\/wp\/v2\/users\/1"}],"replies":[{"embeddable":true,"href":"https:\/\/beachin.ch\/fr\/wp-json\/wp\/v2\/comments?post=13128"}],"version-history":[{"count":4,"href":"https:\/\/beachin.ch\/fr\/wp-json\/wp\/v2\/pages\/13128\/revisions"}],"predecessor-version":[{"id":13132,"href":"https:\/\/beachin.ch\/fr\/wp-json\/wp\/v2\/pages\/13128\/revisions\/13132"}],"up":[{"embeddable":true,"href":"https:\/\/beachin.ch\/fr\/wp-json\/wp\/v2\/pages\/9767"}],"wp:attachment":[{"href":"https:\/\/beachin.ch\/fr\/wp-json\/wp\/v2\/media?parent=13128"}],"curies":[{"name":"wp","href":"https:\/\/api.w.org\/{rel}","templated":true}]}}