{"id":1305,"date":"2018-11-23T13:23:02","date_gmt":"2018-11-23T12:23:02","guid":{"rendered":"https:\/\/beachin.ch\/wordpress\/newsletter\/"},"modified":"2020-09-28T13:39:39","modified_gmt":"2020-09-28T11:39:39","slug":"newsletter","status":"publish","type":"page","link":"https:\/\/beachin.ch\/fr\/newsletter\/","title":{"rendered":"Newsletter"},"content":{"rendered":"<div class=\"wpb-content-wrapper\"><p>[vc_row full_width=&#8221;stretch_row&#8221; css=&#8221;.vc_custom_1539867898295{margin-top: 0px !important;margin-bottom: 0px !important;border-top-width: 0px !important;border-bottom-width: 0px !important;padding-top: 0px !important;padding-bottom: 0px !important;background-color: #ffffff !important;}&#8221;][vc_column][vc_column_text]<\/p>\n<h1 class=\"csc-firstHeader\" data-fittext-level=\"0.00\">Newsletter<\/h1>\n<p>Inscrit-toi maintenant pour la newsletter BeachIN et ne manquez pas ce qui se passe. Pour des raisons de s\u00e9curit\u00e9 un email de confirmation avec un lien sera envoyer \u00e0 ton adresse E-mail. Seulement apr\u00e8s cliqu\u00e9 sur le lien dans cette Email, ton adresse E-mail est active.[\/vc_column_text][vc_column_text]<br \/>\n<iframe loading=\"lazy\" src=\"https:\/\/scnem3.com\/art_resource.php?sid=1kir.jfakn8\" frameborder=\"0\" width=\"700\" height=\"950\">Ihr Browser unterst\u00fctzt leider keine eingebetteten Frames (iframes) <a href=\"https:\/\/scnem3.com\/art_resource.php?sid=1kir.jfakn8\" target=\"_blank\" rel=\"noopener noreferrer\">weiter<\/a><\/iframe><\/p>\n<p>[\/vc_column_text][vc_column_text]<a class=\"internal-link\" href=\"https:\/\/beachin.ch\/fr\/newsletter\/newsletter-profilanforderungen\/\">Modifier ou supprimer des profils<\/a>[\/vc_column_text][\/vc_column][\/vc_row]<\/p>\n<\/div>","protected":false},"excerpt":{"rendered":"<p>[vc_row full_width=&#8221;stretch_row&#8221; css=&#8221;.vc_custom_1539867898295{margin-top: 0px !important;margin-bottom: 0px !important;border-top-width: 0px !important;border-bottom-width: 0px !important;padding-top: 0px !important;padding-bottom: 0px !important;background-color: #ffffff !important;}&#8221;][vc_column][vc_column_text] Newsletter Inscrit-toi maintenant pour la newsletter BeachIN et ne manquez pas ce qui se passe. Pour des raisons de s\u00e9curit\u00e9 un email de confirmation avec un lien sera envoyer \u00e0 ton adresse E-mail. Seulement apr\u00e8s cliqu\u00e9 sur le <a class=\"more-link\" href=\"https:\/\/beachin.ch\/fr\/newsletter\/\">weiterlesen&#8230;<\/a><\/p>\n","protected":false},"author":1,"featured_media":0,"parent":0,"menu_order":0,"comment_status":"closed","ping_status":"closed","template":"","meta":{"footnotes":""},"yoast_head":"<!-- This site is optimized with the Yoast SEO plugin v14.4.1 - https:\/\/yoast.com\/wordpress\/plugins\/seo\/ -->\n<title>Newsletter &ndash; BeachIN Sport, Bar &amp; Hotel<\/title>\n<meta name=\"robots\" content=\"index, follow\" \/>\n<meta name=\"googlebot\" content=\"index, follow, max-snippet:-1, max-image-preview:large, max-video-preview:-1\" \/>\n<meta name=\"bingbot\" content=\"index, follow, max-snippet:-1, max-image-preview:large, max-video-preview:-1\" \/>\n<link rel=\"canonical\" href=\"https:\/\/beachin.ch\/fr\/newsletter\/\" \/>\n<meta property=\"og:locale\" content=\"fr_FR\" \/>\n<meta property=\"og:type\" content=\"article\" \/>\n<meta property=\"og:title\" content=\"Newsletter &ndash; BeachIN Sport, Bar &amp; Hotel\" \/>\n<meta property=\"og:description\" content=\"[vc_row full_width=&#8221;stretch_row&#8221; css=&#8221;.vc_custom_1539867898295{margin-top: 0px !important;margin-bottom: 0px !important;border-top-width: 0px !important;border-bottom-width: 0px !important;padding-top: 0px !important;padding-bottom: 0px !important;background-color: #ffffff !important;}&#8221;][vc_column][vc_column_text] Newsletter Inscrit-toi maintenant pour la newsletter BeachIN et ne manquez pas ce qui se passe. Pour des raisons de s\u00e9curit\u00e9 un email de confirmation avec un lien sera envoyer \u00e0 ton adresse E-mail. Seulement apr\u00e8s cliqu\u00e9 sur le weiterlesen...\" \/>\n<meta property=\"og:url\" content=\"https:\/\/beachin.ch\/fr\/newsletter\/\" \/>\n<meta property=\"og:site_name\" content=\"BeachIN Sport, Bar &amp; Hotel\" \/>\n<meta property=\"article:modified_time\" content=\"2020-09-28T11:39:39+00:00\" \/>\n<meta name=\"twitter:card\" content=\"summary_large_image\" \/>\n<script type=\"application\/ld+json\" class=\"yoast-schema-graph\">{\"@context\":\"https:\/\/schema.org\",\"@graph\":[{\"@type\":\"WebSite\",\"@id\":\"https:\/\/beachin.ch\/fr\/#website\",\"url\":\"https:\/\/beachin.ch\/fr\/\",\"name\":\"BeachIN Sport, Bar &amp; Hotel\",\"description\":\"Strandfeeling das ganze Jahr!\",\"potentialAction\":[{\"@type\":\"SearchAction\",\"target\":\"https:\/\/beachin.ch\/fr\/?s={search_term_string}\",\"query-input\":\"required name=search_term_string\"}],\"inLanguage\":\"fr-FR\"},{\"@type\":\"WebPage\",\"@id\":\"https:\/\/beachin.ch\/fr\/newsletter\/#webpage\",\"url\":\"https:\/\/beachin.ch\/fr\/newsletter\/\",\"name\":\"Newsletter &ndash; BeachIN Sport, Bar &amp; Hotel\",\"isPartOf\":{\"@id\":\"https:\/\/beachin.ch\/fr\/#website\"},\"datePublished\":\"2018-11-23T12:23:02+00:00\",\"dateModified\":\"2020-09-28T11:39:39+00:00\",\"inLanguage\":\"fr-FR\",\"potentialAction\":[{\"@type\":\"ReadAction\",\"target\":[\"https:\/\/beachin.ch\/fr\/newsletter\/\"]}]}]}<\/script>\n<!-- \/ Yoast SEO plugin. -->","_links":{"self":[{"href":"https:\/\/beachin.ch\/fr\/wp-json\/wp\/v2\/pages\/1305"}],"collection":[{"href":"https:\/\/beachin.ch\/fr\/wp-json\/wp\/v2\/pages"}],"about":[{"href":"https:\/\/beachin.ch\/fr\/wp-json\/wp\/v2\/types\/page"}],"author":[{"embeddable":true,"href":"https:\/\/beachin.ch\/fr\/wp-json\/wp\/v2\/users\/1"}],"replies":[{"embeddable":true,"href":"https:\/\/beachin.ch\/fr\/wp-json\/wp\/v2\/comments?post=1305"}],"version-history":[{"count":11,"href":"https:\/\/beachin.ch\/fr\/wp-json\/wp\/v2\/pages\/1305\/revisions"}],"predecessor-version":[{"id":12638,"href":"https:\/\/beachin.ch\/fr\/wp-json\/wp\/v2\/pages\/1305\/revisions\/12638"}],"wp:attachment":[{"href":"https:\/\/beachin.ch\/fr\/wp-json\/wp\/v2\/media?parent=1305"}],"curies":[{"name":"wp","href":"https:\/\/api.w.org\/{rel}","templated":true}]}}