{"id":1276,"date":"2018-11-22T17:46:29","date_gmt":"2018-11-22T16:46:29","guid":{"rendered":"https:\/\/beachin.ch\/wordpress\/ueber-uns\/"},"modified":"2020-01-21T16:36:31","modified_gmt":"2020-01-21T15:36:31","slug":"ueber-uns","status":"publish","type":"page","link":"https:\/\/beachin.ch\/fr\/ueber-uns\/","title":{"rendered":"\u00c0 propos de nous"},"content":{"rendered":"<div class=\"wpb-content-wrapper\"><p>[vc_row][vc_column width=&#8221;1\/2&#8243;][vc_column_text]<\/p>\n<h1 class=\"csc-firstHeader\" data-fittext-level=\"0.00\">\u00c0 propos du BeachIN<\/h1>\n<h3>Origine<\/h3>\n<p>La soci\u00e9t\u00e9 <a href=\"https:\/\/web-id.ch\/fr.html\" target=\"_blank\" rel=\"noopener noreferrer\">Web-ID GmbH<\/a> s&#8217;est d\u00e9velopp\u00e9e de mani\u00e8re satisfaisante depuis sa cr\u00e9ation en 2000 et avait besoin de nouveaux bureaux. En 2015, apr\u00e8s une recherche infructueuse, l&#8217;entreprise a d\u00e9cid\u00e9 de construire son propre immeuble de bureaux dans la nouvelle zone industrielle de R\u00e4mismatte \u00e0 Ins. Le plus petit terrain disponible (2&#8217;530m2) \u00e9tant trop grand pour un immeuble de bureaux, on a cherch\u00e9 une meilleure option d&#8217;utilisation. Apr\u00e8s de longues clarifications, analyses et \u00e9tudes de faisabilit\u00e9, le projet &#8220;b\u00e2timent commercial avec salle de sport en sable&#8221; a \u00e9t\u00e9 d\u00e9velopp\u00e9. En d\u00e9cembre 2018, la salle de sports de sable et le bar de la plage pourraient \u00eatre mis en service. Le bien appartient \u00e0 la soci\u00e9t\u00e9 R\u00e4mismatte 7 AG. Les soci\u00e9t\u00e9s Web-ID GmbH et BeachIN GmbH ainsi que d&#8217;autres soci\u00e9t\u00e9s sont locataires des diff\u00e9rents espaces.[\/vc_column_text][\/vc_column][vc_column width=&#8221;1\/2&#8243;][vc_column_text]<\/p>\n<p>[\/vc_column_text][vc_images_carousel images=&#8221;1853,1984,1987,1990,1993,1829,2002,1814,2005,2008,1838,1835,1844,1850,1847,1862&#8243; img_size=&#8221;600&#215;400&#8243;][\/vc_column][\/vc_row][vc_row][vc_column][vc_separator][vc_column_text]<\/p>\n<h3>Le BeachIN &#8211; Team<\/h3>\n<p>Le BeachIN est g\u00e9r\u00e9 par son propri\u00e9taire. Outre les propri\u00e9taires (Partner), 3 autres personnes sont responsables. Diff\u00e9rents employ\u00e9s \u00e0 temps partiel de notre pool de personnel compl\u00e8tent l&#8217;\u00e9quipe en fonction du travail \u00e0 effectuer. Les postes de direction sont occup\u00e9s par les personnes suivantes:[\/vc_column_text][vc_row_inner][vc_column_inner width=&#8221;1\/4&#8243;][vc_single_image image=&#8221;1135&#8243; img_size=&#8221;full&#8221; alignment=&#8221;center&#8221;][\/vc_column_inner][vc_column_inner width=&#8221;1\/4&#8243;][vc_column_text]<strong>Martin Laciga<br \/>\n<\/strong>Partner BeachIN GmbH<br \/>\n<a class=\"mail\" href=\"mailto:tinu@beachin.ch\">tinu(at)beachin.ch<\/a><br \/>\n+41 76 375 20 75[\/vc_column_text][\/vc_column_inner][vc_column_inner width=&#8221;1\/4&#8243;][vc_single_image image=&#8221;1138&#8243; img_size=&#8221;full&#8221; alignment=&#8221;center&#8221;][\/vc_column_inner][vc_column_inner width=&#8221;1\/4&#8243;][vc_column_text]<strong>Mike Abegglen<\/strong><br \/>\nPartner BeachIN GmbH<br \/>\n<a class=\"mail\" href=\"mailto:mike@beachin.ch\">mike(at)beachin.ch<\/a><br \/>\n+41 78 608 28 86[\/vc_column_text][\/vc_column_inner][\/vc_row_inner][vc_row_inner][vc_column_inner width=&#8221;1\/4&#8243;][vc_single_image image=&#8221;1141&#8243; img_size=&#8221;full&#8221; alignment=&#8221;center&#8221;][\/vc_column_inner][vc_column_inner width=&#8221;1\/4&#8243;][vc_column_text]<strong>Peter Walther<\/strong><br \/>\nPartner BeachIN GmbH<br \/>\n<a class=\"mail\" href=\"mailto:pesche@beachin.ch\">pesche(at)beachin.ch\u00a0<\/a><br \/>\n+41 79 500 14 95[\/vc_column_text][\/vc_column_inner][vc_column_inner width=&#8221;1\/4&#8243;][vc_single_image image=&#8221;6519&#8243; img_size=&#8221;142&#215;213&#8243; alignment=&#8221;center&#8221;][\/vc_column_inner][vc_column_inner width=&#8221;1\/4&#8243;][vc_column_text]<strong>Brigitte Walther<\/strong><br \/>\nGastronomie et gestion d&#8217;entreprise<br \/>\n<a class=\"mail\" href=\"mailto:brige@beachin.ch\">brige(at)beachin.ch<\/a><br \/>\n+41 79 560 49 90[\/vc_column_text][\/vc_column_inner][\/vc_row_inner][vc_row_inner][vc_column_inner width=&#8221;1\/4&#8243;][vc_single_image image=&#8221;5675&#8243; img_size=&#8221;142&#215;213&#8243; alignment=&#8221;center&#8221;][\/vc_column_inner][vc_column_inner width=&#8221;1\/4&#8243;][vc_column_text]<strong>Anna Zientek<\/strong><br \/>\nH\u00f4tesse<br \/>\n<a class=\"mail\" href=\"mailto:anna@beachin.ch\">anna(at)beachin.ch<\/a><br \/>\n+41 32 312 00 66[\/vc_column_text][\/vc_column_inner][vc_column_inner width=&#8221;1\/4&#8243;][vc_single_image image=&#8221;5830&#8243; img_size=&#8221;142&#215;213&#8243; alignment=&#8221;center&#8221;][\/vc_column_inner][vc_column_inner width=&#8221;1\/4&#8243;][vc_column_text]<strong>Marco Stucki<\/strong><br \/>\nAdministration et comptabilit\u00e9<br \/>\n<a class=\"mail\" href=\"mailto:marco@beachin.ch\">marco(at)beachin.ch<\/a><br \/>\n+41 77 460 68 30[\/vc_column_text][\/vc_column_inner][\/vc_row_inner][vc_row_inner][vc_column_inner width=&#8221;1\/4&#8243;][vc_single_image image=&#8221;5668&#8243; img_size=&#8221;142&#215;213&#8243; alignment=&#8221;center&#8221;][\/vc_column_inner][vc_column_inner width=&#8221;1\/4&#8243;][vc_column_text]<strong>Jana Abegglen<\/strong><br \/>\nGastronomie et gestion d&#8217;entreprise<br \/>\n<a class=\"mail\" href=\"mailto:jana@beachin.ch\">jana(at)beachin.ch<\/a><br \/>\n+41 32 312 00 66[\/vc_column_text][\/vc_column_inner][vc_column_inner width=&#8221;1\/4&#8243;][\/vc_column_inner][vc_column_inner width=&#8221;1\/4&#8243;][vc_column_text]<strong>Merita Prekupi<\/strong><br \/>\nNettoyage[\/vc_column_text][\/vc_column_inner][\/vc_row_inner][vc_row_inner][vc_column_inner width=&#8221;1\/6&#8243;][\/vc_column_inner][vc_column_inner width=&#8221;5\/6&#8243;][\/vc_column_inner][\/vc_row_inner][vc_separator][\/vc_column][\/vc_row][vc_row][vc_column][vc_column_text]<\/p>\n<h3>Dialogue :<\/h3>\n<p>As-tu des questions ou peux-tu nous aider ? L&#8217;\u00e9quipe de BeachIN est \u00e0 ta disposition. Appelle-nous, \u00e9cris-nous un courrier ou utilise notre formulaire de contact. Nous te r\u00e9pondrons dans les plus brefs d\u00e9lais.<\/p>\n<p>BeachIN GmbH<br \/>\nR\u00e4mismatte 7<br \/>\nCH-3232 Ins<br \/>\n+41 32 312 00 66<br \/>\n<a href=\"mailto:sonne@beachin.ch\">sonne(at)beachin.ch<\/a>[\/vc_column_text][vc_separator][vc_column_text]<strong>BeachIN Plan de situation<\/strong>[\/vc_column_text][vc_btn title=&#8221;&gt;&gt; vers les directions&#8221; link=&#8221;url:https%3A%2F%2Fbeachin.ch%2Ffr%2Fplan-de-situation%2F|title:Plan%20de%20situation|&#8221;][vc_raw_html]PGRpdiBpZD0ibWFwLWNhbnZhczIiIHN0eWxlPSJoZWlnaHQ6IDQwMHB4OyI+PC9kaXY+DQo8c2NyaXB0IHNyYz0iaHR0cHM6Ly9tYXBzLmdvb2dsZWFwaXMuY29tL21hcHMvYXBpL2pzP2tleT1BSXphU3lDcXIxTE41TVFnYVJMblY1UDFPVGFCazhoaXZLQVd6aU0iPjwvc2NyaXB0Pg0KPHNjcmlwdD4NCnZhciBnZW9jb2RlcjsNCnZhciBtYXA7DQp2YXIgYm91bmRzID0gbmV3IGdvb2dsZS5tYXBzLkxhdExuZ0JvdW5kcygpOw0KZnVuY3Rpb24gaW5pdGlhbGl6ZSgpIHsNCiAgDQogDQogIHZhciBjb29yZHMgPSBuZXcgZ29vZ2xlLm1hcHMuTGF0TG5nKDQ2Ljk5Njc4MiwgNy4xMDY2MDApOyAgICANCiAgDQogIA0KICAgLy8gWmVudHJ1bSAod2lyZCBtaXQgYm91bmRzIHVlYmVyc2NocmllYmVuKSAgDQogIHZhciBsYXRsbmcgPSBuZXcgZ29vZ2xlLm1hcHMuTGF0TG5nKDQ2Ljk5Njc4MiwgNy4xMDY2MDApOw0KICB2YXIgbWFwT3B0aW9ucyA9IHsNCiAgICB6b29tOiAxMywNCiAgICBkaXNhYmxlRGVmYXVsdFVJOnRydWUsDQogICAgY2VudGVyOiBsYXRsbmcsDQogICAgc2Nyb2xsd2hlZWw6IGZhbHNlLA0KICAgIHN0cmVldFZpZXdDb250cm9sOiB0cnVlLA0KICAgIHN0cmVldFZpZXdDb250cm9sT3B0aW9uczogew0KICAgICAgcG9zaXRpb246IGdvb2dsZS5tYXBzLkNvbnRyb2xQb3NpdGlvbi5MRUZUX0JPVFRPTQ0KICAgICAgICB9LCAgICAgICAgDQogICAgem9vbUNvbnRyb2w6IHRydWUsDQogICAgem9vbUNvbnRyb2xPcHRpb25zOiB7DQogICAgICBwb3NpdGlvbjogZ29vZ2xlLm1hcHMuQ29udHJvbFBvc2l0aW9uLkxFRlRfQk9UVE9NDQogICAgfSwgICAgICAgDQogIH0NCiAgbWFwID0gbmV3IGdvb2dsZS5tYXBzLk1hcChkb2N1bWVudC5nZXRFbGVtZW50QnlJZCgnbWFwLWNhbnZhczInKSwgbWFwT3B0aW9ucyk7DQogIA0KICANCiAgLy8gRXJzdGVyIFN0YW5kb3J0DQogIHZhciBpbWFnZSA9IHsNCiAgICB1cmw6ICcvd3AtY29udGVudC90aGVtZXMvYmVhY2hpbi9pbWFnZXMvQmVhY2hpbl9MYWdlcGxhbi5wbmcnLA0KICAgIHNjYWxlZFNpemU6IG5ldyBnb29nbGUubWFwcy5TaXplKDI4MCwgMTA2KSwNCiAgICBvcmlnaW46IG5ldyBnb29nbGUubWFwcy5Qb2ludCgwLCAwKSwNCiAgICBhbmNob3I6IG5ldyBnb29nbGUubWFwcy5Qb2ludCgxNDAsIDEwNikNCiAgfQ0KICB2YXIgbWFya2VyID0gbmV3IGdvb2dsZS5tYXBzLk1hcmtlcih7DQogICAgbWFwOiBtYXAsDQogICAgcG9zaXRpb246IGNvb3JkcywgDQogICAgaWNvbjogaW1hZ2UsDQogIH0pOw0KIA0KIA0KICAgICAgDQogIA0KICANCn0NCmdvb2dsZS5tYXBzLmV2ZW50LmFkZERvbUxpc3RlbmVyKHdpbmRvdywgJ2xvYWQnLCBpbml0aWFsaXplKTsNCjwvc2NyaXB0Pg==[\/vc_raw_html][vc_separator][\/vc_column][\/vc_row]<\/p>\n<\/div>","protected":false},"excerpt":{"rendered":"<p>[vc_row][vc_column width=&#8221;1\/2&#8243;][vc_column_text] \u00c0 propos du BeachIN Origine La soci\u00e9t\u00e9 Web-ID GmbH s&#8217;est d\u00e9velopp\u00e9e de mani\u00e8re satisfaisante depuis sa cr\u00e9ation en 2000 et avait besoin de nouveaux bureaux. En 2015, apr\u00e8s une recherche infructueuse, l&#8217;entreprise a d\u00e9cid\u00e9 de construire son propre immeuble de bureaux dans la nouvelle zone industrielle de R\u00e4mismatte \u00e0 Ins. Le plus petit <a class=\"more-link\" href=\"https:\/\/beachin.ch\/fr\/ueber-uns\/\">weiterlesen&#8230;<\/a><\/p>\n","protected":false},"author":1,"featured_media":3730,"parent":0,"menu_order":0,"comment_status":"closed","ping_status":"closed","template":"","meta":{"footnotes":""},"yoast_head":"<!-- This site is optimized with the Yoast SEO plugin v14.4.1 - https:\/\/yoast.com\/wordpress\/plugins\/seo\/ -->\n<title>\u00c0 propos de nous &ndash; BeachIN Sport, Bar &amp; Hotel<\/title>\n<meta name=\"robots\" content=\"index, follow\" \/>\n<meta name=\"googlebot\" content=\"index, follow, max-snippet:-1, max-image-preview:large, max-video-preview:-1\" \/>\n<meta name=\"bingbot\" content=\"index, follow, max-snippet:-1, max-image-preview:large, max-video-preview:-1\" \/>\n<link rel=\"canonical\" href=\"https:\/\/beachin.ch\/fr\/ueber-uns\/\" \/>\n<meta property=\"og:locale\" content=\"fr_FR\" \/>\n<meta property=\"og:type\" content=\"article\" \/>\n<meta property=\"og:title\" content=\"\u00c0 propos de nous &ndash; BeachIN Sport, Bar &amp; Hotel\" \/>\n<meta property=\"og:description\" content=\"[vc_row][vc_column width=&#8221;1\/2&#8243;][vc_column_text] \u00c0 propos du BeachIN Origine La soci\u00e9t\u00e9 Web-ID GmbH s&#8217;est d\u00e9velopp\u00e9e de mani\u00e8re satisfaisante depuis sa cr\u00e9ation en 2000 et avait besoin de nouveaux bureaux. En 2015, apr\u00e8s une recherche infructueuse, l&#8217;entreprise a d\u00e9cid\u00e9 de construire son propre immeuble de bureaux dans la nouvelle zone industrielle de R\u00e4mismatte \u00e0 Ins. Le plus petit weiterlesen...\" \/>\n<meta property=\"og:url\" content=\"https:\/\/beachin.ch\/fr\/ueber-uns\/\" \/>\n<meta property=\"og:site_name\" content=\"BeachIN Sport, Bar &amp; Hotel\" \/>\n<meta property=\"article:modified_time\" content=\"2020-01-21T15:36:31+00:00\" \/>\n<meta property=\"og:image\" content=\"https:\/\/beachin.ch\/wp-content\/uploads\/2019\/05\/ueber_uns_header_1804x600.jpg\" \/>\n\t<meta property=\"og:image:width\" content=\"1804\" \/>\n\t<meta property=\"og:image:height\" content=\"600\" \/>\n<meta name=\"twitter:card\" content=\"summary_large_image\" \/>\n<script type=\"application\/ld+json\" class=\"yoast-schema-graph\">{\"@context\":\"https:\/\/schema.org\",\"@graph\":[{\"@type\":\"WebSite\",\"@id\":\"https:\/\/beachin.ch\/fr\/#website\",\"url\":\"https:\/\/beachin.ch\/fr\/\",\"name\":\"BeachIN Sport, Bar &amp; Hotel\",\"description\":\"Strandfeeling das ganze Jahr!\",\"potentialAction\":[{\"@type\":\"SearchAction\",\"target\":\"https:\/\/beachin.ch\/fr\/?s={search_term_string}\",\"query-input\":\"required name=search_term_string\"}],\"inLanguage\":\"fr-FR\"},{\"@type\":\"ImageObject\",\"@id\":\"https:\/\/beachin.ch\/fr\/ueber-uns\/#primaryimage\",\"inLanguage\":\"fr-FR\",\"url\":\"https:\/\/beachin.ch\/wp-content\/uploads\/2019\/05\/ueber_uns_header_1804x600.jpg\",\"width\":1804,\"height\":600},{\"@type\":\"WebPage\",\"@id\":\"https:\/\/beachin.ch\/fr\/ueber-uns\/#webpage\",\"url\":\"https:\/\/beachin.ch\/fr\/ueber-uns\/\",\"name\":\"\\u00c0 propos de nous &ndash; BeachIN Sport, Bar &amp; Hotel\",\"isPartOf\":{\"@id\":\"https:\/\/beachin.ch\/fr\/#website\"},\"primaryImageOfPage\":{\"@id\":\"https:\/\/beachin.ch\/fr\/ueber-uns\/#primaryimage\"},\"datePublished\":\"2018-11-22T16:46:29+00:00\",\"dateModified\":\"2020-01-21T15:36:31+00:00\",\"inLanguage\":\"fr-FR\",\"potentialAction\":[{\"@type\":\"ReadAction\",\"target\":[\"https:\/\/beachin.ch\/fr\/ueber-uns\/\"]}]}]}<\/script>\n<!-- \/ Yoast SEO plugin. -->","_links":{"self":[{"href":"https:\/\/beachin.ch\/fr\/wp-json\/wp\/v2\/pages\/1276"}],"collection":[{"href":"https:\/\/beachin.ch\/fr\/wp-json\/wp\/v2\/pages"}],"about":[{"href":"https:\/\/beachin.ch\/fr\/wp-json\/wp\/v2\/types\/page"}],"author":[{"embeddable":true,"href":"https:\/\/beachin.ch\/fr\/wp-json\/wp\/v2\/users\/1"}],"replies":[{"embeddable":true,"href":"https:\/\/beachin.ch\/fr\/wp-json\/wp\/v2\/comments?post=1276"}],"version-history":[{"count":11,"href":"https:\/\/beachin.ch\/fr\/wp-json\/wp\/v2\/pages\/1276\/revisions"}],"predecessor-version":[{"id":9790,"href":"https:\/\/beachin.ch\/fr\/wp-json\/wp\/v2\/pages\/1276\/revisions\/9790"}],"wp:featuredmedia":[{"embeddable":true,"href":"https:\/\/beachin.ch\/fr\/wp-json\/wp\/v2\/media\/3730"}],"wp:attachment":[{"href":"https:\/\/beachin.ch\/fr\/wp-json\/wp\/v2\/media?parent=1276"}],"curies":[{"name":"wp","href":"https:\/\/api.w.org\/{rel}","templated":true}]}}