{"id":12686,"date":"2020-10-01T11:34:17","date_gmt":"2020-10-01T09:34:17","guid":{"rendered":"https:\/\/beachin.ch\/newsletter-nouvelle-confirmation-double-opt-in\/"},"modified":"2020-10-01T11:34:18","modified_gmt":"2020-10-01T09:34:18","slug":"newsletter-nouvelle-confirmation-double-opt-in","status":"publish","type":"page","link":"https:\/\/beachin.ch\/fr\/newsletter-nouvelle-confirmation-double-opt-in\/","title":{"rendered":"Newsletter Nouvelle confirmation Double-Opt-In"},"content":{"rendered":"<div class=\"wpb-content-wrapper\"><p>[vc_row full_width=&#8221;stretch_row&#8221; css=&#8221;.vc_custom_1539867898295{margin-top: 0px !important;margin-bottom: 0px !important;border-top-width: 0px !important;border-bottom-width: 0px !important;padding-top: 0px !important;padding-bottom: 0px !important;background-color: #ffffff !important;}&#8221;][vc_column][vc_column_text]<\/p>\n<h1 class=\"csc-firstHeader\" data-fittext-level=\"0.00\"><span style=\"color: #004d6c;\">Merci de votre abonnement.<\/span><\/h1>\n<p><span style=\"color: #004d6c;\">Votre profil a \u00e9t\u00e9 confirm\u00e9. Nous vous ferons parvenir dans l&#8217;avenir les informations les plus r\u00e9centes.<\/span><\/p>\n<p><span style=\"color: #004d6c;\"><br \/>\nMeilleures salutations<\/span><br \/>\n<span style=\"color: #004d6c;\">BeachIN<\/span>[\/vc_column_text][vc_column_text]<\/p>\n<p>[\/vc_column_text][\/vc_column][\/vc_row]<\/p>\n<\/div>","protected":false},"excerpt":{"rendered":"<p>[vc_row full_width=&#8221;stretch_row&#8221; css=&#8221;.vc_custom_1539867898295{margin-top: 0px !important;margin-bottom: 0px !important;border-top-width: 0px !important;border-bottom-width: 0px !important;padding-top: 0px !important;padding-bottom: 0px !important;background-color: #ffffff !important;}&#8221;][vc_column][vc_column_text] Merci de votre abonnement. Votre profil a \u00e9t\u00e9 confirm\u00e9. Nous vous ferons parvenir dans l&#8217;avenir les informations les plus r\u00e9centes. Meilleures salutations BeachIN[\/vc_column_text][vc_column_text] [\/vc_column_text][\/vc_column][\/vc_row]<\/p>\n","protected":false},"author":1,"featured_media":0,"parent":0,"menu_order":0,"comment_status":"closed","ping_status":"closed","template":"","meta":{"footnotes":""},"yoast_head":"<!-- This site is optimized with the Yoast SEO plugin v14.4.1 - https:\/\/yoast.com\/wordpress\/plugins\/seo\/ -->\n<title>Newsletter Nouvelle confirmation Double-Opt-In &ndash; BeachIN Sport, Bar &amp; Hotel<\/title>\n<meta name=\"robots\" content=\"index, follow\" \/>\n<meta name=\"googlebot\" content=\"index, follow, max-snippet:-1, max-image-preview:large, max-video-preview:-1\" \/>\n<meta name=\"bingbot\" content=\"index, follow, max-snippet:-1, max-image-preview:large, max-video-preview:-1\" \/>\n<link rel=\"canonical\" href=\"https:\/\/beachin.ch\/newsletter-neu-double-opt-in-bestaetigung\/\" \/>\n<meta property=\"og:locale\" content=\"fr_FR\" \/>\n<meta property=\"og:type\" content=\"article\" \/>\n<meta property=\"og:title\" content=\"Newsletter Nouvelle confirmation Double-Opt-In &ndash; BeachIN Sport, Bar &amp; Hotel\" \/>\n<meta property=\"og:description\" content=\"[vc_row full_width=&#8221;stretch_row&#8221; css=&#8221;.vc_custom_1539867898295{margin-top: 0px !important;margin-bottom: 0px !important;border-top-width: 0px !important;border-bottom-width: 0px !important;padding-top: 0px !important;padding-bottom: 0px !important;background-color: #ffffff !important;}&#8221;][vc_column][vc_column_text] Merci de votre abonnement. Votre profil a \u00e9t\u00e9 confirm\u00e9. Nous vous ferons parvenir dans l&#8217;avenir les informations les plus r\u00e9centes. Meilleures salutations BeachIN[\/vc_column_text][vc_column_text] [\/vc_column_text][\/vc_column][\/vc_row]\" \/>\n<meta property=\"og:url\" content=\"https:\/\/beachin.ch\/newsletter-neu-double-opt-in-bestaetigung\/\" \/>\n<meta property=\"og:site_name\" content=\"BeachIN Sport, Bar &amp; Hotel\" \/>\n<meta property=\"article:modified_time\" content=\"2020-10-01T09:34:18+00:00\" \/>\n<meta name=\"twitter:card\" content=\"summary_large_image\" \/>\n<script type=\"application\/ld+json\" class=\"yoast-schema-graph\">{\"@context\":\"https:\/\/schema.org\",\"@graph\":[{\"@type\":\"WebSite\",\"@id\":\"https:\/\/beachin.ch\/fr\/#website\",\"url\":\"https:\/\/beachin.ch\/fr\/\",\"name\":\"BeachIN Sport, Bar &amp; Hotel\",\"description\":\"Strandfeeling das ganze Jahr!\",\"potentialAction\":[{\"@type\":\"SearchAction\",\"target\":\"https:\/\/beachin.ch\/fr\/?s={search_term_string}\",\"query-input\":\"required name=search_term_string\"}],\"inLanguage\":\"fr-FR\"},{\"@type\":\"WebPage\",\"@id\":\"https:\/\/beachin.ch\/newsletter-neu-double-opt-in-bestaetigung\/#webpage\",\"url\":\"https:\/\/beachin.ch\/newsletter-neu-double-opt-in-bestaetigung\/\",\"name\":\"Newsletter Nouvelle confirmation Double-Opt-In &ndash; BeachIN Sport, Bar &amp; Hotel\",\"isPartOf\":{\"@id\":\"https:\/\/beachin.ch\/fr\/#website\"},\"datePublished\":\"2020-10-01T09:34:17+00:00\",\"dateModified\":\"2020-10-01T09:34:18+00:00\",\"inLanguage\":\"fr-FR\",\"potentialAction\":[{\"@type\":\"ReadAction\",\"target\":[\"https:\/\/beachin.ch\/newsletter-neu-double-opt-in-bestaetigung\/\"]}]}]}<\/script>\n<!-- \/ Yoast SEO plugin. -->","_links":{"self":[{"href":"https:\/\/beachin.ch\/fr\/wp-json\/wp\/v2\/pages\/12686"}],"collection":[{"href":"https:\/\/beachin.ch\/fr\/wp-json\/wp\/v2\/pages"}],"about":[{"href":"https:\/\/beachin.ch\/fr\/wp-json\/wp\/v2\/types\/page"}],"author":[{"embeddable":true,"href":"https:\/\/beachin.ch\/fr\/wp-json\/wp\/v2\/users\/1"}],"replies":[{"embeddable":true,"href":"https:\/\/beachin.ch\/fr\/wp-json\/wp\/v2\/comments?post=12686"}],"version-history":[{"count":1,"href":"https:\/\/beachin.ch\/fr\/wp-json\/wp\/v2\/pages\/12686\/revisions"}],"predecessor-version":[{"id":12687,"href":"https:\/\/beachin.ch\/fr\/wp-json\/wp\/v2\/pages\/12686\/revisions\/12687"}],"wp:attachment":[{"href":"https:\/\/beachin.ch\/fr\/wp-json\/wp\/v2\/media?parent=12686"}],"curies":[{"name":"wp","href":"https:\/\/api.w.org\/{rel}","templated":true}]}}