{"id":12670,"date":"2020-10-01T09:56:29","date_gmt":"2020-10-01T07:56:29","guid":{"rendered":"https:\/\/beachin.ch\/nouveau-bulletin-dinformation-se-desabonner\/"},"modified":"2020-10-01T09:59:19","modified_gmt":"2020-10-01T07:59:19","slug":"nouveau-bulletin-dinformation-se-desabonner","status":"publish","type":"page","link":"https:\/\/beachin.ch\/fr\/nouveau-bulletin-dinformation-se-desabonner\/","title":{"rendered":"Nouveau bulletin d&#8217;information Se d\u00e9sabonner"},"content":{"rendered":"<div class=\"wpb-content-wrapper\"><p>[vc_row full_width=&#8221;stretch_row&#8221; css=&#8221;.vc_custom_1539867898295{margin-top: 0px !important;margin-bottom: 0px !important;border-top-width: 0px !important;border-bottom-width: 0px !important;padding-top: 0px !important;padding-bottom: 0px !important;background-color: #ffffff !important;}&#8221;][vc_column][vc_column_text]<\/p>\n<h1 class=\"csc-firstHeader\" data-fittext-level=\"0.00\"><span style=\"color: #004d6c;\">D\u00e9connexion r\u00e9ussie.<\/span><\/h1>\n<p><span style=\"color: #004d6c;\">Votre adresse \u00e9lectronique en tant que destinataire du bulletin d&#8217;information a \u00e9t\u00e9 retir\u00e9e de la liste.<\/span><\/p>\n<p><span style=\"color: #004d6c;\">Meilleures salutations<\/span><br \/>\n<span style=\"color: #004d6c;\">BeachIN<\/span>[\/vc_column_text][vc_column_text]<\/p>\n<p>[\/vc_column_text][\/vc_column][\/vc_row]<\/p>\n<\/div>","protected":false},"excerpt":{"rendered":"<p>[vc_row full_width=&#8221;stretch_row&#8221; css=&#8221;.vc_custom_1539867898295{margin-top: 0px !important;margin-bottom: 0px !important;border-top-width: 0px !important;border-bottom-width: 0px !important;padding-top: 0px !important;padding-bottom: 0px !important;background-color: #ffffff !important;}&#8221;][vc_column][vc_column_text] D\u00e9connexion r\u00e9ussie. Votre adresse \u00e9lectronique en tant que destinataire du bulletin d&#8217;information a \u00e9t\u00e9 retir\u00e9e de la liste. Meilleures salutations BeachIN[\/vc_column_text][vc_column_text] [\/vc_column_text][\/vc_column][\/vc_row]<\/p>\n","protected":false},"author":1,"featured_media":0,"parent":0,"menu_order":0,"comment_status":"closed","ping_status":"closed","template":"","meta":{"footnotes":""},"yoast_head":"<!-- This site is optimized with the Yoast SEO plugin v14.4.1 - https:\/\/yoast.com\/wordpress\/plugins\/seo\/ -->\n<title>Nouveau bulletin d&#039;information Se d\u00e9sabonner &ndash; BeachIN Sport, Bar &amp; Hotel<\/title>\n<meta name=\"robots\" content=\"index, follow\" \/>\n<meta name=\"googlebot\" content=\"index, follow, max-snippet:-1, max-image-preview:large, max-video-preview:-1\" \/>\n<meta name=\"bingbot\" content=\"index, follow, max-snippet:-1, max-image-preview:large, max-video-preview:-1\" \/>\n<link rel=\"canonical\" href=\"https:\/\/beachin.ch\/newsletter-neu-abmeldung\/\" \/>\n<meta property=\"og:locale\" content=\"fr_FR\" \/>\n<meta property=\"og:type\" content=\"article\" \/>\n<meta property=\"og:title\" content=\"Nouveau bulletin d&#039;information Se d\u00e9sabonner &ndash; BeachIN Sport, Bar &amp; Hotel\" \/>\n<meta property=\"og:description\" content=\"[vc_row full_width=&#8221;stretch_row&#8221; css=&#8221;.vc_custom_1539867898295{margin-top: 0px !important;margin-bottom: 0px !important;border-top-width: 0px !important;border-bottom-width: 0px !important;padding-top: 0px !important;padding-bottom: 0px !important;background-color: #ffffff !important;}&#8221;][vc_column][vc_column_text] D\u00e9connexion r\u00e9ussie. Votre adresse \u00e9lectronique en tant que destinataire du bulletin d&#8217;information a \u00e9t\u00e9 retir\u00e9e de la liste. Meilleures salutations BeachIN[\/vc_column_text][vc_column_text] [\/vc_column_text][\/vc_column][\/vc_row]\" \/>\n<meta property=\"og:url\" content=\"https:\/\/beachin.ch\/newsletter-neu-abmeldung\/\" \/>\n<meta property=\"og:site_name\" content=\"BeachIN Sport, Bar &amp; Hotel\" \/>\n<meta property=\"article:modified_time\" content=\"2020-10-01T07:59:19+00:00\" \/>\n<meta name=\"twitter:card\" content=\"summary_large_image\" \/>\n<script type=\"application\/ld+json\" class=\"yoast-schema-graph\">{\"@context\":\"https:\/\/schema.org\",\"@graph\":[{\"@type\":\"WebSite\",\"@id\":\"https:\/\/beachin.ch\/fr\/#website\",\"url\":\"https:\/\/beachin.ch\/fr\/\",\"name\":\"BeachIN Sport, Bar &amp; Hotel\",\"description\":\"Strandfeeling das ganze Jahr!\",\"potentialAction\":[{\"@type\":\"SearchAction\",\"target\":\"https:\/\/beachin.ch\/fr\/?s={search_term_string}\",\"query-input\":\"required name=search_term_string\"}],\"inLanguage\":\"fr-FR\"},{\"@type\":\"WebPage\",\"@id\":\"https:\/\/beachin.ch\/newsletter-neu-abmeldung\/#webpage\",\"url\":\"https:\/\/beachin.ch\/newsletter-neu-abmeldung\/\",\"name\":\"Nouveau bulletin d'information Se d\\u00e9sabonner &ndash; BeachIN Sport, Bar &amp; Hotel\",\"isPartOf\":{\"@id\":\"https:\/\/beachin.ch\/fr\/#website\"},\"datePublished\":\"2020-10-01T07:56:29+00:00\",\"dateModified\":\"2020-10-01T07:59:19+00:00\",\"inLanguage\":\"fr-FR\",\"potentialAction\":[{\"@type\":\"ReadAction\",\"target\":[\"https:\/\/beachin.ch\/newsletter-neu-abmeldung\/\"]}]}]}<\/script>\n<!-- \/ Yoast SEO plugin. -->","_links":{"self":[{"href":"https:\/\/beachin.ch\/fr\/wp-json\/wp\/v2\/pages\/12670"}],"collection":[{"href":"https:\/\/beachin.ch\/fr\/wp-json\/wp\/v2\/pages"}],"about":[{"href":"https:\/\/beachin.ch\/fr\/wp-json\/wp\/v2\/types\/page"}],"author":[{"embeddable":true,"href":"https:\/\/beachin.ch\/fr\/wp-json\/wp\/v2\/users\/1"}],"replies":[{"embeddable":true,"href":"https:\/\/beachin.ch\/fr\/wp-json\/wp\/v2\/comments?post=12670"}],"version-history":[{"count":9,"href":"https:\/\/beachin.ch\/fr\/wp-json\/wp\/v2\/pages\/12670\/revisions"}],"predecessor-version":[{"id":12679,"href":"https:\/\/beachin.ch\/fr\/wp-json\/wp\/v2\/pages\/12670\/revisions\/12679"}],"wp:attachment":[{"href":"https:\/\/beachin.ch\/fr\/wp-json\/wp\/v2\/media?parent=12670"}],"curies":[{"name":"wp","href":"https:\/\/api.w.org\/{rel}","templated":true}]}}