{"id":1258,"date":"2018-11-22T17:41:00","date_gmt":"2018-11-22T16:41:00","guid":{"rendered":"https:\/\/beachin.ch\/wordpress\/beach-bar\/"},"modified":"2025-08-12T14:02:50","modified_gmt":"2025-08-12T12:02:50","slug":"beach-bar","status":"publish","type":"page","link":"https:\/\/beachin.ch\/fr\/beach-bar\/","title":{"rendered":"Beach-Bar"},"content":{"rendered":"<div class=\"wpb-content-wrapper\"><p>[vc_row css_animation=&#8221;slideInUp&#8221;][vc_column width=&#8221;2\/3&#8243;][vc_column_text]<\/p>\n<h1>Beach-Bar<\/h1>\n<p><span title=\"\">Le Beach-Bar du BeachIN, dot\u00e9 d&#8217;une fa\u00e7ade enti\u00e8rement vitr\u00e9e donnant sur le terrain, propose 40 places \u00ab sans sable \u00bb, ainsi que 15 places dans le Beach-Lounge. Notre petite mais savoureuse carte offre un choix vari\u00e9 de boissons et de plats pour toutes les faims et toutes les soifs, petites ou grandes. <\/span>[\/vc_column_text][vc_btn title=&#8221;Notre menu \u00bb&#8221; link=&#8221;url:https%3A%2F%2Fbeachbar.beachin.ch%2Ffr|title:Menu_FR|target:_blank&#8221;][vc_column_text]Le BeachIN est \u00e9galement utilis\u00e9 pour des \u00e9v\u00e9nements priv\u00e9s et professionnels. <span title=\"\">Il peut donc arriver que le BeachIN-Beach-Bar soit r\u00e9serv\u00e9 pour des groupes priv\u00e9s et ne soit pas accessible au public. Nous t&#8217;en informons toujours suffisamment t\u00f4t sur tous nos canaux de communication.\u00a0<\/span><\/p>\n<p><span title=\"\">Tu as des questions? Appelle-nous ou utilise le <a href=\"https:\/\/beachin.ch\/fr\/contact\/\">formulaire de contact<\/a>, nous serons ravis de t&#8217;aider.\u00a0<\/span>[\/vc_column_text][vc_separator][vc_column_text]<\/p>\n<h3>Le Beach-Bar du BeachIN est en g\u00e9n\u00e9ral ouvert comme suit:<\/h3>\n<table style=\"width: 688px;\" border=\"1\">\n<tbody>\n<tr>\n<td style=\"width: 251px;\"><strong>Lundi \u00e0 jeudi\u00a0<\/strong><\/td>\n<td style=\"width: 437px;\">17h00 &#8211; 23h30<\/td>\n<\/tr>\n<tr>\n<td style=\"width: 251px;\"><strong>Vendredi et samedi<\/strong><\/td>\n<td style=\"width: 437px;\">16h00 &#8211; 00h30<\/td>\n<\/tr>\n<tr>\n<td style=\"width: 251px;\"><strong>Dimanche<\/strong><\/td>\n<td style=\"width: 437px;\">11h00 &#8211; 19h00<\/td>\n<\/tr>\n<\/tbody>\n<\/table>\n<p data-start=\"233\" data-end=\"399\"><strong>Selon la fr\u00e9quentation, il se peut que nous fermions plus t\u00f4t. Avec une r\u00e9servation pr\u00e9alable, nous pouvons aussi t\u2019accueillir en dehors des horaires habituels.<\/strong><\/p>\n<p><span title=\"\">Pendant les jours de noel (24.12. &#8211; 26.12.2019) le Beach-Bar est ferm\u00e9.<\/span>[\/vc_column_text][vc_empty_space][\/vc_column][vc_column width=&#8221;1\/3&#8243;][\/vc_column][\/vc_row]<\/p>\n<\/div>","protected":false},"excerpt":{"rendered":"<p>[vc_row css_animation=&#8221;slideInUp&#8221;][vc_column width=&#8221;2\/3&#8243;][vc_column_text] Beach-Bar Le Beach-Bar du BeachIN, dot\u00e9 d&#8217;une fa\u00e7ade enti\u00e8rement vitr\u00e9e donnant sur le terrain, propose 40 places \u00ab sans sable \u00bb, ainsi que 15 places dans le Beach-Lounge. Notre petite mais savoureuse carte offre un choix vari\u00e9 de boissons et de plats pour toutes les faims et toutes les soifs, petites ou <a class=\"more-link\" href=\"https:\/\/beachin.ch\/fr\/beach-bar\/\">weiterlesen&#8230;<\/a><\/p>\n","protected":false},"author":1,"featured_media":0,"parent":0,"menu_order":0,"comment_status":"closed","ping_status":"closed","template":"","meta":{"footnotes":""},"yoast_head":"<!-- This site is optimized with the Yoast SEO plugin v14.4.1 - https:\/\/yoast.com\/wordpress\/plugins\/seo\/ -->\n<title>Beach-Bar &ndash; BeachIN Sport, Bar &amp; Hotel<\/title>\n<meta name=\"description\" content=\"Notre bar de plage offre diverses boissons et de la nourriture pour les petits ou les grands soif et la faim. Avec ou sans sable sous les pieds.\" \/>\n<meta name=\"robots\" content=\"index, follow\" \/>\n<meta name=\"googlebot\" content=\"index, follow, max-snippet:-1, max-image-preview:large, max-video-preview:-1\" \/>\n<meta name=\"bingbot\" content=\"index, follow, max-snippet:-1, max-image-preview:large, max-video-preview:-1\" \/>\n<link rel=\"canonical\" href=\"https:\/\/beachin.ch\/fr\/beach-bar\/\" \/>\n<meta property=\"og:locale\" content=\"fr_FR\" \/>\n<meta property=\"og:type\" content=\"article\" \/>\n<meta property=\"og:title\" content=\"Beach-Bar &ndash; BeachIN Sport, Bar &amp; Hotel\" \/>\n<meta property=\"og:description\" content=\"Notre bar de plage offre diverses boissons et de la nourriture pour les petits ou les grands soif et la faim. Avec ou sans sable sous les pieds.\" \/>\n<meta property=\"og:url\" content=\"https:\/\/beachin.ch\/fr\/beach-bar\/\" \/>\n<meta property=\"og:site_name\" content=\"BeachIN Sport, Bar &amp; Hotel\" \/>\n<meta property=\"article:modified_time\" content=\"2025-08-12T12:02:50+00:00\" \/>\n<meta name=\"twitter:card\" content=\"summary_large_image\" \/>\n<script type=\"application\/ld+json\" class=\"yoast-schema-graph\">{\"@context\":\"https:\/\/schema.org\",\"@graph\":[{\"@type\":\"WebSite\",\"@id\":\"https:\/\/beachin.ch\/fr\/#website\",\"url\":\"https:\/\/beachin.ch\/fr\/\",\"name\":\"BeachIN Sport, Bar &amp; Hotel\",\"description\":\"Strandfeeling das ganze Jahr!\",\"potentialAction\":[{\"@type\":\"SearchAction\",\"target\":\"https:\/\/beachin.ch\/fr\/?s={search_term_string}\",\"query-input\":\"required name=search_term_string\"}],\"inLanguage\":\"fr-FR\"},{\"@type\":\"WebPage\",\"@id\":\"https:\/\/beachin.ch\/fr\/beach-bar\/#webpage\",\"url\":\"https:\/\/beachin.ch\/fr\/beach-bar\/\",\"name\":\"Beach-Bar &ndash; BeachIN Sport, Bar &amp; Hotel\",\"isPartOf\":{\"@id\":\"https:\/\/beachin.ch\/fr\/#website\"},\"datePublished\":\"2018-11-22T16:41:00+00:00\",\"dateModified\":\"2025-08-12T12:02:50+00:00\",\"description\":\"Notre bar de plage offre diverses boissons et de la nourriture pour les petits ou les grands soif et la faim. Avec ou sans sable sous les pieds.\",\"inLanguage\":\"fr-FR\",\"potentialAction\":[{\"@type\":\"ReadAction\",\"target\":[\"https:\/\/beachin.ch\/fr\/beach-bar\/\"]}]}]}<\/script>\n<!-- \/ Yoast SEO plugin. -->","_links":{"self":[{"href":"https:\/\/beachin.ch\/fr\/wp-json\/wp\/v2\/pages\/1258"}],"collection":[{"href":"https:\/\/beachin.ch\/fr\/wp-json\/wp\/v2\/pages"}],"about":[{"href":"https:\/\/beachin.ch\/fr\/wp-json\/wp\/v2\/types\/page"}],"author":[{"embeddable":true,"href":"https:\/\/beachin.ch\/fr\/wp-json\/wp\/v2\/users\/1"}],"replies":[{"embeddable":true,"href":"https:\/\/beachin.ch\/fr\/wp-json\/wp\/v2\/comments?post=1258"}],"version-history":[{"count":57,"href":"https:\/\/beachin.ch\/fr\/wp-json\/wp\/v2\/pages\/1258\/revisions"}],"predecessor-version":[{"id":30014,"href":"https:\/\/beachin.ch\/fr\/wp-json\/wp\/v2\/pages\/1258\/revisions\/30014"}],"wp:attachment":[{"href":"https:\/\/beachin.ch\/fr\/wp-json\/wp\/v2\/media?parent=1258"}],"curies":[{"name":"wp","href":"https:\/\/api.w.org\/{rel}","templated":true}]}}