{"id":12577,"date":"2020-09-10T16:40:10","date_gmt":"2020-09-10T14:40:10","guid":{"rendered":"https:\/\/beachin.ch\/?page_id=12577"},"modified":"2020-09-10T16:40:35","modified_gmt":"2020-09-10T14:40:35","slug":"inscription-ritmo-do-brazil","status":"publish","type":"page","link":"https:\/\/beachin.ch\/fr\/inscription-ritmo-do-brazil\/","title":{"rendered":"Inscription Ritmo do Brazil"},"content":{"rendered":"<h1>Atelier de danse &#8220;RITMO DO BRAZIL<\/h1>\n<p>Zumba-Dance- Atelier dans le sable avec des instructeurs professionnels de Zumba ! Pour participer et regarder.<br \/>\nDur\u00e9e de l&#8217;atelier 2h. Ap\u00e9ritif et f\u00eate apr\u00e8s. Frais d&#8217;inscription, ap\u00e9ritif compris CHF 50<\/p>\n<div id='formContainer1826209062' class='sfForm rednaoFormContainer SfFormElementContainer bootstrap-wrapper'><\/div><script>\n            var ajaxurl = 'https:\/\/beachin.ch\/wp-admin\/admin-ajax.php';\n            var smartFormsCurrentTime=new Date('Mon Apr 20 2026 08:31:43 +0000');\n            \tvar smartFormsUserName=\"\";\n            \tvar smartFormsFirstName=\"\";\n            \tvar smartFormsLastName=\"\";\n            \tvar smartFormsEmail=\"\";\n                var smartFormsPath=\"https:\/\/beachin.ch\/wp-content\/plugins\/smart-forms\/\";\n                var smartDonationsRootPath=\"\";\n                var smartDonationsSandbox=\"\";\n                var smartFormsAdditionalFields33=[];\n                var smartFormsDesignMode=false;\n                if(!window.smartFormsItemsToLoad)\n                    window.smartFormsItemsToLoad=new Array();                                                   \n        window.smartFormsItemsToLoad.push({ 'form_id':33,  'elements':[{\"_id\":37,\"ClassName\":\"rednaotextinput\",\"IsRequired\":\"y\",\"Formulas\":{\"Value\":{\"Value\":\"RNLastName()\",\"RefreshFormData\":\"y\",\"CompiledFormula\":\"new Promise(function(sfInternalResolve){\\n            \\n                sfInternalResolve(RNLastName());\\n            \\n        });\",\"FieldsUsed\":[],\"PropertyName\":\"Value\",\"AdditionalInformation\":{\"ManipulatorType\":\"basic\",\"RefreshFormData\":true,\"Placeholder\":\"Default\",\"Width\":\"100%\"}}},\"Styles\":{},\"ContainerOptions\":{\"Width\":-1,\"Id\":\"87\",\"Type\":\"single\"},\"Id\":\"rnField3\",\"Spacing\":\"col-sm-12\",\"Label\":\"Nom\",\"Placeholder\":\"\",\"Value\":\"\",\"ReadOnly\":\"n\",\"Width\":\"\",\"Icon\":{\"ClassName\":\"\"},\"CustomCSS\":\"\",\"Placeholder_Icon\":{\"ClassName\":\"\",\"Orientation\":\"\"}},{\"_id\":36,\"ClassName\":\"rednaotextinput\",\"IsRequired\":\"y\",\"Formulas\":{\"Value\":{\"Value\":\"RNFirstName()\",\"RefreshFormData\":\"y\",\"CompiledFormula\":\"new Promise(function(sfInternalResolve){\\n            \\n                sfInternalResolve(RNFirstName());\\n            \\n        });\",\"FieldsUsed\":[],\"PropertyName\":\"Value\",\"AdditionalInformation\":{\"ManipulatorType\":\"basic\",\"RefreshFormData\":true,\"Placeholder\":\"Default\",\"Width\":\"100%\"}}},\"Styles\":{},\"ContainerOptions\":{\"Width\":-1,\"Id\":\"37\",\"Type\":\"single\"},\"Id\":\"rnField2\",\"Spacing\":\"col-sm-12\",\"Label\":\"Pr\u00e9nom\",\"Placeholder\":\"\",\"Value\":\"\",\"ReadOnly\":\"n\",\"Width\":\"\",\"Icon\":{\"ClassName\":\"\"},\"CustomCSS\":\"\",\"Placeholder_Icon\":{\"ClassName\":\"\",\"Orientation\":\"\"}},{\"_id\":152,\"ClassName\":\"rednaonumber\",\"IsRequired\":\"y\",\"Formulas\":{},\"Styles\":{},\"ContainerOptions\":{\"Width\":-1,\"Id\":\"163\",\"Type\":\"single\"},\"Id\":\"rnField14\",\"Spacing\":\"col-sm-12\",\"Label\":\"Num\u00e9ro\",\"Placeholder\":\"\",\"NumberOfDecimals\":0,\"MaximumValue\":\"\",\"MinimumValue\":\"\",\"Decimals\":0,\"Icon\":{\"ClassName\":\"\"},\"CustomCSS\":\"\",\"Width\":\"\",\"Placeholder_Icon\":{\"ClassName\":\"\",\"Orientation\":\"\"},\"Value\":\"\"},{\"_id\":44,\"ClassName\":\"rednaoemail\",\"IsRequired\":\"y\",\"Formulas\":{\"Value\":{\"Value\":\"RNEmail()\",\"RefreshFormData\":\"y\",\"CompiledFormula\":\"new Promise(function(sfInternalResolve){\\n            \\n                sfInternalResolve(RNEmail());\\n            \\n        });\",\"FieldsUsed\":[],\"PropertyName\":\"Value\",\"AdditionalInformation\":{\"ManipulatorType\":\"basic\",\"RefreshFormData\":true,\"Placeholder\":\"Default\",\"Width\":\"100%\"}}},\"Styles\":{},\"ContainerOptions\":{\"Width\":-1,\"Id\":\"53\",\"Type\":\"single\"},\"Id\":\"rnField10\",\"Spacing\":\"col-sm-12\",\"Label\":\"E-Mail\",\"Placeholder\":\"\",\"Icon\":{\"ClassName\":\"\"},\"CustomCSS\":\"\",\"Placeholder_Icon\":{\"ClassName\":\"\",\"Orientation\":\"\"},\"Value\":\"\",\"ReadOnly\":\"n\"},{\"_id\":80,\"ClassName\":\"rednaohtml\",\"IsRequired\":\"n\",\"Formulas\":{},\"Styles\":{},\"ContainerOptions\":{\"Width\":-1,\"Id\":\"91\",\"Type\":\"single\"},\"Id\":\"rnField12\",\"Spacing\":\"col-sm-12\",\"Label\":\"\",\"HTML\":\"* = champs obligatoires\",\"CustomCSS\":\"\"},{\"_id\":43,\"ClassName\":\"rednaosubmissionbutton\",\"IsRequired\":\"n\",\"Formulas\":{},\"Styles\":{},\"ContainerOptions\":{\"Width\":-1,\"Id\":\"51\",\"Type\":\"single\"},\"Id\":\"rnField9\",\"Spacing\":\"col-sm-12\",\"ButtonText\":\"Envoyer\",\"CustomCSS\":\"\",\"Icon\":{\"ClassName\":\"\"},\"Animated\":\"y\"}],'client_form_options':{\"JavascriptCode\":[],\"CSS\":\".sfForm .fuelux .wizard .steps-container{\\ndisplay:none;\\n}\\n\\n.sfForm .fuelux .wizard .step-content {\\n    width: 100%;\\n    border: none;\\n    padding-left: 0;\\n    padding-right: 0;\\n    padding-top: 0;\\n}\\n\\n.sfForm.bootstrap-wrapper .form-horizontal .form-group{\\n  \\n}\\n\\n\\n.sfForm .fuelux .wizard > .actions {\\n    width: 100%;\\n    margin-left: 0%;\\n    line-height: 46px;\\n    padding-left: 0px;\\n}\",\"Conditions\":[],\"UsesCaptcha\":\"n\",\"CaptchaVersion\":\"\",\"alert_message\":\"Merci beaucoup pour ta inscription, nous nous r\u00e9jouissons de ta visite !\\n\\ncu @ the Beach\",\"alert_message_cb\":\"y\",\"DontClearForm\":\"n\",\"redirect_to\":[{\"URL\":\"https:\/\/beachin.ch\/beachsport\/open-play-spontan-und-easy\/\",\"RCSettings\":{\"Redirect\":\"always\",\"ConditionSettings\":[]}}],\"redirect_to_cb\":\"n\",\"Campaign\":\"\",\"PayPalEmail\":\"\",\"PayPalCondition\":{},\"PayPalType\":\"donation\",\"PayPalDescription\":\"\",\"PayPalCurrency\":\"USD\",\"Formulas\":{},\"InvalidInputMessage\":\"* Veuillez remplir tous les champs obligatoires. \",\"FormType\":\"nor\",\"SplitSteps\":{},\"ToolTipPosition\":\"bottom\",\"Theme\":\"basic\",\"LabelLayout\":\"top\",\"Extensions\":{}},'container':'formContainer1826209062'});<\/script>\n","protected":false},"excerpt":{"rendered":"<p>Atelier de danse &#8220;RITMO DO BRAZIL Zumba-Dance- Atelier dans le sable avec des instructeurs professionnels de Zumba ! Pour participer et regarder. Dur\u00e9e de l&#8217;atelier 2h. Ap\u00e9ritif et f\u00eate apr\u00e8s. Frais d&#8217;inscription, ap\u00e9ritif compris CHF 50<\/p>\n","protected":false},"author":1,"featured_media":0,"parent":0,"menu_order":0,"comment_status":"closed","ping_status":"closed","template":"","meta":{"footnotes":""},"yoast_head":"<!-- This site is optimized with the Yoast SEO plugin v14.4.1 - https:\/\/yoast.com\/wordpress\/plugins\/seo\/ -->\n<title>Inscription Ritmo do Brazil &ndash; BeachIN Sport, Bar &amp; Hotel<\/title>\n<meta name=\"robots\" content=\"index, follow\" \/>\n<meta name=\"googlebot\" content=\"index, follow, max-snippet:-1, max-image-preview:large, max-video-preview:-1\" \/>\n<meta name=\"bingbot\" content=\"index, follow, max-snippet:-1, max-image-preview:large, max-video-preview:-1\" \/>\n<link rel=\"canonical\" href=\"https:\/\/beachin.ch\/fr\/inscription-ritmo-do-brazil\/\" \/>\n<meta property=\"og:locale\" content=\"fr_FR\" \/>\n<meta property=\"og:type\" content=\"article\" \/>\n<meta property=\"og:title\" content=\"Inscription Ritmo do Brazil &ndash; BeachIN Sport, Bar &amp; Hotel\" \/>\n<meta property=\"og:description\" content=\"Atelier de danse &#8220;RITMO DO BRAZIL Zumba-Dance- Atelier dans le sable avec des instructeurs professionnels de Zumba ! Pour participer et regarder. Dur\u00e9e de l&#8217;atelier 2h. Ap\u00e9ritif et f\u00eate apr\u00e8s. Frais d&#8217;inscription, ap\u00e9ritif compris CHF 50\" \/>\n<meta property=\"og:url\" content=\"https:\/\/beachin.ch\/fr\/inscription-ritmo-do-brazil\/\" \/>\n<meta property=\"og:site_name\" content=\"BeachIN Sport, Bar &amp; Hotel\" \/>\n<meta property=\"article:modified_time\" content=\"2020-09-10T14:40:35+00:00\" \/>\n<meta name=\"twitter:card\" content=\"summary_large_image\" \/>\n<script type=\"application\/ld+json\" class=\"yoast-schema-graph\">{\"@context\":\"https:\/\/schema.org\",\"@graph\":[{\"@type\":\"WebSite\",\"@id\":\"https:\/\/beachin.ch\/fr\/#website\",\"url\":\"https:\/\/beachin.ch\/fr\/\",\"name\":\"BeachIN Sport, Bar &amp; Hotel\",\"description\":\"Strandfeeling das ganze Jahr!\",\"potentialAction\":[{\"@type\":\"SearchAction\",\"target\":\"https:\/\/beachin.ch\/fr\/?s={search_term_string}\",\"query-input\":\"required name=search_term_string\"}],\"inLanguage\":\"fr-FR\"},{\"@type\":\"WebPage\",\"@id\":\"https:\/\/beachin.ch\/fr\/inscription-ritmo-do-brazil\/#webpage\",\"url\":\"https:\/\/beachin.ch\/fr\/inscription-ritmo-do-brazil\/\",\"name\":\"Inscription Ritmo do Brazil &ndash; BeachIN Sport, Bar &amp; Hotel\",\"isPartOf\":{\"@id\":\"https:\/\/beachin.ch\/fr\/#website\"},\"datePublished\":\"2020-09-10T14:40:10+00:00\",\"dateModified\":\"2020-09-10T14:40:35+00:00\",\"inLanguage\":\"fr-FR\",\"potentialAction\":[{\"@type\":\"ReadAction\",\"target\":[\"https:\/\/beachin.ch\/fr\/inscription-ritmo-do-brazil\/\"]}]}]}<\/script>\n<!-- \/ Yoast SEO plugin. -->","_links":{"self":[{"href":"https:\/\/beachin.ch\/fr\/wp-json\/wp\/v2\/pages\/12577"}],"collection":[{"href":"https:\/\/beachin.ch\/fr\/wp-json\/wp\/v2\/pages"}],"about":[{"href":"https:\/\/beachin.ch\/fr\/wp-json\/wp\/v2\/types\/page"}],"author":[{"embeddable":true,"href":"https:\/\/beachin.ch\/fr\/wp-json\/wp\/v2\/users\/1"}],"replies":[{"embeddable":true,"href":"https:\/\/beachin.ch\/fr\/wp-json\/wp\/v2\/comments?post=12577"}],"version-history":[{"count":2,"href":"https:\/\/beachin.ch\/fr\/wp-json\/wp\/v2\/pages\/12577\/revisions"}],"predecessor-version":[{"id":12579,"href":"https:\/\/beachin.ch\/fr\/wp-json\/wp\/v2\/pages\/12577\/revisions\/12579"}],"wp:attachment":[{"href":"https:\/\/beachin.ch\/fr\/wp-json\/wp\/v2\/media?parent=12577"}],"curies":[{"name":"wp","href":"https:\/\/api.w.org\/{rel}","templated":true}]}}