{"id":1252,"date":"2018-11-22T17:35:20","date_gmt":"2018-11-22T16:35:20","guid":{"rendered":"https:\/\/beachin.ch\/wordpress\/spa\/"},"modified":"2019-10-14T11:50:43","modified_gmt":"2019-10-14T09:50:43","slug":"spa","status":"publish","type":"page","link":"https:\/\/beachin.ch\/fr\/spa\/","title":{"rendered":"Spa"},"content":{"rendered":"<div class=\"wpb-content-wrapper\"><p>[vc_row css_animation=&#8221;bottom-to-top&#8221;][vc_column][vc_column_text]<\/p>\n<h1 class=\"csc-firstHeader\" data-fittext-level=\"0.00\">Spa<\/h1>\n<div class=\"text\">\n<p>Notre espace SPA petit mais raffin\u00e9 offre un vestiaire s\u00e9par\u00e9, un sauna, un bain \u00e0 vapeur, un whirlpool, des douches de massage, un espace de d\u00e9tente et a une capacit\u00e9 de 6 \u00e0 8 personnes au maximum. L\u2019espace SPA peut \u00eatre enti\u00e8rement lou\u00e9. D\u00e9tendes- toi avec tes amis dans une atmosph\u00e8re priv\u00e9e conviviale quand le c\u0153ur toi en dit. C\u2019est \u00e9galement un superbe cadeau pour les couples, les petits groupes ou les familles.<\/p>\n<p>Avec la newsletter en ligne de BeachIN, nous te tenons au courant \u00e0 temps.<\/p>\n<\/div>\n<p>[\/vc_column_text][vc_btn title=&#8221;Demandes d&#8217;informations&#8221; link=&#8221;url:https%3A%2F%2Fbeachin.ch%2Ffr%2Fcontact%2F|title:Contact||&#8221;][\/vc_column][\/vc_row][vc_row full_width=&#8221;stretch_row_content_no_spaces&#8221; css=&#8221;.vc_custom_1539348550023{margin-right: 0px !important;margin-bottom: 0px !important;border-bottom-width: 0px !important;padding-bottom: 0px !important;}&#8221;][vc_column][vc_widget_sidebar sidebar_id=&#8221;extended_footer_newsletter&#8221;][\/vc_column][\/vc_row]<\/p>\n<\/div>","protected":false},"excerpt":{"rendered":"<p>[vc_row css_animation=&#8221;bottom-to-top&#8221;][vc_column][vc_column_text] Spa Notre espace SPA petit mais raffin\u00e9 offre un vestiaire s\u00e9par\u00e9, un sauna, un bain \u00e0 vapeur, un whirlpool, des douches de massage, un espace de d\u00e9tente et a une capacit\u00e9 de 6 \u00e0 8 personnes au maximum. L\u2019espace SPA peut \u00eatre enti\u00e8rement lou\u00e9. D\u00e9tendes- toi avec tes amis dans une atmosph\u00e8re priv\u00e9e <a class=\"more-link\" href=\"https:\/\/beachin.ch\/fr\/spa\/\">weiterlesen&#8230;<\/a><\/p>\n","protected":false},"author":1,"featured_media":0,"parent":0,"menu_order":0,"comment_status":"closed","ping_status":"closed","template":"","meta":{"footnotes":""},"yoast_head":"<!-- This site is optimized with the Yoast SEO plugin v14.4.1 - https:\/\/yoast.com\/wordpress\/plugins\/seo\/ -->\n<title>Spa &ndash; BeachIN Sport, Bar &amp; Hotel<\/title>\n<meta name=\"robots\" content=\"index, follow\" \/>\n<meta name=\"googlebot\" content=\"index, follow, max-snippet:-1, max-image-preview:large, max-video-preview:-1\" \/>\n<meta name=\"bingbot\" content=\"index, follow, max-snippet:-1, max-image-preview:large, max-video-preview:-1\" \/>\n<link rel=\"canonical\" href=\"https:\/\/beachin.ch\/fr\/spa\/\" \/>\n<meta property=\"og:locale\" content=\"fr_FR\" \/>\n<meta property=\"og:type\" content=\"article\" \/>\n<meta property=\"og:title\" content=\"Spa &ndash; BeachIN Sport, Bar &amp; Hotel\" \/>\n<meta property=\"og:description\" content=\"[vc_row css_animation=&#8221;bottom-to-top&#8221;][vc_column][vc_column_text] Spa Notre espace SPA petit mais raffin\u00e9 offre un vestiaire s\u00e9par\u00e9, un sauna, un bain \u00e0 vapeur, un whirlpool, des douches de massage, un espace de d\u00e9tente et a une capacit\u00e9 de 6 \u00e0 8 personnes au maximum. L\u2019espace SPA peut \u00eatre enti\u00e8rement lou\u00e9. D\u00e9tendes- toi avec tes amis dans une atmosph\u00e8re priv\u00e9e weiterlesen...\" \/>\n<meta property=\"og:url\" content=\"https:\/\/beachin.ch\/fr\/spa\/\" \/>\n<meta property=\"og:site_name\" content=\"BeachIN Sport, Bar &amp; Hotel\" \/>\n<meta property=\"article:modified_time\" content=\"2019-10-14T09:50:43+00:00\" \/>\n<meta name=\"twitter:card\" content=\"summary_large_image\" \/>\n<script type=\"application\/ld+json\" class=\"yoast-schema-graph\">{\"@context\":\"https:\/\/schema.org\",\"@graph\":[{\"@type\":\"WebSite\",\"@id\":\"https:\/\/beachin.ch\/fr\/#website\",\"url\":\"https:\/\/beachin.ch\/fr\/\",\"name\":\"BeachIN Sport, Bar &amp; Hotel\",\"description\":\"Strandfeeling das ganze Jahr!\",\"potentialAction\":[{\"@type\":\"SearchAction\",\"target\":\"https:\/\/beachin.ch\/fr\/?s={search_term_string}\",\"query-input\":\"required name=search_term_string\"}],\"inLanguage\":\"fr-FR\"},{\"@type\":\"WebPage\",\"@id\":\"https:\/\/beachin.ch\/fr\/spa\/#webpage\",\"url\":\"https:\/\/beachin.ch\/fr\/spa\/\",\"name\":\"Spa &ndash; BeachIN Sport, Bar &amp; Hotel\",\"isPartOf\":{\"@id\":\"https:\/\/beachin.ch\/fr\/#website\"},\"datePublished\":\"2018-11-22T16:35:20+00:00\",\"dateModified\":\"2019-10-14T09:50:43+00:00\",\"inLanguage\":\"fr-FR\",\"potentialAction\":[{\"@type\":\"ReadAction\",\"target\":[\"https:\/\/beachin.ch\/fr\/spa\/\"]}]}]}<\/script>\n<!-- \/ Yoast SEO plugin. -->","_links":{"self":[{"href":"https:\/\/beachin.ch\/fr\/wp-json\/wp\/v2\/pages\/1252"}],"collection":[{"href":"https:\/\/beachin.ch\/fr\/wp-json\/wp\/v2\/pages"}],"about":[{"href":"https:\/\/beachin.ch\/fr\/wp-json\/wp\/v2\/types\/page"}],"author":[{"embeddable":true,"href":"https:\/\/beachin.ch\/fr\/wp-json\/wp\/v2\/users\/1"}],"replies":[{"embeddable":true,"href":"https:\/\/beachin.ch\/fr\/wp-json\/wp\/v2\/comments?post=1252"}],"version-history":[{"count":6,"href":"https:\/\/beachin.ch\/fr\/wp-json\/wp\/v2\/pages\/1252\/revisions"}],"predecessor-version":[{"id":6695,"href":"https:\/\/beachin.ch\/fr\/wp-json\/wp\/v2\/pages\/1252\/revisions\/6695"}],"wp:attachment":[{"href":"https:\/\/beachin.ch\/fr\/wp-json\/wp\/v2\/media?parent=1252"}],"curies":[{"name":"wp","href":"https:\/\/api.w.org\/{rel}","templated":true}]}}