{"id":1247,"date":"2018-11-22T17:32:49","date_gmt":"2018-11-22T16:32:49","guid":{"rendered":"https:\/\/beachin.ch\/wordpress\/hotel\/"},"modified":"2023-03-27T17:29:41","modified_gmt":"2023-03-27T15:29:41","slug":"hotel","status":"publish","type":"page","link":"https:\/\/beachin.ch\/fr\/hotel\/","title":{"rendered":"H\u00f4tel"},"content":{"rendered":"<div class=\"wpb-content-wrapper\"><p>[vc_row][vc_column width=&#8221;2\/3&#8243;][vc_column_text]<\/p>\n<h1>BeachIN &#8211; H\u00f4tel<\/h1>\n<p>Le BeachIN Hotel est petit mais agr\u00e9able et peut accueillir un maximum de 32 personnes dans 10 chambres (1 appartement, 1 studio, 5 chambres simples ou doubles et 2 chambres \u00e0 plusieurs lits). Toutes les chambres sont modernes, individuelles et fonctionnelles. Les chambres peuvent \u00eatre r\u00e9serv\u00e9es avec ou sans petit d\u00e9jeuner. Les animaux domestiques sont admis sur demande. Toutes nos chambres peuvent \u00eatre r\u00e9serv\u00e9es en ligne ou par t\u00e9l\u00e9phone.[\/vc_column_text][vc_column_text]Plongez et sentez-vous comme en vacances &#8211; bienvenue \u00e0 l&#8217;h\u00f4tel BeachIN ![\/vc_column_text][vc_btn title=&#8221;R\u00e9serve ta chambre maintenant&#8221; link=&#8221;url:https%3A%2F%2Fbeachin.ch%2Ffr%2Freserver-une-chambre%2F|title:R%C3%A9serves%20ta%20chambre%20maintenant|&#8221;][\/vc_column][vc_column width=&#8221;1\/3&#8243;][\/vc_column][\/vc_row][vc_row][vc_column width=&#8221;1\/12&#8243;][vc_single_image image=&#8221;7468&#8243; img_size=&#8221;102&#215;98&#8243;][\/vc_column][vc_column width=&#8221;7\/12&#8243;][vc_column_text]Nous sommes heureux d&#8217;avoir une note de 8.9 sur Booking.com. Le BeachIN est l&#8217;un des h\u00f4tels les mieux cot\u00e9s de la r\u00e9gion.[\/vc_column_text][\/vc_column][vc_column width=&#8221;4\/12&#8243;][\/vc_column][\/vc_row][vc_row][vc_column][vc_images_carousel images=&#8221;8059,8056,8023,8035,8041,7999,8005,8014&#8243; img_size=&#8221;800&#215;600&#8243; autoplay=&#8221;yes&#8221; hide_pagination_control=&#8221;yes&#8221;][vc_separator][vc_column_text]<strong>Plus d&#8217;informations&#8230;\u00a0<\/strong>[\/vc_column_text][vc_btn title=&#8221;\u00bb Nos chambres en r\u00e9sum\u00e9&#8221; link=&#8221;url:https%3A%2F%2Fbeachin.ch%2Ffr%2Fhotel%2Finfrastructure%2F|&#8221; css=&#8221;.vc_custom_1640264527724{margin-right: 10px !important;}&#8221;][vc_btn title=&#8221;\u00bb R\u00e9server une chambre&#8221; link=&#8221;url:https%3A%2F%2Fbeachin.ch%2Ffr%2Freserver-une-chambre%2F|&#8221; css=&#8221;.vc_custom_1640264603590{margin-right: 10px !important;}&#8221;][vc_btn title=&#8221;\u00bb Informations d&#8217;h\u00f4tel&#8221; link=&#8221;url:https%3A%2F%2Fbeachin.ch%2Ffr%2Fhotel%2Finformations-dhotel%2F|&#8221; css=&#8221;.vc_custom_1640264613462{margin-right: 10px !important;}&#8221;][vc_btn title=&#8221;\u00bb Tarifs d&#8217;h\u00f4tel&#8221; link=&#8221;url:https%3A%2F%2Fbeachin.ch%2Ffr%2Fhotel%2Ftarifs%2F|&#8221;][vc_empty_space][\/vc_column][\/vc_row]<\/p>\n<\/div>","protected":false},"excerpt":{"rendered":"<p>[vc_row][vc_column width=&#8221;2\/3&#8243;][vc_column_text] BeachIN &#8211; H\u00f4tel Le BeachIN Hotel est petit mais agr\u00e9able et peut accueillir un maximum de 32 personnes dans 10 chambres (1 appartement, 1 studio, 5 chambres simples ou doubles et 2 chambres \u00e0 plusieurs lits). Toutes les chambres sont modernes, individuelles et fonctionnelles. Les chambres peuvent \u00eatre r\u00e9serv\u00e9es avec ou sans petit <a class=\"more-link\" href=\"https:\/\/beachin.ch\/fr\/hotel\/\">weiterlesen&#8230;<\/a><\/p>\n","protected":false},"author":1,"featured_media":0,"parent":0,"menu_order":0,"comment_status":"closed","ping_status":"closed","template":"","meta":{"footnotes":""},"yoast_head":"<!-- This site is optimized with the Yoast SEO plugin v14.4.1 - https:\/\/yoast.com\/wordpress\/plugins\/seo\/ -->\n<title>Chambres d&#039;h\u00f4tel modernes &ndash; BeachIN Sport, Bar &amp; Hotel<\/title>\n<meta name=\"description\" content=\"Visite notre h\u00f4tel moderne et propre au millieu de la belle r\u00e9gion Seeland et profite de nos offres exceptionelles!\" \/>\n<meta name=\"robots\" content=\"index, follow\" \/>\n<meta name=\"googlebot\" content=\"index, follow, max-snippet:-1, max-image-preview:large, max-video-preview:-1\" \/>\n<meta name=\"bingbot\" content=\"index, follow, max-snippet:-1, max-image-preview:large, max-video-preview:-1\" \/>\n<link rel=\"canonical\" href=\"https:\/\/beachin.ch\/fr\/hotel\/\" \/>\n<meta property=\"og:locale\" content=\"fr_FR\" \/>\n<meta property=\"og:type\" content=\"article\" \/>\n<meta property=\"og:title\" content=\"Chambres d&#039;h\u00f4tel modernes &ndash; BeachIN Sport, Bar &amp; Hotel\" \/>\n<meta property=\"og:description\" content=\"Visite notre h\u00f4tel moderne et propre au millieu de la belle r\u00e9gion Seeland et profite de nos offres exceptionelles!\" \/>\n<meta property=\"og:url\" content=\"https:\/\/beachin.ch\/fr\/hotel\/\" \/>\n<meta property=\"og:site_name\" content=\"BeachIN Sport, Bar &amp; Hotel\" \/>\n<meta property=\"article:modified_time\" content=\"2023-03-27T15:29:41+00:00\" \/>\n<meta name=\"twitter:card\" content=\"summary_large_image\" \/>\n<script type=\"application\/ld+json\" class=\"yoast-schema-graph\">{\"@context\":\"https:\/\/schema.org\",\"@graph\":[{\"@type\":\"WebSite\",\"@id\":\"https:\/\/beachin.ch\/fr\/#website\",\"url\":\"https:\/\/beachin.ch\/fr\/\",\"name\":\"BeachIN Sport, Bar &amp; Hotel\",\"description\":\"Strandfeeling das ganze Jahr!\",\"potentialAction\":[{\"@type\":\"SearchAction\",\"target\":\"https:\/\/beachin.ch\/fr\/?s={search_term_string}\",\"query-input\":\"required name=search_term_string\"}],\"inLanguage\":\"fr-FR\"},{\"@type\":\"WebPage\",\"@id\":\"https:\/\/beachin.ch\/fr\/hotel\/#webpage\",\"url\":\"https:\/\/beachin.ch\/fr\/hotel\/\",\"name\":\"Chambres d'h\\u00f4tel modernes &ndash; BeachIN Sport, Bar &amp; Hotel\",\"isPartOf\":{\"@id\":\"https:\/\/beachin.ch\/fr\/#website\"},\"datePublished\":\"2018-11-22T16:32:49+00:00\",\"dateModified\":\"2023-03-27T15:29:41+00:00\",\"description\":\"Visite notre h\\u00f4tel moderne et propre au millieu de la belle r\\u00e9gion Seeland et profite de nos offres exceptionelles!\",\"inLanguage\":\"fr-FR\",\"potentialAction\":[{\"@type\":\"ReadAction\",\"target\":[\"https:\/\/beachin.ch\/fr\/hotel\/\"]}]}]}<\/script>\n<!-- \/ Yoast SEO plugin. -->","_links":{"self":[{"href":"https:\/\/beachin.ch\/fr\/wp-json\/wp\/v2\/pages\/1247"}],"collection":[{"href":"https:\/\/beachin.ch\/fr\/wp-json\/wp\/v2\/pages"}],"about":[{"href":"https:\/\/beachin.ch\/fr\/wp-json\/wp\/v2\/types\/page"}],"author":[{"embeddable":true,"href":"https:\/\/beachin.ch\/fr\/wp-json\/wp\/v2\/users\/1"}],"replies":[{"embeddable":true,"href":"https:\/\/beachin.ch\/fr\/wp-json\/wp\/v2\/comments?post=1247"}],"version-history":[{"count":16,"href":"https:\/\/beachin.ch\/fr\/wp-json\/wp\/v2\/pages\/1247\/revisions"}],"predecessor-version":[{"id":21459,"href":"https:\/\/beachin.ch\/fr\/wp-json\/wp\/v2\/pages\/1247\/revisions\/21459"}],"wp:attachment":[{"href":"https:\/\/beachin.ch\/fr\/wp-json\/wp\/v2\/media?parent=1247"}],"curies":[{"name":"wp","href":"https:\/\/api.w.org\/{rel}","templated":true}]}}