{"id":1229,"date":"2018-11-22T17:20:47","date_gmt":"2018-11-22T16:20:47","guid":{"rendered":"https:\/\/beachin.ch\/wordpress\/sport-de-plage\/"},"modified":"2024-02-07T14:22:13","modified_gmt":"2024-02-07T13:22:13","slug":"sport-de-plage","status":"publish","type":"page","link":"https:\/\/beachin.ch\/fr\/sport-de-plage\/","title":{"rendered":"Sport de plage"},"content":{"rendered":"<div class=\"wpb-content-wrapper\"><p>[vc_row css_animation=&#8221;bottom-to-top&#8221;][vc_column][vc_column_text]<\/p>\n<h1>Sports de plage \u00e0 BeachIN<\/h1>\n<p>La surface au sol de la salle est de 23 x 27 m\u00e8tres. Normalement il y a 2 terrains de beach volley, footvolley et beach tennis avec filet et terrain de jeu de 8 x 16m disponibles. Les deux terrains peuvent \u00e9galement \u00eatre utilis\u00e9s pour le Beachbadminton, le Beachminton, le Beachsoccer et le Beachhandball.\u00a0 Selon le type de sport, une courte conversion d&#8217;environ 10 \u00e0 15 minutes est n\u00e9cessaire.<\/p>\n<p>Si n\u00e9cessaire, 3 terrains ou 1 terrain peuvent \u00eatre centr\u00e9s ainsi que l&#8217;ensemble de la salle sans filets pour le Beachsoccer, le Beachhandball (des buts sont disponibles) ou le Beachultimate \u00eatre \u00e9quip\u00e9s. Pour cela, une conversion d&#8217;environ 1 -1,5 h est n\u00e9cessaire.[\/vc_column_text][vc_separator][vc_btn title=&#8221;R\u00e9serves online&#8221; align=&#8221;center&#8221; link=&#8221;url:https%3A%2F%2Fbeachin.ch%2Ffr%2Fsport-de-plage%2Freservation-fixe-des-terrains-de-beach%2F|&#8221;][vc_btn title=&#8221;Cr\u00e9es ton compte MyBeachIN&#8221; align=&#8221;center&#8221; link=&#8221;url:https%3A%2F%2Fbeachin.ch%2Ffr%2Fmybeachin%2F|&#8221;][\/vc_column][\/vc_row]<\/p>\n<\/div>","protected":false},"excerpt":{"rendered":"<p>[vc_row css_animation=&#8221;bottom-to-top&#8221;][vc_column][vc_column_text] Sports de plage \u00e0 BeachIN La surface au sol de la salle est de 23 x 27 m\u00e8tres. Normalement il y a 2 terrains de beach volley, footvolley et beach tennis avec filet et terrain de jeu de 8 x 16m disponibles. Les deux terrains peuvent \u00e9galement \u00eatre utilis\u00e9s pour le Beachbadminton, le <a class=\"more-link\" href=\"https:\/\/beachin.ch\/fr\/sport-de-plage\/\">weiterlesen&#8230;<\/a><\/p>\n","protected":false},"author":1,"featured_media":0,"parent":0,"menu_order":0,"comment_status":"closed","ping_status":"closed","template":"","meta":{"footnotes":""},"yoast_head":"<!-- This site is optimized with the Yoast SEO plugin v14.4.1 - https:\/\/yoast.com\/wordpress\/plugins\/seo\/ -->\n<title>Sport de plage in der Halle &ndash; BeachIN Sport, Bar &amp; Hotel<\/title>\n<meta name=\"description\" content=\"Volley de plage, beach-tennis, beach soccer par mauvais temps? Chez nous c&#039;est possible!\" \/>\n<meta name=\"robots\" content=\"index, follow\" \/>\n<meta name=\"googlebot\" content=\"index, follow, max-snippet:-1, max-image-preview:large, max-video-preview:-1\" \/>\n<meta name=\"bingbot\" content=\"index, follow, max-snippet:-1, max-image-preview:large, max-video-preview:-1\" \/>\n<link rel=\"canonical\" href=\"https:\/\/beachin.ch\/fr\/sport-de-plage\/\" \/>\n<meta property=\"og:locale\" content=\"fr_FR\" \/>\n<meta property=\"og:type\" content=\"article\" \/>\n<meta property=\"og:title\" content=\"Sport de plage in der Halle &ndash; BeachIN Sport, Bar &amp; Hotel\" \/>\n<meta property=\"og:description\" content=\"Volley de plage, beach-tennis, beach soccer par mauvais temps? Chez nous c&#039;est possible!\" \/>\n<meta property=\"og:url\" content=\"https:\/\/beachin.ch\/fr\/sport-de-plage\/\" \/>\n<meta property=\"og:site_name\" content=\"BeachIN Sport, Bar &amp; Hotel\" \/>\n<meta property=\"article:modified_time\" content=\"2024-02-07T13:22:13+00:00\" \/>\n<meta name=\"twitter:card\" content=\"summary_large_image\" \/>\n<script type=\"application\/ld+json\" class=\"yoast-schema-graph\">{\"@context\":\"https:\/\/schema.org\",\"@graph\":[{\"@type\":\"WebSite\",\"@id\":\"https:\/\/beachin.ch\/fr\/#website\",\"url\":\"https:\/\/beachin.ch\/fr\/\",\"name\":\"BeachIN Sport, Bar &amp; Hotel\",\"description\":\"Strandfeeling das ganze Jahr!\",\"potentialAction\":[{\"@type\":\"SearchAction\",\"target\":\"https:\/\/beachin.ch\/fr\/?s={search_term_string}\",\"query-input\":\"required name=search_term_string\"}],\"inLanguage\":\"fr-FR\"},{\"@type\":\"WebPage\",\"@id\":\"https:\/\/beachin.ch\/fr\/sport-de-plage\/#webpage\",\"url\":\"https:\/\/beachin.ch\/fr\/sport-de-plage\/\",\"name\":\"Sport de plage in der Halle &ndash; BeachIN Sport, Bar &amp; Hotel\",\"isPartOf\":{\"@id\":\"https:\/\/beachin.ch\/fr\/#website\"},\"datePublished\":\"2018-11-22T16:20:47+00:00\",\"dateModified\":\"2024-02-07T13:22:13+00:00\",\"description\":\"Volley de plage, beach-tennis, beach soccer par mauvais temps? Chez nous c'est possible!\",\"inLanguage\":\"fr-FR\",\"potentialAction\":[{\"@type\":\"ReadAction\",\"target\":[\"https:\/\/beachin.ch\/fr\/sport-de-plage\/\"]}]}]}<\/script>\n<!-- \/ Yoast SEO plugin. -->","_links":{"self":[{"href":"https:\/\/beachin.ch\/fr\/wp-json\/wp\/v2\/pages\/1229"}],"collection":[{"href":"https:\/\/beachin.ch\/fr\/wp-json\/wp\/v2\/pages"}],"about":[{"href":"https:\/\/beachin.ch\/fr\/wp-json\/wp\/v2\/types\/page"}],"author":[{"embeddable":true,"href":"https:\/\/beachin.ch\/fr\/wp-json\/wp\/v2\/users\/1"}],"replies":[{"embeddable":true,"href":"https:\/\/beachin.ch\/fr\/wp-json\/wp\/v2\/comments?post=1229"}],"version-history":[{"count":11,"href":"https:\/\/beachin.ch\/fr\/wp-json\/wp\/v2\/pages\/1229\/revisions"}],"predecessor-version":[{"id":23625,"href":"https:\/\/beachin.ch\/fr\/wp-json\/wp\/v2\/pages\/1229\/revisions\/23625"}],"wp:attachment":[{"href":"https:\/\/beachin.ch\/fr\/wp-json\/wp\/v2\/media?parent=1229"}],"curies":[{"name":"wp","href":"https:\/\/api.w.org\/{rel}","templated":true}]}}