{"id":1223,"date":"2018-11-22T17:11:05","date_gmt":"2018-11-22T16:11:05","guid":{"rendered":"https:\/\/beachin.ch\/wordpress\/seminaire\/"},"modified":"2021-06-16T15:51:23","modified_gmt":"2021-06-16T13:51:23","slug":"seminaire","status":"publish","type":"page","link":"https:\/\/beachin.ch\/fr\/seminaire\/","title":{"rendered":"S\u00e9minaire"},"content":{"rendered":"<div class=\"wpb-content-wrapper\"><p>[vc_row css_animation=&#8221;bottom-to-top&#8221;][vc_column][vc_column_text]<\/p>\n<h1 class=\"csc-firstHeader\" data-fittext-level=\"0.00\">S\u00e9minaire<\/h1>\n<div class=\"text\">\n<p><span lang=\"FR-CH\">Une salle de conf\u00e9rence conviviale, lumineuse et dot\u00e9 d\u2019un \u00e9quipement de dernier cri et d\u2019une infrastructure suppl\u00e9mentaire r\u00e9pondant \u00e0 tous les besoins, est peut-\u00eatre LE LIEU de ta prochaine formation, de ton prochain workshop ou de ton prochain s\u00e9minaire. Ce local \u00e9quip\u00e9 de la technique la plus moderne (syst\u00e8me Magic IWB dot\u00e9 de la technologie tactile) offre une capacit\u00e9 de 20 personnes.<br \/>\n<\/span><br \/>\nApr\u00e8s des heures de s\u00e9minaires ou de workshops intensifs et cr\u00e9atifs, laissez vos participants reprendre des forces dans la halle des sports de plage. Ou combine les\u00e9minaire avec une excursion dans le joli Seeland. Nous vous conseillons et vous soumettons volontiers des propositions personnalis\u00e9es. Naturellement, nous prenons \u00e9galement en charge votre bien-\u00eatre gastronomique, \u00e0 votre demande.<\/p>\n<p>Les possibilit\u00e9s de combinaison sont illimit\u00e9es. Abonnez-vous tout simplement \u00e0 notre newsletter en ligne et restez dans le jeu.<\/p>\n<\/div>\n<p>[\/vc_column_text][vc_btn title=&#8221;demande non contraignante&#8221; color=&#8221;white&#8221; link=&#8221;url:https%3A%2F%2Fbeachin.ch%2Ffr%2Fcontact%2F|title:contact|target:_blank&#8221;][\/vc_column][\/vc_row][vc_row full_width=&#8221;stretch_row_content_no_spaces&#8221; css=&#8221;.vc_custom_1539348550023{margin-right: 0px !important;margin-bottom: 0px !important;border-bottom-width: 0px !important;padding-bottom: 0px !important;}&#8221;][vc_column][vc_widget_sidebar sidebar_id=&#8221;extended_footer_newsletter&#8221;][\/vc_column][\/vc_row]<\/p>\n<\/div>","protected":false},"excerpt":{"rendered":"<p>[vc_row css_animation=&#8221;bottom-to-top&#8221;][vc_column][vc_column_text] S\u00e9minaire Une salle de conf\u00e9rence conviviale, lumineuse et dot\u00e9 d\u2019un \u00e9quipement de dernier cri et d\u2019une infrastructure suppl\u00e9mentaire r\u00e9pondant \u00e0 tous les besoins, est peut-\u00eatre LE LIEU de ta prochaine formation, de ton prochain workshop ou de ton prochain s\u00e9minaire. Ce local \u00e9quip\u00e9 de la technique la plus moderne (syst\u00e8me Magic IWB dot\u00e9 <a class=\"more-link\" href=\"https:\/\/beachin.ch\/fr\/seminaire\/\">weiterlesen&#8230;<\/a><\/p>\n","protected":false},"author":1,"featured_media":0,"parent":0,"menu_order":0,"comment_status":"closed","ping_status":"closed","template":"","meta":{"footnotes":""},"yoast_head":"<!-- This site is optimized with the Yoast SEO plugin v14.4.1 - https:\/\/yoast.com\/wordpress\/plugins\/seo\/ -->\n<title>Salle de s\u00e9minaire moderne &ndash; BeachIN Sport, Bar &amp; Hotel<\/title>\n<meta name=\"description\" content=\"R\u00e9serve maintenant ta salle de s\u00e9minaire moderne, claire et bien \u00e9quip\u00e9e pour deux heures gratuite pour ton prochain meeting.\" \/>\n<meta name=\"robots\" content=\"index, follow\" \/>\n<meta name=\"googlebot\" content=\"index, follow, max-snippet:-1, max-image-preview:large, max-video-preview:-1\" \/>\n<meta name=\"bingbot\" content=\"index, follow, max-snippet:-1, max-image-preview:large, max-video-preview:-1\" \/>\n<link rel=\"canonical\" href=\"https:\/\/beachin.ch\/fr\/seminaire\/\" \/>\n<meta property=\"og:locale\" content=\"fr_FR\" \/>\n<meta property=\"og:type\" content=\"article\" \/>\n<meta property=\"og:title\" content=\"Salle de s\u00e9minaire moderne &ndash; BeachIN Sport, Bar &amp; Hotel\" \/>\n<meta property=\"og:description\" content=\"R\u00e9serve maintenant ta salle de s\u00e9minaire moderne, claire et bien \u00e9quip\u00e9e pour deux heures gratuite pour ton prochain meeting.\" \/>\n<meta property=\"og:url\" content=\"https:\/\/beachin.ch\/fr\/seminaire\/\" \/>\n<meta property=\"og:site_name\" content=\"BeachIN Sport, Bar &amp; Hotel\" \/>\n<meta property=\"article:modified_time\" content=\"2021-06-16T13:51:23+00:00\" \/>\n<meta name=\"twitter:card\" content=\"summary_large_image\" \/>\n<script type=\"application\/ld+json\" class=\"yoast-schema-graph\">{\"@context\":\"https:\/\/schema.org\",\"@graph\":[{\"@type\":\"WebSite\",\"@id\":\"https:\/\/beachin.ch\/fr\/#website\",\"url\":\"https:\/\/beachin.ch\/fr\/\",\"name\":\"BeachIN Sport, Bar &amp; Hotel\",\"description\":\"Strandfeeling das ganze Jahr!\",\"potentialAction\":[{\"@type\":\"SearchAction\",\"target\":\"https:\/\/beachin.ch\/fr\/?s={search_term_string}\",\"query-input\":\"required name=search_term_string\"}],\"inLanguage\":\"fr-FR\"},{\"@type\":\"WebPage\",\"@id\":\"https:\/\/beachin.ch\/fr\/seminaire\/#webpage\",\"url\":\"https:\/\/beachin.ch\/fr\/seminaire\/\",\"name\":\"Salle de s\\u00e9minaire moderne &ndash; BeachIN Sport, Bar &amp; Hotel\",\"isPartOf\":{\"@id\":\"https:\/\/beachin.ch\/fr\/#website\"},\"datePublished\":\"2018-11-22T16:11:05+00:00\",\"dateModified\":\"2021-06-16T13:51:23+00:00\",\"description\":\"R\\u00e9serve maintenant ta salle de s\\u00e9minaire moderne, claire et bien \\u00e9quip\\u00e9e pour deux heures gratuite pour ton prochain meeting.\",\"inLanguage\":\"fr-FR\",\"potentialAction\":[{\"@type\":\"ReadAction\",\"target\":[\"https:\/\/beachin.ch\/fr\/seminaire\/\"]}]}]}<\/script>\n<!-- \/ Yoast SEO plugin. -->","_links":{"self":[{"href":"https:\/\/beachin.ch\/fr\/wp-json\/wp\/v2\/pages\/1223"}],"collection":[{"href":"https:\/\/beachin.ch\/fr\/wp-json\/wp\/v2\/pages"}],"about":[{"href":"https:\/\/beachin.ch\/fr\/wp-json\/wp\/v2\/types\/page"}],"author":[{"embeddable":true,"href":"https:\/\/beachin.ch\/fr\/wp-json\/wp\/v2\/users\/1"}],"replies":[{"embeddable":true,"href":"https:\/\/beachin.ch\/fr\/wp-json\/wp\/v2\/comments?post=1223"}],"version-history":[{"count":6,"href":"https:\/\/beachin.ch\/fr\/wp-json\/wp\/v2\/pages\/1223\/revisions"}],"predecessor-version":[{"id":15738,"href":"https:\/\/beachin.ch\/fr\/wp-json\/wp\/v2\/pages\/1223\/revisions\/15738"}],"wp:attachment":[{"href":"https:\/\/beachin.ch\/fr\/wp-json\/wp\/v2\/media?parent=1223"}],"curies":[{"name":"wp","href":"https:\/\/api.w.org\/{rel}","templated":true}]}}