{"id":12164,"date":"2020-06-25T10:51:07","date_gmt":"2020-06-25T08:51:07","guid":{"rendered":"https:\/\/beachin.ch\/special-bagages-gratuit-ete-automne-2020\/"},"modified":"2020-06-30T15:26:01","modified_gmt":"2020-06-30T13:26:01","slug":"special-bagages-gratuit-ete-automne-2020","status":"publish","type":"page","link":"https:\/\/beachin.ch\/fr\/special-bagages-gratuit-ete-automne-2020\/","title":{"rendered":"Sp\u00e9cial bagages gratuit \u00e9t\u00e9 \/ automne 2020"},"content":{"rendered":"<div class=\"wpb-content-wrapper\"><p>[vc_row][vc_column][vc_column_text]<\/p>\n<h1>Sp\u00e9cial bagages gratuit \u00e9t\u00e9 \/ automne 2020<\/h1>\n<p>Gr\u00e2ce aux transports publics, tu peux voyager confortablement et dans le respect du climat jusque chez nous. Et pour t&#8217;\u00e9viter de devoir porter tes bagages, nous te proposons un service bagages \u00e0 un tarif avantageux en collaboration avec les CFF. Nous venons chercher tes valises et tes sacs gratuitement \u00e0 ton domicile, et les d\u00e9posons dans ta chambre d\u2019h\u00f4tel avant ton arriv\u00e9e. Nous te chargeons \u00e9galement volontiers du trajet retour. Cette offre gratuite est valable pour toute r\u00e9servation effectu\u00e9e au plus tard le 31 octobre 2020.[\/vc_column_text][vc_btn title=&#8221;\u00bb Informations et r\u00e9servation&#8221; link=&#8221;url:https%3A%2F%2Fwww.sbb.ch%2Ffr%2Fgare-services%2Favant-le-voyage%2Fbagages%2Fbagages%2Fspecial.html|target:%20_blank|&#8221;][vc_separator][vc_btn title=&#8221;\u00bb R\u00e9server une chambre en ligne&#8221; link=&#8221;url:https%3A%2F%2Fbeachin.ch%2Ffr%2Freserver-une-chambre%2F|&#8221;][vc_btn title=&#8221;\u00bb Informations d&#8217;h\u00f4tel&#8221; link=&#8221;url:https%3A%2F%2Fbeachin.ch%2Ffr%2Fhotel%2Finformations-dhotel%2F|&#8221;][vc_btn title=&#8221;\u00bb Tarifs&#8221; link=&#8221;url:https%3A%2F%2Fbeachin.ch%2Ffr%2Fhotel%2Ftarifs%2F|&#8221;][vc_btn title=&#8221;\u00bb Nos chambres en un coup d&#8217;\u0153il &#8221; link=&#8221;url:https%3A%2F%2Fbeachin.ch%2Ffr%2Fhotel%2Finfrastructure%2F|&#8221;][\/vc_column][\/vc_row][vc_row][vc_column][vc_empty_space][\/vc_column][\/vc_row]<\/p>\n<\/div>","protected":false},"excerpt":{"rendered":"<p>[vc_row][vc_column][vc_column_text] Sp\u00e9cial bagages gratuit \u00e9t\u00e9 \/ automne 2020 Gr\u00e2ce aux transports publics, tu peux voyager confortablement et dans le respect du climat jusque chez nous. Et pour t&#8217;\u00e9viter de devoir porter tes bagages, nous te proposons un service bagages \u00e0 un tarif avantageux en collaboration avec les CFF. Nous venons chercher tes valises et tes <a class=\"more-link\" href=\"https:\/\/beachin.ch\/fr\/special-bagages-gratuit-ete-automne-2020\/\">weiterlesen&#8230;<\/a><\/p>\n","protected":false},"author":1,"featured_media":0,"parent":0,"menu_order":0,"comment_status":"closed","ping_status":"closed","template":"","meta":{"footnotes":""},"yoast_head":"<!-- This site is optimized with the Yoast SEO plugin v14.4.1 - https:\/\/yoast.com\/wordpress\/plugins\/seo\/ -->\n<title>Sp\u00e9cial bagages gratuit \u00e9t\u00e9 \/ automne 2020 &ndash; BeachIN Sport, Bar &amp; Hotel<\/title>\n<meta name=\"robots\" content=\"index, follow\" \/>\n<meta name=\"googlebot\" content=\"index, follow, max-snippet:-1, max-image-preview:large, max-video-preview:-1\" \/>\n<meta name=\"bingbot\" content=\"index, follow, max-snippet:-1, max-image-preview:large, max-video-preview:-1\" \/>\n<link rel=\"canonical\" href=\"https:\/\/beachin.ch\/fr\/special-bagages-gratuit-ete-automne-2020\/\" \/>\n<meta property=\"og:locale\" content=\"fr_FR\" \/>\n<meta property=\"og:type\" content=\"article\" \/>\n<meta property=\"og:title\" content=\"Sp\u00e9cial bagages gratuit \u00e9t\u00e9 \/ automne 2020 &ndash; BeachIN Sport, Bar &amp; Hotel\" \/>\n<meta property=\"og:description\" content=\"[vc_row][vc_column][vc_column_text] Sp\u00e9cial bagages gratuit \u00e9t\u00e9 \/ automne 2020 Gr\u00e2ce aux transports publics, tu peux voyager confortablement et dans le respect du climat jusque chez nous. Et pour t&#8217;\u00e9viter de devoir porter tes bagages, nous te proposons un service bagages \u00e0 un tarif avantageux en collaboration avec les CFF. Nous venons chercher tes valises et tes weiterlesen...\" \/>\n<meta property=\"og:url\" content=\"https:\/\/beachin.ch\/fr\/special-bagages-gratuit-ete-automne-2020\/\" \/>\n<meta property=\"og:site_name\" content=\"BeachIN Sport, Bar &amp; Hotel\" \/>\n<meta property=\"article:modified_time\" content=\"2020-06-30T13:26:01+00:00\" \/>\n<meta name=\"twitter:card\" content=\"summary_large_image\" \/>\n<script type=\"application\/ld+json\" class=\"yoast-schema-graph\">{\"@context\":\"https:\/\/schema.org\",\"@graph\":[{\"@type\":\"WebSite\",\"@id\":\"https:\/\/beachin.ch\/fr\/#website\",\"url\":\"https:\/\/beachin.ch\/fr\/\",\"name\":\"BeachIN Sport, Bar &amp; Hotel\",\"description\":\"Strandfeeling das ganze Jahr!\",\"potentialAction\":[{\"@type\":\"SearchAction\",\"target\":\"https:\/\/beachin.ch\/fr\/?s={search_term_string}\",\"query-input\":\"required name=search_term_string\"}],\"inLanguage\":\"fr-FR\"},{\"@type\":\"WebPage\",\"@id\":\"https:\/\/beachin.ch\/fr\/special-bagages-gratuit-ete-automne-2020\/#webpage\",\"url\":\"https:\/\/beachin.ch\/fr\/special-bagages-gratuit-ete-automne-2020\/\",\"name\":\"Sp\\u00e9cial bagages gratuit \\u00e9t\\u00e9 \/ automne 2020 &ndash; BeachIN Sport, Bar &amp; Hotel\",\"isPartOf\":{\"@id\":\"https:\/\/beachin.ch\/fr\/#website\"},\"datePublished\":\"2020-06-25T08:51:07+00:00\",\"dateModified\":\"2020-06-30T13:26:01+00:00\",\"inLanguage\":\"fr-FR\",\"potentialAction\":[{\"@type\":\"ReadAction\",\"target\":[\"https:\/\/beachin.ch\/fr\/special-bagages-gratuit-ete-automne-2020\/\"]}]}]}<\/script>\n<!-- \/ Yoast SEO plugin. -->","_links":{"self":[{"href":"https:\/\/beachin.ch\/fr\/wp-json\/wp\/v2\/pages\/12164"}],"collection":[{"href":"https:\/\/beachin.ch\/fr\/wp-json\/wp\/v2\/pages"}],"about":[{"href":"https:\/\/beachin.ch\/fr\/wp-json\/wp\/v2\/types\/page"}],"author":[{"embeddable":true,"href":"https:\/\/beachin.ch\/fr\/wp-json\/wp\/v2\/users\/1"}],"replies":[{"embeddable":true,"href":"https:\/\/beachin.ch\/fr\/wp-json\/wp\/v2\/comments?post=12164"}],"version-history":[{"count":2,"href":"https:\/\/beachin.ch\/fr\/wp-json\/wp\/v2\/pages\/12164\/revisions"}],"predecessor-version":[{"id":12199,"href":"https:\/\/beachin.ch\/fr\/wp-json\/wp\/v2\/pages\/12164\/revisions\/12199"}],"wp:attachment":[{"href":"https:\/\/beachin.ch\/fr\/wp-json\/wp\/v2\/media?parent=12164"}],"curies":[{"name":"wp","href":"https:\/\/api.w.org\/{rel}","templated":true}]}}