{"id":1216,"date":"2018-11-22T17:07:07","date_gmt":"2018-11-22T16:07:07","guid":{"rendered":"https:\/\/beachin.ch\/wordpress\/evenements\/"},"modified":"2021-12-23T13:02:26","modified_gmt":"2021-12-23T12:02:26","slug":"evenements","status":"publish","type":"page","link":"https:\/\/beachin.ch\/fr\/evenements\/","title":{"rendered":"Ev\u00e9nements"},"content":{"rendered":"<div class=\"wpb-content-wrapper\"><p>[vc_row css_animation=&#8221;bottom-to-top&#8221;][vc_column][vc_column_text]<\/p>\n<h1 class=\"csc-firstHeader\" style=\"text-align: left;\" data-fittext-level=\"0.00\">\u00c9v\u00e9nements<\/h1>\n<p>Nous organisons pour vous l&#8217;\u00e9v\u00e9nement parfait, individuel et sur mesure ! Dans le Beach Hall, qui peut accueillir un maximum de 400 personnes, tout est possible ! Nous sommes \u00e9galement heureux de travailler avec des partenaires (agences \u00e9v\u00e9nementielles, traiteurs, organisateurs d&#8217;\u00e9v\u00e9nements, etc.) et, bien entendu, une visite sur place sans engagement est possible \u00e0 tout moment. Nos forfaits \u00e9v\u00e9nementiels vous donnent une id\u00e9e de la mani\u00e8re dont votre \u00e9v\u00e9nement pourrait se d\u00e9rouler dans le sable.<\/p>\n<p>Sous nos palmiers, chaque f\u00eate peut \u00eatre c\u00e9l\u00e9br\u00e9e dans la chaleur de l&#8217;\u00e9t\u00e9 &#8211; et cela en tongs et en v\u00eatements d&#8217;\u00e9t\u00e9. Le mur de LED, les lumi\u00e8res de partie, le syst\u00e8me audio sont install\u00e9s en permanence et disponibles. Nous installerons votre f\u00eate avec des salons confortables, des d\u00e9corations de f\u00eate, une tireuse \u00e0 bi\u00e8re ou m\u00eame une cabine de DJ et nous serons heureux de vous servir, vous et vos invit\u00e9s, pendant et avant la f\u00eate au Beach Bar et\/ou de vous aider \u00e0 l&#8217;organiser. Toutefois, l&#8217;ensemble de l&#8217;infrastructure de la salle BeachIN peut \u00e9galement \u00eatre lou\u00e9 sans personnel.<\/p>\n<p>&nbsp;<\/p>\n<p style=\"text-align: left;\"><strong>Une s\u00e9lection d&#8217;id\u00e9es:<\/strong><\/p>\n<p style=\"text-align: left;\"><a href=\"https:\/\/beachin.ch\/events-im-sand\/eventpakete\/beachparty\/\" target=\"_blank\" rel=\"noopener noreferrer\">Beachparty<\/a> \/ Beachbrunch \/ Beachdinner \/ Ap\u00e9ros \/ \u00c9v\u00e9nements d&#8217;entreprise \/Anniversaire \/ F\u00eate d&#8217;enfants \/ Mariage \/ Anniversaire \/ R\u00e9unions \/ Pr\u00e9sentations \/ Incentives \/ <a href=\"https:\/\/beachin.ch\/events-im-sand\/firmenanlaesse\/\" target=\"_blank\" rel=\"noopener noreferrer\">Beachgames<\/a> etc.<\/p>\n<p>[\/vc_column_text][vc_btn title=&#8221;\u00bb aux paquets d&#8217;\u00e9v\u00e9nements&#8221; align=&#8221;left&#8221; link=&#8221;url:https%3A%2F%2Fbeachin.ch%2Ffr%2Fevenements%2Fpaquets-devenement%2F|title:Eventpakete|&#8221;][vc_column_text]<a href=\"https:\/\/beachin.ch\/fr\/contact\/\">Contactez-nous<\/a>, nous sommes heureux de vous aider.[\/vc_column_text][vc_single_image image=&#8221;15803&#8243;][\/vc_column][\/vc_row][vc_row][vc_column][vc_separator][vc_btn title=&#8221;\u00bb Infrastructure&#8221; link=&#8221;url:https%3A%2F%2Fbeachin.ch%2Ffr%2Fevenements%2Finfrastructure%2F|&#8221; css=&#8221;.vc_custom_1640260930293{margin-right: 10px !important;}&#8221;][vc_btn title=&#8221;\u00bb exemples d&#8217;\u00e9v\u00e9nements&#8221; link=&#8221;url:https%3A%2F%2Fbeachin.ch%2Ffr%2Fevenements%2Fpaquets-devenement%2F|&#8221; css=&#8221;.vc_custom_1640260936243{margin-right: 10px !important;}&#8221;][vc_btn title=&#8221;\u00bb calendrier des \u00e9v\u00e9nements&#8221; link=&#8221;url:https%3A%2F%2Fbeachin.ch%2Fevents%2F|&#8221; css=&#8221;.vc_custom_1640260943031{margin-right: 10px !important;}&#8221;][vc_btn title=&#8221;\u00bb tarifs&#8221; link=&#8221;url:https%3A%2F%2Fbeachin.ch%2Ffr%2Fevenements%2Ftarifs%2F|&#8221;][vc_empty_space][\/vc_column][vc_column][\/vc_column][\/vc_row]<\/p>\n<\/div>","protected":false},"excerpt":{"rendered":"<p>[vc_row css_animation=&#8221;bottom-to-top&#8221;][vc_column][vc_column_text] \u00c9v\u00e9nements Nous organisons pour vous l&#8217;\u00e9v\u00e9nement parfait, individuel et sur mesure ! Dans le Beach Hall, qui peut accueillir un maximum de 400 personnes, tout est possible ! Nous sommes \u00e9galement heureux de travailler avec des partenaires (agences \u00e9v\u00e9nementielles, traiteurs, organisateurs d&#8217;\u00e9v\u00e9nements, etc.) et, bien entendu, une visite sur place sans engagement est <a class=\"more-link\" href=\"https:\/\/beachin.ch\/fr\/evenements\/\">weiterlesen&#8230;<\/a><\/p>\n","protected":false},"author":1,"featured_media":0,"parent":0,"menu_order":0,"comment_status":"closed","ping_status":"closed","template":"","meta":{"footnotes":""},"yoast_head":"<!-- This site is optimized with the Yoast SEO plugin v14.4.1 - https:\/\/yoast.com\/wordpress\/plugins\/seo\/ -->\n<title>Ev\u00e9nements &ndash; BeachIN Sport, Bar &amp; Hotel<\/title>\n<meta name=\"description\" content=\"Est-ce que tu veux f\u00eater ton anniversaire, ton mariage, un team-event...? L&#039;infrastructure de le hall de BeachIN est le local parfait pour toi!\" \/>\n<meta name=\"robots\" content=\"index, follow\" \/>\n<meta name=\"googlebot\" content=\"index, follow, max-snippet:-1, max-image-preview:large, max-video-preview:-1\" \/>\n<meta name=\"bingbot\" content=\"index, follow, max-snippet:-1, max-image-preview:large, max-video-preview:-1\" \/>\n<link rel=\"canonical\" href=\"https:\/\/beachin.ch\/fr\/evenements\/\" \/>\n<meta property=\"og:locale\" content=\"fr_FR\" \/>\n<meta property=\"og:type\" content=\"article\" \/>\n<meta property=\"og:title\" content=\"Ev\u00e9nements &ndash; BeachIN Sport, Bar &amp; Hotel\" \/>\n<meta property=\"og:description\" content=\"Est-ce que tu veux f\u00eater ton anniversaire, ton mariage, un team-event...? L&#039;infrastructure de le hall de BeachIN est le local parfait pour toi!\" \/>\n<meta property=\"og:url\" content=\"https:\/\/beachin.ch\/fr\/evenements\/\" \/>\n<meta property=\"og:site_name\" content=\"BeachIN Sport, Bar &amp; Hotel\" \/>\n<meta property=\"article:modified_time\" content=\"2021-12-23T12:02:26+00:00\" \/>\n<meta name=\"twitter:card\" content=\"summary_large_image\" \/>\n<script type=\"application\/ld+json\" class=\"yoast-schema-graph\">{\"@context\":\"https:\/\/schema.org\",\"@graph\":[{\"@type\":\"WebSite\",\"@id\":\"https:\/\/beachin.ch\/fr\/#website\",\"url\":\"https:\/\/beachin.ch\/fr\/\",\"name\":\"BeachIN Sport, Bar &amp; Hotel\",\"description\":\"Strandfeeling das ganze Jahr!\",\"potentialAction\":[{\"@type\":\"SearchAction\",\"target\":\"https:\/\/beachin.ch\/fr\/?s={search_term_string}\",\"query-input\":\"required name=search_term_string\"}],\"inLanguage\":\"fr-FR\"},{\"@type\":\"WebPage\",\"@id\":\"https:\/\/beachin.ch\/fr\/evenements\/#webpage\",\"url\":\"https:\/\/beachin.ch\/fr\/evenements\/\",\"name\":\"Ev\\u00e9nements &ndash; BeachIN Sport, Bar &amp; Hotel\",\"isPartOf\":{\"@id\":\"https:\/\/beachin.ch\/fr\/#website\"},\"datePublished\":\"2018-11-22T16:07:07+00:00\",\"dateModified\":\"2021-12-23T12:02:26+00:00\",\"description\":\"Est-ce que tu veux f\\u00eater ton anniversaire, ton mariage, un team-event...? L'infrastructure de le hall de BeachIN est le local parfait pour toi!\",\"inLanguage\":\"fr-FR\",\"potentialAction\":[{\"@type\":\"ReadAction\",\"target\":[\"https:\/\/beachin.ch\/fr\/evenements\/\"]}]}]}<\/script>\n<!-- \/ Yoast SEO plugin. -->","_links":{"self":[{"href":"https:\/\/beachin.ch\/fr\/wp-json\/wp\/v2\/pages\/1216"}],"collection":[{"href":"https:\/\/beachin.ch\/fr\/wp-json\/wp\/v2\/pages"}],"about":[{"href":"https:\/\/beachin.ch\/fr\/wp-json\/wp\/v2\/types\/page"}],"author":[{"embeddable":true,"href":"https:\/\/beachin.ch\/fr\/wp-json\/wp\/v2\/users\/1"}],"replies":[{"embeddable":true,"href":"https:\/\/beachin.ch\/fr\/wp-json\/wp\/v2\/comments?post=1216"}],"version-history":[{"count":26,"href":"https:\/\/beachin.ch\/fr\/wp-json\/wp\/v2\/pages\/1216\/revisions"}],"predecessor-version":[{"id":17620,"href":"https:\/\/beachin.ch\/fr\/wp-json\/wp\/v2\/pages\/1216\/revisions\/17620"}],"wp:attachment":[{"href":"https:\/\/beachin.ch\/fr\/wp-json\/wp\/v2\/media?parent=1216"}],"curies":[{"name":"wp","href":"https:\/\/api.w.org\/{rel}","templated":true}]}}