{"id":11227,"date":"2020-03-14T19:16:56","date_gmt":"2020-03-14T18:16:56","guid":{"rendered":"https:\/\/beachin.ch\/?page_id=11227"},"modified":"2022-02-16T16:33:34","modified_gmt":"2022-02-16T15:33:34","slug":"infos-corona-au-beachin","status":"publish","type":"page","link":"https:\/\/beachin.ch\/fr\/infos-corona-au-beachin\/","title":{"rendered":"Infos Corona au BeachIN"},"content":{"rendered":"<div class=\"wpb-content-wrapper\"><p>[vc_row][vc_column][vc_column_text]\u00c0 partir du jeudi 17 f\u00e9vrier 2022, le BeachIN pourra \u00eatre visit\u00e9 sans certificat ni masque.<br \/>\nNous nous r\u00e9jouissons de pouvoir accueillir \u00e0 nouveau tous les visiteurs !<br \/>\nNous prions nos visiteurs de continuer \u00e0 respecter les mesures d&#8217;hygi\u00e8ne et les recommandations de la Conf\u00e9d\u00e9ration et du canton.<br \/>\nRestez en bonne sant\u00e9 et \u00e0 bient\u00f4t au BeachIN.<\/p>\n<p>Information de la Conf\u00e9d\u00e9ration : <a href=\"https:\/\/www.bag.admin.ch\/bag\/fr\/home\/das-bag\/aktuell\/medienmitteilungen.msg-id-87216.html\" target=\"_blank\" rel=\"noopener noreferrer\">www.bag.admin.ch<\/a><br \/>\nInformation canton de Berne : <a href=\"https:\/\/www.besondere-lage.sites.be.ch\/fr\/start\/news\/medienmitteilungen.html?newsID=8e370f98-4240-4511-8035-2b544f9c25b0\" target=\"_blank\" rel=\"noopener noreferrer\">www.besondere-lage.sites.be.ch\/fr<\/a>[\/vc_column_text][\/vc_column][\/vc_row]<\/p>\n<\/div>","protected":false},"excerpt":{"rendered":"<p>[vc_row][vc_column][vc_column_text]\u00c0 partir du jeudi 17 f\u00e9vrier 2022, le BeachIN pourra \u00eatre visit\u00e9 sans certificat ni masque. Nous nous r\u00e9jouissons de pouvoir accueillir \u00e0 nouveau tous les visiteurs ! Nous prions nos visiteurs de continuer \u00e0 respecter les mesures d&#8217;hygi\u00e8ne et les recommandations de la Conf\u00e9d\u00e9ration et du canton. Restez en bonne sant\u00e9 et \u00e0 bient\u00f4t <a class=\"more-link\" href=\"https:\/\/beachin.ch\/fr\/infos-corona-au-beachin\/\">weiterlesen&#8230;<\/a><\/p>\n","protected":false},"author":1,"featured_media":0,"parent":0,"menu_order":0,"comment_status":"closed","ping_status":"closed","template":"","meta":{"footnotes":""},"yoast_head":"<!-- This site is optimized with the Yoast SEO plugin v14.4.1 - https:\/\/yoast.com\/wordpress\/plugins\/seo\/ -->\n<title>Infos Corona au BeachIN &ndash; BeachIN Sport, Bar &amp; Hotel<\/title>\n<meta name=\"robots\" content=\"index, follow\" \/>\n<meta name=\"googlebot\" content=\"index, follow, max-snippet:-1, max-image-preview:large, max-video-preview:-1\" \/>\n<meta name=\"bingbot\" content=\"index, follow, max-snippet:-1, max-image-preview:large, max-video-preview:-1\" \/>\n<link rel=\"canonical\" href=\"https:\/\/beachin.ch\/fr\/infos-corona-au-beachin\/\" \/>\n<meta property=\"og:locale\" content=\"fr_FR\" \/>\n<meta property=\"og:type\" content=\"article\" \/>\n<meta property=\"og:title\" content=\"Infos Corona au BeachIN &ndash; BeachIN Sport, Bar &amp; Hotel\" \/>\n<meta property=\"og:description\" content=\"[vc_row][vc_column][vc_column_text]\u00c0 partir du jeudi 17 f\u00e9vrier 2022, le BeachIN pourra \u00eatre visit\u00e9 sans certificat ni masque. Nous nous r\u00e9jouissons de pouvoir accueillir \u00e0 nouveau tous les visiteurs ! Nous prions nos visiteurs de continuer \u00e0 respecter les mesures d&#8217;hygi\u00e8ne et les recommandations de la Conf\u00e9d\u00e9ration et du canton. Restez en bonne sant\u00e9 et \u00e0 bient\u00f4t weiterlesen...\" \/>\n<meta property=\"og:url\" content=\"https:\/\/beachin.ch\/fr\/infos-corona-au-beachin\/\" \/>\n<meta property=\"og:site_name\" content=\"BeachIN Sport, Bar &amp; Hotel\" \/>\n<meta property=\"article:modified_time\" content=\"2022-02-16T15:33:34+00:00\" \/>\n<meta name=\"twitter:card\" content=\"summary_large_image\" \/>\n<script type=\"application\/ld+json\" class=\"yoast-schema-graph\">{\"@context\":\"https:\/\/schema.org\",\"@graph\":[{\"@type\":\"WebSite\",\"@id\":\"https:\/\/beachin.ch\/fr\/#website\",\"url\":\"https:\/\/beachin.ch\/fr\/\",\"name\":\"BeachIN Sport, Bar &amp; Hotel\",\"description\":\"Strandfeeling das ganze Jahr!\",\"potentialAction\":[{\"@type\":\"SearchAction\",\"target\":\"https:\/\/beachin.ch\/fr\/?s={search_term_string}\",\"query-input\":\"required name=search_term_string\"}],\"inLanguage\":\"fr-FR\"},{\"@type\":\"WebPage\",\"@id\":\"https:\/\/beachin.ch\/fr\/infos-corona-au-beachin\/#webpage\",\"url\":\"https:\/\/beachin.ch\/fr\/infos-corona-au-beachin\/\",\"name\":\"Infos Corona au BeachIN &ndash; BeachIN Sport, Bar &amp; Hotel\",\"isPartOf\":{\"@id\":\"https:\/\/beachin.ch\/fr\/#website\"},\"datePublished\":\"2020-03-14T18:16:56+00:00\",\"dateModified\":\"2022-02-16T15:33:34+00:00\",\"inLanguage\":\"fr-FR\",\"potentialAction\":[{\"@type\":\"ReadAction\",\"target\":[\"https:\/\/beachin.ch\/fr\/infos-corona-au-beachin\/\"]}]}]}<\/script>\n<!-- \/ Yoast SEO plugin. -->","_links":{"self":[{"href":"https:\/\/beachin.ch\/fr\/wp-json\/wp\/v2\/pages\/11227"}],"collection":[{"href":"https:\/\/beachin.ch\/fr\/wp-json\/wp\/v2\/pages"}],"about":[{"href":"https:\/\/beachin.ch\/fr\/wp-json\/wp\/v2\/types\/page"}],"author":[{"embeddable":true,"href":"https:\/\/beachin.ch\/fr\/wp-json\/wp\/v2\/users\/1"}],"replies":[{"embeddable":true,"href":"https:\/\/beachin.ch\/fr\/wp-json\/wp\/v2\/comments?post=11227"}],"version-history":[{"count":71,"href":"https:\/\/beachin.ch\/fr\/wp-json\/wp\/v2\/pages\/11227\/revisions"}],"predecessor-version":[{"id":18195,"href":"https:\/\/beachin.ch\/fr\/wp-json\/wp\/v2\/pages\/11227\/revisions\/18195"}],"wp:attachment":[{"href":"https:\/\/beachin.ch\/fr\/wp-json\/wp\/v2\/media?parent=11227"}],"curies":[{"name":"wp","href":"https:\/\/api.w.org\/{rel}","templated":true}]}}