{"id":11132,"date":"2020-03-04T10:15:34","date_gmt":"2020-03-04T09:15:34","guid":{"rendered":"https:\/\/beachin.ch\/sport-de-plage\/tournois\/tournois-fun-22-mixed-19-01-2020\/"},"modified":"2020-03-04T10:18:15","modified_gmt":"2020-03-04T09:18:15","slug":"tournois-fun-22-mixed-19-01-2020","status":"publish","type":"page","link":"https:\/\/beachin.ch\/fr\/sport-de-plage\/tournois\/tournois-fun-22-mixed-19-01-2020\/","title":{"rendered":"Tournois &#8220;fun&#8221; 2:2 mixed &#8211; 19.01.2020"},"content":{"rendered":"<div class=\"wpb-content-wrapper\"><p>[vc_row][vc_column][vc_column_text]<\/p>\n<h1>Revue Tournois &#8220;fun&#8221; 2:2 mixte du 19.01.2020<\/h1>\n<p>Le tournoi &#8220;fun&#8221; mixte du dimanche 19.01.2020 avec 12 \u00e9quipes a \u00e9t\u00e9 un succ\u00e8s complet. Pendant environ 9 h, les \u00e9quipes se sont battues \u00e0 un niveau \u00e9lev\u00e9 jusqu&#8217;\u00e0 ce qu&#8217;elles tombent et offrent un volley-ball de plage attrayant. Nous tenons \u00e0 remercier tous ceux qui \u00e9taient pr\u00e9sents et \u00e0 f\u00e9liciter les gagnants du tournoi :<\/p>\n<p>1\u00e8re place : Z B\u00e4\u00e4m-Team<br \/>\n2\u00e8me place : Chupa chups<br \/>\n3\u00e8me place: Kiss my ace<\/p>\n<p><a href=\"https:\/\/beachin.ch\/wp-content\/uploads\/2019\/11\/Resultate_funturnier_beachin_190120.pdf\" target=\"_blank\" rel=\"noopener noreferrer\"><em>\u00bb <\/em>Tous les r\u00e9sultats\u00a0<\/a><\/p>\n<p>Les feedbacks des participants :<\/p>\n<p><em>\u00abGanz geil organisiert &#8211; het brutau gf\u00e4gt, merci!\u00bb \/ \u00abWar sehr cool! Danke vielmals!\u00bb \/ \u00abSuper Infrastruktur und gut organisiert, gerne wieder.\u00bb \/ \u00abTolle Location, wir hatten viel Spass und gingen m\u00fcde aber zufrieden nach Hause.\u00bb \/ \u00abSuper Turnier, wir waren sehr gerne bei euch\u00bb.<\/em>[\/vc_column_text][\/vc_column][\/vc_row][vc_row][vc_column][vc_media_grid grid_id=&#8221;vc_gid:1583311956616-b942c5d4-3da5-5&#8243; include=&#8221;9616,9619,9622,9625&#8243;][\/vc_column][\/vc_row][vc_row][vc_column][vc_row_inner][vc_column_inner][vc_separator][vc_btn title=&#8221;Retour au Tournois&#8221; link=&#8221;url:https%3A%2F%2Fbeachin.ch%2Ffr%2Fsport-de-plage%2Ftournois%2F|title:Tournois|&#8221;][vc_empty_space][\/vc_column_inner][\/vc_row_inner][\/vc_column][\/vc_row]<\/p>\n<\/div>","protected":false},"excerpt":{"rendered":"<p>[vc_row][vc_column][vc_column_text] Revue Tournois &#8220;fun&#8221; 2:2 mixte du 19.01.2020 Le tournoi &#8220;fun&#8221; mixte du dimanche 19.01.2020 avec 12 \u00e9quipes a \u00e9t\u00e9 un succ\u00e8s complet. Pendant environ 9 h, les \u00e9quipes se sont battues \u00e0 un niveau \u00e9lev\u00e9 jusqu&#8217;\u00e0 ce qu&#8217;elles tombent et offrent un volley-ball de plage attrayant. Nous tenons \u00e0 remercier tous ceux qui \u00e9taient <a class=\"more-link\" href=\"https:\/\/beachin.ch\/fr\/sport-de-plage\/tournois\/tournois-fun-22-mixed-19-01-2020\/\">weiterlesen&#8230;<\/a><\/p>\n","protected":false},"author":1,"featured_media":0,"parent":6276,"menu_order":0,"comment_status":"closed","ping_status":"closed","template":"","meta":{"footnotes":""},"yoast_head":"<!-- This site is optimized with the Yoast SEO plugin v14.4.1 - https:\/\/yoast.com\/wordpress\/plugins\/seo\/ -->\n<title>Tournois &quot;fun&quot; 2:2 mixed - 19.01.2020 &ndash; BeachIN Sport, Bar &amp; Hotel<\/title>\n<meta name=\"robots\" content=\"index, follow\" \/>\n<meta name=\"googlebot\" content=\"index, follow, max-snippet:-1, max-image-preview:large, max-video-preview:-1\" \/>\n<meta name=\"bingbot\" content=\"index, follow, max-snippet:-1, max-image-preview:large, max-video-preview:-1\" \/>\n<link rel=\"canonical\" href=\"https:\/\/beachin.ch\/fr\/sport-de-plage\/tournois\/tournois-fun-22-mixed-19-01-2020\/\" \/>\n<meta property=\"og:locale\" content=\"fr_FR\" \/>\n<meta property=\"og:type\" content=\"article\" \/>\n<meta property=\"og:title\" content=\"Tournois &quot;fun&quot; 2:2 mixed - 19.01.2020 &ndash; BeachIN Sport, Bar &amp; Hotel\" \/>\n<meta property=\"og:description\" content=\"[vc_row][vc_column][vc_column_text] Revue Tournois &#8220;fun&#8221; 2:2 mixte du 19.01.2020 Le tournoi &#8220;fun&#8221; mixte du dimanche 19.01.2020 avec 12 \u00e9quipes a \u00e9t\u00e9 un succ\u00e8s complet. Pendant environ 9 h, les \u00e9quipes se sont battues \u00e0 un niveau \u00e9lev\u00e9 jusqu&#8217;\u00e0 ce qu&#8217;elles tombent et offrent un volley-ball de plage attrayant. Nous tenons \u00e0 remercier tous ceux qui \u00e9taient weiterlesen...\" \/>\n<meta property=\"og:url\" content=\"https:\/\/beachin.ch\/fr\/sport-de-plage\/tournois\/tournois-fun-22-mixed-19-01-2020\/\" \/>\n<meta property=\"og:site_name\" content=\"BeachIN Sport, Bar &amp; Hotel\" \/>\n<meta property=\"article:modified_time\" content=\"2020-03-04T09:18:15+00:00\" \/>\n<meta name=\"twitter:card\" content=\"summary_large_image\" \/>\n<script type=\"application\/ld+json\" class=\"yoast-schema-graph\">{\"@context\":\"https:\/\/schema.org\",\"@graph\":[{\"@type\":\"WebSite\",\"@id\":\"https:\/\/beachin.ch\/fr\/#website\",\"url\":\"https:\/\/beachin.ch\/fr\/\",\"name\":\"BeachIN Sport, Bar &amp; Hotel\",\"description\":\"Strandfeeling das ganze Jahr!\",\"potentialAction\":[{\"@type\":\"SearchAction\",\"target\":\"https:\/\/beachin.ch\/fr\/?s={search_term_string}\",\"query-input\":\"required name=search_term_string\"}],\"inLanguage\":\"fr-FR\"},{\"@type\":\"WebPage\",\"@id\":\"https:\/\/beachin.ch\/fr\/sport-de-plage\/tournois\/tournois-fun-22-mixed-19-01-2020\/#webpage\",\"url\":\"https:\/\/beachin.ch\/fr\/sport-de-plage\/tournois\/tournois-fun-22-mixed-19-01-2020\/\",\"name\":\"Tournois \\\"fun\\\" 2:2 mixed - 19.01.2020 &ndash; BeachIN Sport, Bar &amp; Hotel\",\"isPartOf\":{\"@id\":\"https:\/\/beachin.ch\/fr\/#website\"},\"datePublished\":\"2020-03-04T09:15:34+00:00\",\"dateModified\":\"2020-03-04T09:18:15+00:00\",\"inLanguage\":\"fr-FR\",\"potentialAction\":[{\"@type\":\"ReadAction\",\"target\":[\"https:\/\/beachin.ch\/fr\/sport-de-plage\/tournois\/tournois-fun-22-mixed-19-01-2020\/\"]}]}]}<\/script>\n<!-- \/ Yoast SEO plugin. -->","_links":{"self":[{"href":"https:\/\/beachin.ch\/fr\/wp-json\/wp\/v2\/pages\/11132"}],"collection":[{"href":"https:\/\/beachin.ch\/fr\/wp-json\/wp\/v2\/pages"}],"about":[{"href":"https:\/\/beachin.ch\/fr\/wp-json\/wp\/v2\/types\/page"}],"author":[{"embeddable":true,"href":"https:\/\/beachin.ch\/fr\/wp-json\/wp\/v2\/users\/1"}],"replies":[{"embeddable":true,"href":"https:\/\/beachin.ch\/fr\/wp-json\/wp\/v2\/comments?post=11132"}],"version-history":[{"count":3,"href":"https:\/\/beachin.ch\/fr\/wp-json\/wp\/v2\/pages\/11132\/revisions"}],"predecessor-version":[{"id":11135,"href":"https:\/\/beachin.ch\/fr\/wp-json\/wp\/v2\/pages\/11132\/revisions\/11135"}],"up":[{"embeddable":true,"href":"https:\/\/beachin.ch\/fr\/wp-json\/wp\/v2\/pages\/6276"}],"wp:attachment":[{"href":"https:\/\/beachin.ch\/fr\/wp-json\/wp\/v2\/media?parent=11132"}],"curies":[{"name":"wp","href":"https:\/\/api.w.org\/{rel}","templated":true}]}}