{"id":11046,"date":"2020-02-27T08:58:25","date_gmt":"2020-02-27T07:58:25","guid":{"rendered":"https:\/\/beachin.ch\/evenements\/hello-spring-oldies-party\/"},"modified":"2021-06-28T14:24:17","modified_gmt":"2021-06-28T12:24:17","slug":"oldies-party","status":"publish","type":"page","link":"https:\/\/beachin.ch\/fr\/evenements\/oldies-party\/","title":{"rendered":"Oldies &#8211; Beachparty"},"content":{"rendered":"<div class=\"wpb-content-wrapper\"><p>[vc_row][vc_column][vc_column_text]<\/p>\n<h2>Oldies &#8211; Beachparty et visionnage public le 03 juillet 2021<\/h2>\n<p>Les nouvelles mesures depuis le 26.06.2021 s&#8217;appliquent \u00e9galement aux op\u00e9rations \u00e9v\u00e9nementielles de BeachIN! Les manifestations publiques sont \u00e0 nouveau possibles dans le respect des r\u00e8gles applicables!<\/p>\n<p><strong>Admission dans les conditions suivantes :<\/strong><\/p>\n<p><strong>Certificat Covid valide (num\u00e9rique ou papier) avec une pi\u00e8ce d&#8217;identit\u00e9 officielle valide.<\/strong><br \/>\n<strong>Test rapide sur l&#8217;antig\u00e8ne ne datant pas de plus de 24h (exceptionnellement possible sur place).<\/strong><br \/>\n<strong>En cas de sympt\u00f4mes de maladie, restez chez vous.<\/strong><br \/>\n<strong>Maximum 150 personnes (1\/3 de notre capacit\u00e9).<\/strong><br \/>\n<strong>Les personnes en \u00e9tat d&#8217;\u00e9bri\u00e9t\u00e9 avanc\u00e9 se verront \u00e9videmment refuser l&#8217;entr\u00e9e.<\/strong><br \/>\n<strong>\u00c2ge minimum 16 ans.<\/strong><\/p>\n<p><strong>Ce qui est sur :<\/strong><\/p>\n<p><strong>Une sensation de chaleur estivale par tous les temps.<\/strong><br \/>\n<strong>Demi-finale de l&#8217;EM-Public-Viewing \u00e0 partir de 18 heures.<\/strong><br \/>\n<strong>Beach volley gratuit sur un terrain toute la soir\u00e9e.<\/strong><br \/>\n<strong>Boissons fra\u00eeches et diverses sp\u00e9cialit\u00e9s culinaires.<\/strong><br \/>\n<strong>F\u00eate de 23h \u00e0 3h du matin avec des hits et des evergreens des 50 derni\u00e8res ann\u00e9es.<\/strong><br \/>\n<strong>Entr\u00e9e gratuite.<\/strong><\/p>\n<p><strong>Inscription souhait\u00e9e :<\/strong><\/p>\n<div id='formContainer1510777280' class='sfForm rednaoFormContainer SfFormElementContainer bootstrap-wrapper'><\/div><script>\n            var ajaxurl = 'https:\/\/beachin.ch\/wp-admin\/admin-ajax.php';\n            var smartFormsCurrentTime=new Date('Fri Apr 17 2026 09:24:48 +0000');\n            \tvar smartFormsUserName=\"\";\n            \tvar smartFormsFirstName=\"\";\n            \tvar smartFormsLastName=\"\";\n            \tvar smartFormsEmail=\"\";\n                var smartFormsPath=\"https:\/\/beachin.ch\/wp-content\/plugins\/smart-forms\/\";\n                var smartDonationsRootPath=\"\";\n                var smartDonationsSandbox=\"\";\n                var smartFormsAdditionalFields42=[];\n                var smartFormsDesignMode=false;\n                if(!window.smartFormsItemsToLoad)\n                    window.smartFormsItemsToLoad=new Array();                                                   \n        window.smartFormsItemsToLoad.push({ 'form_id':42,  'elements':[{\"_id\":37,\"ClassName\":\"rednaomultipleradios\",\"IsRequired\":\"y\",\"Formulas\":{},\"Styles\":{},\"ContainerOptions\":{\"Width\":-1,\"Id\":\"37\",\"Type\":\"single\"},\"Id\":\"rnField1\",\"Spacing\":\"col-sm-12\",\"Label\":\"Inscription\",\"Orientation\":\"v\",\"Options\":[{\"label\":\"Oui, je m'inscris\/nous nous inscrivons \u00e0 la projection publique \u00e0 partir de 18 heures et \u00e0 la f\u00eate des anciens\",\"value\":\"0\",\"sel\":\"n\",\"url\":\"\"},{\"label\":\"Oui, je m'inscris\/nous nous inscrivons \u00e0 la f\u00eate des anciens qui commence \u00e0 23 heures. \",\"value\":\"0\",\"sel\":\"n\",\"url\":\"\"}],\"CustomCSS\":\"\"},{\"_id\":38,\"ClassName\":\"rednaomultiplecheckboxes\",\"IsRequired\":\"y\",\"Formulas\":{},\"Styles\":{},\"ContainerOptions\":{\"Width\":-1,\"Id\":\"39\",\"Type\":\"single\"},\"Id\":\"rnField2\",\"Spacing\":\"col-sm-12\",\"Label\":\"Test Corona\",\"Orientation\":\"v\",\"Options\":[{\"label\":\"Je dispose\/nous disposons d'un certificat Covid ou d'un test d'antig\u00e8ne rapide valide.\",\"value\":\"0\",\"sel\":\"n\",\"url\":\"\"},{\"label\":\"Non, je n'ai pas \/ nous n'avons pas de certificat ou de test rapide valide et je voudrais nous faire tester sur place pour 10 CHF.\",\"value\":\"0\",\"sel\":\"n\",\"url\":\"\"}],\"CustomCSS\":\"\"},{\"_id\":39,\"ClassName\":\"rednaoselectbasic\",\"IsRequired\":\"y\",\"Formulas\":{},\"Styles\":{},\"ContainerOptions\":{\"Width\":-1,\"Id\":\"41\",\"Type\":\"single\"},\"Id\":\"rnField3\",\"Spacing\":\"col-sm-12\",\"Label\":\"nombre de personnes\",\"DefaultText\":\"choisir le nombre\",\"Options\":[{\"label\":\"1\",\"value\":\"0\",\"sel\":\"n\",\"url\":\"\"},{\"label\":\"2\",\"value\":\"0\",\"sel\":\"n\",\"url\":\"\"},{\"label\":\"3\",\"value\":\"0\",\"sel\":\"n\",\"url\":\"\"},{\"label\":\"4\",\"value\":\"0\",\"sel\":\"n\",\"url\":\"\"},{\"label\":\"5\",\"value\":\"0\",\"sel\":\"n\",\"url\":\"\"},{\"label\":\"6\",\"value\":\"0\",\"sel\":\"n\",\"url\":\"\"},{\"label\":\"7\",\"value\":\"0\",\"sel\":\"n\",\"url\":\"\"},{\"label\":\"8\",\"value\":\"0\",\"sel\":\"n\",\"url\":\"\"},{\"label\":\"9\",\"value\":\"0\",\"sel\":\"n\",\"url\":\"\"},{\"label\":\"10\",\"value\":\"0\",\"sel\":\"n\",\"url\":\"\"}],\"Width\":\"\",\"CustomCSS\":\"\",\"DefaultText_Icon\":{\"ClassName\":\"\",\"Orientation\":\"\"}},{\"_id\":40,\"ClassName\":\"rednaoname\",\"IsRequired\":\"n\",\"Formulas\":{},\"Styles\":{},\"ContainerOptions\":{\"Width\":-1,\"Id\":\"43\",\"Type\":\"single\"},\"Id\":\"rnField4\",\"Spacing\":\"col-sm-12\",\"Label\":\"Pr\u00e9nom et nom de famille\",\"FirstNamePlaceholder\":\"Pr\u00e9nom\",\"LastNamePlaceholder\":\"Nom\",\"FirstNameValue\":\"\",\"LastNameValue\":\"\",\"ReadOnly\":\"n\",\"Icon\":{\"ClassName\":\"\"},\"CustomCSS\":\"\",\"FirstNamePlaceholder_Icon\":{\"ClassName\":\"\",\"Orientation\":\"\"}},{\"_id\":41,\"ClassName\":\"rednaoemail\",\"IsRequired\":\"y\",\"Formulas\":{},\"Styles\":{},\"ContainerOptions\":{\"Width\":-1,\"Id\":\"45\",\"Type\":\"single\"},\"Id\":\"rnField5\",\"Spacing\":\"col-sm-12\",\"Label\":\"Email\",\"Placeholder\":\"\",\"Icon\":{\"ClassName\":\"\"},\"CustomCSS\":\"\",\"Placeholder_Icon\":{\"ClassName\":\"\",\"Orientation\":\"\"},\"Value\":\"\",\"ReadOnly\":\"n\"},{\"_id\":42,\"ClassName\":\"rednaonumber\",\"IsRequired\":\"y\",\"Formulas\":{},\"Styles\":{},\"ContainerOptions\":{\"Width\":-1,\"Id\":\"47\",\"Type\":\"single\"},\"Id\":\"rnField6\",\"Spacing\":\"col-sm-12\",\"Label\":\"Num\u00e9ro\",\"Placeholder\":\"\",\"NumberOfDecimals\":0,\"MaximumValue\":\"\",\"MinimumValue\":\"\",\"Decimals\":0,\"Icon\":{\"ClassName\":\"\"},\"CustomCSS\":\"\",\"Width\":\"\",\"Placeholder_Icon\":{\"ClassName\":\"\",\"Orientation\":\"\"},\"Value\":\"\"},{\"_id\":43,\"ClassName\":\"rednaotextarea\",\"IsRequired\":\"y\",\"Formulas\":{},\"Styles\":{},\"ContainerOptions\":{\"Width\":-1,\"Id\":\"49\",\"Type\":\"single\"},\"Id\":\"rnField7\",\"Spacing\":\"col-sm-12\",\"Label\":\"Commentaire\",\"DefaultText\":\"\",\"Value\":\"\",\"Width\":\"\",\"Height\":\"\",\"Placeholder\":\"\",\"Disabled\":\"n\",\"MaxLength\":\"\",\"CustomCSS\":\"\",\"Placeholder_Icon\":{\"ClassName\":\"\",\"Orientation\":\"\"}},{\"_id\":44,\"ClassName\":\"rednaosubmissionbutton\",\"IsRequired\":\"n\",\"Formulas\":{},\"Styles\":{},\"ContainerOptions\":{\"Width\":-1,\"Id\":\"51\",\"Type\":\"single\"},\"Id\":\"rnField8\",\"Spacing\":\"col-sm-12\",\"ButtonText\":\"Envoyer\",\"CustomCSS\":\"\",\"Icon\":{\"ClassName\":\"\"},\"Animated\":\"y\"}],'client_form_options':{\"JavascriptCode\":[],\"CSS\":\"\",\"Conditions\":[],\"UsesCaptcha\":\"n\",\"CaptchaVersion\":\"\",\"alert_message\":\"Votre enregistrement a r\u00e9ussi. Vous recevrez un courriel de confirmation sous peu.\",\"alert_message_cb\":\"y\",\"DontClearForm\":\"n\",\"redirect_to\":[{\"URL\":\"\",\"RCSettings\":{\"Redirect\":\"always\",\"ConditionSettings\":[]}}],\"redirect_to_cb\":\"n\",\"Campaign\":\"\",\"PayPalEmail\":\"\",\"PayPalCondition\":{},\"PayPalType\":\"donation\",\"PayPalDescription\":\"\",\"PayPalCurrency\":\"USD\",\"Formulas\":{},\"InvalidInputMessage\":\"*Please fill all the required fields\",\"FormType\":\"nor\",\"SplitSteps\":{},\"ToolTipPosition\":\"bottom\",\"Theme\":\"basic\",\"LabelLayout\":\"top\",\"Extensions\":{}},'container':'formContainer1510777280'});<\/script>[\/vc_column_text][\/vc_column][\/vc_row]<\/p>\n<\/div>","protected":false},"excerpt":{"rendered":"<p>[vc_row][vc_column][vc_column_text] Oldies &#8211; Beachparty et visionnage public le 03 juillet 2021 Les nouvelles mesures depuis le 26.06.2021 s&#8217;appliquent \u00e9galement aux op\u00e9rations \u00e9v\u00e9nementielles de BeachIN! Les manifestations publiques sont \u00e0 nouveau possibles dans le respect des r\u00e8gles applicables! Admission dans les conditions suivantes : Certificat Covid valide (num\u00e9rique ou papier) avec une pi\u00e8ce d&#8217;identit\u00e9 officielle valide. <a class=\"more-link\" href=\"https:\/\/beachin.ch\/fr\/evenements\/oldies-party\/\">weiterlesen&#8230;<\/a><\/p>\n","protected":false},"author":1,"featured_media":0,"parent":1216,"menu_order":0,"comment_status":"closed","ping_status":"closed","template":"","meta":{"footnotes":""},"yoast_head":"<!-- This site is optimized with the Yoast SEO plugin v14.4.1 - https:\/\/yoast.com\/wordpress\/plugins\/seo\/ -->\n<title>Oldies - Beachparty &ndash; BeachIN Sport, Bar &amp; Hotel<\/title>\n<meta name=\"robots\" content=\"index, follow\" \/>\n<meta name=\"googlebot\" content=\"index, follow, max-snippet:-1, max-image-preview:large, max-video-preview:-1\" \/>\n<meta name=\"bingbot\" content=\"index, follow, max-snippet:-1, max-image-preview:large, max-video-preview:-1\" \/>\n<link rel=\"canonical\" href=\"https:\/\/beachin.ch\/fr\/evenements\/oldies-party\/\" \/>\n<meta property=\"og:locale\" content=\"fr_FR\" \/>\n<meta property=\"og:type\" content=\"article\" \/>\n<meta property=\"og:title\" content=\"Oldies - Beachparty &ndash; BeachIN Sport, Bar &amp; Hotel\" \/>\n<meta property=\"og:description\" content=\"[vc_row][vc_column][vc_column_text] Oldies &#8211; Beachparty et visionnage public le 03 juillet 2021 Les nouvelles mesures depuis le 26.06.2021 s&#8217;appliquent \u00e9galement aux op\u00e9rations \u00e9v\u00e9nementielles de BeachIN! Les manifestations publiques sont \u00e0 nouveau possibles dans le respect des r\u00e8gles applicables! Admission dans les conditions suivantes : Certificat Covid valide (num\u00e9rique ou papier) avec une pi\u00e8ce d&#8217;identit\u00e9 officielle valide. weiterlesen...\" \/>\n<meta property=\"og:url\" content=\"https:\/\/beachin.ch\/fr\/evenements\/oldies-party\/\" \/>\n<meta property=\"og:site_name\" content=\"BeachIN Sport, Bar &amp; Hotel\" \/>\n<meta property=\"article:modified_time\" content=\"2021-06-28T12:24:17+00:00\" \/>\n<meta name=\"twitter:card\" content=\"summary_large_image\" \/>\n<script type=\"application\/ld+json\" class=\"yoast-schema-graph\">{\"@context\":\"https:\/\/schema.org\",\"@graph\":[{\"@type\":\"WebSite\",\"@id\":\"https:\/\/beachin.ch\/fr\/#website\",\"url\":\"https:\/\/beachin.ch\/fr\/\",\"name\":\"BeachIN Sport, Bar &amp; Hotel\",\"description\":\"Strandfeeling das ganze Jahr!\",\"potentialAction\":[{\"@type\":\"SearchAction\",\"target\":\"https:\/\/beachin.ch\/fr\/?s={search_term_string}\",\"query-input\":\"required name=search_term_string\"}],\"inLanguage\":\"fr-FR\"},{\"@type\":\"WebPage\",\"@id\":\"https:\/\/beachin.ch\/fr\/evenements\/oldies-party\/#webpage\",\"url\":\"https:\/\/beachin.ch\/fr\/evenements\/oldies-party\/\",\"name\":\"Oldies - Beachparty &ndash; BeachIN Sport, Bar &amp; Hotel\",\"isPartOf\":{\"@id\":\"https:\/\/beachin.ch\/fr\/#website\"},\"datePublished\":\"2020-02-27T07:58:25+00:00\",\"dateModified\":\"2021-06-28T12:24:17+00:00\",\"inLanguage\":\"fr-FR\",\"potentialAction\":[{\"@type\":\"ReadAction\",\"target\":[\"https:\/\/beachin.ch\/fr\/evenements\/oldies-party\/\"]}]}]}<\/script>\n<!-- \/ Yoast SEO plugin. -->","_links":{"self":[{"href":"https:\/\/beachin.ch\/fr\/wp-json\/wp\/v2\/pages\/11046"}],"collection":[{"href":"https:\/\/beachin.ch\/fr\/wp-json\/wp\/v2\/pages"}],"about":[{"href":"https:\/\/beachin.ch\/fr\/wp-json\/wp\/v2\/types\/page"}],"author":[{"embeddable":true,"href":"https:\/\/beachin.ch\/fr\/wp-json\/wp\/v2\/users\/1"}],"replies":[{"embeddable":true,"href":"https:\/\/beachin.ch\/fr\/wp-json\/wp\/v2\/comments?post=11046"}],"version-history":[{"count":13,"href":"https:\/\/beachin.ch\/fr\/wp-json\/wp\/v2\/pages\/11046\/revisions"}],"predecessor-version":[{"id":15941,"href":"https:\/\/beachin.ch\/fr\/wp-json\/wp\/v2\/pages\/11046\/revisions\/15941"}],"up":[{"embeddable":true,"href":"https:\/\/beachin.ch\/fr\/wp-json\/wp\/v2\/pages\/1216"}],"wp:attachment":[{"href":"https:\/\/beachin.ch\/fr\/wp-json\/wp\/v2\/media?parent=11046"}],"curies":[{"name":"wp","href":"https:\/\/api.w.org\/{rel}","templated":true}]}}