{"id":10992,"date":"2020-02-24T11:41:02","date_gmt":"2020-02-24T10:41:02","guid":{"rendered":"https:\/\/beachin.ch\/evenements\/archives-des-evenements\/fete-danniversaire-22-02-2020\/"},"modified":"2020-02-24T13:05:54","modified_gmt":"2020-02-24T12:05:54","slug":"fete-danniversaire-22-02-2020","status":"publish","type":"page","link":"https:\/\/beachin.ch\/fr\/evenements\/archives-des-evenements\/fete-danniversaire-22-02-2020\/","title":{"rendered":"F\u00eate d&#8217;anniversaire &#8211; 22.02.2020"},"content":{"rendered":"<div class=\"wpb-content-wrapper\"><p>[vc_row][vc_column][vc_column_text]<\/p>\n<h1>Revue de la f\u00eate d&#8217;anniversaire du 22.02.2020<\/h1>\n<p>65 personnes<\/p>\n<p>Un tournoi dans l&#8217;apr\u00e8s-midi et une soir\u00e9e sur la plage avec tous les accessoires. Pour le 50e anniversaire d&#8217;Alex, cela n&#8217;a pas pos\u00e9 de probl\u00e8me. Gr\u00e2ce \u00e0 l&#8217;aide \u00e9nergique des clients, le passage du sport aux \u00e9v\u00e9nements n&#8217;a pris qu&#8217;une petite heure. 65 personnes ont \u00e9t\u00e9 invit\u00e9es et ont pass\u00e9 une f\u00eate d&#8217;anniversaire unique pendant environ 18 heures.<\/p>\n<p><strong>Feedback Client:<\/strong><\/p>\n<p><em>Als aktive Volleyballspielerin die BeachIN-Infrastruktur f\u00fcr ein Turnier zu nutzen und im Anschluss auch noch meine &#8220;Nicht-Volleyallbegeisterten&#8221; Freunde und Verwandten zu einer Beachparty einzuladen war mein Wunsch. Das dies problemlos m\u00f6glich ist, hat das BeachIN-Team zur vollsten Zufriedenheit bewiesen. Wir hatten sehr viel Spass, alles hat wunderbar geklappt und mein Geburtstagfest wird mir ewig in Erinnerung bleiben. MERCI BeachIN!!!<\/em>[\/vc_column_text][\/vc_column][\/vc_row][vc_row][vc_column][vc_row_inner][vc_column_inner][vc_column_text]<\/p>\n<div style=\"width: 640px; margin: 0 auto; max-width: 100%;\">\n<div style=\"width: 640px;\" class=\"wp-video\"><!--[if lt IE 9]><script>document.createElement('video');<\/script><![endif]-->\n<video class=\"wp-video-shortcode\" id=\"video-10992-1\" width=\"640\" height=\"360\" preload=\"metadata\" controls=\"controls\"><source type=\"video\/mp4\" src=\"https:\/\/www.beachin.ch\/wp-content\/uploads\/2020\/02\/beachin_eventvideo.mp4?_=1\" \/><a href=\"https:\/\/www.beachin.ch\/wp-content\/uploads\/2020\/02\/beachin_eventvideo.mp4\">https:\/\/www.beachin.ch\/wp-content\/uploads\/2020\/02\/beachin_eventvideo.mp4<\/a><\/video><\/div>\n<\/div>\n<p>[\/vc_column_text][\/vc_column_inner][\/vc_row_inner][vc_media_grid grid_id=&#8221;vc_gid:1582545428084-e14c6922-b8f8-9&#8243; include=&#8221;10957,10960,10963,10951,10954&#8243;][\/vc_column][\/vc_row][vc_row][vc_column][vc_row_inner][vc_column_inner][vc_btn title=&#8221;Retour \u00e0 l&#8217;archive&#8221; link=&#8221;url:https%3A%2F%2Fbeachin.ch%2Ffr%2Fevenements%2Farchives-des-evenements%2F|title:Archives%20des%20%C3%A9v%C3%A9nements|&#8221;][vc_separator][vc_column_text]<\/p>\n<h3>Tu planifies aussi un \u00e9v\u00e9nement ?<\/h3>\n<p>Nous nous ferons un plaisir de te conseiller et de pr\u00e9parer ton offre individuelle et sans engagement.[\/vc_column_text][vc_btn title=&#8221;Demander une offre individuelle&#8221; link=&#8221;url:https%3A%2F%2Fbeachin.ch%2Ffr%2Fcontact%2F|title:Contact|&#8221;][vc_empty_space][\/vc_column_inner][\/vc_row_inner][\/vc_column][\/vc_row]<\/p>\n<\/div>","protected":false},"excerpt":{"rendered":"<p>[vc_row][vc_column][vc_column_text] Revue de la f\u00eate d&#8217;anniversaire du 22.02.2020 65 personnes Un tournoi dans l&#8217;apr\u00e8s-midi et une soir\u00e9e sur la plage avec tous les accessoires. Pour le 50e anniversaire d&#8217;Alex, cela n&#8217;a pas pos\u00e9 de probl\u00e8me. Gr\u00e2ce \u00e0 l&#8217;aide \u00e9nergique des clients, le passage du sport aux \u00e9v\u00e9nements n&#8217;a pris qu&#8217;une petite heure. 65 personnes ont <a class=\"more-link\" href=\"https:\/\/beachin.ch\/fr\/evenements\/archives-des-evenements\/fete-danniversaire-22-02-2020\/\">weiterlesen&#8230;<\/a><\/p>\n","protected":false},"author":1,"featured_media":0,"parent":9767,"menu_order":0,"comment_status":"closed","ping_status":"closed","template":"","meta":{"footnotes":""},"yoast_head":"<!-- This site is optimized with the Yoast SEO plugin v14.4.1 - https:\/\/yoast.com\/wordpress\/plugins\/seo\/ -->\n<title>F\u00eate d&#039;anniversaire - 22.02.2020 &ndash; BeachIN Sport, Bar &amp; Hotel<\/title>\n<meta name=\"robots\" content=\"index, follow\" \/>\n<meta name=\"googlebot\" content=\"index, follow, max-snippet:-1, max-image-preview:large, max-video-preview:-1\" \/>\n<meta name=\"bingbot\" content=\"index, follow, max-snippet:-1, max-image-preview:large, max-video-preview:-1\" \/>\n<link rel=\"canonical\" href=\"https:\/\/beachin.ch\/fr\/evenements\/archives-des-evenements\/fete-danniversaire-22-02-2020\/\" \/>\n<meta property=\"og:locale\" content=\"fr_FR\" \/>\n<meta property=\"og:type\" content=\"article\" \/>\n<meta property=\"og:title\" content=\"F\u00eate d&#039;anniversaire - 22.02.2020 &ndash; BeachIN Sport, Bar &amp; Hotel\" \/>\n<meta property=\"og:description\" content=\"[vc_row][vc_column][vc_column_text] Revue de la f\u00eate d&#8217;anniversaire du 22.02.2020 65 personnes Un tournoi dans l&#8217;apr\u00e8s-midi et une soir\u00e9e sur la plage avec tous les accessoires. Pour le 50e anniversaire d&#8217;Alex, cela n&#8217;a pas pos\u00e9 de probl\u00e8me. Gr\u00e2ce \u00e0 l&#8217;aide \u00e9nergique des clients, le passage du sport aux \u00e9v\u00e9nements n&#8217;a pris qu&#8217;une petite heure. 65 personnes ont weiterlesen...\" \/>\n<meta property=\"og:url\" content=\"https:\/\/beachin.ch\/fr\/evenements\/archives-des-evenements\/fete-danniversaire-22-02-2020\/\" \/>\n<meta property=\"og:site_name\" content=\"BeachIN Sport, Bar &amp; Hotel\" \/>\n<meta property=\"article:modified_time\" content=\"2020-02-24T12:05:54+00:00\" \/>\n<meta name=\"twitter:card\" content=\"summary_large_image\" \/>\n<script type=\"application\/ld+json\" class=\"yoast-schema-graph\">{\"@context\":\"https:\/\/schema.org\",\"@graph\":[{\"@type\":\"WebSite\",\"@id\":\"https:\/\/beachin.ch\/fr\/#website\",\"url\":\"https:\/\/beachin.ch\/fr\/\",\"name\":\"BeachIN Sport, Bar &amp; Hotel\",\"description\":\"Strandfeeling das ganze Jahr!\",\"potentialAction\":[{\"@type\":\"SearchAction\",\"target\":\"https:\/\/beachin.ch\/fr\/?s={search_term_string}\",\"query-input\":\"required name=search_term_string\"}],\"inLanguage\":\"fr-FR\"},{\"@type\":\"WebPage\",\"@id\":\"https:\/\/beachin.ch\/fr\/evenements\/archives-des-evenements\/fete-danniversaire-22-02-2020\/#webpage\",\"url\":\"https:\/\/beachin.ch\/fr\/evenements\/archives-des-evenements\/fete-danniversaire-22-02-2020\/\",\"name\":\"F\\u00eate d'anniversaire - 22.02.2020 &ndash; BeachIN Sport, Bar &amp; Hotel\",\"isPartOf\":{\"@id\":\"https:\/\/beachin.ch\/fr\/#website\"},\"datePublished\":\"2020-02-24T10:41:02+00:00\",\"dateModified\":\"2020-02-24T12:05:54+00:00\",\"inLanguage\":\"fr-FR\",\"potentialAction\":[{\"@type\":\"ReadAction\",\"target\":[\"https:\/\/beachin.ch\/fr\/evenements\/archives-des-evenements\/fete-danniversaire-22-02-2020\/\"]}]}]}<\/script>\n<!-- \/ Yoast SEO plugin. -->","_links":{"self":[{"href":"https:\/\/beachin.ch\/fr\/wp-json\/wp\/v2\/pages\/10992"}],"collection":[{"href":"https:\/\/beachin.ch\/fr\/wp-json\/wp\/v2\/pages"}],"about":[{"href":"https:\/\/beachin.ch\/fr\/wp-json\/wp\/v2\/types\/page"}],"author":[{"embeddable":true,"href":"https:\/\/beachin.ch\/fr\/wp-json\/wp\/v2\/users\/1"}],"replies":[{"embeddable":true,"href":"https:\/\/beachin.ch\/fr\/wp-json\/wp\/v2\/comments?post=10992"}],"version-history":[{"count":4,"href":"https:\/\/beachin.ch\/fr\/wp-json\/wp\/v2\/pages\/10992\/revisions"}],"predecessor-version":[{"id":11006,"href":"https:\/\/beachin.ch\/fr\/wp-json\/wp\/v2\/pages\/10992\/revisions\/11006"}],"up":[{"embeddable":true,"href":"https:\/\/beachin.ch\/fr\/wp-json\/wp\/v2\/pages\/9767"}],"wp:attachment":[{"href":"https:\/\/beachin.ch\/fr\/wp-json\/wp\/v2\/media?parent=10992"}],"curies":[{"name":"wp","href":"https:\/\/api.w.org\/{rel}","templated":true}]}}