{"id":10990,"date":"2020-02-24T11:38:56","date_gmt":"2020-02-24T10:38:56","guid":{"rendered":"https:\/\/beachin.ch\/evenements\/archives-des-evenements\/evenement-dentreprise-21-02-2020\/"},"modified":"2020-02-24T11:38:56","modified_gmt":"2020-02-24T10:38:56","slug":"evenement-dentreprise-21-02-2020","status":"publish","type":"page","link":"https:\/\/beachin.ch\/fr\/evenements\/archives-des-evenements\/evenement-dentreprise-21-02-2020\/","title":{"rendered":"\u00c9v\u00e9nement d&#8217;entreprise &#8211; 21.02.2020"},"content":{"rendered":"<div class=\"wpb-content-wrapper\"><p>[vc_row][vc_column][vc_column_text]<\/p>\n<h1>Revue de l&#8217;\u00e9v\u00e9nement d&#8217;entreprise le 21.02.2020<\/h1>\n<p><strong>25 Personnes<\/strong><\/p>\n<p>Un groupe d&#8217;avocats et d&#8217;experts financiers a pass\u00e9 une agr\u00e9able soir\u00e9e au BeachIN. Apr\u00e8s un bref accueil et quelques informations sur le projet BeachIN, il y a eu un ap\u00e9ritif dans le salon de la plage de sable. Ensuite, un buffet de barbecue avec diverses salades et un gratin de pommes de terre a \u00e9t\u00e9 servi \u00e0 des tables joliment dress\u00e9es. Apr\u00e8s le repas et avant le dessert, les invit\u00e9s se sont amus\u00e9s pendant une bonne heure avec divers jeux dans le sable.<\/p>\n<p><strong>Feedback Client:<\/strong><\/p>\n<p><em>Wir haben einen abwechslungsreichen und mit viel Unterhaltung gespickten Abend verbracht und sehr gut gegessen. Herzlichen Dank dem BeachIN-Team. Es hat alles reibungslos geklappt!\u00a0<\/em>[\/vc_column_text][\/vc_column][\/vc_row][vc_row][vc_column][vc_media_grid grid_id=&#8221;vc_gid:1582537694417-c00c3e41-6937-9&#8243; include=&#8221;10947,10944,10929,10932,10935,10938,10941&#8243;][\/vc_column][\/vc_row][vc_row][vc_column][vc_row_inner][vc_column_inner][vc_btn title=&#8221;Retour \u00e0 l&#8217;archive&#8221; link=&#8221;url:https%3A%2F%2Fbeachin.ch%2Ffr%2Fevenements%2Farchives-des-evenements%2F|title:Archives%20des%20%C3%A9v%C3%A9nements|&#8221;][vc_separator][vc_column_text]<\/p>\n<h3>Tu planifies aussi un \u00e9v\u00e9nement ?<\/h3>\n<p>Nous nous ferons un plaisir de te conseiller et de pr\u00e9parer ton offre individuelle et sans engagement.[\/vc_column_text][vc_btn title=&#8221;Demander une offre individuelle&#8221; link=&#8221;url:https%3A%2F%2Fbeachin.ch%2Ffr%2Fcontact%2F|title:Contact|&#8221;][vc_empty_space][\/vc_column_inner][\/vc_row_inner][\/vc_column][\/vc_row]<\/p>\n<\/div>","protected":false},"excerpt":{"rendered":"<p>[vc_row][vc_column][vc_column_text] Revue de l&#8217;\u00e9v\u00e9nement d&#8217;entreprise le 21.02.2020 25 Personnes Un groupe d&#8217;avocats et d&#8217;experts financiers a pass\u00e9 une agr\u00e9able soir\u00e9e au BeachIN. Apr\u00e8s un bref accueil et quelques informations sur le projet BeachIN, il y a eu un ap\u00e9ritif dans le salon de la plage de sable. Ensuite, un buffet de barbecue avec diverses salades <a class=\"more-link\" href=\"https:\/\/beachin.ch\/fr\/evenements\/archives-des-evenements\/evenement-dentreprise-21-02-2020\/\">weiterlesen&#8230;<\/a><\/p>\n","protected":false},"author":1,"featured_media":0,"parent":9767,"menu_order":0,"comment_status":"closed","ping_status":"closed","template":"","meta":{"footnotes":""},"yoast_head":"<!-- This site is optimized with the Yoast SEO plugin v14.4.1 - https:\/\/yoast.com\/wordpress\/plugins\/seo\/ -->\n<title>\u00c9v\u00e9nement d&#039;entreprise - 21.02.2020 &ndash; BeachIN Sport, Bar &amp; Hotel<\/title>\n<meta name=\"robots\" content=\"index, follow\" \/>\n<meta name=\"googlebot\" content=\"index, follow, max-snippet:-1, max-image-preview:large, max-video-preview:-1\" \/>\n<meta name=\"bingbot\" content=\"index, follow, max-snippet:-1, max-image-preview:large, max-video-preview:-1\" \/>\n<link rel=\"canonical\" href=\"https:\/\/beachin.ch\/fr\/evenements\/archives-des-evenements\/evenement-dentreprise-21-02-2020\/\" \/>\n<meta property=\"og:locale\" content=\"fr_FR\" \/>\n<meta property=\"og:type\" content=\"article\" \/>\n<meta property=\"og:title\" content=\"\u00c9v\u00e9nement d&#039;entreprise - 21.02.2020 &ndash; BeachIN Sport, Bar &amp; Hotel\" \/>\n<meta property=\"og:description\" content=\"[vc_row][vc_column][vc_column_text] Revue de l&#8217;\u00e9v\u00e9nement d&#8217;entreprise le 21.02.2020 25 Personnes Un groupe d&#8217;avocats et d&#8217;experts financiers a pass\u00e9 une agr\u00e9able soir\u00e9e au BeachIN. Apr\u00e8s un bref accueil et quelques informations sur le projet BeachIN, il y a eu un ap\u00e9ritif dans le salon de la plage de sable. Ensuite, un buffet de barbecue avec diverses salades weiterlesen...\" \/>\n<meta property=\"og:url\" content=\"https:\/\/beachin.ch\/fr\/evenements\/archives-des-evenements\/evenement-dentreprise-21-02-2020\/\" \/>\n<meta property=\"og:site_name\" content=\"BeachIN Sport, Bar &amp; Hotel\" \/>\n<meta name=\"twitter:card\" content=\"summary_large_image\" \/>\n<script type=\"application\/ld+json\" class=\"yoast-schema-graph\">{\"@context\":\"https:\/\/schema.org\",\"@graph\":[{\"@type\":\"WebSite\",\"@id\":\"https:\/\/beachin.ch\/fr\/#website\",\"url\":\"https:\/\/beachin.ch\/fr\/\",\"name\":\"BeachIN Sport, Bar &amp; Hotel\",\"description\":\"Strandfeeling das ganze Jahr!\",\"potentialAction\":[{\"@type\":\"SearchAction\",\"target\":\"https:\/\/beachin.ch\/fr\/?s={search_term_string}\",\"query-input\":\"required name=search_term_string\"}],\"inLanguage\":\"fr-FR\"},{\"@type\":\"WebPage\",\"@id\":\"https:\/\/beachin.ch\/fr\/evenements\/archives-des-evenements\/evenement-dentreprise-21-02-2020\/#webpage\",\"url\":\"https:\/\/beachin.ch\/fr\/evenements\/archives-des-evenements\/evenement-dentreprise-21-02-2020\/\",\"name\":\"\\u00c9v\\u00e9nement d'entreprise - 21.02.2020 &ndash; BeachIN Sport, Bar &amp; Hotel\",\"isPartOf\":{\"@id\":\"https:\/\/beachin.ch\/fr\/#website\"},\"datePublished\":\"2020-02-24T10:38:56+00:00\",\"dateModified\":\"2020-02-24T10:38:56+00:00\",\"inLanguage\":\"fr-FR\",\"potentialAction\":[{\"@type\":\"ReadAction\",\"target\":[\"https:\/\/beachin.ch\/fr\/evenements\/archives-des-evenements\/evenement-dentreprise-21-02-2020\/\"]}]}]}<\/script>\n<!-- \/ Yoast SEO plugin. -->","_links":{"self":[{"href":"https:\/\/beachin.ch\/fr\/wp-json\/wp\/v2\/pages\/10990"}],"collection":[{"href":"https:\/\/beachin.ch\/fr\/wp-json\/wp\/v2\/pages"}],"about":[{"href":"https:\/\/beachin.ch\/fr\/wp-json\/wp\/v2\/types\/page"}],"author":[{"embeddable":true,"href":"https:\/\/beachin.ch\/fr\/wp-json\/wp\/v2\/users\/1"}],"replies":[{"embeddable":true,"href":"https:\/\/beachin.ch\/fr\/wp-json\/wp\/v2\/comments?post=10990"}],"version-history":[{"count":1,"href":"https:\/\/beachin.ch\/fr\/wp-json\/wp\/v2\/pages\/10990\/revisions"}],"predecessor-version":[{"id":10991,"href":"https:\/\/beachin.ch\/fr\/wp-json\/wp\/v2\/pages\/10990\/revisions\/10991"}],"up":[{"embeddable":true,"href":"https:\/\/beachin.ch\/fr\/wp-json\/wp\/v2\/pages\/9767"}],"wp:attachment":[{"href":"https:\/\/beachin.ch\/fr\/wp-json\/wp\/v2\/media?parent=10990"}],"curies":[{"name":"wp","href":"https:\/\/api.w.org\/{rel}","templated":true}]}}