{"id":10853,"date":"2020-02-19T09:41:19","date_gmt":"2020-02-19T08:41:19","guid":{"rendered":"https:\/\/beachin.ch\/sport-de-plage\/cours\/cours-du-week-end-3-2020\/"},"modified":"2020-02-19T09:41:27","modified_gmt":"2020-02-19T08:41:27","slug":"cours-du-week-end-3-2020","status":"publish","type":"page","link":"https:\/\/beachin.ch\/fr\/sport-de-plage\/cours\/cours-du-week-end-3-2020\/","title":{"rendered":"Cours du week-end 3 2020"},"content":{"rendered":"<div class=\"wpb-content-wrapper\"><p>[vc_row][vc_column][vc_column_text]<\/p>\n<h1>Cours du week-end 15.02. et 16.02.2020<\/h1>\n<p>La propagande de bouche \u00e0 oreille semble fonctionner ! Le troisi\u00e8me week-end de cours \u00e9tait complet longtemps \u00e0 l&#8217;avance. Un groupe amusant compos\u00e9 de participants de toutes les r\u00e9gions du pays s&#8217;est r\u00e9uni et a pass\u00e9 un week-end de beach volley intensif et instructif. Bien s\u00fbr, comme d&#8217;habitude, il y avait aussi la partie agr\u00e9able.<\/p>\n<p>Un grand merci \u00e0 tous ceux qui \u00e9taient l\u00e0. C&#8217;\u00e9tait amusant de vous accueillir.[\/vc_column_text][vc_media_grid grid_id=&#8221;vc_gid:1582100640441-da2677a9-d73d-4&#8243; include=&#8221;10714,10717,10720,10723,10726,10729,10732,10735,10738,10741,10744,10747,10750,10753,10756,10759,10762,10765,10768,10771,10774,10777,10780,10783,10786,10789,10792,10795,10798,10801,10804,10807,10810,10813,10816,10819,10822,10825,10828,10831,10834,10837&#8243;][vc_column_text]Toutes les photos et vid\u00e9os sont prot\u00e9g\u00e9es par le droit d&#8217;auteur. Ils ne peuvent \u00eatre utilis\u00e9s sans autorisation.[\/vc_column_text][vc_separator][vc_btn title=&#8221;Retour aux cours&#8221; link=&#8221;url:https%3A%2F%2Fbeachin.ch%2Ffr%2Fsport-de-plage%2Fcours%2F|title:Cours|&#8221;][\/vc_column][\/vc_row]<\/p>\n<\/div>","protected":false},"excerpt":{"rendered":"<p>[vc_row][vc_column][vc_column_text] Cours du week-end 15.02. et 16.02.2020 La propagande de bouche \u00e0 oreille semble fonctionner ! Le troisi\u00e8me week-end de cours \u00e9tait complet longtemps \u00e0 l&#8217;avance. Un groupe amusant compos\u00e9 de participants de toutes les r\u00e9gions du pays s&#8217;est r\u00e9uni et a pass\u00e9 un week-end de beach volley intensif et instructif. Bien s\u00fbr, comme d&#8217;habitude, <a class=\"more-link\" href=\"https:\/\/beachin.ch\/fr\/sport-de-plage\/cours\/cours-du-week-end-3-2020\/\">weiterlesen&#8230;<\/a><\/p>\n","protected":false},"author":1,"featured_media":0,"parent":2603,"menu_order":0,"comment_status":"closed","ping_status":"closed","template":"","meta":{"footnotes":""},"yoast_head":"<!-- This site is optimized with the Yoast SEO plugin v14.4.1 - https:\/\/yoast.com\/wordpress\/plugins\/seo\/ -->\n<title>Cours du week-end 3 2020 &ndash; BeachIN Sport, Bar &amp; Hotel<\/title>\n<meta name=\"robots\" content=\"index, follow\" \/>\n<meta name=\"googlebot\" content=\"index, follow, max-snippet:-1, max-image-preview:large, max-video-preview:-1\" \/>\n<meta name=\"bingbot\" content=\"index, follow, max-snippet:-1, max-image-preview:large, max-video-preview:-1\" \/>\n<link rel=\"canonical\" href=\"https:\/\/beachin.ch\/fr\/sport-de-plage\/cours\/cours-du-week-end-3-2020\/\" \/>\n<meta property=\"og:locale\" content=\"fr_FR\" \/>\n<meta property=\"og:type\" content=\"article\" \/>\n<meta property=\"og:title\" content=\"Cours du week-end 3 2020 &ndash; BeachIN Sport, Bar &amp; Hotel\" \/>\n<meta property=\"og:description\" content=\"[vc_row][vc_column][vc_column_text] Cours du week-end 15.02. et 16.02.2020 La propagande de bouche \u00e0 oreille semble fonctionner ! Le troisi\u00e8me week-end de cours \u00e9tait complet longtemps \u00e0 l&#8217;avance. Un groupe amusant compos\u00e9 de participants de toutes les r\u00e9gions du pays s&#8217;est r\u00e9uni et a pass\u00e9 un week-end de beach volley intensif et instructif. Bien s\u00fbr, comme d&#8217;habitude, weiterlesen...\" \/>\n<meta property=\"og:url\" content=\"https:\/\/beachin.ch\/fr\/sport-de-plage\/cours\/cours-du-week-end-3-2020\/\" \/>\n<meta property=\"og:site_name\" content=\"BeachIN Sport, Bar &amp; Hotel\" \/>\n<meta property=\"article:modified_time\" content=\"2020-02-19T08:41:27+00:00\" \/>\n<meta name=\"twitter:card\" content=\"summary_large_image\" \/>\n<script type=\"application\/ld+json\" class=\"yoast-schema-graph\">{\"@context\":\"https:\/\/schema.org\",\"@graph\":[{\"@type\":\"WebSite\",\"@id\":\"https:\/\/beachin.ch\/fr\/#website\",\"url\":\"https:\/\/beachin.ch\/fr\/\",\"name\":\"BeachIN Sport, Bar &amp; Hotel\",\"description\":\"Strandfeeling das ganze Jahr!\",\"potentialAction\":[{\"@type\":\"SearchAction\",\"target\":\"https:\/\/beachin.ch\/fr\/?s={search_term_string}\",\"query-input\":\"required name=search_term_string\"}],\"inLanguage\":\"fr-FR\"},{\"@type\":\"WebPage\",\"@id\":\"https:\/\/beachin.ch\/fr\/sport-de-plage\/cours\/cours-du-week-end-3-2020\/#webpage\",\"url\":\"https:\/\/beachin.ch\/fr\/sport-de-plage\/cours\/cours-du-week-end-3-2020\/\",\"name\":\"Cours du week-end 3 2020 &ndash; BeachIN Sport, Bar &amp; Hotel\",\"isPartOf\":{\"@id\":\"https:\/\/beachin.ch\/fr\/#website\"},\"datePublished\":\"2020-02-19T08:41:19+00:00\",\"dateModified\":\"2020-02-19T08:41:27+00:00\",\"inLanguage\":\"fr-FR\",\"potentialAction\":[{\"@type\":\"ReadAction\",\"target\":[\"https:\/\/beachin.ch\/fr\/sport-de-plage\/cours\/cours-du-week-end-3-2020\/\"]}]}]}<\/script>\n<!-- \/ Yoast SEO plugin. -->","_links":{"self":[{"href":"https:\/\/beachin.ch\/fr\/wp-json\/wp\/v2\/pages\/10853"}],"collection":[{"href":"https:\/\/beachin.ch\/fr\/wp-json\/wp\/v2\/pages"}],"about":[{"href":"https:\/\/beachin.ch\/fr\/wp-json\/wp\/v2\/types\/page"}],"author":[{"embeddable":true,"href":"https:\/\/beachin.ch\/fr\/wp-json\/wp\/v2\/users\/1"}],"replies":[{"embeddable":true,"href":"https:\/\/beachin.ch\/fr\/wp-json\/wp\/v2\/comments?post=10853"}],"version-history":[{"count":3,"href":"https:\/\/beachin.ch\/fr\/wp-json\/wp\/v2\/pages\/10853\/revisions"}],"predecessor-version":[{"id":10856,"href":"https:\/\/beachin.ch\/fr\/wp-json\/wp\/v2\/pages\/10853\/revisions\/10856"}],"up":[{"embeddable":true,"href":"https:\/\/beachin.ch\/fr\/wp-json\/wp\/v2\/pages\/2603"}],"wp:attachment":[{"href":"https:\/\/beachin.ch\/fr\/wp-json\/wp\/v2\/media?parent=10853"}],"curies":[{"name":"wp","href":"https:\/\/api.w.org\/{rel}","templated":true}]}}