{"id":10706,"date":"2020-02-19T08:20:36","date_gmt":"2020-02-19T07:20:36","guid":{"rendered":"https:\/\/beachin.ch\/sport-de-plage\/cours-du-week-end-2-2019\/"},"modified":"2020-02-19T09:38:13","modified_gmt":"2020-02-19T08:38:13","slug":"cours-du-week-end-2-2019","status":"publish","type":"page","link":"https:\/\/beachin.ch\/fr\/sport-de-plage\/cours-du-week-end-2-2019\/","title":{"rendered":"Cours du week-end 2 2019"},"content":{"rendered":"<div class=\"wpb-content-wrapper\"><p>[vc_row][vc_column][vc_column_text]<\/p>\n<h1>Cours de week-end 16.11. et 17.11.2019<\/h1>\n<p>Certains d&#8217;entre eux ont tellement appr\u00e9ci\u00e9 le premier cours qu&#8217;ils se sont inscrits au deuxi\u00e8me cours le week-end suivant. Nous avons d\u00e9j\u00e0 eu 25 participants. Il y avait une super ambiance et les balles volaient autour. Le soir, nous avons parl\u00e9 boutique jusque tard dans la nuit, nous avons mang\u00e9, bu et nous nous sommes assis confortablement ensemble.[\/vc_column_text][vc_media_grid grid_id=&#8221;vc_gid:1582096713962-a32564b6-8182-0&#8243; include=&#8221;8279,8282,8285,8288,8291,8294,8300,8303,8306,8309,8297,8314,8342,8345,8348,8351,8354,8357,8360,8363,8366,8369,8372,8375,8378,8381,8384&#8243;][vc_column_text]Toutes les photos et vid\u00e9os sont prot\u00e9g\u00e9es par le droit d&#8217;auteur. Ils ne peuvent \u00eatre utilis\u00e9s sans autorisation.[\/vc_column_text][vc_separator][vc_btn title=&#8221;Retour aux cours&#8221; link=&#8221;url:https%3A%2F%2Fbeachin.ch%2Ffr%2Fsport-de-plage%2Fcours%2F|title:Cours|&#8221;][\/vc_column][\/vc_row]<\/p>\n<\/div>","protected":false},"excerpt":{"rendered":"<p>[vc_row][vc_column][vc_column_text] Cours de week-end 16.11. et 17.11.2019 Certains d&#8217;entre eux ont tellement appr\u00e9ci\u00e9 le premier cours qu&#8217;ils se sont inscrits au deuxi\u00e8me cours le week-end suivant. Nous avons d\u00e9j\u00e0 eu 25 participants. Il y avait une super ambiance et les balles volaient autour. Le soir, nous avons parl\u00e9 boutique jusque tard dans la nuit, nous <a class=\"more-link\" href=\"https:\/\/beachin.ch\/fr\/sport-de-plage\/cours-du-week-end-2-2019\/\">weiterlesen&#8230;<\/a><\/p>\n","protected":false},"author":1,"featured_media":0,"parent":1229,"menu_order":0,"comment_status":"closed","ping_status":"closed","template":"","meta":{"footnotes":""},"yoast_head":"<!-- This site is optimized with the Yoast SEO plugin v14.4.1 - https:\/\/yoast.com\/wordpress\/plugins\/seo\/ -->\n<title>Cours du week-end 2 2019 &ndash; BeachIN Sport, Bar &amp; Hotel<\/title>\n<meta name=\"robots\" content=\"index, follow\" \/>\n<meta name=\"googlebot\" content=\"index, follow, max-snippet:-1, max-image-preview:large, max-video-preview:-1\" \/>\n<meta name=\"bingbot\" content=\"index, follow, max-snippet:-1, max-image-preview:large, max-video-preview:-1\" \/>\n<link rel=\"canonical\" href=\"https:\/\/beachin.ch\/fr\/sport-de-plage\/cours-du-week-end-2-2019\/\" \/>\n<meta property=\"og:locale\" content=\"fr_FR\" \/>\n<meta property=\"og:type\" content=\"article\" \/>\n<meta property=\"og:title\" content=\"Cours du week-end 2 2019 &ndash; BeachIN Sport, Bar &amp; Hotel\" \/>\n<meta property=\"og:description\" content=\"[vc_row][vc_column][vc_column_text] Cours de week-end 16.11. et 17.11.2019 Certains d&#8217;entre eux ont tellement appr\u00e9ci\u00e9 le premier cours qu&#8217;ils se sont inscrits au deuxi\u00e8me cours le week-end suivant. Nous avons d\u00e9j\u00e0 eu 25 participants. Il y avait une super ambiance et les balles volaient autour. Le soir, nous avons parl\u00e9 boutique jusque tard dans la nuit, nous weiterlesen...\" \/>\n<meta property=\"og:url\" content=\"https:\/\/beachin.ch\/fr\/sport-de-plage\/cours-du-week-end-2-2019\/\" \/>\n<meta property=\"og:site_name\" content=\"BeachIN Sport, Bar &amp; Hotel\" \/>\n<meta property=\"article:modified_time\" content=\"2020-02-19T08:38:13+00:00\" \/>\n<meta name=\"twitter:card\" content=\"summary_large_image\" \/>\n<script type=\"application\/ld+json\" class=\"yoast-schema-graph\">{\"@context\":\"https:\/\/schema.org\",\"@graph\":[{\"@type\":\"WebSite\",\"@id\":\"https:\/\/beachin.ch\/fr\/#website\",\"url\":\"https:\/\/beachin.ch\/fr\/\",\"name\":\"BeachIN Sport, Bar &amp; Hotel\",\"description\":\"Strandfeeling das ganze Jahr!\",\"potentialAction\":[{\"@type\":\"SearchAction\",\"target\":\"https:\/\/beachin.ch\/fr\/?s={search_term_string}\",\"query-input\":\"required name=search_term_string\"}],\"inLanguage\":\"fr-FR\"},{\"@type\":\"WebPage\",\"@id\":\"https:\/\/beachin.ch\/fr\/sport-de-plage\/cours-du-week-end-2-2019\/#webpage\",\"url\":\"https:\/\/beachin.ch\/fr\/sport-de-plage\/cours-du-week-end-2-2019\/\",\"name\":\"Cours du week-end 2 2019 &ndash; BeachIN Sport, Bar &amp; Hotel\",\"isPartOf\":{\"@id\":\"https:\/\/beachin.ch\/fr\/#website\"},\"datePublished\":\"2020-02-19T07:20:36+00:00\",\"dateModified\":\"2020-02-19T08:38:13+00:00\",\"inLanguage\":\"fr-FR\",\"potentialAction\":[{\"@type\":\"ReadAction\",\"target\":[\"https:\/\/beachin.ch\/fr\/sport-de-plage\/cours-du-week-end-2-2019\/\"]}]}]}<\/script>\n<!-- \/ Yoast SEO plugin. -->","_links":{"self":[{"href":"https:\/\/beachin.ch\/fr\/wp-json\/wp\/v2\/pages\/10706"}],"collection":[{"href":"https:\/\/beachin.ch\/fr\/wp-json\/wp\/v2\/pages"}],"about":[{"href":"https:\/\/beachin.ch\/fr\/wp-json\/wp\/v2\/types\/page"}],"author":[{"embeddable":true,"href":"https:\/\/beachin.ch\/fr\/wp-json\/wp\/v2\/users\/1"}],"replies":[{"embeddable":true,"href":"https:\/\/beachin.ch\/fr\/wp-json\/wp\/v2\/comments?post=10706"}],"version-history":[{"count":4,"href":"https:\/\/beachin.ch\/fr\/wp-json\/wp\/v2\/pages\/10706\/revisions"}],"predecessor-version":[{"id":10848,"href":"https:\/\/beachin.ch\/fr\/wp-json\/wp\/v2\/pages\/10706\/revisions\/10848"}],"up":[{"embeddable":true,"href":"https:\/\/beachin.ch\/fr\/wp-json\/wp\/v2\/pages\/1229"}],"wp:attachment":[{"href":"https:\/\/beachin.ch\/fr\/wp-json\/wp\/v2\/media?parent=10706"}],"curies":[{"name":"wp","href":"https:\/\/api.w.org\/{rel}","templated":true}]}}