{"id":10629,"date":"2020-02-13T15:55:31","date_gmt":"2020-02-13T14:55:31","guid":{"rendered":"https:\/\/beachin.ch\/evenements\/archives-des-evenements\/fete-du-personnel-24-01-2020\/"},"modified":"2020-03-04T17:28:11","modified_gmt":"2020-03-04T16:28:11","slug":"fete-du-personnel-24-01-2020","status":"publish","type":"page","link":"https:\/\/beachin.ch\/fr\/evenements\/archives-des-evenements\/fete-du-personnel-24-01-2020\/","title":{"rendered":"F\u00eate du personnel &#8211; 24.01.2020"},"content":{"rendered":"<div class=\"wpb-content-wrapper\"><p>[vc_row][vc_column][vc_column_text]<\/p>\n<h1>Revue F\u00eate du personnel avec orchestre &#8211; 24.01.2020<\/h1>\n<h4>72 personnes<\/h4>\n<p>72 personnes dont environ 80% de femmes ont c\u00e9l\u00e9br\u00e9 leur &#8220;Alterszentrum-Personalfest&#8221; annuel au BeachIN avec un ap\u00e9ritif, quelques courts discours, un buffet barbecue, un dessert et une f\u00eate, de la bonne musique de 18.00 \u00e0 01.00 heures.<\/p>\n<p><strong>Feedback Client:\u00a0<\/strong><\/p>\n<p><em>Es war von A &#8211; Z ein unterhaltsamer und gem\u00fctlicher Abend und alles hat bestens geklappt. Herzlichen Dank f\u00fcr die Gastfreundschaft und die Organisation!<\/em>[\/vc_column_text][vc_media_grid grid_id=&#8221;vc_gid:1583338835693-be8e06a2-9c88-5&#8243; include=&#8221;9991,9994,9997,9988,10000&#8243;][\/vc_column][\/vc_row][vc_row][vc_column][vc_row_inner][vc_column_inner][vc_btn title=&#8221;Retour \u00e0 l&#8217;archive&#8221; link=&#8221;url:https%3A%2F%2Fbeachin.ch%2Ffr%2Fevenements%2Farchives-des-evenements%2F|title:Archives%20des%20%C3%A9v%C3%A9nements|&#8221;][vc_separator][vc_column_text]<\/p>\n<h3>Tu planifies aussi un \u00e9v\u00e9nement ?<\/h3>\n<p>Nous nous ferons un plaisir de te conseiller et de pr\u00e9parer ton offre individuelle et sans engagement.[\/vc_column_text][vc_btn title=&#8221;Demander une offre individuelle&#8221; link=&#8221;url:https%3A%2F%2Fbeachin.ch%2Ffr%2Fcontact%2F|title:Contact|&#8221;][vc_empty_space][\/vc_column_inner][\/vc_row_inner][\/vc_column][\/vc_row]<\/p>\n<\/div>","protected":false},"excerpt":{"rendered":"<p>[vc_row][vc_column][vc_column_text] Revue F\u00eate du personnel avec orchestre &#8211; 24.01.2020 72 personnes 72 personnes dont environ 80% de femmes ont c\u00e9l\u00e9br\u00e9 leur &#8220;Alterszentrum-Personalfest&#8221; annuel au BeachIN avec un ap\u00e9ritif, quelques courts discours, un buffet barbecue, un dessert et une f\u00eate, de la bonne musique de 18.00 \u00e0 01.00 heures. Feedback Client:\u00a0 Es war von A &#8211; <a class=\"more-link\" href=\"https:\/\/beachin.ch\/fr\/evenements\/archives-des-evenements\/fete-du-personnel-24-01-2020\/\">weiterlesen&#8230;<\/a><\/p>\n","protected":false},"author":1,"featured_media":0,"parent":9767,"menu_order":0,"comment_status":"closed","ping_status":"closed","template":"","meta":{"footnotes":""},"yoast_head":"<!-- This site is optimized with the Yoast SEO plugin v14.4.1 - https:\/\/yoast.com\/wordpress\/plugins\/seo\/ -->\n<title>F\u00eate du personnel - 24.01.2020 &ndash; BeachIN Sport, Bar &amp; Hotel<\/title>\n<meta name=\"robots\" content=\"index, follow\" \/>\n<meta name=\"googlebot\" content=\"index, follow, max-snippet:-1, max-image-preview:large, max-video-preview:-1\" \/>\n<meta name=\"bingbot\" content=\"index, follow, max-snippet:-1, max-image-preview:large, max-video-preview:-1\" \/>\n<link rel=\"canonical\" href=\"https:\/\/beachin.ch\/fr\/evenements\/archives-des-evenements\/fete-du-personnel-24-01-2020\/\" \/>\n<meta property=\"og:locale\" content=\"fr_FR\" \/>\n<meta property=\"og:type\" content=\"article\" \/>\n<meta property=\"og:title\" content=\"F\u00eate du personnel - 24.01.2020 &ndash; BeachIN Sport, Bar &amp; Hotel\" \/>\n<meta property=\"og:description\" content=\"[vc_row][vc_column][vc_column_text] Revue F\u00eate du personnel avec orchestre &#8211; 24.01.2020 72 personnes 72 personnes dont environ 80% de femmes ont c\u00e9l\u00e9br\u00e9 leur &#8220;Alterszentrum-Personalfest&#8221; annuel au BeachIN avec un ap\u00e9ritif, quelques courts discours, un buffet barbecue, un dessert et une f\u00eate, de la bonne musique de 18.00 \u00e0 01.00 heures. Feedback Client:\u00a0 Es war von A &#8211; weiterlesen...\" \/>\n<meta property=\"og:url\" content=\"https:\/\/beachin.ch\/fr\/evenements\/archives-des-evenements\/fete-du-personnel-24-01-2020\/\" \/>\n<meta property=\"og:site_name\" content=\"BeachIN Sport, Bar &amp; Hotel\" \/>\n<meta property=\"article:modified_time\" content=\"2020-03-04T16:28:11+00:00\" \/>\n<meta name=\"twitter:card\" content=\"summary_large_image\" \/>\n<script type=\"application\/ld+json\" class=\"yoast-schema-graph\">{\"@context\":\"https:\/\/schema.org\",\"@graph\":[{\"@type\":\"WebSite\",\"@id\":\"https:\/\/beachin.ch\/fr\/#website\",\"url\":\"https:\/\/beachin.ch\/fr\/\",\"name\":\"BeachIN Sport, Bar &amp; Hotel\",\"description\":\"Strandfeeling das ganze Jahr!\",\"potentialAction\":[{\"@type\":\"SearchAction\",\"target\":\"https:\/\/beachin.ch\/fr\/?s={search_term_string}\",\"query-input\":\"required name=search_term_string\"}],\"inLanguage\":\"fr-FR\"},{\"@type\":\"WebPage\",\"@id\":\"https:\/\/beachin.ch\/fr\/evenements\/archives-des-evenements\/fete-du-personnel-24-01-2020\/#webpage\",\"url\":\"https:\/\/beachin.ch\/fr\/evenements\/archives-des-evenements\/fete-du-personnel-24-01-2020\/\",\"name\":\"F\\u00eate du personnel - 24.01.2020 &ndash; BeachIN Sport, Bar &amp; Hotel\",\"isPartOf\":{\"@id\":\"https:\/\/beachin.ch\/fr\/#website\"},\"datePublished\":\"2020-02-13T14:55:31+00:00\",\"dateModified\":\"2020-03-04T16:28:11+00:00\",\"inLanguage\":\"fr-FR\",\"potentialAction\":[{\"@type\":\"ReadAction\",\"target\":[\"https:\/\/beachin.ch\/fr\/evenements\/archives-des-evenements\/fete-du-personnel-24-01-2020\/\"]}]}]}<\/script>\n<!-- \/ Yoast SEO plugin. -->","_links":{"self":[{"href":"https:\/\/beachin.ch\/fr\/wp-json\/wp\/v2\/pages\/10629"}],"collection":[{"href":"https:\/\/beachin.ch\/fr\/wp-json\/wp\/v2\/pages"}],"about":[{"href":"https:\/\/beachin.ch\/fr\/wp-json\/wp\/v2\/types\/page"}],"author":[{"embeddable":true,"href":"https:\/\/beachin.ch\/fr\/wp-json\/wp\/v2\/users\/1"}],"replies":[{"embeddable":true,"href":"https:\/\/beachin.ch\/fr\/wp-json\/wp\/v2\/comments?post=10629"}],"version-history":[{"count":2,"href":"https:\/\/beachin.ch\/fr\/wp-json\/wp\/v2\/pages\/10629\/revisions"}],"predecessor-version":[{"id":11172,"href":"https:\/\/beachin.ch\/fr\/wp-json\/wp\/v2\/pages\/10629\/revisions\/11172"}],"up":[{"embeddable":true,"href":"https:\/\/beachin.ch\/fr\/wp-json\/wp\/v2\/pages\/9767"}],"wp:attachment":[{"href":"https:\/\/beachin.ch\/fr\/wp-json\/wp\/v2\/media?parent=10629"}],"curies":[{"name":"wp","href":"https:\/\/api.w.org\/{rel}","templated":true}]}}