{"id":10587,"date":"2020-02-13T11:49:50","date_gmt":"2020-02-13T10:49:50","guid":{"rendered":"https:\/\/beachin.ch\/evenements\/archives-des-evenements\/team-event-equipe-masculine-12-02-20\/"},"modified":"2020-02-13T13:09:56","modified_gmt":"2020-02-13T12:09:56","slug":"team-event-equipe-masculine-12-02-20","status":"publish","type":"page","link":"https:\/\/beachin.ch\/fr\/evenements\/archives-des-evenements\/team-event-equipe-masculine-12-02-20\/","title":{"rendered":"Team-Event \u00c9quipe masculine &#8211; 12.02.20"},"content":{"rendered":"<div class=\"wpb-content-wrapper\"><p>[vc_row][vc_column][vc_column_text]<\/p>\n<h1>Revue Team-Event \u00c9quipe masculine &#8211; 12.02.20<\/h1>\n<p>Pour l&#8217;\u00e9quipe masculine Rapperswil, nous avons \u00e9t\u00e9 autoris\u00e9s \u00e0 organiser l&#8217;\u00e9v\u00e9nement annuel par \u00e9quipe. Pendant 2 heures, 5 \u00e9quipes se sont alternativement battues pour les points dans les disciplines du beach volley et du tennis de plage. Les scores \u00e9taient affich\u00e9s en permanence sur le grand \u00e9cran. Ceux qui ont fait une pause pendant le tournoi ont pu se rafra\u00eechir avec des boissons et des snacks dans le salon de la plage. Apr\u00e8s la partie sportive et la douche bien m\u00e9rit\u00e9e, toute l&#8217;\u00e9quipe s&#8217;est vu servir un menu \u00e0 3 plats au bar de la plage.<\/p>\n<p><strong>Feedback Client:<\/strong><\/p>\n<p><em>Wir hatten einen sportlichen und gem\u00fctlichen Abend und von der Turnierorganisiation bis zum Dessert hat alles reibungslos geklappt. Genau so haben wir es uns vorgestellt. Gerne wieder ein ander Mal. Besten Dank dem BeachIN-Team!<\/em>[\/vc_column_text][\/vc_column][\/vc_row][vc_row][vc_column][vc_media_grid grid_id=&#8221;vc_gid:1581589464900-faf87a54-f626-0&#8243; include=&#8221;10566,10569,10572,10575,10578&#8243;][\/vc_column][\/vc_row][vc_row][vc_column][vc_row_inner][vc_column_inner][vc_btn title=&#8221;Retour \u00e0 l&#8217;archive&#8221; link=&#8221;url:https%3A%2F%2Fbeachin.ch%2Ffr%2Fevenements%2Farchives-des-evenements%2F|title:Archives%20des%20%C3%A9v%C3%A9nements|&#8221;][vc_separator][vc_column_text]<\/p>\n<h3>Vous planifiez aussi un \u00e9v\u00e9nement ?<\/h3>\n<p>Nous nous ferons un plaisir de vous conseiller et de pr\u00e9parer votre offre individuelle et sans engagement.[\/vc_column_text][vc_btn title=&#8221;Demander une offre individuelle&#8221; link=&#8221;url:https%3A%2F%2Fbeachin.ch%2Ffr%2Fcontact%2F|title:Contact|&#8221;][vc_empty_space][\/vc_column_inner][\/vc_row_inner][\/vc_column][\/vc_row]<\/p>\n<\/div>","protected":false},"excerpt":{"rendered":"<p>[vc_row][vc_column][vc_column_text] Revue Team-Event \u00c9quipe masculine &#8211; 12.02.20 Pour l&#8217;\u00e9quipe masculine Rapperswil, nous avons \u00e9t\u00e9 autoris\u00e9s \u00e0 organiser l&#8217;\u00e9v\u00e9nement annuel par \u00e9quipe. Pendant 2 heures, 5 \u00e9quipes se sont alternativement battues pour les points dans les disciplines du beach volley et du tennis de plage. Les scores \u00e9taient affich\u00e9s en permanence sur le grand \u00e9cran. Ceux <a class=\"more-link\" href=\"https:\/\/beachin.ch\/fr\/evenements\/archives-des-evenements\/team-event-equipe-masculine-12-02-20\/\">weiterlesen&#8230;<\/a><\/p>\n","protected":false},"author":1,"featured_media":0,"parent":9767,"menu_order":0,"comment_status":"closed","ping_status":"closed","template":"","meta":{"footnotes":""},"yoast_head":"<!-- This site is optimized with the Yoast SEO plugin v14.4.1 - https:\/\/yoast.com\/wordpress\/plugins\/seo\/ -->\n<title>Team-Event \u00c9quipe masculine - 12.02.20 &ndash; BeachIN Sport, Bar &amp; Hotel<\/title>\n<meta name=\"robots\" content=\"index, follow\" \/>\n<meta name=\"googlebot\" content=\"index, follow, max-snippet:-1, max-image-preview:large, max-video-preview:-1\" \/>\n<meta name=\"bingbot\" content=\"index, follow, max-snippet:-1, max-image-preview:large, max-video-preview:-1\" \/>\n<link rel=\"canonical\" href=\"https:\/\/beachin.ch\/fr\/evenements\/archives-des-evenements\/team-event-equipe-masculine-12-02-20\/\" \/>\n<meta property=\"og:locale\" content=\"fr_FR\" \/>\n<meta property=\"og:type\" content=\"article\" \/>\n<meta property=\"og:title\" content=\"Team-Event \u00c9quipe masculine - 12.02.20 &ndash; BeachIN Sport, Bar &amp; Hotel\" \/>\n<meta property=\"og:description\" content=\"[vc_row][vc_column][vc_column_text] Revue Team-Event \u00c9quipe masculine &#8211; 12.02.20 Pour l&#8217;\u00e9quipe masculine Rapperswil, nous avons \u00e9t\u00e9 autoris\u00e9s \u00e0 organiser l&#8217;\u00e9v\u00e9nement annuel par \u00e9quipe. Pendant 2 heures, 5 \u00e9quipes se sont alternativement battues pour les points dans les disciplines du beach volley et du tennis de plage. Les scores \u00e9taient affich\u00e9s en permanence sur le grand \u00e9cran. Ceux weiterlesen...\" \/>\n<meta property=\"og:url\" content=\"https:\/\/beachin.ch\/fr\/evenements\/archives-des-evenements\/team-event-equipe-masculine-12-02-20\/\" \/>\n<meta property=\"og:site_name\" content=\"BeachIN Sport, Bar &amp; Hotel\" \/>\n<meta property=\"article:modified_time\" content=\"2020-02-13T12:09:56+00:00\" \/>\n<meta name=\"twitter:card\" content=\"summary_large_image\" \/>\n<script type=\"application\/ld+json\" class=\"yoast-schema-graph\">{\"@context\":\"https:\/\/schema.org\",\"@graph\":[{\"@type\":\"WebSite\",\"@id\":\"https:\/\/beachin.ch\/fr\/#website\",\"url\":\"https:\/\/beachin.ch\/fr\/\",\"name\":\"BeachIN Sport, Bar &amp; Hotel\",\"description\":\"Strandfeeling das ganze Jahr!\",\"potentialAction\":[{\"@type\":\"SearchAction\",\"target\":\"https:\/\/beachin.ch\/fr\/?s={search_term_string}\",\"query-input\":\"required name=search_term_string\"}],\"inLanguage\":\"fr-FR\"},{\"@type\":\"WebPage\",\"@id\":\"https:\/\/beachin.ch\/fr\/evenements\/archives-des-evenements\/team-event-equipe-masculine-12-02-20\/#webpage\",\"url\":\"https:\/\/beachin.ch\/fr\/evenements\/archives-des-evenements\/team-event-equipe-masculine-12-02-20\/\",\"name\":\"Team-Event \\u00c9quipe masculine - 12.02.20 &ndash; BeachIN Sport, Bar &amp; Hotel\",\"isPartOf\":{\"@id\":\"https:\/\/beachin.ch\/fr\/#website\"},\"datePublished\":\"2020-02-13T10:49:50+00:00\",\"dateModified\":\"2020-02-13T12:09:56+00:00\",\"inLanguage\":\"fr-FR\",\"potentialAction\":[{\"@type\":\"ReadAction\",\"target\":[\"https:\/\/beachin.ch\/fr\/evenements\/archives-des-evenements\/team-event-equipe-masculine-12-02-20\/\"]}]}]}<\/script>\n<!-- \/ Yoast SEO plugin. -->","_links":{"self":[{"href":"https:\/\/beachin.ch\/fr\/wp-json\/wp\/v2\/pages\/10587"}],"collection":[{"href":"https:\/\/beachin.ch\/fr\/wp-json\/wp\/v2\/pages"}],"about":[{"href":"https:\/\/beachin.ch\/fr\/wp-json\/wp\/v2\/types\/page"}],"author":[{"embeddable":true,"href":"https:\/\/beachin.ch\/fr\/wp-json\/wp\/v2\/users\/1"}],"replies":[{"embeddable":true,"href":"https:\/\/beachin.ch\/fr\/wp-json\/wp\/v2\/comments?post=10587"}],"version-history":[{"count":1,"href":"https:\/\/beachin.ch\/fr\/wp-json\/wp\/v2\/pages\/10587\/revisions"}],"predecessor-version":[{"id":10588,"href":"https:\/\/beachin.ch\/fr\/wp-json\/wp\/v2\/pages\/10587\/revisions\/10588"}],"up":[{"embeddable":true,"href":"https:\/\/beachin.ch\/fr\/wp-json\/wp\/v2\/pages\/9767"}],"wp:attachment":[{"href":"https:\/\/beachin.ch\/fr\/wp-json\/wp\/v2\/media?parent=10587"}],"curies":[{"name":"wp","href":"https:\/\/api.w.org\/{rel}","templated":true}]}}