{"id":10511,"date":"2020-02-11T15:14:36","date_gmt":"2020-02-11T14:14:36","guid":{"rendered":"https:\/\/beachin.ch\/evenements\/archives-des-evenements\/beachsoccer-tournoi-fc-aarberg-08-02-2020-2\/"},"modified":"2020-02-13T15:52:52","modified_gmt":"2020-02-13T14:52:52","slug":"beachsoccer-tournoi-fc-aarberg-08-02-2020-2","status":"publish","type":"page","link":"https:\/\/beachin.ch\/fr\/evenements\/archives-des-evenements\/beachsoccer-tournoi-fc-aarberg-08-02-2020-2\/","title":{"rendered":"Beachsoccer-Tournoi FC Aarberg &#8211; 08.02.2020"},"content":{"rendered":"<div class=\"wpb-content-wrapper\"><p>[vc_row][vc_column][vc_column_text]<\/p>\n<h1>Revue: Club de football par \u00e9quipe le 08.02.2020<\/h1>\n<h4>26 personnes<\/h4>\n<p>L&#8217;\u00e9v\u00e9nement annuel de la premi\u00e8re \u00e9quipe du FC Aarberg a commenc\u00e9 par un tournoi de beach soccer \u00e0 BeachIN. Gagner \u00e9tait secondaire. Le travail d&#8217;\u00e9quipe, l&#8217;exp\u00e9rience commune et le plaisir \u00e9taient pour une fois la priorit\u00e9. De 11h00 \u00e0 16h00 a eu lieu le tournoi de Beachsoccer avec 4 \u00e9quipes. Il y a eu une lutte plus ou moins f\u00e9roce pour les points et les buts et il y a eu un sport de plage attrayant \u00e0 regarder. Ceux qui n&#8217;ont pas jou\u00e9 se sont permis une bi\u00e8re et\/ou un en-cas dans le salon de plage ou ont jou\u00e9 au beach volley sur l&#8217;autre terrain. Apr\u00e8s la douche bien m\u00e9rit\u00e9e, un verre a \u00e9t\u00e9 offert \u00e0 tout le monde au bar de la plage avant que toute l&#8217;\u00e9quipe ne passe une agr\u00e9able soir\u00e9e ensemble.<\/p>\n<p><strong>Feedback Client:<\/strong><\/p>\n<p><em>Liebes BeachIN-Team,<\/em><\/p>\n<p><em>wir bedanken uns herzlich f\u00fcr eure Gastfreundschaft. Die Freude am Beachsoccer verging uns trotz der Anstrengung und brennender Waden nicht. <\/em><br \/>\n<em>Das Event war ein voller Erfolg und die R\u00fcckmeldung war sehr positiv, weshalb wir BeachIN sehr f\u00fcr Team-Anl\u00e4sse von Sportvereinen empfehlen.<\/em>[\/vc_column_text][\/vc_column][\/vc_row][vc_row][vc_column][vc_column_text]<\/p>\n<div style=\"width: 640px; margin: 0 auto; max-width: 100%;\">\n<div style=\"width: 640px;\" class=\"wp-video\"><!--[if lt IE 9]><script>document.createElement('video');<\/script><![endif]-->\n<video class=\"wp-video-shortcode\" id=\"video-10511-1\" width=\"640\" height=\"360\" preload=\"metadata\" controls=\"controls\"><source type=\"video\/mp4\" src=\"https:\/\/beachin.ch\/wp-content\/uploads\/2020\/02\/BeachIN_Events_Beachsoccer_Video.mp4?_=1\" \/><a href=\"https:\/\/beachin.ch\/wp-content\/uploads\/2020\/02\/BeachIN_Events_Beachsoccer_Video.mp4\">https:\/\/beachin.ch\/wp-content\/uploads\/2020\/02\/BeachIN_Events_Beachsoccer_Video.mp4<\/a><\/video><\/div>\n<\/div>\n<p>[\/vc_column_text][vc_media_grid element_width=&#8221;3&#8243; grid_id=&#8221;vc_gid:1581598648647-2c350edb-9136-10&#8243; include=&#8221;10283,10280,10277,10274,10270,10267,10258,10255,10252,10249,10245,10242,10239,10236,10233,10230,10264,10261&#8243;][\/vc_column][\/vc_row][vc_row][vc_column][\/vc_column][\/vc_row][vc_row][vc_column][vc_row_inner][vc_column_inner][vc_btn title=&#8221;Retour \u00e0 l&#8217;archive&#8221; link=&#8221;url:https%3A%2F%2Fbeachin.ch%2Ffr%2Fevenements%2Farchives-des-evenements%2F|title:Archives%20des%20%C3%A9v%C3%A9nements|&#8221;][vc_separator][vc_column_text]<\/p>\n<h3>Tu planifies aussi un \u00e9v\u00e9nement ?<\/h3>\n<p>Nous nous ferons un plaisir de te conseiller et de pr\u00e9parer ton offre individuelle et sans engagement.[\/vc_column_text][vc_btn title=&#8221;Demander une offre individuelle&#8221; link=&#8221;url:https%3A%2F%2Fbeachin.ch%2Ffr%2Fcontact%2F|title:Contact|&#8221;][vc_empty_space][\/vc_column_inner][\/vc_row_inner][\/vc_column][\/vc_row]<\/p>\n<\/div>","protected":false},"excerpt":{"rendered":"<p>[vc_row][vc_column][vc_column_text] Revue: Club de football par \u00e9quipe le 08.02.2020 26 personnes L&#8217;\u00e9v\u00e9nement annuel de la premi\u00e8re \u00e9quipe du FC Aarberg a commenc\u00e9 par un tournoi de beach soccer \u00e0 BeachIN. Gagner \u00e9tait secondaire. Le travail d&#8217;\u00e9quipe, l&#8217;exp\u00e9rience commune et le plaisir \u00e9taient pour une fois la priorit\u00e9. De 11h00 \u00e0 16h00 a eu lieu le <a class=\"more-link\" href=\"https:\/\/beachin.ch\/fr\/evenements\/archives-des-evenements\/beachsoccer-tournoi-fc-aarberg-08-02-2020-2\/\">weiterlesen&#8230;<\/a><\/p>\n","protected":false},"author":1,"featured_media":0,"parent":9767,"menu_order":0,"comment_status":"closed","ping_status":"closed","template":"","meta":{"footnotes":""},"yoast_head":"<!-- This site is optimized with the Yoast SEO plugin v14.4.1 - https:\/\/yoast.com\/wordpress\/plugins\/seo\/ -->\n<title>Beachsoccer-Tournoi FC Aarberg - 08.02.2020 &ndash; BeachIN Sport, Bar &amp; Hotel<\/title>\n<meta name=\"robots\" content=\"index, follow\" \/>\n<meta name=\"googlebot\" content=\"index, follow, max-snippet:-1, max-image-preview:large, max-video-preview:-1\" \/>\n<meta name=\"bingbot\" content=\"index, follow, max-snippet:-1, max-image-preview:large, max-video-preview:-1\" \/>\n<link rel=\"canonical\" href=\"https:\/\/beachin.ch\/fr\/evenements\/archives-des-evenements\/beachsoccer-tournoi-fc-aarberg-08-02-2020-2\/\" \/>\n<meta property=\"og:locale\" content=\"fr_FR\" \/>\n<meta property=\"og:type\" content=\"article\" \/>\n<meta property=\"og:title\" content=\"Beachsoccer-Tournoi FC Aarberg - 08.02.2020 &ndash; BeachIN Sport, Bar &amp; Hotel\" \/>\n<meta property=\"og:description\" content=\"[vc_row][vc_column][vc_column_text] Revue: Club de football par \u00e9quipe le 08.02.2020 26 personnes L&#8217;\u00e9v\u00e9nement annuel de la premi\u00e8re \u00e9quipe du FC Aarberg a commenc\u00e9 par un tournoi de beach soccer \u00e0 BeachIN. Gagner \u00e9tait secondaire. Le travail d&#8217;\u00e9quipe, l&#8217;exp\u00e9rience commune et le plaisir \u00e9taient pour une fois la priorit\u00e9. De 11h00 \u00e0 16h00 a eu lieu le weiterlesen...\" \/>\n<meta property=\"og:url\" content=\"https:\/\/beachin.ch\/fr\/evenements\/archives-des-evenements\/beachsoccer-tournoi-fc-aarberg-08-02-2020-2\/\" \/>\n<meta property=\"og:site_name\" content=\"BeachIN Sport, Bar &amp; Hotel\" \/>\n<meta property=\"article:modified_time\" content=\"2020-02-13T14:52:52+00:00\" \/>\n<meta name=\"twitter:card\" content=\"summary_large_image\" \/>\n<script type=\"application\/ld+json\" class=\"yoast-schema-graph\">{\"@context\":\"https:\/\/schema.org\",\"@graph\":[{\"@type\":\"WebSite\",\"@id\":\"https:\/\/beachin.ch\/fr\/#website\",\"url\":\"https:\/\/beachin.ch\/fr\/\",\"name\":\"BeachIN Sport, Bar &amp; Hotel\",\"description\":\"Strandfeeling das ganze Jahr!\",\"potentialAction\":[{\"@type\":\"SearchAction\",\"target\":\"https:\/\/beachin.ch\/fr\/?s={search_term_string}\",\"query-input\":\"required name=search_term_string\"}],\"inLanguage\":\"fr-FR\"},{\"@type\":\"WebPage\",\"@id\":\"https:\/\/beachin.ch\/fr\/evenements\/archives-des-evenements\/beachsoccer-tournoi-fc-aarberg-08-02-2020-2\/#webpage\",\"url\":\"https:\/\/beachin.ch\/fr\/evenements\/archives-des-evenements\/beachsoccer-tournoi-fc-aarberg-08-02-2020-2\/\",\"name\":\"Beachsoccer-Tournoi FC Aarberg - 08.02.2020 &ndash; BeachIN Sport, Bar &amp; Hotel\",\"isPartOf\":{\"@id\":\"https:\/\/beachin.ch\/fr\/#website\"},\"datePublished\":\"2020-02-11T14:14:36+00:00\",\"dateModified\":\"2020-02-13T14:52:52+00:00\",\"inLanguage\":\"fr-FR\",\"potentialAction\":[{\"@type\":\"ReadAction\",\"target\":[\"https:\/\/beachin.ch\/fr\/evenements\/archives-des-evenements\/beachsoccer-tournoi-fc-aarberg-08-02-2020-2\/\"]}]}]}<\/script>\n<!-- \/ Yoast SEO plugin. -->","_links":{"self":[{"href":"https:\/\/beachin.ch\/fr\/wp-json\/wp\/v2\/pages\/10511"}],"collection":[{"href":"https:\/\/beachin.ch\/fr\/wp-json\/wp\/v2\/pages"}],"about":[{"href":"https:\/\/beachin.ch\/fr\/wp-json\/wp\/v2\/types\/page"}],"author":[{"embeddable":true,"href":"https:\/\/beachin.ch\/fr\/wp-json\/wp\/v2\/users\/1"}],"replies":[{"embeddable":true,"href":"https:\/\/beachin.ch\/fr\/wp-json\/wp\/v2\/comments?post=10511"}],"version-history":[{"count":5,"href":"https:\/\/beachin.ch\/fr\/wp-json\/wp\/v2\/pages\/10511\/revisions"}],"predecessor-version":[{"id":10624,"href":"https:\/\/beachin.ch\/fr\/wp-json\/wp\/v2\/pages\/10511\/revisions\/10624"}],"up":[{"embeddable":true,"href":"https:\/\/beachin.ch\/fr\/wp-json\/wp\/v2\/pages\/9767"}],"wp:attachment":[{"href":"https:\/\/beachin.ch\/fr\/wp-json\/wp\/v2\/media?parent=10511"}],"curies":[{"name":"wp","href":"https:\/\/api.w.org\/{rel}","templated":true}]}}