{"id":10208,"date":"2020-02-10T08:43:48","date_gmt":"2020-02-10T07:43:48","guid":{"rendered":"https:\/\/beachin.ch\/fete-danniversaire-02-02-2020\/"},"modified":"2020-02-17T16:40:30","modified_gmt":"2020-02-17T15:40:30","slug":"fete-danniversaire-02-02-2020","status":"publish","type":"page","link":"https:\/\/beachin.ch\/fr\/evenements\/archives-des-evenements\/fete-danniversaire-02-02-2020\/","title":{"rendered":"F\u00eate d&#8217;anniversaire &#8211; 02.02.2020"},"content":{"rendered":"<div class=\"wpb-content-wrapper\"><p>[vc_row][vc_column][vc_column_text]<\/p>\n<h1>Revue de la f\u00eate d&#8217;anniversaire du 02.02.2020<\/h1>\n<p>Avec le BeachIN &#8220;id\u00e9al&#8221; &#8211; les conditions m\u00e9t\u00e9orologiques &#8211; il a plu, il y a eu du vent et il a fait froid&#8230; 90 personnes ont c\u00e9l\u00e9br\u00e9 un anniversaire rond de 11h00 \u00e0 18h00. En fait, il y a eu un &#8220;va et vient&#8221;, mais finalement tout le monde est venu et est rest\u00e9 jusqu&#8217;\u00e0 la fin ! Les jeux, le divertissement, la musique et une rencontre agr\u00e9able \u00e9taient au premier plan. Le bien-\u00eatre physique \u00e9tait pris en charge et chacun pouvait se servir toute la journ\u00e9e au buffet (assiette de fromage et de viande, trempettes de l\u00e9gumes, p\u00e9pites, frites, hot-dogs) et des boissons de choix \u00e9taient servies au bar.<\/p>\n<p><strong>Feedback Client:<\/strong><\/p>\n<p><em>Sans exception, nous avons tous pass\u00e9 une journ\u00e9e merveilleuse et vari\u00e9e. Un grand merci \u00e0 toute l&#8217;\u00e9quipe de BeachIN &#8211; tout \u00e9tait bien organis\u00e9 et nous pouvons recommander le BeachIN pour des activit\u00e9s festives. Un grand merci \u00e0 toute l&#8217;\u00e9quipe de BeachIN, tout \u00e9tait bien organis\u00e9.<\/em>[\/vc_column_text][\/vc_column][\/vc_row][vc_row][vc_column][vc_media_grid element_width=&#8221;6&#8243; grid_id=&#8221;vc_gid:1581599014489-57e86b60-bdae-5&#8243; include=&#8221;10198,10201&#8243;][\/vc_column][\/vc_row][vc_row][vc_column][vc_row_inner][vc_column_inner][vc_btn title=&#8221;Retour \u00e0 l&#8217;archive&#8221; link=&#8221;url:https%3A%2F%2Fbeachin.ch%2Ffr%2Fevenements%2Farchives-des-evenements%2F|title:Archives%20des%20%C3%A9v%C3%A9nements|&#8221;][vc_separator][vc_column_text]<\/p>\n<h3>Tu planifies aussi un \u00e9v\u00e9nement ?<\/h3>\n<p>Nous nous ferons un plaisir de te conseiller et de pr\u00e9parer ton offre individuelle et sans engagement.[\/vc_column_text][vc_btn title=&#8221;Demander une offre individuelle&#8221; link=&#8221;url:https%3A%2F%2Fbeachin.ch%2Ffr%2Fcontact%2F|title:Contact|&#8221;][vc_empty_space][\/vc_column_inner][\/vc_row_inner][\/vc_column][\/vc_row]<\/p>\n<\/div>","protected":false},"excerpt":{"rendered":"<p>[vc_row][vc_column][vc_column_text] Revue de la f\u00eate d&#8217;anniversaire du 02.02.2020 Avec le BeachIN &#8220;id\u00e9al&#8221; &#8211; les conditions m\u00e9t\u00e9orologiques &#8211; il a plu, il y a eu du vent et il a fait froid&#8230; 90 personnes ont c\u00e9l\u00e9br\u00e9 un anniversaire rond de 11h00 \u00e0 18h00. En fait, il y a eu un &#8220;va et vient&#8221;, mais finalement tout <a class=\"more-link\" href=\"https:\/\/beachin.ch\/fr\/evenements\/archives-des-evenements\/fete-danniversaire-02-02-2020\/\">weiterlesen&#8230;<\/a><\/p>\n","protected":false},"author":1,"featured_media":0,"parent":9767,"menu_order":0,"comment_status":"closed","ping_status":"closed","template":"","meta":{"footnotes":""},"yoast_head":"<!-- This site is optimized with the Yoast SEO plugin v14.4.1 - https:\/\/yoast.com\/wordpress\/plugins\/seo\/ -->\n<title>F\u00eate d&#039;anniversaire - 02.02.2020 &ndash; BeachIN Sport, Bar &amp; Hotel<\/title>\n<meta name=\"robots\" content=\"index, follow\" \/>\n<meta name=\"googlebot\" content=\"index, follow, max-snippet:-1, max-image-preview:large, max-video-preview:-1\" \/>\n<meta name=\"bingbot\" content=\"index, follow, max-snippet:-1, max-image-preview:large, max-video-preview:-1\" \/>\n<link rel=\"canonical\" href=\"https:\/\/beachin.ch\/fr\/evenements\/archives-des-evenements\/fete-danniversaire-02-02-2020\/\" \/>\n<meta property=\"og:locale\" content=\"fr_FR\" \/>\n<meta property=\"og:type\" content=\"article\" \/>\n<meta property=\"og:title\" content=\"F\u00eate d&#039;anniversaire - 02.02.2020 &ndash; BeachIN Sport, Bar &amp; Hotel\" \/>\n<meta property=\"og:description\" content=\"[vc_row][vc_column][vc_column_text] Revue de la f\u00eate d&#8217;anniversaire du 02.02.2020 Avec le BeachIN &#8220;id\u00e9al&#8221; &#8211; les conditions m\u00e9t\u00e9orologiques &#8211; il a plu, il y a eu du vent et il a fait froid&#8230; 90 personnes ont c\u00e9l\u00e9br\u00e9 un anniversaire rond de 11h00 \u00e0 18h00. En fait, il y a eu un &#8220;va et vient&#8221;, mais finalement tout weiterlesen...\" \/>\n<meta property=\"og:url\" content=\"https:\/\/beachin.ch\/fr\/evenements\/archives-des-evenements\/fete-danniversaire-02-02-2020\/\" \/>\n<meta property=\"og:site_name\" content=\"BeachIN Sport, Bar &amp; Hotel\" \/>\n<meta property=\"article:modified_time\" content=\"2020-02-17T15:40:30+00:00\" \/>\n<meta name=\"twitter:card\" content=\"summary_large_image\" \/>\n<script type=\"application\/ld+json\" class=\"yoast-schema-graph\">{\"@context\":\"https:\/\/schema.org\",\"@graph\":[{\"@type\":\"WebSite\",\"@id\":\"https:\/\/beachin.ch\/fr\/#website\",\"url\":\"https:\/\/beachin.ch\/fr\/\",\"name\":\"BeachIN Sport, Bar &amp; Hotel\",\"description\":\"Strandfeeling das ganze Jahr!\",\"potentialAction\":[{\"@type\":\"SearchAction\",\"target\":\"https:\/\/beachin.ch\/fr\/?s={search_term_string}\",\"query-input\":\"required name=search_term_string\"}],\"inLanguage\":\"fr-FR\"},{\"@type\":\"WebPage\",\"@id\":\"https:\/\/beachin.ch\/fr\/evenements\/archives-des-evenements\/fete-danniversaire-02-02-2020\/#webpage\",\"url\":\"https:\/\/beachin.ch\/fr\/evenements\/archives-des-evenements\/fete-danniversaire-02-02-2020\/\",\"name\":\"F\\u00eate d'anniversaire - 02.02.2020 &ndash; BeachIN Sport, Bar &amp; Hotel\",\"isPartOf\":{\"@id\":\"https:\/\/beachin.ch\/fr\/#website\"},\"datePublished\":\"2020-02-10T07:43:48+00:00\",\"dateModified\":\"2020-02-17T15:40:30+00:00\",\"inLanguage\":\"fr-FR\",\"potentialAction\":[{\"@type\":\"ReadAction\",\"target\":[\"https:\/\/beachin.ch\/fr\/evenements\/archives-des-evenements\/fete-danniversaire-02-02-2020\/\"]}]}]}<\/script>\n<!-- \/ Yoast SEO plugin. -->","_links":{"self":[{"href":"https:\/\/beachin.ch\/fr\/wp-json\/wp\/v2\/pages\/10208"}],"collection":[{"href":"https:\/\/beachin.ch\/fr\/wp-json\/wp\/v2\/pages"}],"about":[{"href":"https:\/\/beachin.ch\/fr\/wp-json\/wp\/v2\/types\/page"}],"author":[{"embeddable":true,"href":"https:\/\/beachin.ch\/fr\/wp-json\/wp\/v2\/users\/1"}],"replies":[{"embeddable":true,"href":"https:\/\/beachin.ch\/fr\/wp-json\/wp\/v2\/comments?post=10208"}],"version-history":[{"count":4,"href":"https:\/\/beachin.ch\/fr\/wp-json\/wp\/v2\/pages\/10208\/revisions"}],"predecessor-version":[{"id":10674,"href":"https:\/\/beachin.ch\/fr\/wp-json\/wp\/v2\/pages\/10208\/revisions\/10674"}],"up":[{"embeddable":true,"href":"https:\/\/beachin.ch\/fr\/wp-json\/wp\/v2\/pages\/9767"}],"wp:attachment":[{"href":"https:\/\/beachin.ch\/fr\/wp-json\/wp\/v2\/media?parent=10208"}],"curies":[{"name":"wp","href":"https:\/\/api.w.org\/{rel}","templated":true}]}}