{"id":9817,"date":"2020-01-22T13:39:55","date_gmt":"2020-01-22T12:39:55","guid":{"rendered":"https:\/\/beachin.ch\/staff-evening-wohnguet-taeuffelen\/"},"modified":"2021-06-16T10:59:24","modified_gmt":"2021-06-16T08:59:24","slug":"staff-evening-wohnguet-taeuffelen","status":"publish","type":"page","link":"https:\/\/beachin.ch\/en\/events-at-the-beach\/event-archive\/staff-evening-wohnguet-taeuffelen\/","title":{"rendered":"Staff evening"},"content":{"rendered":"<div class=\"wpb-content-wrapper\"><p>[vc_row][vc_column][vc_column_text]<\/p>\n<h1>Staff evening 16.01.2020<\/h1>\n<h4>96 people<\/h4>\n<p>On Thursday, 16.01.2020 a staff evening took place at the BeachIN. 96 people spent a cosy evening at the beach with games, fun, good food and party with a request concert. Many thanks to the management and the whole team for the booking and the great feedback. The atmosphere was great and it was a great event for us as organizers.<\/p>\n<p><strong>Feedback of the managing director:<\/strong><\/p>\n<p><em>Lieber Mike, Wir m\u00f6chten uns bei Dir und Deinem Team nochmals herzlich f\u00fcr den tollen Abend bedanken! Die R\u00fcckmeldungen waren durchwegs SEHR positiv! Wir sind heute zwar sehr m\u00fcde, aber gl\u00fccklich zur Arbeit erschienen ! Liebe Gr\u00fcsse und bis ein anderes Mal<\/em>[\/vc_column_text][\/vc_column][\/vc_row][vc_row][vc_column][vc_media_grid grid_id=&#8221;vc_gid:1623833936179-79e99822-e93a-1&#8243; include=&#8221;9604,9599,9607&#8243;][\/vc_column][\/vc_row][vc_row][vc_column][vc_row_inner][vc_column_inner][vc_btn title=&#8221;Back to the archive&#8221; link=&#8221;url:https%3A%2F%2Fbeachin.ch%2Fen%2Fevents-at-the-beach%2Fevent-archive%2F|title:Event-Archive|&#8221;][vc_separator][vc_column_text]<\/p>\n<h3>You planning an event?<\/h3>\n<p>We would be happy to advise you and make you an individual and non-binding offer.[\/vc_column_text][vc_btn title=&#8221;Request an individual offer&#8221; link=&#8221;url:https%3A%2F%2Fbeachin.ch%2Fen%2Fcontact%2F|title:Contact|&#8221;][vc_empty_space][\/vc_column_inner][\/vc_row_inner][\/vc_column][\/vc_row]<\/p>\n<\/div>","protected":false},"excerpt":{"rendered":"<p>[vc_row][vc_column][vc_column_text] Staff evening 16.01.2020 96 people On Thursday, 16.01.2020 a staff evening took place at the BeachIN. 96 people spent a cosy evening at the beach with games, fun, good food and party with a request concert. Many thanks to the management and the whole team for the booking and the great feedback. The atmosphere <a class=\"more-link\" href=\"https:\/\/beachin.ch\/en\/events-at-the-beach\/event-archive\/staff-evening-wohnguet-taeuffelen\/\">weiterlesen&#8230;<\/a><\/p>\n","protected":false},"author":1,"featured_media":0,"parent":9765,"menu_order":0,"comment_status":"closed","ping_status":"closed","template":"","meta":{"footnotes":""},"yoast_head":"<!-- This site is optimized with the Yoast SEO plugin v14.4.1 - https:\/\/yoast.com\/wordpress\/plugins\/seo\/ -->\n<title>Staff evening &ndash; BeachIN Sport, Bar &amp; Hotel<\/title>\n<meta name=\"robots\" content=\"index, follow\" \/>\n<meta name=\"googlebot\" content=\"index, follow, max-snippet:-1, max-image-preview:large, max-video-preview:-1\" \/>\n<meta name=\"bingbot\" content=\"index, follow, max-snippet:-1, max-image-preview:large, max-video-preview:-1\" \/>\n<link rel=\"canonical\" href=\"https:\/\/beachin.ch\/en\/events-at-the-beach\/event-archive\/staff-evening-wohnguet-taeuffelen\/\" \/>\n<meta property=\"og:locale\" content=\"en_US\" \/>\n<meta property=\"og:type\" content=\"article\" \/>\n<meta property=\"og:title\" content=\"Staff evening &ndash; BeachIN Sport, Bar &amp; Hotel\" \/>\n<meta property=\"og:description\" content=\"[vc_row][vc_column][vc_column_text] Staff evening 16.01.2020 96 people On Thursday, 16.01.2020 a staff evening took place at the BeachIN. 96 people spent a cosy evening at the beach with games, fun, good food and party with a request concert. Many thanks to the management and the whole team for the booking and the great feedback. The atmosphere weiterlesen...\" \/>\n<meta property=\"og:url\" content=\"https:\/\/beachin.ch\/en\/events-at-the-beach\/event-archive\/staff-evening-wohnguet-taeuffelen\/\" \/>\n<meta property=\"og:site_name\" content=\"BeachIN Sport, Bar &amp; Hotel\" \/>\n<meta property=\"article:modified_time\" content=\"2021-06-16T08:59:24+00:00\" \/>\n<meta name=\"twitter:card\" content=\"summary_large_image\" \/>\n<script type=\"application\/ld+json\" class=\"yoast-schema-graph\">{\"@context\":\"https:\/\/schema.org\",\"@graph\":[{\"@type\":\"WebSite\",\"@id\":\"https:\/\/beachin.ch\/en\/#website\",\"url\":\"https:\/\/beachin.ch\/en\/\",\"name\":\"BeachIN Sport, Bar &amp; Hotel\",\"description\":\"Strandfeeling das ganze Jahr!\",\"potentialAction\":[{\"@type\":\"SearchAction\",\"target\":\"https:\/\/beachin.ch\/en\/?s={search_term_string}\",\"query-input\":\"required name=search_term_string\"}],\"inLanguage\":\"en-US\"},{\"@type\":\"WebPage\",\"@id\":\"https:\/\/beachin.ch\/en\/events-at-the-beach\/event-archive\/staff-evening-wohnguet-taeuffelen\/#webpage\",\"url\":\"https:\/\/beachin.ch\/en\/events-at-the-beach\/event-archive\/staff-evening-wohnguet-taeuffelen\/\",\"name\":\"Staff evening &ndash; BeachIN Sport, Bar &amp; Hotel\",\"isPartOf\":{\"@id\":\"https:\/\/beachin.ch\/en\/#website\"},\"datePublished\":\"2020-01-22T12:39:55+00:00\",\"dateModified\":\"2021-06-16T08:59:24+00:00\",\"inLanguage\":\"en-US\",\"potentialAction\":[{\"@type\":\"ReadAction\",\"target\":[\"https:\/\/beachin.ch\/en\/events-at-the-beach\/event-archive\/staff-evening-wohnguet-taeuffelen\/\"]}]}]}<\/script>\n<!-- \/ Yoast SEO plugin. -->","_links":{"self":[{"href":"https:\/\/beachin.ch\/en\/wp-json\/wp\/v2\/pages\/9817"}],"collection":[{"href":"https:\/\/beachin.ch\/en\/wp-json\/wp\/v2\/pages"}],"about":[{"href":"https:\/\/beachin.ch\/en\/wp-json\/wp\/v2\/types\/page"}],"author":[{"embeddable":true,"href":"https:\/\/beachin.ch\/en\/wp-json\/wp\/v2\/users\/1"}],"replies":[{"embeddable":true,"href":"https:\/\/beachin.ch\/en\/wp-json\/wp\/v2\/comments?post=9817"}],"version-history":[{"count":7,"href":"https:\/\/beachin.ch\/en\/wp-json\/wp\/v2\/pages\/9817\/revisions"}],"predecessor-version":[{"id":15671,"href":"https:\/\/beachin.ch\/en\/wp-json\/wp\/v2\/pages\/9817\/revisions\/15671"}],"up":[{"embeddable":true,"href":"https:\/\/beachin.ch\/en\/wp-json\/wp\/v2\/pages\/9765"}],"wp:attachment":[{"href":"https:\/\/beachin.ch\/en\/wp-json\/wp\/v2\/media?parent=9817"}],"curies":[{"name":"wp","href":"https:\/\/api.w.org\/{rel}","templated":true}]}}