{"id":9781,"date":"2020-01-21T15:30:03","date_gmt":"2020-01-21T14:30:03","guid":{"rendered":"https:\/\/beachin.ch\/press\/"},"modified":"2021-06-29T10:34:22","modified_gmt":"2021-06-29T08:34:22","slug":"press","status":"publish","type":"page","link":"https:\/\/beachin.ch\/en\/press\/","title":{"rendered":"Press"},"content":{"rendered":"<div class=\"wpb-content-wrapper\"><p>[vc_row][vc_column][vc_column_text]<\/p>\n<h1>Press<\/h1>\n<p>[\/vc_column_text][vc_tta_accordion style=&#8221;outline&#8221; active_section=&#8221;1&#8243;][vc_tta_section title=&#8221;Quickline advertising shoot at BeachIN&#8221; tab_id=&#8221;1624954787516-7785b5ff-99f7&#8243;][vc_column_text]<\/p>\n<div style=\"width: 780px;\" class=\"wp-video\"><!--[if lt IE 9]><script>document.createElement('video');<\/script><![endif]-->\n<video class=\"wp-video-shortcode\" id=\"video-9781-1\" width=\"780\" height=\"439\" preload=\"metadata\" controls=\"controls\"><source type=\"video\/mp4\" src=\"https:\/\/beachin.ch\/wp-content\/uploads\/2021\/06\/2021-05-20_Quickline_TV_Volleyball_16x9_WEB-2.mp4?_=1\" \/><a href=\"https:\/\/beachin.ch\/wp-content\/uploads\/2021\/06\/2021-05-20_Quickline_TV_Volleyball_16x9_WEB-2.mp4\">https:\/\/beachin.ch\/wp-content\/uploads\/2021\/06\/2021-05-20_Quickline_TV_Volleyball_16x9_WEB-2.mp4<\/a><\/video><\/div>\n<p>Quickline commercial shoot from 20.05.21<\/p>\n<p><strong>Source:<\/strong> <a href=\"https:\/\/quickline.ch\/\" target=\"_blank\" rel=\"noopener noreferrer\">Quickline<\/a>[\/vc_column_text][\/vc_tta_section][vc_tta_section title=&#8221;Swiss Location Award 2021&#8243; tab_id=&#8221;1624365446510-5e8d9678-facf&#8221;][vc_single_image image=&#8221;15802&#8243;][vc_column_text]We received the &#8220;<strong>Excellent<\/strong>&#8221; seal of approval at the <strong>Swiss Location Award 2021<\/strong> with 8.4 points and are now officially one of the best event locations in Switzerland. You can find more information about our award at <a href=\"https:\/\/www.eventlokale.ch\/sla2021-beste-erlebnislocations\">https:\/\/www.eventlokale.ch\/sla2021-beste-erlebnislocations<\/a>[\/vc_column_text][\/vc_tta_section][vc_tta_section title=&#8221;21.3.2021 TeleBielingue&#8221; tab_id=&#8221;1616414391601-d2a9de30-1274&#8243;][vc_column_text]<\/p>\n<div style=\"width: 780px;\" class=\"wp-video\"><video class=\"wp-video-shortcode\" id=\"video-9781-2\" width=\"780\" height=\"439\" preload=\"metadata\" controls=\"controls\"><source type=\"video\/mp4\" src=\"https:\/\/beachin.ch\/wp-content\/uploads\/2021\/03\/SPORT_1121_D_PL_WEB.mp4?_=2\" \/><a href=\"https:\/\/beachin.ch\/wp-content\/uploads\/2021\/03\/SPORT_1121_D_PL_WEB.mp4\">https:\/\/beachin.ch\/wp-content\/uploads\/2021\/03\/SPORT_1121_D_PL_WEB.mp4<\/a><\/video><\/div>\n<p>&nbsp;<\/p>\n<p><strong>Ein Hauch von Ferienstimmung<\/strong><br \/>\nIm Hotel BeachIN in Ins ist es noch m\u00f6glich, Beach-Volleyball zu spielen, trotz der Schliessung der Sportzentren.<br \/>\nSource: <a href=\"https:\/\/www.telebielingue.ch\/de\" target=\"_blank\" rel=\"noopener noreferrer\">TeleBielingue<\/a>[\/vc_column_text][\/vc_tta_section][vc_tta_section title=&#8221;14.01.2020 Canal 3&#8243; tab_id=&#8221;1579589607067-415ff888-3be0&#8243;][vc_single_image image=&#8221;2784&#8243; img_size=&#8221;300&#215;200&#8243;][vc_column_text]Interview about the positive first year of operation of the BeachIN at Canal3.<\/p>\n<p>Source: <a href=\"https:\/\/beachin.ch\/wp-content\/uploads\/2020\/01\/Canal3_Nachrichten_vom14012020.mp3\" target=\"_blank\" rel=\"noopener noreferrer\">Canal3<\/a>[\/vc_column_text][\/vc_tta_section][vc_tta_section title=&#8221;01.09.2019 Durst Zeitung&#8221; tab_id=&#8221;1579533559483-2bd8b686-7fb9&#8243;][vc_single_image image=&#8221;4698&#8243; img_size=&#8221;300&#215;200&#8243;][vc_column_text]<strong>Strandfeeling und ein weltweit einmaliges Konzept<\/strong><br \/>\nDas multifunktionale BeachIN in Ins wurde Anfang 2019 er\u00f6ffnet und ist weltweit einmalig: Der Komplex im Berner Seeland umfasst eine Sandsporthalle, ein Hotel mit Seminarraum, ein Restaurant mit Beach Bar, ein SPA und 500m2 B\u00fcror\u00e4umlichkeiten. Im Zentrum steht die Sandsporthalle, in der Beachvolley gespielt wird, aber auch Beachtennis, Beachbadmington, Beachhandball und Beachsoccer.<\/p>\n<p>Source: <a href=\"https:\/\/www.durstzeitung.ch\/epaper\/durst\/2019_09\/27\/#zoom=z\" target=\"_blank\" rel=\"noopener noreferrer\">Durst Zeitung<\/a>[\/vc_column_text][\/vc_tta_section][vc_tta_section title=&#8221;02.02.2019 Tagesanzeiger&#8221; tab_id=&#8221;1579533559520-c763da54-7653&#8243;][vc_single_image image=&#8221;2789&#8243; img_size=&#8221;300&#215;200&#8243;][vc_column_text]<strong>\u00abJeder B\u00fcrotag f\u00fchlt sich an wie eine Niederlage\u00bb<\/strong><br \/>\nAls Beachvolleyball-Profi war Martin Laciga die Weltnummer 1 und ein Star. Nach dem R\u00fccktritt kam er sich vor wie ein 16-J\u00e4hriger, der seinen Platz sucht. \u00abAm Anfang wollten viele etwas von mir, aber ich hatte kein Gef\u00fchl daf\u00fcr, was zu mir passte\u00bb, sagt der 44-J\u00e4hrige. Nun will er sich mehr von der Freude als vom Erfolgsdruck leiten lassen.<\/p>\n<p>Source: <a href=\"https:\/\/blog.tagesanzeiger.ch\/berufung\/index.php\/36807\/jeder-buerotag-fuehlt-sich-an-wie-eine-niederlage\/\"><strong>Tagesanzeiger<\/strong><\/a>[\/vc_column_text][\/vc_tta_section][vc_tta_section title=&#8221;08.02.2019 Bielertagblatt&#8221; tab_id=&#8221;1579533906744-40e5ee27-da87&#8243;][vc_single_image image=&#8221;2771&#8243; img_size=&#8221;300&#215;200&#8243;][vc_column_text]<strong>S\u00fcdsee in der Halle<\/strong><br \/>\nBeachvolleyball spielt man normalerweise am Strand. Der fr\u00fchere Topspieler Martin Laciga und sein Gesch\u00e4ftspartner Michael Abegglen bieten nun aber die M\u00f6glichkeit, auch im Winter und bei schlechtem Wetter zu spielen. In Ins betreiben die zwei seit kurzem eine Sandsporthalle.<\/p>\n<p>Source: <a href=\"https:\/\/bielertagblatt.ch\/\" target=\"_blank\" rel=\"noopener noreferrer\">Bielertagblatt<\/a>[\/vc_column_text][\/vc_tta_section][vc_tta_section title=&#8221;19.01. bis 21.01.2019 Canal 3&#8243; tab_id=&#8221;1579533984288-2b02d779-87ee&#8221;][vc_single_image image=&#8221;2784&#8243; img_size=&#8221;300&#215;200&#8243;][vc_column_text]Our first interviews on Canal3. Beachvolley even in winter, that&#8217;s what the founders and visitors say.<\/p>\n<p>Source: <a href=\"http:\/\/www.canal3.ch\/\" target=\"_blank\" rel=\"noopener noreferrer\">Canal3 (Audio file no longer available)<\/a>[\/vc_column_text][\/vc_tta_section][vc_tta_section title=&#8221;17.01.2019 Bielertagblatt&#8221; tab_id=&#8221;1579534107037-1d540886-8e27&#8243;][vc_single_image image=&#8221;2477&#8243; img_size=&#8221;300&#215;200&#8243;][vc_column_text]In dieser Woche wird die neue BeachIn-Halle im Inser Industriezentrum (nahe Autobahn) mit diversen Aktivit\u00e4ten offiziell er\u00f6ffnet und in Betrieb genommen. Morgen steht unter anderem ein Showturnier ab 17 Uhr (bis ca 21 Uhr) auf dem Programm.<\/p>\n<p>Source: <a href=\"https:\/\/www.bielertagblatt.ch\/\" target=\"_blank\" rel=\"noopener noreferrer\">Bielertagblatt<\/a>[\/vc_column_text][\/vc_tta_section][\/vc_tta_accordion][\/vc_column][\/vc_row][vc_row][vc_column][vc_column_text]<\/p>\n<h1>BeachIN Media<\/h1>\n<p>[\/vc_column_text][\/vc_column][\/vc_row][vc_row][vc_column width=&#8221;1\/3&#8243;][vc_hoverbox image=&#8221;7646&#8243; primary_title=&#8221;Events&#8221; hover_title=&#8221;See Images&#8230;&#8221; hover_background_color=&#8221;custom&#8221; hover_btn_title=&#8221;See Images&#8230;&#8221; hover_add_button=&#8221;true&#8221; hover_custom_background=&#8221;#da0051&#8243; hover_btn_link=&#8221;url:See%20Images|title:Event%20Images|target:%20_blank|&#8221;][\/vc_hoverbox][\/vc_column][vc_column width=&#8221;1\/3&#8243;][vc_hoverbox image=&#8221;7716&#8243; primary_title=&#8221;Beachsport&#8221; hover_title=&#8221;See Images&#8230;&#8221; hover_background_color=&#8221;custom&#8221; hover_btn_title=&#8221;See Images&#8230;&#8221; hover_add_button=&#8221;true&#8221; hover_custom_background=&#8221;#efc211&#8243; hover_btn_link=&#8221;url:%2F%3Fpage_id%3D7851|title:Beachsport%20Images|target:%20_blank|&#8221;][\/vc_hoverbox][\/vc_column][vc_column width=&#8221;1\/3&#8243;][vc_hoverbox image=&#8221;7871&#8243; primary_title=&#8221;Infrastructure&#8221; hover_title=&#8221;See Images&#8230;&#8221; hover_background_color=&#8221;custom&#8221; hover_btn_title=&#8221;See Images&#8230;&#8221; hover_add_button=&#8221;true&#8221; hover_custom_background=&#8221;#58a618&#8243; hover_btn_link=&#8221;url:%2F%3Fpage_id%3D7848|title:Infrastructure%20Images|target:%20_blank|&#8221;][\/vc_hoverbox][\/vc_column][\/vc_row][vc_row][vc_column][vc_empty_space height=&#8221;40px&#8221;][\/vc_column][\/vc_row]<\/p>\n<\/div>","protected":false},"excerpt":{"rendered":"<p>[vc_row][vc_column][vc_column_text] Press [\/vc_column_text][vc_tta_accordion style=&#8221;outline&#8221; active_section=&#8221;1&#8243;][vc_tta_section title=&#8221;Quickline advertising shoot at BeachIN&#8221; tab_id=&#8221;1624954787516-7785b5ff-99f7&#8243;][vc_column_text] Quickline commercial shoot from 20.05.21 Source: Quickline[\/vc_column_text][\/vc_tta_section][vc_tta_section title=&#8221;Swiss Location Award 2021&#8243; tab_id=&#8221;1624365446510-5e8d9678-facf&#8221;][vc_single_image image=&#8221;15802&#8243;][vc_column_text]We received the &#8220;Excellent&#8221; seal of approval at the Swiss Location Award 2021 with 8.4 points and are now officially one of the best event locations in Switzerland. You can find more <a class=\"more-link\" href=\"https:\/\/beachin.ch\/en\/press\/\">weiterlesen&#8230;<\/a><\/p>\n","protected":false},"author":1,"featured_media":0,"parent":0,"menu_order":0,"comment_status":"closed","ping_status":"closed","template":"","meta":{"footnotes":""},"yoast_head":"<!-- This site is optimized with the Yoast SEO plugin v14.4.1 - https:\/\/yoast.com\/wordpress\/plugins\/seo\/ -->\n<title>Press &ndash; BeachIN Sport, Bar &amp; Hotel<\/title>\n<meta name=\"robots\" content=\"index, follow\" \/>\n<meta name=\"googlebot\" content=\"index, follow, max-snippet:-1, max-image-preview:large, max-video-preview:-1\" \/>\n<meta name=\"bingbot\" content=\"index, follow, max-snippet:-1, max-image-preview:large, max-video-preview:-1\" \/>\n<link rel=\"canonical\" href=\"https:\/\/beachin.ch\/en\/press\/\" \/>\n<meta property=\"og:locale\" content=\"en_US\" \/>\n<meta property=\"og:type\" content=\"article\" \/>\n<meta property=\"og:title\" content=\"Press &ndash; BeachIN Sport, Bar &amp; Hotel\" \/>\n<meta property=\"og:description\" content=\"[vc_row][vc_column][vc_column_text] Press [\/vc_column_text][vc_tta_accordion style=&#8221;outline&#8221; active_section=&#8221;1&#8243;][vc_tta_section title=&#8221;Quickline advertising shoot at BeachIN&#8221; tab_id=&#8221;1624954787516-7785b5ff-99f7&#8243;][vc_column_text] Quickline commercial shoot from 20.05.21 Source: Quickline[\/vc_column_text][\/vc_tta_section][vc_tta_section title=&#8221;Swiss Location Award 2021&#8243; tab_id=&#8221;1624365446510-5e8d9678-facf&#8221;][vc_single_image image=&#8221;15802&#8243;][vc_column_text]We received the &#8220;Excellent&#8221; seal of approval at the Swiss Location Award 2021 with 8.4 points and are now officially one of the best event locations in Switzerland. You can find more weiterlesen...\" \/>\n<meta property=\"og:url\" content=\"https:\/\/beachin.ch\/en\/press\/\" \/>\n<meta property=\"og:site_name\" content=\"BeachIN Sport, Bar &amp; Hotel\" \/>\n<meta property=\"article:modified_time\" content=\"2021-06-29T08:34:22+00:00\" \/>\n<meta name=\"twitter:card\" content=\"summary_large_image\" \/>\n<script type=\"application\/ld+json\" class=\"yoast-schema-graph\">{\"@context\":\"https:\/\/schema.org\",\"@graph\":[{\"@type\":\"WebSite\",\"@id\":\"https:\/\/beachin.ch\/en\/#website\",\"url\":\"https:\/\/beachin.ch\/en\/\",\"name\":\"BeachIN Sport, Bar &amp; Hotel\",\"description\":\"Strandfeeling das ganze Jahr!\",\"potentialAction\":[{\"@type\":\"SearchAction\",\"target\":\"https:\/\/beachin.ch\/en\/?s={search_term_string}\",\"query-input\":\"required name=search_term_string\"}],\"inLanguage\":\"en-US\"},{\"@type\":\"WebPage\",\"@id\":\"https:\/\/beachin.ch\/en\/press\/#webpage\",\"url\":\"https:\/\/beachin.ch\/en\/press\/\",\"name\":\"Press &ndash; BeachIN Sport, Bar &amp; Hotel\",\"isPartOf\":{\"@id\":\"https:\/\/beachin.ch\/en\/#website\"},\"datePublished\":\"2020-01-21T14:30:03+00:00\",\"dateModified\":\"2021-06-29T08:34:22+00:00\",\"inLanguage\":\"en-US\",\"potentialAction\":[{\"@type\":\"ReadAction\",\"target\":[\"https:\/\/beachin.ch\/en\/press\/\"]}]}]}<\/script>\n<!-- \/ Yoast SEO plugin. -->","_links":{"self":[{"href":"https:\/\/beachin.ch\/en\/wp-json\/wp\/v2\/pages\/9781"}],"collection":[{"href":"https:\/\/beachin.ch\/en\/wp-json\/wp\/v2\/pages"}],"about":[{"href":"https:\/\/beachin.ch\/en\/wp-json\/wp\/v2\/types\/page"}],"author":[{"embeddable":true,"href":"https:\/\/beachin.ch\/en\/wp-json\/wp\/v2\/users\/1"}],"replies":[{"embeddable":true,"href":"https:\/\/beachin.ch\/en\/wp-json\/wp\/v2\/comments?post=9781"}],"version-history":[{"count":14,"href":"https:\/\/beachin.ch\/en\/wp-json\/wp\/v2\/pages\/9781\/revisions"}],"predecessor-version":[{"id":15976,"href":"https:\/\/beachin.ch\/en\/wp-json\/wp\/v2\/pages\/9781\/revisions\/15976"}],"wp:attachment":[{"href":"https:\/\/beachin.ch\/en\/wp-json\/wp\/v2\/media?parent=9781"}],"curies":[{"name":"wp","href":"https:\/\/api.w.org\/{rel}","templated":true}]}}