{"id":1512,"date":"2018-12-03T10:10:21","date_gmt":"2018-12-03T09:10:21","guid":{"rendered":"https:\/\/beachin.ch\/impressum\/"},"modified":"2018-12-03T13:39:38","modified_gmt":"2018-12-03T12:39:38","slug":"impressum","status":"publish","type":"page","link":"https:\/\/beachin.ch\/en\/impressum\/","title":{"rendered":"Impressum"},"content":{"rendered":"<div class=\"wpb-content-wrapper\"><p>[vc_row][vc_column][vc_column_text]<\/p>\n<h1><b>Impressum<\/b><\/h1>\n<p>F\u00fcr Anfragen benutzen Sie bitte das\u202f<a href=\"https:\/\/beachin.ch\/en\/contact\/\">Kontaktformular<\/a>.\u00a0<span data-ccp-props=\"{&quot;134233117&quot;:true,&quot;134233118&quot;:true,&quot;335559739&quot;:120}\">\u00a0<\/span><\/p>\n<p><b>Kontaktadresse<\/b><br \/>\nBeachIN GmbH<br \/>\nR\u00e4mismatte 7<br \/>\n3232 Ins<br \/>\nTel: +41 (0)32 312 00 66<br \/>\nE-Mail: <a href=\"mailto:sonne@beachin.ch\">sonne@beachin.ch<\/a>\u00a0<span data-ccp-props=\"{&quot;134233117&quot;:true,&quot;134233118&quot;:true,&quot;335559739&quot;:120}\">\u00a0<\/span><\/p>\n<p><b>Handelsregistereintrag<\/b><br \/>\nEingetragener Firmenname: BeachIN GmbH<br \/>\nFirmennummer:\u00a0CHE-141.136.927<br \/>\nHandelsregisteramt: Kanton Bern<br \/>\nMWST-Nummer:\u00a0CHE-141.136.927 MWST<\/p>\n<p><b>Konzept &amp; Design<\/b><br \/>\nDas Konzept und Design wurde realisiert durch die <a href=\"https:\/\/web-id.ch\/\">Web-ID GmbH<\/a>, Ins.\u00a0<span data-ccp-props=\"{&quot;134233117&quot;:true,&quot;134233118&quot;:true,&quot;335559739&quot;:120}\">\u00a0<\/span><\/p>\n<p><b>Programmierung &amp; CMS<\/b><br \/>\nDie Programmierung und das CMS wurde realisiert durch die <a href=\"https:\/\/web-id.ch\/\">Web-ID GmbH<\/a>, Ins.\u00a0<span data-ccp-props=\"{&quot;134233117&quot;:true,&quot;134233118&quot;:true,&quot;335559739&quot;:120}\">\u00a0<\/span><\/p>\n<p><b>Urheberrecht<\/b><br \/>\nDas Copyright der auf dieser Seite publizierten Inhalte liegt bei BeachIN GmbH.\u00a0<span data-ccp-props=\"{&quot;134233117&quot;:true,&quot;134233118&quot;:true,&quot;335559739&quot;:120}\">\u00a0<\/span><\/p>\n<p><b>Haftungshinweis<\/b><br \/>\nTrotz\u00a0sorgf\u00e4ltiger Kontrolle \u00fcbernehmen wir keine Haftung f\u00fcr die Inhalte externer Links. F\u00fcr den Inhalt der verlinkten Seiten sind ausschliesslich deren Betreiber verantwortlich.\u00a0<span data-ccp-props=\"{&quot;134233117&quot;:true,&quot;134233118&quot;:true,&quot;335559739&quot;:120}\">\u00a0<\/span><\/p>\n<p><b>Browserkompatibilit\u00e4t<\/b><span data-ccp-props=\"{&quot;134233117&quot;:true,&quot;134233118&quot;:true}\"><br \/>\n<\/span>Diese Website ist f\u00fcr die Darstellung in den Browsern Chrome, Firefox, Internet Explorer (ab Version 10), Safari und Opera optimiert. Sollten Sie einen anderen Browser oder eine veraltete Version nutzen, kann es zu Funktionseinschr\u00e4nkungen kommen. Verwenden Sie m\u00f6glichst die aktuelle Version Ihres Browsers, um unser Webangebot in vollem Umfang nutzen zu k\u00f6nnen.<span data-ccp-props=\"{}\">\u00a0<\/span>[\/vc_column_text][\/vc_column][\/vc_row]<\/p>\n<\/div>","protected":false},"excerpt":{"rendered":"<p>[vc_row][vc_column][vc_column_text] Impressum F\u00fcr Anfragen benutzen Sie bitte das\u202fKontaktformular.\u00a0\u00a0 Kontaktadresse BeachIN GmbH R\u00e4mismatte 7 3232 Ins Tel: +41 (0)32 312 00 66 E-Mail: sonne@beachin.ch\u00a0\u00a0 Handelsregistereintrag Eingetragener Firmenname: BeachIN GmbH Firmennummer:\u00a0CHE-141.136.927 Handelsregisteramt: Kanton Bern MWST-Nummer:\u00a0CHE-141.136.927 MWST Konzept &amp; Design Das Konzept und Design wurde realisiert durch die Web-ID GmbH, Ins.\u00a0\u00a0 Programmierung &amp; CMS Die Programmierung und das <a class=\"more-link\" href=\"https:\/\/beachin.ch\/en\/impressum\/\">weiterlesen&#8230;<\/a><\/p>\n","protected":false},"author":1,"featured_media":0,"parent":0,"menu_order":0,"comment_status":"closed","ping_status":"closed","template":"","meta":{"footnotes":""},"yoast_head":"<!-- This site is optimized with the Yoast SEO plugin v14.4.1 - https:\/\/yoast.com\/wordpress\/plugins\/seo\/ -->\n<title>Impressum &ndash; BeachIN Sport, Bar &amp; Hotel<\/title>\n<meta name=\"robots\" content=\"index, follow\" \/>\n<meta name=\"googlebot\" content=\"index, follow, max-snippet:-1, max-image-preview:large, max-video-preview:-1\" \/>\n<meta name=\"bingbot\" content=\"index, follow, max-snippet:-1, max-image-preview:large, max-video-preview:-1\" \/>\n<link rel=\"canonical\" href=\"https:\/\/beachin.ch\/en\/impressum\/\" \/>\n<meta property=\"og:locale\" content=\"en_US\" \/>\n<meta property=\"og:type\" content=\"article\" \/>\n<meta property=\"og:title\" content=\"Impressum &ndash; BeachIN Sport, Bar &amp; Hotel\" \/>\n<meta property=\"og:description\" content=\"[vc_row][vc_column][vc_column_text] Impressum F\u00fcr Anfragen benutzen Sie bitte das\u202fKontaktformular.\u00a0\u00a0 Kontaktadresse BeachIN GmbH R\u00e4mismatte 7 3232 Ins Tel: +41 (0)32 312 00 66 E-Mail: sonne@beachin.ch\u00a0\u00a0 Handelsregistereintrag Eingetragener Firmenname: BeachIN GmbH Firmennummer:\u00a0CHE-141.136.927 Handelsregisteramt: Kanton Bern MWST-Nummer:\u00a0CHE-141.136.927 MWST Konzept &amp; Design Das Konzept und Design wurde realisiert durch die Web-ID GmbH, Ins.\u00a0\u00a0 Programmierung &amp; CMS Die Programmierung und das weiterlesen...\" \/>\n<meta property=\"og:url\" content=\"https:\/\/beachin.ch\/en\/impressum\/\" \/>\n<meta property=\"og:site_name\" content=\"BeachIN Sport, Bar &amp; Hotel\" \/>\n<meta property=\"article:modified_time\" content=\"2018-12-03T12:39:38+00:00\" \/>\n<meta name=\"twitter:card\" content=\"summary_large_image\" \/>\n<script type=\"application\/ld+json\" class=\"yoast-schema-graph\">{\"@context\":\"https:\/\/schema.org\",\"@graph\":[{\"@type\":\"WebSite\",\"@id\":\"https:\/\/beachin.ch\/en\/#website\",\"url\":\"https:\/\/beachin.ch\/en\/\",\"name\":\"BeachIN Sport, Bar &amp; Hotel\",\"description\":\"Strandfeeling das ganze Jahr!\",\"potentialAction\":[{\"@type\":\"SearchAction\",\"target\":\"https:\/\/beachin.ch\/en\/?s={search_term_string}\",\"query-input\":\"required name=search_term_string\"}],\"inLanguage\":\"en-US\"},{\"@type\":\"WebPage\",\"@id\":\"https:\/\/beachin.ch\/en\/impressum\/#webpage\",\"url\":\"https:\/\/beachin.ch\/en\/impressum\/\",\"name\":\"Impressum &ndash; BeachIN Sport, Bar &amp; Hotel\",\"isPartOf\":{\"@id\":\"https:\/\/beachin.ch\/en\/#website\"},\"datePublished\":\"2018-12-03T09:10:21+00:00\",\"dateModified\":\"2018-12-03T12:39:38+00:00\",\"inLanguage\":\"en-US\",\"potentialAction\":[{\"@type\":\"ReadAction\",\"target\":[\"https:\/\/beachin.ch\/en\/impressum\/\"]}]}]}<\/script>\n<!-- \/ Yoast SEO plugin. -->","_links":{"self":[{"href":"https:\/\/beachin.ch\/en\/wp-json\/wp\/v2\/pages\/1512"}],"collection":[{"href":"https:\/\/beachin.ch\/en\/wp-json\/wp\/v2\/pages"}],"about":[{"href":"https:\/\/beachin.ch\/en\/wp-json\/wp\/v2\/types\/page"}],"author":[{"embeddable":true,"href":"https:\/\/beachin.ch\/en\/wp-json\/wp\/v2\/users\/1"}],"replies":[{"embeddable":true,"href":"https:\/\/beachin.ch\/en\/wp-json\/wp\/v2\/comments?post=1512"}],"version-history":[{"count":2,"href":"https:\/\/beachin.ch\/en\/wp-json\/wp\/v2\/pages\/1512\/revisions"}],"predecessor-version":[{"id":1543,"href":"https:\/\/beachin.ch\/en\/wp-json\/wp\/v2\/pages\/1512\/revisions\/1543"}],"wp:attachment":[{"href":"https:\/\/beachin.ch\/en\/wp-json\/wp\/v2\/media?parent=1512"}],"curies":[{"name":"wp","href":"https:\/\/api.w.org\/{rel}","templated":true}]}}