{"id":1499,"date":"2018-12-03T09:44:19","date_gmt":"2018-12-03T08:44:19","guid":{"rendered":"https:\/\/beachin.ch\/datenschutz\/"},"modified":"2023-10-27T14:51:12","modified_gmt":"2023-10-27T12:51:12","slug":"datenschutz","status":"publish","type":"page","link":"https:\/\/beachin.ch\/en\/datenschutz\/","title":{"rendered":"Datenschutz"},"content":{"rendered":"<div class=\"wpb-content-wrapper\"><p>[vc_row][vc_column][vc_column_text]<\/p>\n<h1>Datenschutz<\/h1>\n<p>[\/vc_column_text][vc_column_text]<strong>1. Hinweis<\/strong><br \/>\nBitte lesen Sie die nachfolgenden Informationen genau durch. Sie enthalten rechtlich relevante Bestimmungen. Mit dem Zugriff auf die Website und ihre Seiten erkl\u00e4ren Sie, dass Sie die folgenden Anwendungsbedingungen im Zusammenhang mit dieser Website verstanden haben und anerkennen.[\/vc_column_text][vc_column_text]<strong>2. Datenschutzerkl\u00e4rung<\/strong><br \/>\nDie BeachIN GmbH nimmt den Datenschutz ernst und m\u00f6chte Ihnen anhand dieser Datenschutzerkl\u00e4rung erl\u00e4utern, welche Daten unbedingt ben\u00f6tigt werden, wie wir sie nutzen und wie Sie Ihre Angaben korrigieren oder \u00e4ndern k\u00f6nnen.<\/p>\n<p>F\u00fcr die Sicherheit der Daten\u00fcbertragung im Internet k\u00f6nnen wir keine Gew\u00e4hr \u00fcbernehmen, insbesondere besteht bei der \u00dcbertragung von Daten per E-Mail die Gefahr des Zugriffs durch Dritte.<\/p>\n<p>Sollten einzelne Regelungen oder Formulierungen dieses Haftungsausschlusses unwirksam sein oder werden, bleiben die \u00fcbrigen Regelungen in ihrem Inhalt und ihrer G\u00fcltigkeit hiervon unber\u00fchrt.<\/p>\n<p>Unsere Einstellung ist, dass der Schutz Ihrer Privatsph\u00e4re von h\u00f6chster Bedeutung ist. Deshalb ist das Einhalten der strengen gesetzlichen Bestimmungen zum Datenschutz f\u00fcr uns selbstverst\u00e4ndlich. Nach unserer festen \u00dcberzeugung f\u00e4ngt Datenschutz mit Transparenz an. Daher ist es unser Anliegen, dass Sie jederzeit wissen, wann wir welche Ihrer personenbezogenen Daten speichern, wie wir sie verwenden, aber auch, wie Sie die Verwendung einschr\u00e4nken bzw. verhindern.[\/vc_column_text][vc_column_text]<strong>3. Verantwortliche<\/strong><br \/>\nUnsere Kontaktangaben finden Sie im Impressum. Bei Fragen zu unserem Datenschutz, wenden Sie sich bitte per E-Mail an sonne@beachin.ch[\/vc_column_text][vc_column_text]<strong>4. Was sind personenbezogene Daten?<\/strong><br \/>\nPersonenbezogene Daten sind alle Informationen \u00fcber pers\u00f6nliche und sachliche Verh\u00e4ltnisse einer bestimmten oder bestimmbaren Person. Darunter fallen Informationen und Angaben wie Ihr (richtiger) Name, Ihre Adresse oder sonstige Postanschrift und die Telefonnummer. Auch Ihre E-Mail-Adresse geh\u00f6rt dazu, wenn sie einen solchen Bezug zu Ihrem Namen hat, dass Sie identifizierbar sind. Informationen, mit deren Hilfe Ihre Identit\u00e4t nicht festgestellt werden kann, geh\u00f6ren nicht dazu. Solche Informationen sind zum Beispiel: alle Angaben ohne irgendeinen Bezug zu Ihrem Namen, z.B. nur die Angabe des Geschlechts oder des Alters oder der Ausbildung.[\/vc_column_text][vc_column_text]<strong>5. Nutzung und Weitergabe personenbezogener Daten<\/strong><br \/>\nWir verpflichten uns, ihre Privatsph\u00e4re zu sch\u00fctzen, nutzen Ihre personenbezogenen Informationen nur innerhalb der Gesellschaft und geben sie nur an solche Unternehmen weiter, die bei der Erf\u00fcllung der mit Ihnen abgeschlossenen Vertr\u00e4ge oder sonst bei der Leistungserbringung eingeschaltet werden. Ansonsten werden Ihre personenbezogenen Angaben nicht an Dritte weitergegeben, wenn Sie dazu nicht ausdr\u00fccklich Ihr Einverst\u00e4ndnis gegeben haben oder wir zur Herausgabe verpflichtet sind, z. B. aufgrund einer gerichtlichen oder beh\u00f6rdlichen Anordnung.[\/vc_column_text][vc_column_text]<strong>6. Kontaktaufnahme<\/strong><br \/>\nBei der Kontaktaufnahme mit uns (zum Beispiel per Kontaktformular oder E-Mail) werden die Angaben des Nutzers zwecks Bearbeitung der Anfrage sowie f\u00fcr den Fall, dass Anschlussfragen entstehen, gespeichert.[\/vc_column_text][vc_column_text]<strong>7. Aufbewahrungsdauer<\/strong><br \/>\nWir speichern Personendaten, solange das f\u00fcr den Zweck, f\u00fcr den wir sie erhoben haben, erforderlich ist. Bestimmte Personendaten unterliegen zudem rechtlich verbindlichen Aufbewahrungspflichten von zehn oder mehr Jahren, die wir ber\u00fccksichtigen. Wir k\u00f6nnen Personendaten auch mindestens f\u00fcr die Dauer der anwendbaren Verj\u00e4hrungsfristen speichern, die in vielen F\u00e4llen f\u00fcnf oder zehn Jahre betr\u00e4gt. Personendaten, die im Zusammenhang mit der Nutzung unserer Dienste anfallen (z.B. Protokolle, Logs, Analysen, etc.) und die keinen solchen Aufbewahrungs- oder Verj\u00e4hrungsfristen unterliegen, l\u00f6schen wir in der Regel fr\u00fcher, sobald wir kein Interesse mehr an der Bearbeitung haben. Daten k\u00f6nnen in anonymisierter Form jeweils auch l\u00e4nger aufbewahrt werden. Unter Vorbehalt einer ausdr\u00fccklichen vertraglichen Vereinbarung sind wir Ihnen gegen\u00fcber nicht verpflichtet, Daten f\u00fcr eine bestimmte Dauer aufzubewahren.[\/vc_column_text][vc_column_text]<strong>8. Verwendung von Cookies<\/strong><br \/>\nDie BeachIN GmbH setzt Cookies ein. Cookies sind kleine Textdateien, die der Web-Server im Browser Ihres Computers an mehreren Stellen ablegt und \u00fcber die Sie bei einem Folgebesuch der Website identifiziert werden k\u00f6nnen. Unsere eingesetzten Cookies richten keinen Schaden auf ihren Rechner an und enthalten keine Viren. W\u00e4hrend der Nutzung unseres Internetangebotes legen wir auf der Festplatte Ihres Computers vor allem so genannte \u00abSession Cookies\u00bb ab, die lediglich f\u00fcr Ihren Besuch auf unserer Website von Bedeutung sind. Diese Cookies dienen ausschliesslich der Verbindungssteuerung und Navigation und erm\u00f6glichen Ihnen ein nutzerfreundliches Surfen in unserem Internetangebot. Sie \u00abmerken\u00bb sich z. B. bestimmte Einstellungen w\u00e4hrend der Sitzung und ersparen wiederholte Eingaben. \u00abSession-Cookies\u00bb werden wieder gel\u00f6scht, wenn Sie Ihre Browsersitzung beenden. Ebenso setzen wir auch langlebige (persistente) Cookies ein, diese erm\u00f6glichen uns Ihren Browser beim n\u00e4chsten Besuch wieder zu erkennen. In Ihrem Browser wird Ihnen die Option einer Warnmeldung angeboten, wenn ein Webserver auf Ihrem Computer ein Cookie setzen m\u00f6chte. Sie k\u00f6nnen Cookies akzeptieren oder ablehnen. Die meisten Browser sind so eingestellt, dass sie Cookies automatisch akzeptieren. Sie k\u00f6nnen das Speichern von Cookies jedoch deaktivieren oder ihren Browser so einstellen, dass er Sie auf die Sendung von Cookies hinweist. Wenn Sie diese Website verlassen, k\u00f6nnen Sie Cookies von der Festplatte Ihres Computers nachtr\u00e4glich l\u00f6schen, z.B. wenn durch eine St\u00f6rung in der Internetverbindung die automatische Entfernung nicht mehr erfolgen konnte.<\/p>\n<p>Selbstverst\u00e4ndlich k\u00f6nnen Sie unsere Websites auch ohne Cookies betrachten. Wenn Sie nicht m\u00f6chten, dass wir Ihren Computer wiedererkennen, k\u00f6nnen Sie das Speichern von Cookies auf Ihrer Festplatte verhindern, indem Sie in Ihren Browser-Einstellungen \u00abkeine Cookies akzeptieren\u00bb w\u00e4hlen. Wie das im Einzelnen funktioniert, entnehmen Sie am besten der Anleitung Ihres Browser-Herstellers. Wenn Sie keine Cookies akzeptieren, kann dieses aber zu Funktionseinschr\u00e4nkungen unserer Angebote f\u00fchren.<\/p>\n<p>Cookies deaktivieren:<br \/>\nChrome<br \/>\nhttps:\/\/support.google.com\/accounts\/answer\/61416?hl=de<br \/>\nFirefox<br \/>\nhttps:\/\/support.mozilla.org\/de\/kb\/Cookies-blockieren<br \/>\nSafari<br \/>\nhttps:\/\/support.apple.com\/kb\/ph21411?locale=de_DE[\/vc_column_text][vc_column_text]<strong>9. Google Analytics<\/strong><br \/>\nDiese Website benutzt Google Analytics, einen Webanalysedienst der Google Inc. (\u00abGoogle\u00bb). Google Analytics verwendet sog. \u00abCookies\u00bb, Textdateien, die auf Ihrem Computer gespeichert werden und die eine Analyse der Benutzung der Website durch Sie erm\u00f6glichen. Die durch den Cookie erzeugten Informationen \u00fcber Ihre Benutzung dieser Website werden in der Regel an einen Server von Google in den USA \u00fcbertragen und dort gespeichert. Im Falle der Aktivierung der IP-Anonymisierung auf dieser Webseite wird Ihre IP-Adresse von Google jedoch innerhalb von Mitgliedstaaten der Europ\u00e4ischen Union oder in anderen Vertragsstaaten des Abkommens \u00fcber den Europ\u00e4ischen Wirtschaftsraum zuvor gek\u00fcrzt. Nur in Ausnahmef\u00e4llen wird die volle IP-Adresse an einen Server von Google in den USA \u00fcbertragen und dort gek\u00fcrzt. Im Auftrag des Betreibers dieser Website wird Google diese Informationen benutzen, um Ihre Nutzung der Website auszuwerten, um Reports \u00fcber die Websiteaktivit\u00e4ten zusammenzustellen und um weitere mit der Websitenutzung und der Internetnutzung verbundene Dienstleistungen gegen\u00fcber dem Websitebetreiber zu erbringen. Die im Rahmen von Google Analytics von Ihrem Browser \u00fcbermittelte IP-Adresse wird nicht mit anderen Daten von Google zusammengef\u00fchrt. Sie k\u00f6nnen die Speicherung der Cookies durch eine entsprechende Einstellung Ihrer Browser-Software verhindern; wir weisen Sie jedoch darauf hin, dass Sie in diesem Fall gegebenenfalls nicht s\u00e4mtliche Funktionen dieser Website vollumf\u00e4nglich werden nutzen k\u00f6nnen. Sie k\u00f6nnen dar\u00fcber hinaus die Erfassung der durch das Cookie erzeugten und auf Ihre Nutzung der Website bezogenen Daten (inkl. Ihrer IP-Adresse) an Google sowie die Verarbeitung dieser Daten durch Google verhindern, indem sie das unter dem folgenden Link verf\u00fcgbare Browser-Plugin herunterladen und installieren: http:\/\/tools.google.com\/dlpage\/gaoptout?hl=de.[\/vc_column_text][vc_column_text]<strong>10. Newsletter<\/strong><br \/>\nMit dem Newsletter informieren wir Sie \u00fcber uns und unsere Angebote. Wenn Sie den Newsletter empfangen m\u00f6chten, ben\u00f6tigen wir von Ihnen eine valide E-Mail-Adresse sowie Informationen, die uns die \u00dcberpr\u00fcfung gestatten, dass Sie der Inhaber der angegebenen E-Mail-Adresse sind bzw. deren Inhaber mit dem Empfang des Newsletters einverstanden ist. Ihre Einwilligung zur Speicherung der Daten, der E-Mail-Adresse sowie deren Nutzung zum Versand des Newsletters k\u00f6nnen Sie jederzeit widerrufen. Der Widerruf kann \u00fcber einen Link in den Newslettern oder per Mitteilung an die im Impressum stehenden Kontaktm\u00f6glichkeiten erfolgen. Der Newsletter-Versand wird durch die Versandsoftware Evalanche durchgef\u00fchrt. Zu diesem Zweck werden die Daten an die SC-Networks GmbH (W\u00fcrmstrasse 4, D-82319 Starnberg) weitergegeben.[\/vc_column_text][vc_column_text]<strong>11. Welche sonstigen Tools verwenden wir?<\/strong><br \/>\nGoogle Web Fonts<br \/>\nUnsere Website nutzt zur einheitlichen Darstellung von Schriftarten so genannte Web Fonts, die von Google bereitgestellt werden. Dabei l\u00e4dt Ihr Browser die ben\u00f6tigten Web Fonts in Ihren Browsercache, um Texte und Schriftarten korrekt anzuzeigen. Zu diesem Zweck muss der von Ihnen verwendete Browser Verbindung zu den Servern von Google aufnehmen. Hierdurch erlangt Google Kenntnis dar\u00fcber, dass \u00fcber Ihre IP-Adresse unsere Website aufgerufen wurde. Wenn Ihr Browser Web Fonts nicht unterst\u00fctzt, wird eine Standardschrift von Ihrem Computer genutzt.<br \/>\nWeitere Informationen zu Google Web Fonts finden Sie unter https:\/\/developers.google.com\/fonts\/faq und in der Datenschutzerkl\u00e4rung von Google: https:\/\/www.google.com\/policies\/privacy\/<\/p>\n<p>Google Maps<br \/>\nUnsere Website nutzt \u00fcber eine API den Kartendienst Google Maps. Anbieter ist die Google Inc., 1600 Amphitheatre Parkway, Mountain View, CA 94043, USA. Wenn Sie die Funktionen von Google Maps nutzen, wird Ihre IP-Adresse von Google gespeichert und in der Regel an einen Server von Google in den USA \u00fcbertragen. Wir haben keinen Einfluss auf diese Daten\u00fcbertragung.<br \/>\nWeitere Informationen finden Sie in der Datenschutzerkl\u00e4rung von Google: https:\/\/www.google.com\/policies\/privacy\/<\/p>\n<p>YouTube<br \/>\nWir nutzen YouTube, Google Ireland Limited, Gordon House, Barrow Street, Dublin 4, Irland. Wir nutzen die Youtube-Plattform, um Videos auf unserer Website zu ver\u00f6ffentlichen. Auf einigen unserer Websites integrieren wir Videos, die auf YouTube gespeichert sind. Mit dieser Integration wird der Inhalt von YouTube-Videos als Teil unserer Website angezeigt. Diese Technik verwendet einen &#8220;iFrame&#8221; zur Integration des Videos. Dazu geh\u00f6rt die Verbindung zu den Servern von YouTube und das Senden bestimmter Informationen (z.B. pers\u00f6nliche Daten, IP-Adresse) sowie die Speicherung und Nutzung f\u00fcr kommerzielle Zwecke in \u00dcbereinstimmung mit unseren Datennutzungsrichtlinien.<br \/>\nUm zu widersprechen rufen Sie folgende Seite auf: https:\/\/adssettings.google.com\/authenticated.<br \/>\nDer erweiterte Datenschutzmodus von YouTube speichert nur Cookies ohne pers\u00f6nliche Informationen auf Ihrem Ger\u00e4t. Sie k\u00f6nnen diese Cookies in den Einstellungen Ihres Browsers vermeiden.[\/vc_column_text][vc_column_text]<strong>12. Links zu Webseiten Dritter<\/strong><br \/>\nGewisse Links verweisen auf Webseiten Dritter, \u00fcber die wir keine Kontrolle haben. Wir schliessen jegliche Haftung f\u00fcr deren Inhalt, Produkte und Dienstleistungen oder andere angebotene Leistungen vollumf\u00e4nglich aus. Die entsprechenden Links dienen lediglich der Information und Benutzerfreundlichkeit. Die Verbindungen zu solchen Webseiten erfolgen auf eigene Gefahr und Verantwortung des Benutzers.[\/vc_column_text][vc_column_text]<strong>13. \u00c4nderungsvorbehalt<\/strong><br \/>\nWir behalten uns vor, diese Datenschutzerkl\u00e4rung von Zeit zu Zeit unter Beachtung der gesetzlichen Bestimmungen zu \u00e4ndern.[\/vc_column_text][vc_column_text]<strong>14. Speicherungsdauer<\/strong><br \/>\nWir verwenden und behalten Ihre Daten nur so lange, wie es gem\u00e4ss dem betreffenden Verarbeitungszweck notwendig ist oder eine andere rechtliche Grundlage daf\u00fcr besteht. Daten, die wir aufgrund einer Vertragsbeziehung mit Ihnen besitzen, behalten wir mindestens so lange wie die Vertragsbeziehung besteht und Verj\u00e4hrungsfristen f\u00fcr m\u00f6gliche Anspr\u00fcche von uns laufen oder gesetzliche oder vertragliche Aufbewahrungspflichten bestehen.[\/vc_column_text][vc_column_text]<strong>15. Ihre Rechte<\/strong><br \/>\nSie k\u00f6nnen jederzeit folgende Rechte aus\u00fcben:<br \/>\n\u2013 Auskunft \u00fcber Ihre bei uns gespeicherten Daten und deren Verarbeitung,<br \/>\n\u2013 Berichtigung unrichtiger personenbezogener Daten<br \/>\n\u2013 L\u00f6schung Ihrer bei uns gespeicherten Daten<br \/>\n\u2013 Einschr\u00e4nkung der Datenverarbeitung, sofern wir Ihre Daten aufgrund gesetzlicher Pflichten noch nicht l\u00f6schen d\u00fcrfen<br \/>\n\u2013 Widerspruch gegen die Verarbeitung Ihrer Daten bei uns und Daten\u00fcbertragbarkeit, sofern Sie in die Datenverarbeitung eingewilligt haben oder einen Vertrag mit uns abgeschlossen haben. Sofern Sie uns eine Einwilligung erteilt haben, k\u00f6nnen Sie diese jederzeit mit Wirkung f\u00fcr die Zukunft widerrufen. Sie k\u00f6nnen sich jederzeit mit einer Beschwerde an die f\u00fcr Sie zust\u00e4ndige Aufsichtsbeh\u00f6rde wenden.[\/vc_column_text][vc_column_text]<strong>16. Rechtliche Hinweise<\/strong><br \/>\nAlle Texte und Links wurden sorgf\u00e4ltig gepr\u00fcft und werden laufend aktualisiert. Wir sind bem\u00fcht, richtige und vollst\u00e4ndige Informationen auf dieser Website bereitzustellen, \u00fcbernehmen aber keinerlei Verantwortung, Garantien oder Haftung daf\u00fcr, dass die durch diese Website bereitgestellten Informationen, richtig, vollst\u00e4ndig oder aktuell sind. Wir behalten uns das Recht vor, jederzeit und ohne Vorank\u00fcndigung die Informationen auf dieser Website zu \u00e4ndern und verpflichten uns auch nicht, die enthaltenen Informationen zu aktualisieren. Alle Links zu externen Anbietern wurden zum Zeitpunkt ihrer Aufnahme auf ihre Richtigkeit \u00fcberpr\u00fcft, dennoch haften wir nicht f\u00fcr Inhalte und Verf\u00fcgbarkeit von Websites, die mittels Hyperlinks zu erreichen sind. F\u00fcr illegale, fehlerhafte oder unvollst\u00e4ndige Inhalte und insbesondere f\u00fcr Sch\u00e4den, die durch Inhalte verkn\u00fcpfter Seiten entstehen, haftet allein der Anbieter der Seite, auf welche verwiesen wurde. Dabei ist es gleichg\u00fcltig, ob der Schaden direkter, indirekter oder finanzieller Natur ist oder ein sonstiger Schaden vorliegt, der sich aus Datenverlust, Nutzungsausfall oder anderen Gr\u00fcnden aller Art ergeben k\u00f6nnte.[\/vc_column_text][vc_column_text]<strong>17. Anwendbares Recht<\/strong><br \/>\nAuf s\u00e4mtliche Rechtsbeziehungen mit dem Benutzer ist, mit Ausnahme von Bestellungen des Benutzers, unter Ausschluss von Artikel 19 des schweizerischen Bundesgesetzes \u00fcber das Internationale Privatrecht ausschliesslich schweizerisches Recht anwendbar.[\/vc_column_text][vc_column_text]Letzte Aktualisierung: Oktober 2023[\/vc_column_text][\/vc_column][\/vc_row]<\/p>\n<\/div>","protected":false},"excerpt":{"rendered":"<p>[vc_row][vc_column][vc_column_text] Datenschutz [\/vc_column_text][vc_column_text]1. Hinweis Bitte lesen Sie die nachfolgenden Informationen genau durch. Sie enthalten rechtlich relevante Bestimmungen. Mit dem Zugriff auf die Website und ihre Seiten erkl\u00e4ren Sie, dass Sie die folgenden Anwendungsbedingungen im Zusammenhang mit dieser Website verstanden haben und anerkennen.[\/vc_column_text][vc_column_text]2. Datenschutzerkl\u00e4rung Die BeachIN GmbH nimmt den Datenschutz ernst und m\u00f6chte Ihnen anhand dieser <a class=\"more-link\" href=\"https:\/\/beachin.ch\/en\/datenschutz\/\">weiterlesen&#8230;<\/a><\/p>\n","protected":false},"author":1,"featured_media":0,"parent":0,"menu_order":0,"comment_status":"closed","ping_status":"closed","template":"","meta":{"footnotes":""},"yoast_head":"<!-- This site is optimized with the Yoast SEO plugin v14.4.1 - https:\/\/yoast.com\/wordpress\/plugins\/seo\/ -->\n<title>Datenschutz &ndash; BeachIN Sport, Bar &amp; Hotel<\/title>\n<meta name=\"robots\" content=\"index, follow\" \/>\n<meta name=\"googlebot\" content=\"index, follow, max-snippet:-1, max-image-preview:large, max-video-preview:-1\" \/>\n<meta name=\"bingbot\" content=\"index, follow, max-snippet:-1, max-image-preview:large, max-video-preview:-1\" \/>\n<link rel=\"canonical\" href=\"https:\/\/beachin.ch\/en\/datenschutz\/\" \/>\n<meta property=\"og:locale\" content=\"en_US\" \/>\n<meta property=\"og:type\" content=\"article\" \/>\n<meta property=\"og:title\" content=\"Datenschutz &ndash; BeachIN Sport, Bar &amp; Hotel\" \/>\n<meta property=\"og:description\" content=\"[vc_row][vc_column][vc_column_text] Datenschutz [\/vc_column_text][vc_column_text]1. Hinweis Bitte lesen Sie die nachfolgenden Informationen genau durch. Sie enthalten rechtlich relevante Bestimmungen. Mit dem Zugriff auf die Website und ihre Seiten erkl\u00e4ren Sie, dass Sie die folgenden Anwendungsbedingungen im Zusammenhang mit dieser Website verstanden haben und anerkennen.[\/vc_column_text][vc_column_text]2. Datenschutzerkl\u00e4rung Die BeachIN GmbH nimmt den Datenschutz ernst und m\u00f6chte Ihnen anhand dieser weiterlesen...\" \/>\n<meta property=\"og:url\" content=\"https:\/\/beachin.ch\/en\/datenschutz\/\" \/>\n<meta property=\"og:site_name\" content=\"BeachIN Sport, Bar &amp; Hotel\" \/>\n<meta property=\"article:modified_time\" content=\"2023-10-27T12:51:12+00:00\" \/>\n<meta name=\"twitter:card\" content=\"summary_large_image\" \/>\n<script type=\"application\/ld+json\" class=\"yoast-schema-graph\">{\"@context\":\"https:\/\/schema.org\",\"@graph\":[{\"@type\":\"WebSite\",\"@id\":\"https:\/\/beachin.ch\/en\/#website\",\"url\":\"https:\/\/beachin.ch\/en\/\",\"name\":\"BeachIN Sport, Bar &amp; Hotel\",\"description\":\"Strandfeeling das ganze Jahr!\",\"potentialAction\":[{\"@type\":\"SearchAction\",\"target\":\"https:\/\/beachin.ch\/en\/?s={search_term_string}\",\"query-input\":\"required name=search_term_string\"}],\"inLanguage\":\"en-US\"},{\"@type\":\"WebPage\",\"@id\":\"https:\/\/beachin.ch\/en\/datenschutz\/#webpage\",\"url\":\"https:\/\/beachin.ch\/en\/datenschutz\/\",\"name\":\"Datenschutz &ndash; BeachIN Sport, Bar &amp; Hotel\",\"isPartOf\":{\"@id\":\"https:\/\/beachin.ch\/en\/#website\"},\"datePublished\":\"2018-12-03T08:44:19+00:00\",\"dateModified\":\"2023-10-27T12:51:12+00:00\",\"inLanguage\":\"en-US\",\"potentialAction\":[{\"@type\":\"ReadAction\",\"target\":[\"https:\/\/beachin.ch\/en\/datenschutz\/\"]}]}]}<\/script>\n<!-- \/ Yoast SEO plugin. -->","_links":{"self":[{"href":"https:\/\/beachin.ch\/en\/wp-json\/wp\/v2\/pages\/1499"}],"collection":[{"href":"https:\/\/beachin.ch\/en\/wp-json\/wp\/v2\/pages"}],"about":[{"href":"https:\/\/beachin.ch\/en\/wp-json\/wp\/v2\/types\/page"}],"author":[{"embeddable":true,"href":"https:\/\/beachin.ch\/en\/wp-json\/wp\/v2\/users\/1"}],"replies":[{"embeddable":true,"href":"https:\/\/beachin.ch\/en\/wp-json\/wp\/v2\/comments?post=1499"}],"version-history":[{"count":3,"href":"https:\/\/beachin.ch\/en\/wp-json\/wp\/v2\/pages\/1499\/revisions"}],"predecessor-version":[{"id":22880,"href":"https:\/\/beachin.ch\/en\/wp-json\/wp\/v2\/pages\/1499\/revisions\/22880"}],"wp:attachment":[{"href":"https:\/\/beachin.ch\/en\/wp-json\/wp\/v2\/media?parent=1499"}],"curies":[{"name":"wp","href":"https:\/\/api.w.org\/{rel}","templated":true}]}}