{"id":1349,"date":"2018-11-23T15:34:01","date_gmt":"2018-11-23T14:34:01","guid":{"rendered":"https:\/\/beachin.ch\/wordpress\/jobs\/"},"modified":"2022-06-22T16:44:41","modified_gmt":"2022-06-22T14:44:41","slug":"jobs","status":"publish","type":"page","link":"https:\/\/beachin.ch\/en\/jobs\/","title":{"rendered":"Jobs"},"content":{"rendered":"<div class=\"wpb-content-wrapper\"><p>[vc_row][vc_column][vc_column_text]<\/p>\n<h1 class=\"csc-firstHeader\" data-fittext-level=\"0.00\">Jobs<\/h1>\n<p>Wir sind immer auf der Suche nach Personal. Vorwiegend Aushilfskr\u00e4fte oder Teilzeitmitarbeitende f\u00fcr Hotelerie, Events, Gastronomie und Service. Wir freuen uns \u00fcber deine Spontanbewerbung.<\/p>\n<p>BeachIN GmbH<br \/>\nR\u00e4mismatte 7<br \/>\nCH-3232 Ins<br \/>\n+41 32 312 00 66<br \/>\n<a href=\"mailto:sonne@beachin.ch\">sonne(at)beachin.ch<\/a><br \/>\n<a href=\"https:\/\/beachin.ch\/en\/contact\/\">\u00bb Kontaktformular<\/a>[\/vc_column_text][\/vc_column][\/vc_row][vc_row css_animation=&#8221;bottom-to-top&#8221;][vc_column][vc_separator][vc_column_text]<\/p>\n<div>\n<p><strong>Mehrere Teilzeitmitarbeiterinnen und Mitarbeiter\u00a0<\/strong><br \/>\nDu hast Interesse als Teilzeitmitarbeiterin \/ Teilzeitmitarbeiter bei unserem einmaligen, innovativen Projekt mitzuarbeiten? Dann freuen wir uns, wenn du nachfolgendes Formular ausf\u00fcllst und abschickst. Wir pr\u00fcfen deine \u00abBewerbung\u00bb und melden uns baldm\u00f6glichst f\u00fcr ein kurzes Bewerbungsgespr\u00e4ch. Wenn f\u00fcr dich und f\u00fcr uns alles ok ist, wirst du Teil unseres MitarbeiterInnenpools. Bei anfallenden Eins\u00e4tzen wirst du fr\u00fch genug informiert und kannst deinen Einsatz verbindlich best\u00e4tigen. Du wirst im Stundenlohn entl\u00f6hnt. Der ideale Teilzeitjob f\u00fcr Studierende, Pensionierte, M\u00fctter, V\u00e4ter etc.<\/p>\n<\/div>\n<p>[\/vc_column_text][vc_column_text css=&#8221;.vc_custom_1542969072909{padding-top: 40px !important;}&#8221;]<div id='formContainer507505615' class='sfForm rednaoFormContainer SfFormElementContainer bootstrap-wrapper'><\/div><script>\n            var ajaxurl = 'https:\/\/beachin.ch\/wp-admin\/admin-ajax.php';\n            var smartFormsCurrentTime=new Date('Fri Apr 17 2026 14:13:05 +0000');\n            \tvar smartFormsUserName=\"\";\n            \tvar smartFormsFirstName=\"\";\n            \tvar smartFormsLastName=\"\";\n            \tvar smartFormsEmail=\"\";\n                var smartFormsPath=\"https:\/\/beachin.ch\/wp-content\/plugins\/smart-forms\/\";\n                var smartDonationsRootPath=\"\";\n                var smartDonationsSandbox=\"\";\n                var smartFormsAdditionalFields3=[];\n                var smartFormsDesignMode=false;\n                if(!window.smartFormsItemsToLoad)\n                    window.smartFormsItemsToLoad=new Array();                                                   \n        window.smartFormsItemsToLoad.push({ 'form_id':3,  'elements':[{\"_id\":35,\"ClassName\":\"rednaohtml\",\"IsRequired\":\"n\",\"Formulas\":{},\"Styles\":{},\"ContainerOptions\":{\"Width\":-1,\"Id\":\"35\",\"Type\":\"single\"},\"Id\":\"rnField1\",\"Spacing\":\"col-sm-12\",\"Label\":\"Personalien \/ Donn\u00e9es personnelles:\",\"HTML\":\"\",\"CustomCSS\":\"\"},{\"_id\":36,\"ClassName\":\"rednaotextinput\",\"IsRequired\":\"y\",\"Formulas\":{},\"Styles\":{},\"ContainerOptions\":{\"Width\":-1,\"Id\":\"37\",\"Type\":\"single\"},\"Id\":\"rnField2\",\"Spacing\":\"col-sm-12\",\"Label\":\"Name\/nom\",\"Placeholder\":\"\",\"Value\":\"\",\"ReadOnly\":\"n\",\"Width\":\"\",\"Icon\":{\"ClassName\":\"\"},\"CustomCSS\":\"\",\"Placeholder_Icon\":{\"ClassName\":\"\",\"Orientation\":\"\"}},{\"_id\":37,\"ClassName\":\"rednaotextinput\",\"IsRequired\":\"y\",\"Formulas\":{},\"Styles\":{},\"ContainerOptions\":{\"Width\":-1,\"Id\":\"39\",\"Type\":\"single\"},\"Id\":\"rnField3\",\"Spacing\":\"col-sm-12\",\"Label\":\"Vorname\/pr\u00e9nom\",\"Placeholder\":\"\",\"Value\":\"\",\"ReadOnly\":\"n\",\"Width\":\"\",\"Icon\":{\"ClassName\":\"\"},\"CustomCSS\":\"\",\"Placeholder_Icon\":{\"ClassName\":\"\",\"Orientation\":\"\"}},{\"_id\":37,\"ClassName\":\"rednaotextinput\",\"IsRequired\":\"y\",\"Formulas\":{},\"Styles\":{},\"ContainerOptions\":{\"Id\":\"40\",\"Type\":\"single\",\"Width\":-1},\"Id\":\"rnField4\",\"Spacing\":\"col-sm-12\",\"Label\":\"Adresse\/adresse\",\"Placeholder\":\"\",\"Value\":\"\",\"ReadOnly\":\"n\",\"Width\":\"\",\"Icon\":{\"ClassName\":\"\"},\"CustomCSS\":\"\",\"Placeholder_Icon\":{\"ClassName\":\"\",\"Orientation\":\"\"}},{\"_id\":37,\"ClassName\":\"rednaotextinput\",\"IsRequired\":\"y\",\"Formulas\":{},\"Styles\":{},\"ContainerOptions\":{\"Id\":\"41\",\"Type\":\"single\",\"Width\":-1},\"Id\":\"rnField5\",\"Spacing\":\"col-sm-12\",\"Label\":\"PLZ und Wohnort\/lieu\",\"Placeholder\":\"\",\"Value\":\"\",\"ReadOnly\":\"n\",\"Width\":\"\",\"Icon\":{\"ClassName\":\"\"},\"CustomCSS\":\"\",\"Placeholder_Icon\":{\"ClassName\":\"\",\"Orientation\":\"\"}},{\"_id\":37,\"ClassName\":\"rednaotextinput\",\"IsRequired\":\"y\",\"Formulas\":{},\"Styles\":{},\"ContainerOptions\":{\"Id\":\"42\",\"Type\":\"single\",\"Width\":-1},\"Id\":\"rnField6\",\"Spacing\":\"col-sm-12\",\"Label\":\"Geburtsdatum\/date de naissance\",\"Placeholder\":\"\",\"Value\":\"\",\"ReadOnly\":\"n\",\"Width\":\"\",\"Icon\":{\"ClassName\":\"\"},\"CustomCSS\":\"\",\"Placeholder_Icon\":{\"ClassName\":\"\",\"Orientation\":\"\"}},{\"_id\":41,\"ClassName\":\"rednaoemail\",\"IsRequired\":\"y\",\"Formulas\":{},\"Styles\":{},\"ContainerOptions\":{\"Width\":-1,\"Id\":\"44\",\"Type\":\"single\"},\"Id\":\"rnField7\",\"Spacing\":\"col-sm-12\",\"Label\":\"E-Mail\",\"Placeholder\":\"\",\"Icon\":{\"ClassName\":\"\"},\"CustomCSS\":\"\",\"Placeholder_Icon\":{\"ClassName\":\"\",\"Orientation\":\"\"},\"Value\":\"\",\"ReadOnly\":\"n\"},{\"_id\":42,\"ClassName\":\"rednaotextinput\",\"IsRequired\":\"y\",\"Formulas\":{},\"Styles\":{},\"ContainerOptions\":{\"Width\":-1,\"Id\":\"46\",\"Type\":\"single\"},\"Id\":\"rnField8\",\"Spacing\":\"col-sm-12\",\"Label\":\"Telefon\/t\u00e9l\u00e9phone\",\"Placeholder\":\"\",\"Value\":\"\",\"ReadOnly\":\"n\",\"Width\":\"\",\"Icon\":{\"ClassName\":\"\"},\"CustomCSS\":\"\",\"Placeholder_Icon\":{\"ClassName\":\"\",\"Orientation\":\"\"}},{\"_id\":79,\"ClassName\":\"rednaohtml\",\"IsRequired\":\"n\",\"Formulas\":{},\"Styles\":{},\"ContainerOptions\":{\"Width\":-1,\"Id\":\"85\",\"Type\":\"single\"},\"Id\":\"rnField11\",\"Spacing\":\"col-sm-12\",\"Label\":\"\",\"HTML\":\"<br><b>Bewerbungsdossier (falls vorhanden) \/ dossier de candidature<\/b><br>\\nWenn du uns ein elektronisches (PDF) Bewerbungsdossier hast, kannst du dieses gerne gleich mitsenden.\\n*\\nSi vous avez un dossier de candidature \u00e9lectronique (PDF), vous pouvez nous l'envoyer en m\u00eame temps.\",\"CustomCSS\":\"\"},{\"_id\":43,\"ClassName\":\"sfFileUpload\",\"IsRequired\":\"n\",\"Formulas\":{},\"Styles\":{},\"ContainerOptions\":{\"Width\":-1,\"Id\":\"48\",\"Type\":\"single\"},\"Id\":\"rnField9\",\"Spacing\":\"col-sm-12\",\"Title\":\"Title\",\"Label\":\"Bewerbungsdossier \/ dossier de candidature\",\"Multiple\":\"y\"},{\"_id\":79,\"ClassName\":\"rednaohtml\",\"IsRequired\":\"n\",\"Formulas\":{},\"Styles\":{},\"ContainerOptions\":{\"Width\":-1,\"Id\":\"87\",\"Type\":\"single\"},\"Id\":\"rnField12\",\"Spacing\":\"col-sm-12\",\"Label\":\"\",\"HTML\":\"<br><b>Bevorzugte Eins\u00e4tze \/ Skills<\/b><br>\\nTeile uns mit, wo du anhand deiner F\u00e4higkeiten am besten eingesetzt werden kannst resp. was dich am meisten interessiert. Du kannst selbstverst\u00e4ndlich auch mehrere Bereiche w\u00e4hlen.\\n*\\nDites-nous o\u00f9 vous pouvez \u00eatre le mieux d\u00e9ploy\u00e9 en fonction de vos comp\u00e9tences ou de ce qui vous int\u00e9resse le plus. Bien entendu, vous pouvez \u00e9galement choisir plusieurs domaines.\",\"CustomCSS\":\"\"},{\"_id\":83,\"ClassName\":\"rednaomultiplecheckboxes\",\"IsRequired\":\"n\",\"Formulas\":{},\"Styles\":{},\"ContainerOptions\":{\"Width\":-1,\"Id\":\"91\",\"Type\":\"single\"},\"Id\":\"rnField15\",\"Spacing\":\"col-sm-12\",\"Label\":\"Bevorzugte Eins\u00e4tze \/ Skills\",\"Orientation\":\"v\",\"Options\":[{\"label\":\"Bar und Service \/ service\",\"value\":\"0\",\"sel\":\"n\",\"url\":\"\"},{\"label\":\"K\u00fcche \/ cuisine\",\"value\":\"0\",\"sel\":\"n\",\"url\":\"\"},{\"label\":\"Reinigung, Zimmerservice, Wellness \/ service de chambre\",\"value\":\"0\",\"sel\":\"n\",\"url\":\"\"},{\"label\":\"G\u00e4stebetreuung, Events, Animation, Kinderfeste \/ \u00e9v\u00e9nements\",\"value\":\"0\",\"sel\":\"n\",\"url\":\"\"},{\"label\":\"Hauswartungen, Infrastrukturumbau \/ entretien de la maison\",\"value\":\"0\",\"sel\":\"n\",\"url\":\"\"},{\"label\":\"Empfang, B\u00fcro, Administration \/ r\u00e9ception\",\"value\":\"0\",\"sel\":\"n\",\"url\":\"\"},{\"label\":\"Beachsportkurse \/ cours de sports de plage\",\"value\":\"0\",\"sel\":\"n\",\"url\":\"\"}],\"CustomCSS\":\"hide-label\"},{\"_id\":79,\"ClassName\":\"rednaohtml\",\"IsRequired\":\"n\",\"Formulas\":{},\"Styles\":{},\"ContainerOptions\":{\"Id\":\"88\",\"Type\":\"single\",\"Width\":-1},\"Id\":\"rnField13\",\"Spacing\":\"col-sm-12\",\"Label\":\"\",\"HTML\":\"<br><b>Bevorzugte Einsatzzeiten \/ Heures de fonctionnement pr\u00e9f\u00e9r\u00e9es<\/b><br>\\nTeile uns unverbindlich mit, wann du am liebsten eingeteilt werden m\u00f6chtest.\\n*\\nFaites-nous savoir sans engagement quand vous pr\u00e9f\u00e9rez \u00eatre programm\u00e9.\",\"CustomCSS\":\"\"},{\"_id\":84,\"ClassName\":\"rednaomultiplecheckboxes\",\"IsRequired\":\"n\",\"Formulas\":{},\"Styles\":{},\"ContainerOptions\":{\"Width\":-1,\"Id\":\"93\",\"Type\":\"single\"},\"Id\":\"rnField16\",\"Spacing\":\"col-sm-12\",\"Label\":\"\",\"Orientation\":\"v\",\"Options\":[{\"label\":\"Tags\u00fcber an Wochenenden \/ pendant la journ\u00e9e, le week-end\",\"value\":\"0\",\"sel\":\"n\",\"url\":\"\"},{\"label\":\"Am Abend von Montag bis Freitag \/ le soir du lundi au vendredi\",\"value\":\"0\",\"sel\":\"n\",\"url\":\"\"},{\"label\":\"Am Abend an Wochenenden \/ le soir, le week-end\",\"value\":\"0\",\"sel\":\"n\",\"url\":\"\"},{\"label\":\"Am Abend von Montag bis Sonntag \/ le soir du lundi au dimanche\",\"value\":\"0\",\"sel\":\"n\",\"url\":\"\"}],\"CustomCSS\":\"hide-label\"},{\"_id\":79,\"ClassName\":\"rednaohtml\",\"IsRequired\":\"n\",\"Formulas\":{},\"Styles\":{},\"ContainerOptions\":{\"Id\":\"89\",\"Type\":\"single\",\"Width\":-1},\"Id\":\"rnField14\",\"Spacing\":\"col-sm-12\",\"Label\":\"\",\"HTML\":\"<br>\",\"CustomCSS\":\"\"},{\"_id\":85,\"ClassName\":\"rednaotextarea\",\"IsRequired\":\"n\",\"Formulas\":{},\"Styles\":{},\"ContainerOptions\":{\"Width\":-1,\"Id\":\"95\",\"Type\":\"single\"},\"Id\":\"rnField17\",\"Spacing\":\"col-sm-12\",\"Label\":\"Bemerkungen \/ commentaire\",\"DefaultText\":\"\",\"Value\":\"\",\"Width\":\"\",\"Height\":\"\",\"Placeholder\":\"\",\"Disabled\":\"n\",\"MaxLength\":\"\",\"CustomCSS\":\"\",\"Placeholder_Icon\":{\"ClassName\":\"\",\"Orientation\":\"\"}},{\"_id\":44,\"ClassName\":\"rednaosubmissionbutton\",\"IsRequired\":\"n\",\"Formulas\":{},\"Styles\":{},\"ContainerOptions\":{\"Width\":-1,\"Id\":\"50\",\"Type\":\"single\"},\"Id\":\"rnField10\",\"Spacing\":\"col-sm-12\",\"ButtonText\":\"Senden \/ Envoyer\",\"CustomCSS\":\"\",\"Icon\":{\"ClassName\":\"\"},\"Animated\":\"y\"}],'client_form_options':{\"JavascriptCode\":[{\"Name\":\"fileupload\",\"Id\":1,\"JavascriptCode\":\"  \/\/AUTO GENERATED CODE, DO NOT DELETE\\n(function(){var javaObject={\\n\\n\\n\/\/YOU CAN PUT YOUR CODE BELLOW\\n\\n\\n\\n\/\/jQueryFormReference:A jquery reference of the loaded form\\nAfterFormLoaded:function(jQueryFormReference){\\n     \/\/Here you can put code that you want to be executed after the form is loaded\\n    \\nfunction uploadbutton() {\\n    $(\\\".sfUploadFileButton\\\").unbind('change');\\n    $(\\\".sfUploadFileButton\\\").change(function() {\\n       \/\/alert( \\\"Handler for .change() called.\\\"+ $( this ).val().replace(\/C:\\\\\\\\fakepath\\\\\\\\\/i, '') );\\n       $(this).siblings(\\\".sfUploadFileButtonText\\\").text($( this ).val().replace(\/C:\\\\\\\\fakepath\\\\\\\\\/i, ''));\\n\\n       setTimeout(function() {\\n           uploadbutton();\\n        }, 500);\\n    });\\n}\\n\\nuploadbutton();\\n\\n\\n\\n\\n},\\n\\n\\n\/\/jQueryFormReference:A jquery reference of the loaded form\\n\/\/formData:An object with the information that is going to be submitted\\nBeforeFormSubmit:function(formData,jQueryFormReference){\\n    \/\/Here you can put code that you want to be executed before the form is submitted\\n}\\n\\n\\n\\n\/\/MORE AUTO GENERATED CODE, DO NOT DELETE\\n}; return javaObject;})    \",\"ActionType\":\"customjs\"}],\"CSS\":\".sfForm .fuelux .wizard .steps-container{\\ndisplay:none;\\n}\\n\\n.sfForm .fuelux .wizard .step-content {\\n    width: 100%;\\n    border: none;\\n    padding-left: 0;\\n    padding-right: 0;\\n    padding-top: 0;\\n}\\n\\n.sfForm.bootstrap-wrapper .form-horizontal .form-group{\\n    margin-left:-15px !important;\\n}\\n\\n\\n.sfForm .fuelux .wizard > .actions {\\n    width: 100%;\\n    margin-left: 0%;\\n    line-height: 46px;\\n    padding-left: 0px;\\n}\",\"Conditions\":[],\"UsesCaptcha\":\"n\",\"CaptchaVersion\":\"\",\"alert_message\":\"\",\"alert_message_cb\":\"n\",\"DontClearForm\":\"n\",\"redirect_to\":[{\"URL\":\"https:\/\/beachin.ch\/jobs\/vielen-dank\/\",\"RCSettings\":{\"Redirect\":\"always\",\"ConditionSettings\":[]}}],\"redirect_to_cb\":\"y\",\"Campaign\":\"\",\"PayPalEmail\":\"\",\"PayPalCondition\":{},\"PayPalType\":\"donation\",\"PayPalDescription\":\"\",\"PayPalCurrency\":\"USD\",\"Formulas\":{},\"InvalidInputMessage\":\"* Bitte f\u00fcllen Sie alle Pflichtfelder aus. \",\"FormType\":\"nor\",\"SplitSteps\":{},\"ToolTipPosition\":\"bottom\",\"Theme\":\"basic\",\"LabelLayout\":\"top\",\"Extensions\":{}},'container':'formContainer507505615'});<\/script>[\/vc_column_text][\/vc_column][\/vc_row][vc_row full_width=&#8221;stretch_row_content_no_spaces&#8221; css=&#8221;.vc_custom_1539348550023{margin-right: 0px !important;margin-bottom: 0px !important;border-bottom-width: 0px !important;padding-right: 42px !important;padding-bottom: 0px !important;}&#8221;][vc_column][\/vc_column][\/vc_row]<\/p>\n<\/div>","protected":false},"excerpt":{"rendered":"<p>[vc_row][vc_column][vc_column_text] Jobs Wir sind immer auf der Suche nach Personal. Vorwiegend Aushilfskr\u00e4fte oder Teilzeitmitarbeitende f\u00fcr Hotelerie, Events, Gastronomie und Service. Wir freuen uns \u00fcber deine Spontanbewerbung. BeachIN GmbH R\u00e4mismatte 7 CH-3232 Ins +41 32 312 00 66 sonne(at)beachin.ch \u00bb Kontaktformular[\/vc_column_text][\/vc_column][\/vc_row][vc_row css_animation=&#8221;bottom-to-top&#8221;][vc_column][vc_separator][vc_column_text] Mehrere Teilzeitmitarbeiterinnen und Mitarbeiter\u00a0 Du hast Interesse als Teilzeitmitarbeiterin \/ Teilzeitmitarbeiter bei unserem einmaligen, <a class=\"more-link\" href=\"https:\/\/beachin.ch\/en\/jobs\/\">weiterlesen&#8230;<\/a><\/p>\n","protected":false},"author":1,"featured_media":0,"parent":0,"menu_order":0,"comment_status":"closed","ping_status":"closed","template":"","meta":{"footnotes":""},"yoast_head":"<!-- This site is optimized with the Yoast SEO plugin v14.4.1 - https:\/\/yoast.com\/wordpress\/plugins\/seo\/ -->\n<title>Jobs &ndash; BeachIN Sport, Bar &amp; Hotel<\/title>\n<meta name=\"robots\" content=\"index, follow\" \/>\n<meta name=\"googlebot\" content=\"index, follow, max-snippet:-1, max-image-preview:large, max-video-preview:-1\" \/>\n<meta name=\"bingbot\" content=\"index, follow, max-snippet:-1, max-image-preview:large, max-video-preview:-1\" \/>\n<link rel=\"canonical\" href=\"https:\/\/beachin.ch\/jobs\/\" \/>\n<meta property=\"og:locale\" content=\"en_US\" \/>\n<meta property=\"og:type\" content=\"article\" \/>\n<meta property=\"og:title\" content=\"Jobs &ndash; BeachIN Sport, Bar &amp; Hotel\" \/>\n<meta property=\"og:description\" content=\"[vc_row][vc_column][vc_column_text] Jobs Wir sind immer auf der Suche nach Personal. Vorwiegend Aushilfskr\u00e4fte oder Teilzeitmitarbeitende f\u00fcr Hotelerie, Events, Gastronomie und Service. Wir freuen uns \u00fcber deine Spontanbewerbung. BeachIN GmbH R\u00e4mismatte 7 CH-3232 Ins +41 32 312 00 66 sonne(at)beachin.ch \u00bb Kontaktformular[\/vc_column_text][\/vc_column][\/vc_row][vc_row css_animation=&#8221;bottom-to-top&#8221;][vc_column][vc_separator][vc_column_text] Mehrere Teilzeitmitarbeiterinnen und Mitarbeiter\u00a0 Du hast Interesse als Teilzeitmitarbeiterin \/ Teilzeitmitarbeiter bei unserem einmaligen, weiterlesen...\" \/>\n<meta property=\"og:url\" content=\"https:\/\/beachin.ch\/jobs\/\" \/>\n<meta property=\"og:site_name\" content=\"BeachIN Sport, Bar &amp; Hotel\" \/>\n<meta property=\"article:modified_time\" content=\"2022-06-22T14:44:41+00:00\" \/>\n<meta name=\"twitter:card\" content=\"summary_large_image\" \/>\n<script type=\"application\/ld+json\" class=\"yoast-schema-graph\">{\"@context\":\"https:\/\/schema.org\",\"@graph\":[{\"@type\":\"WebSite\",\"@id\":\"https:\/\/beachin.ch\/en\/#website\",\"url\":\"https:\/\/beachin.ch\/en\/\",\"name\":\"BeachIN Sport, Bar &amp; Hotel\",\"description\":\"Strandfeeling das ganze Jahr!\",\"potentialAction\":[{\"@type\":\"SearchAction\",\"target\":\"https:\/\/beachin.ch\/en\/?s={search_term_string}\",\"query-input\":\"required name=search_term_string\"}],\"inLanguage\":\"en-US\"},{\"@type\":\"WebPage\",\"@id\":\"https:\/\/beachin.ch\/jobs\/#webpage\",\"url\":\"https:\/\/beachin.ch\/jobs\/\",\"name\":\"Jobs &ndash; BeachIN Sport, Bar &amp; Hotel\",\"isPartOf\":{\"@id\":\"https:\/\/beachin.ch\/en\/#website\"},\"datePublished\":\"2018-11-23T14:34:01+00:00\",\"dateModified\":\"2022-06-22T14:44:41+00:00\",\"inLanguage\":\"en-US\",\"potentialAction\":[{\"@type\":\"ReadAction\",\"target\":[\"https:\/\/beachin.ch\/jobs\/\"]}]}]}<\/script>\n<!-- \/ Yoast SEO plugin. -->","_links":{"self":[{"href":"https:\/\/beachin.ch\/en\/wp-json\/wp\/v2\/pages\/1349"}],"collection":[{"href":"https:\/\/beachin.ch\/en\/wp-json\/wp\/v2\/pages"}],"about":[{"href":"https:\/\/beachin.ch\/en\/wp-json\/wp\/v2\/types\/page"}],"author":[{"embeddable":true,"href":"https:\/\/beachin.ch\/en\/wp-json\/wp\/v2\/users\/1"}],"replies":[{"embeddable":true,"href":"https:\/\/beachin.ch\/en\/wp-json\/wp\/v2\/comments?post=1349"}],"version-history":[{"count":6,"href":"https:\/\/beachin.ch\/en\/wp-json\/wp\/v2\/pages\/1349\/revisions"}],"predecessor-version":[{"id":19229,"href":"https:\/\/beachin.ch\/en\/wp-json\/wp\/v2\/pages\/1349\/revisions\/19229"}],"wp:attachment":[{"href":"https:\/\/beachin.ch\/en\/wp-json\/wp\/v2\/media?parent=1349"}],"curies":[{"name":"wp","href":"https:\/\/api.w.org\/{rel}","templated":true}]}}