{"id":1256,"date":"2018-11-22T17:40:45","date_gmt":"2018-11-22T16:40:45","guid":{"rendered":"https:\/\/beachin.ch\/wordpress\/beach-bar\/"},"modified":"2025-08-12T14:01:00","modified_gmt":"2025-08-12T12:01:00","slug":"beach-bar","status":"publish","type":"page","link":"https:\/\/beachin.ch\/en\/beach-bar\/","title":{"rendered":"Beach-Bar"},"content":{"rendered":"<div class=\"wpb-content-wrapper\"><p>[vc_row css_animation=&#8221;slideInUp&#8221;][vc_column width=&#8221;2\/3&#8243;][vc_column_text]<\/p>\n<h1 class=\"csc-firstHeader\" data-fittext-level=\"0.00\">Beach Bar<\/h1>\n<p><span title=\"\">The BeachIN Beach Bar, with its full glass front facing the hall, offers 40 &#8220;sand-free&#8221; seats as well as 15 seats in the beach lounge. Our small but fine menu offers a variety of drinks and dishes to satisfy both small and big appetites and thirsts.\u00a0<\/span>[\/vc_column_text][vc_btn title=&#8221;Our menu \u00bb&#8221; link=&#8221;url:https%3A%2F%2Fbeachbar.beachin.ch%2Fen|title:Menu_EN|target:_blank&#8221;][vc_column_text]BeachIN is also used for private and corporate events. Therefore, it can happen that the BeachIN Beach Bar is reserved for private functions and not always open to the public. This will always be announced in advance via all our communication channels.<\/p>\n<p>Got questions? Don&#8217;t hesitate to give us a call or use our <a href=\"https:\/\/beachin.ch\/en\/contact\/\">contact form<\/a> &#8211; we&#8217;ll be happy to help![\/vc_column_text][vc_separator][vc_column_text]<\/p>\n<h3><span title=\"\">The BeachIN Beach Bar is usually open at the following times:<\/span><\/h3>\n<table style=\"border-collapse: collapse; width: 100%;\" border=\"1\">\n<tbody>\n<tr>\n<td style=\"width: 28.8044%;\"><strong>Monday to Tuesday<\/strong><\/td>\n<td style=\"width: 33.2529%;\">5:00 pm &#8211; 11:30 pm<\/td>\n<\/tr>\n<tr>\n<td style=\"width: 28.8044%;\"><strong>Friday and Saturday<\/strong><\/td>\n<td style=\"width: 33.2529%;\">4:00 pm &#8211; 12:30 am<\/td>\n<\/tr>\n<tr>\n<td style=\"width: 28.8044%;\"><strong>Sunday<\/strong><\/td>\n<td style=\"width: 33.2529%;\">11:00 am &#8211; 7:00 pm<\/td>\n<\/tr>\n<\/tbody>\n<\/table>\n<p><strong>Depending on how busy it is, we reserve the right to close earlier. With prior reservation, we&#8217;re also happy to open at other times for you.\u00a0<\/strong><\/p>\n<p><span title=\"\">During the Christmas holidays (December 24 &#8211; December 26), the Beach Bar is closed.\u00a0<\/span>[\/vc_column_text][vc_empty_space][\/vc_column][vc_column width=&#8221;1\/3&#8243;][\/vc_column][\/vc_row]<\/p>\n<\/div>","protected":false},"excerpt":{"rendered":"<p>[vc_row css_animation=&#8221;slideInUp&#8221;][vc_column width=&#8221;2\/3&#8243;][vc_column_text] Beach Bar The BeachIN Beach Bar, with its full glass front facing the hall, offers 40 &#8220;sand-free&#8221; seats as well as 15 seats in the beach lounge. Our small but fine menu offers a variety of drinks and dishes to satisfy both small and big appetites and thirsts.\u00a0[\/vc_column_text][vc_btn title=&#8221;Our menu \u00bb&#8221; link=&#8221;url:https%3A%2F%2Fbeachbar.beachin.ch%2Fen|title:Menu_EN|target:_blank&#8221;][vc_column_text]BeachIN <a class=\"more-link\" href=\"https:\/\/beachin.ch\/en\/beach-bar\/\">weiterlesen&#8230;<\/a><\/p>\n","protected":false},"author":1,"featured_media":0,"parent":0,"menu_order":0,"comment_status":"closed","ping_status":"closed","template":"","meta":{"footnotes":""},"yoast_head":"<!-- This site is optimized with the Yoast SEO plugin v14.4.1 - https:\/\/yoast.com\/wordpress\/plugins\/seo\/ -->\n<title>Beach-Bar &ndash; BeachIN Sport, Bar &amp; Hotel<\/title>\n<meta name=\"description\" content=\"Unsere beachbar bietet diverse Getr\u00e4nke und Speisen f\u00fcr den kleinen oder grossen Durst und Hunger. Mit oder ohne Sand unter den F\u00fcssen.\" \/>\n<meta name=\"robots\" content=\"index, follow\" \/>\n<meta name=\"googlebot\" content=\"index, follow, max-snippet:-1, max-image-preview:large, max-video-preview:-1\" \/>\n<meta name=\"bingbot\" content=\"index, follow, max-snippet:-1, max-image-preview:large, max-video-preview:-1\" \/>\n<link rel=\"canonical\" href=\"https:\/\/beachin.ch\/en\/beach-bar\/\" \/>\n<meta property=\"og:locale\" content=\"en_US\" \/>\n<meta property=\"og:type\" content=\"article\" \/>\n<meta property=\"og:title\" content=\"Beach-Bar &ndash; BeachIN Sport, Bar &amp; Hotel\" \/>\n<meta property=\"og:description\" content=\"Unsere beachbar bietet diverse Getr\u00e4nke und Speisen f\u00fcr den kleinen oder grossen Durst und Hunger. Mit oder ohne Sand unter den F\u00fcssen.\" \/>\n<meta property=\"og:url\" content=\"https:\/\/beachin.ch\/en\/beach-bar\/\" \/>\n<meta property=\"og:site_name\" content=\"BeachIN Sport, Bar &amp; Hotel\" \/>\n<meta property=\"article:modified_time\" content=\"2025-08-12T12:01:00+00:00\" \/>\n<meta name=\"twitter:card\" content=\"summary_large_image\" \/>\n<script type=\"application\/ld+json\" class=\"yoast-schema-graph\">{\"@context\":\"https:\/\/schema.org\",\"@graph\":[{\"@type\":\"WebSite\",\"@id\":\"https:\/\/beachin.ch\/en\/#website\",\"url\":\"https:\/\/beachin.ch\/en\/\",\"name\":\"BeachIN Sport, Bar &amp; Hotel\",\"description\":\"Strandfeeling das ganze Jahr!\",\"potentialAction\":[{\"@type\":\"SearchAction\",\"target\":\"https:\/\/beachin.ch\/en\/?s={search_term_string}\",\"query-input\":\"required name=search_term_string\"}],\"inLanguage\":\"en-US\"},{\"@type\":\"WebPage\",\"@id\":\"https:\/\/beachin.ch\/en\/beach-bar\/#webpage\",\"url\":\"https:\/\/beachin.ch\/en\/beach-bar\/\",\"name\":\"Beach-Bar &ndash; BeachIN Sport, Bar &amp; Hotel\",\"isPartOf\":{\"@id\":\"https:\/\/beachin.ch\/en\/#website\"},\"datePublished\":\"2018-11-22T16:40:45+00:00\",\"dateModified\":\"2025-08-12T12:01:00+00:00\",\"description\":\"Unsere beachbar bietet diverse Getr\\u00e4nke und Speisen f\\u00fcr den kleinen oder grossen Durst und Hunger. Mit oder ohne Sand unter den F\\u00fcssen.\",\"inLanguage\":\"en-US\",\"potentialAction\":[{\"@type\":\"ReadAction\",\"target\":[\"https:\/\/beachin.ch\/en\/beach-bar\/\"]}]}]}<\/script>\n<!-- \/ Yoast SEO plugin. -->","_links":{"self":[{"href":"https:\/\/beachin.ch\/en\/wp-json\/wp\/v2\/pages\/1256"}],"collection":[{"href":"https:\/\/beachin.ch\/en\/wp-json\/wp\/v2\/pages"}],"about":[{"href":"https:\/\/beachin.ch\/en\/wp-json\/wp\/v2\/types\/page"}],"author":[{"embeddable":true,"href":"https:\/\/beachin.ch\/en\/wp-json\/wp\/v2\/users\/1"}],"replies":[{"embeddable":true,"href":"https:\/\/beachin.ch\/en\/wp-json\/wp\/v2\/comments?post=1256"}],"version-history":[{"count":27,"href":"https:\/\/beachin.ch\/en\/wp-json\/wp\/v2\/pages\/1256\/revisions"}],"predecessor-version":[{"id":30012,"href":"https:\/\/beachin.ch\/en\/wp-json\/wp\/v2\/pages\/1256\/revisions\/30012"}],"wp:attachment":[{"href":"https:\/\/beachin.ch\/en\/wp-json\/wp\/v2\/media?parent=1256"}],"curies":[{"name":"wp","href":"https:\/\/api.w.org\/{rel}","templated":true}]}}