{"id":10509,"date":"2020-02-11T15:13:14","date_gmt":"2020-02-11T14:13:14","guid":{"rendered":"https:\/\/beachin.ch\/events-at-the-beach\/event-archive\/beachsoccer-tournament-fc-aarberg-08-02-2020-2\/"},"modified":"2020-02-13T15:47:08","modified_gmt":"2020-02-13T14:47:08","slug":"beachsoccer-tournament-fc-aarberg-08-02-2020-2","status":"publish","type":"page","link":"https:\/\/beachin.ch\/en\/events-at-the-beach\/event-archive\/beachsoccer-tournament-fc-aarberg-08-02-2020-2\/","title":{"rendered":"Beachsoccer-Tournament FC Aarberg &#8211; 08.02.2020"},"content":{"rendered":"<div class=\"wpb-content-wrapper\"><p>[vc_row][vc_column][vc_column_text]<\/p>\n<h1>Review team event football club on 08.02.2020<\/h1>\n<h4>26 persons<\/h4>\n<p>The annual team event of the first team of FC Aarberg started with a beach soccer tournament at BeachIN. Winning was secondary. Teambuilding, experiencing something together and having fun was for once the higher priority. From 11.00 to 16.00 the Beachsoccer tournament with 4 teams took place. There was a more or less fierce fight for points and goals and there was attractive beach sport to watch. Those who didn&#8217;t play allowed themselves a beer and\/or a snack in the beach lounge or played beach volley on the other field. After the well-deserved shower there was a drink for everybody in the beach bar before the whole team moved on to spend a cosy evening together.<\/p>\n<p><strong>Feedback Client:<\/strong><\/p>\n<p><em>Liebes BeachIN-Team,<\/em><\/p>\n<p><em>wir bedanken uns herzlich f\u00fcr eure Gastfreundschaft. Die Freude am Beachsoccer verging uns trotz der Anstrengung und brennender Waden nicht. <\/em><br \/>\n<em>Das Event war ein voller Erfolg und die R\u00fcckmeldung war sehr positiv, weshalb wir BeachIN sehr f\u00fcr Team-Anl\u00e4sse von Sportvereinen empfehlen.<\/em>[\/vc_column_text][\/vc_column][\/vc_row][vc_row][vc_column][vc_column_text]<\/p>\n<div style=\"width: 640px; margin: 0 auto; max-width: 100%;\">\n<div style=\"width: 640px;\" class=\"wp-video\"><!--[if lt IE 9]><script>document.createElement('video');<\/script><![endif]-->\n<video class=\"wp-video-shortcode\" id=\"video-10509-1\" width=\"640\" height=\"360\" preload=\"metadata\" controls=\"controls\"><source type=\"video\/mp4\" src=\"https:\/\/beachin.ch\/wp-content\/uploads\/2020\/02\/BeachIN_Events_Beachsoccer_Video.mp4?_=1\" \/><a href=\"https:\/\/beachin.ch\/wp-content\/uploads\/2020\/02\/BeachIN_Events_Beachsoccer_Video.mp4\">https:\/\/beachin.ch\/wp-content\/uploads\/2020\/02\/BeachIN_Events_Beachsoccer_Video.mp4<\/a><\/video><\/div>\n<\/div>\n<p>[\/vc_column_text][vc_media_grid element_width=&#8221;3&#8243; grid_id=&#8221;vc_gid:1581598648647-2c350edb-9136-10&#8243; include=&#8221;10283,10280,10277,10274,10270,10267,10258,10255,10252,10249,10245,10242,10239,10236,10233,10230,10264,10261&#8243;][\/vc_column][\/vc_row][vc_row][vc_column][\/vc_column][\/vc_row][vc_row][vc_column][vc_row_inner][vc_column_inner][vc_btn title=&#8221;Back to the archive&#8221; link=&#8221;url:https%3A%2F%2Fbeachin.ch%2Fen%2Fevents-at-the-beach%2Fevent-archive%2F|title:Event-Archive|&#8221;][vc_separator][vc_column_text]<\/p>\n<h3>You planning an event?<\/h3>\n<p>We would be happy to advise you and make you an individual and non-binding offer.[\/vc_column_text][vc_btn title=&#8221;Request an individual offer&#8221; link=&#8221;url:https%3A%2F%2Fbeachin.ch%2Fen%2Fcontact%2F|title:Contact|&#8221;][vc_empty_space][\/vc_column_inner][\/vc_row_inner][\/vc_column][\/vc_row]<\/p>\n<\/div>","protected":false},"excerpt":{"rendered":"<p>[vc_row][vc_column][vc_column_text] Review team event football club on 08.02.2020 26 persons The annual team event of the first team of FC Aarberg started with a beach soccer tournament at BeachIN. Winning was secondary. Teambuilding, experiencing something together and having fun was for once the higher priority. From 11.00 to 16.00 the Beachsoccer tournament with 4 teams <a class=\"more-link\" href=\"https:\/\/beachin.ch\/en\/events-at-the-beach\/event-archive\/beachsoccer-tournament-fc-aarberg-08-02-2020-2\/\">weiterlesen&#8230;<\/a><\/p>\n","protected":false},"author":1,"featured_media":0,"parent":9765,"menu_order":0,"comment_status":"closed","ping_status":"closed","template":"","meta":{"footnotes":""},"yoast_head":"<!-- This site is optimized with the Yoast SEO plugin v14.4.1 - https:\/\/yoast.com\/wordpress\/plugins\/seo\/ -->\n<title>Beachsoccer-Tournament FC Aarberg - 08.02.2020 &ndash; BeachIN Sport, Bar &amp; Hotel<\/title>\n<meta name=\"robots\" content=\"index, follow\" \/>\n<meta name=\"googlebot\" content=\"index, follow, max-snippet:-1, max-image-preview:large, max-video-preview:-1\" \/>\n<meta name=\"bingbot\" content=\"index, follow, max-snippet:-1, max-image-preview:large, max-video-preview:-1\" \/>\n<link rel=\"canonical\" href=\"https:\/\/beachin.ch\/en\/events-at-the-beach\/event-archive\/beachsoccer-tournament-fc-aarberg-08-02-2020-2\/\" \/>\n<meta property=\"og:locale\" content=\"en_US\" \/>\n<meta property=\"og:type\" content=\"article\" \/>\n<meta property=\"og:title\" content=\"Beachsoccer-Tournament FC Aarberg - 08.02.2020 &ndash; BeachIN Sport, Bar &amp; Hotel\" \/>\n<meta property=\"og:description\" content=\"[vc_row][vc_column][vc_column_text] Review team event football club on 08.02.2020 26 persons The annual team event of the first team of FC Aarberg started with a beach soccer tournament at BeachIN. Winning was secondary. Teambuilding, experiencing something together and having fun was for once the higher priority. From 11.00 to 16.00 the Beachsoccer tournament with 4 teams weiterlesen...\" \/>\n<meta property=\"og:url\" content=\"https:\/\/beachin.ch\/en\/events-at-the-beach\/event-archive\/beachsoccer-tournament-fc-aarberg-08-02-2020-2\/\" \/>\n<meta property=\"og:site_name\" content=\"BeachIN Sport, Bar &amp; Hotel\" \/>\n<meta property=\"article:modified_time\" content=\"2020-02-13T14:47:08+00:00\" \/>\n<meta name=\"twitter:card\" content=\"summary_large_image\" \/>\n<script type=\"application\/ld+json\" class=\"yoast-schema-graph\">{\"@context\":\"https:\/\/schema.org\",\"@graph\":[{\"@type\":\"WebSite\",\"@id\":\"https:\/\/beachin.ch\/en\/#website\",\"url\":\"https:\/\/beachin.ch\/en\/\",\"name\":\"BeachIN Sport, Bar &amp; Hotel\",\"description\":\"Strandfeeling das ganze Jahr!\",\"potentialAction\":[{\"@type\":\"SearchAction\",\"target\":\"https:\/\/beachin.ch\/en\/?s={search_term_string}\",\"query-input\":\"required name=search_term_string\"}],\"inLanguage\":\"en-US\"},{\"@type\":\"WebPage\",\"@id\":\"https:\/\/beachin.ch\/en\/events-at-the-beach\/event-archive\/beachsoccer-tournament-fc-aarberg-08-02-2020-2\/#webpage\",\"url\":\"https:\/\/beachin.ch\/en\/events-at-the-beach\/event-archive\/beachsoccer-tournament-fc-aarberg-08-02-2020-2\/\",\"name\":\"Beachsoccer-Tournament FC Aarberg - 08.02.2020 &ndash; BeachIN Sport, Bar &amp; Hotel\",\"isPartOf\":{\"@id\":\"https:\/\/beachin.ch\/en\/#website\"},\"datePublished\":\"2020-02-11T14:13:14+00:00\",\"dateModified\":\"2020-02-13T14:47:08+00:00\",\"inLanguage\":\"en-US\",\"potentialAction\":[{\"@type\":\"ReadAction\",\"target\":[\"https:\/\/beachin.ch\/en\/events-at-the-beach\/event-archive\/beachsoccer-tournament-fc-aarberg-08-02-2020-2\/\"]}]}]}<\/script>\n<!-- \/ Yoast SEO plugin. -->","_links":{"self":[{"href":"https:\/\/beachin.ch\/en\/wp-json\/wp\/v2\/pages\/10509"}],"collection":[{"href":"https:\/\/beachin.ch\/en\/wp-json\/wp\/v2\/pages"}],"about":[{"href":"https:\/\/beachin.ch\/en\/wp-json\/wp\/v2\/types\/page"}],"author":[{"embeddable":true,"href":"https:\/\/beachin.ch\/en\/wp-json\/wp\/v2\/users\/1"}],"replies":[{"embeddable":true,"href":"https:\/\/beachin.ch\/en\/wp-json\/wp\/v2\/comments?post=10509"}],"version-history":[{"count":6,"href":"https:\/\/beachin.ch\/en\/wp-json\/wp\/v2\/pages\/10509\/revisions"}],"predecessor-version":[{"id":10622,"href":"https:\/\/beachin.ch\/en\/wp-json\/wp\/v2\/pages\/10509\/revisions\/10622"}],"up":[{"embeddable":true,"href":"https:\/\/beachin.ch\/en\/wp-json\/wp\/v2\/pages\/9765"}],"wp:attachment":[{"href":"https:\/\/beachin.ch\/en\/wp-json\/wp\/v2\/media?parent=10509"}],"curies":[{"name":"wp","href":"https:\/\/api.w.org\/{rel}","templated":true}]}}