{"id":10407,"date":"2020-02-10T17:20:53","date_gmt":"2020-02-10T16:20:53","guid":{"rendered":"https:\/\/beachin.ch\/events-at-the-beach\/event-archive\/birthday-party-08-02-2020\/"},"modified":"2020-02-11T15:56:03","modified_gmt":"2020-02-11T14:56:03","slug":"birthday-party-08-02-2020","status":"publish","type":"page","link":"https:\/\/beachin.ch\/en\/events-at-the-beach\/event-archive\/birthday-party-08-02-2020\/","title":{"rendered":"Birthday Party &#8211; 08.02.2020"},"content":{"rendered":"<div class=\"wpb-content-wrapper\"><p>[vc_row][vc_column][vc_column_text]<\/p>\n<h1>Review birthday party on 08.02.2020<\/h1>\n<h4>55 persons from 18.00 to Open-End<\/h4>\n<p>&#8220;50 years of Marc&#8221; &#8211; an evening on the beach! That was the motto for the birthday party with family and friends. At the aperitif from 18.00 o&#8217;clock on, there was the famous &#8220;BeachIN-Beachdream-Cocktail, white wine or rose, as well as beer, mineral water and sweet drinks. In addition the aperitif buffet with bacon, olive bread and vegetable dips. For dinner there was a rich grill buffet with salads, potato gratin and French fries. For dessert a birthday gate and other dessert variations were provided on the buffet. Throughout the evening, drinks were served at the bar for all guests at their whim and of course there was playing, dancing and laughing until the early morning hours.<\/p>\n<p><em><strong>Feedback Client:<\/strong><\/em><\/p>\n<p><em>Wow &#8211; was f\u00fcr ein einmaliges Ambiente! Das vereinbarte &#8220;Sorglospaket&#8221; hat einwandfrei geklappt. Wir konnten feiern solange wie wir wollten und haben den ganzen Abend in vollen Z\u00fcgen genossen, bis wir todm\u00fcde und \u00fcbergl\u00fccklich in den sch\u00f6nen BeachIN-Zimmern eingeschlafen sind und Tags darauf noch ein herzhaftes Fr\u00fchst\u00fcck serviert bekamen. <\/em><br \/>\n<em>Wir sind vollumf\u00e4nglich zufrieden &#8211; ein riesengrosses Merci an das ganze Team vom BeachIN!<\/em>[\/vc_column_text][\/vc_column][\/vc_row][vc_row][vc_column][vc_media_grid grid_id=&#8221;vc_gid:1581336489340-78250a40-f82e-6&#8243; include=&#8221;10318,10321,10342,10312,10315,10327,10324,10339,10336,10330,10333,10309,10345,10357,10367,10354,10351,10348,10303,10300,10297,10294,10291,10360,10288&#8243;][\/vc_column][\/vc_row]<\/p>\n<\/div>","protected":false},"excerpt":{"rendered":"<p>[vc_row][vc_column][vc_column_text] Review birthday party on 08.02.2020 55 persons from 18.00 to Open-End &#8220;50 years of Marc&#8221; &#8211; an evening on the beach! That was the motto for the birthday party with family and friends. At the aperitif from 18.00 o&#8217;clock on, there was the famous &#8220;BeachIN-Beachdream-Cocktail, white wine or rose, as well as beer, mineral <a class=\"more-link\" href=\"https:\/\/beachin.ch\/en\/events-at-the-beach\/event-archive\/birthday-party-08-02-2020\/\">weiterlesen&#8230;<\/a><\/p>\n","protected":false},"author":1,"featured_media":0,"parent":9765,"menu_order":0,"comment_status":"closed","ping_status":"closed","template":"","meta":{"footnotes":""},"yoast_head":"<!-- This site is optimized with the Yoast SEO plugin v14.4.1 - https:\/\/yoast.com\/wordpress\/plugins\/seo\/ -->\n<title>Birthday Party - 08.02.2020 &ndash; BeachIN Sport, Bar &amp; Hotel<\/title>\n<meta name=\"robots\" content=\"index, follow\" \/>\n<meta name=\"googlebot\" content=\"index, follow, max-snippet:-1, max-image-preview:large, max-video-preview:-1\" \/>\n<meta name=\"bingbot\" content=\"index, follow, max-snippet:-1, max-image-preview:large, max-video-preview:-1\" \/>\n<link rel=\"canonical\" href=\"https:\/\/beachin.ch\/en\/events-at-the-beach\/event-archive\/birthday-party-08-02-2020\/\" \/>\n<meta property=\"og:locale\" content=\"en_US\" \/>\n<meta property=\"og:type\" content=\"article\" \/>\n<meta property=\"og:title\" content=\"Birthday Party - 08.02.2020 &ndash; BeachIN Sport, Bar &amp; Hotel\" \/>\n<meta property=\"og:description\" content=\"[vc_row][vc_column][vc_column_text] Review birthday party on 08.02.2020 55 persons from 18.00 to Open-End &#8220;50 years of Marc&#8221; &#8211; an evening on the beach! That was the motto for the birthday party with family and friends. At the aperitif from 18.00 o&#8217;clock on, there was the famous &#8220;BeachIN-Beachdream-Cocktail, white wine or rose, as well as beer, mineral weiterlesen...\" \/>\n<meta property=\"og:url\" content=\"https:\/\/beachin.ch\/en\/events-at-the-beach\/event-archive\/birthday-party-08-02-2020\/\" \/>\n<meta property=\"og:site_name\" content=\"BeachIN Sport, Bar &amp; Hotel\" \/>\n<meta property=\"article:modified_time\" content=\"2020-02-11T14:56:03+00:00\" \/>\n<meta name=\"twitter:card\" content=\"summary_large_image\" \/>\n<script type=\"application\/ld+json\" class=\"yoast-schema-graph\">{\"@context\":\"https:\/\/schema.org\",\"@graph\":[{\"@type\":\"WebSite\",\"@id\":\"https:\/\/beachin.ch\/en\/#website\",\"url\":\"https:\/\/beachin.ch\/en\/\",\"name\":\"BeachIN Sport, Bar &amp; Hotel\",\"description\":\"Strandfeeling das ganze Jahr!\",\"potentialAction\":[{\"@type\":\"SearchAction\",\"target\":\"https:\/\/beachin.ch\/en\/?s={search_term_string}\",\"query-input\":\"required name=search_term_string\"}],\"inLanguage\":\"en-US\"},{\"@type\":\"WebPage\",\"@id\":\"https:\/\/beachin.ch\/en\/events-at-the-beach\/event-archive\/birthday-party-08-02-2020\/#webpage\",\"url\":\"https:\/\/beachin.ch\/en\/events-at-the-beach\/event-archive\/birthday-party-08-02-2020\/\",\"name\":\"Birthday Party - 08.02.2020 &ndash; BeachIN Sport, Bar &amp; Hotel\",\"isPartOf\":{\"@id\":\"https:\/\/beachin.ch\/en\/#website\"},\"datePublished\":\"2020-02-10T16:20:53+00:00\",\"dateModified\":\"2020-02-11T14:56:03+00:00\",\"inLanguage\":\"en-US\",\"potentialAction\":[{\"@type\":\"ReadAction\",\"target\":[\"https:\/\/beachin.ch\/en\/events-at-the-beach\/event-archive\/birthday-party-08-02-2020\/\"]}]}]}<\/script>\n<!-- \/ Yoast SEO plugin. -->","_links":{"self":[{"href":"https:\/\/beachin.ch\/en\/wp-json\/wp\/v2\/pages\/10407"}],"collection":[{"href":"https:\/\/beachin.ch\/en\/wp-json\/wp\/v2\/pages"}],"about":[{"href":"https:\/\/beachin.ch\/en\/wp-json\/wp\/v2\/types\/page"}],"author":[{"embeddable":true,"href":"https:\/\/beachin.ch\/en\/wp-json\/wp\/v2\/users\/1"}],"replies":[{"embeddable":true,"href":"https:\/\/beachin.ch\/en\/wp-json\/wp\/v2\/comments?post=10407"}],"version-history":[{"count":1,"href":"https:\/\/beachin.ch\/en\/wp-json\/wp\/v2\/pages\/10407\/revisions"}],"predecessor-version":[{"id":10408,"href":"https:\/\/beachin.ch\/en\/wp-json\/wp\/v2\/pages\/10407\/revisions\/10408"}],"up":[{"embeddable":true,"href":"https:\/\/beachin.ch\/en\/wp-json\/wp\/v2\/pages\/9765"}],"wp:attachment":[{"href":"https:\/\/beachin.ch\/en\/wp-json\/wp\/v2\/media?parent=10407"}],"curies":[{"name":"wp","href":"https:\/\/api.w.org\/{rel}","templated":true}]}}