{"id":10206,"date":"2020-02-10T08:41:38","date_gmt":"2020-02-10T07:41:38","guid":{"rendered":"https:\/\/beachin.ch\/birthday-party-02-02-2020\/"},"modified":"2020-02-13T15:46:44","modified_gmt":"2020-02-13T14:46:44","slug":"birthday-party-02-02-2020","status":"publish","type":"page","link":"https:\/\/beachin.ch\/en\/events-at-the-beach\/event-archive\/birthday-party-02-02-2020\/","title":{"rendered":"Birthday Party &#8211; 02.02.2020"},"content":{"rendered":"<div class=\"wpb-content-wrapper\"><p>[vc_row][vc_column][vc_column_text]<\/p>\n<h1>Review Birthday-Party on the 02.02.2020<\/h1>\n<p>With &#8220;ideal&#8221; BeachIN &#8211; weather conditions &#8211; it rained, windy and was cold&#8230; 90 persons celebrated a round birthday from 11.00 o&#8217;clock to 18.00 o&#8217;clock. Actually there was a &#8220;coming and going&#8221; planned, but finally everybody came and stayed until the end! Games, fun, music and a cosy get-together were in the foreground. The physical well-being was taken care of and everyone could help themselves all day long at the buffet (cheese and meat plate, vegetable dips, nuggets, French fries, hot dogs) and drinks of choice were served at the bar.<\/p>\n<p><strong>Feedback Client:<\/strong><\/p>\n<p><em>Sans exception, nous avons tous pass\u00e9 une journ\u00e9e merveilleuse et vari\u00e9e. Un grand merci \u00e0 toute l&#8217;\u00e9quipe de BeachIN &#8211; tout \u00e9tait bien organis\u00e9 et nous pouvons recommander le BeachIN pour des activit\u00e9s festives. Un grand merci \u00e0 toute l&#8217;\u00e9quipe de BeachIN, tout \u00e9tait bien organis\u00e9.<\/em>[\/vc_column_text][\/vc_column][\/vc_row][vc_row][vc_column][vc_media_grid element_width=&#8221;6&#8243; grid_id=&#8221;vc_gid:1581599014489-57e86b60-bdae-5&#8243; include=&#8221;10198,10201&#8243;][\/vc_column][\/vc_row][vc_row][vc_column][vc_row_inner][vc_column_inner][vc_btn title=&#8221;Back to the archive&#8221; link=&#8221;url:https%3A%2F%2Fbeachin.ch%2Fen%2Fevents-at-the-beach%2Fevent-archive%2F|title:Event-Archive|&#8221;][vc_separator][vc_column_text]<\/p>\n<h3>You planning an event?<\/h3>\n<p>We would be happy to advise you and make you an individual and non-binding offer.[\/vc_column_text][vc_btn title=&#8221;Request an individual offer&#8221; link=&#8221;url:https%3A%2F%2Fbeachin.ch%2Fen%2Fcontact%2F|title:Contact|&#8221;][vc_empty_space][\/vc_column_inner][\/vc_row_inner][\/vc_column][\/vc_row]<\/p>\n<\/div>","protected":false},"excerpt":{"rendered":"<p>[vc_row][vc_column][vc_column_text] Review Birthday-Party on the 02.02.2020 With &#8220;ideal&#8221; BeachIN &#8211; weather conditions &#8211; it rained, windy and was cold&#8230; 90 persons celebrated a round birthday from 11.00 o&#8217;clock to 18.00 o&#8217;clock. Actually there was a &#8220;coming and going&#8221; planned, but finally everybody came and stayed until the end! Games, fun, music and a cosy get-together <a class=\"more-link\" href=\"https:\/\/beachin.ch\/en\/events-at-the-beach\/event-archive\/birthday-party-02-02-2020\/\">weiterlesen&#8230;<\/a><\/p>\n","protected":false},"author":1,"featured_media":0,"parent":9765,"menu_order":0,"comment_status":"closed","ping_status":"closed","template":"","meta":{"footnotes":""},"yoast_head":"<!-- This site is optimized with the Yoast SEO plugin v14.4.1 - https:\/\/yoast.com\/wordpress\/plugins\/seo\/ -->\n<title>Birthday Party - 02.02.2020 &ndash; BeachIN Sport, Bar &amp; Hotel<\/title>\n<meta name=\"robots\" content=\"index, follow\" \/>\n<meta name=\"googlebot\" content=\"index, follow, max-snippet:-1, max-image-preview:large, max-video-preview:-1\" \/>\n<meta name=\"bingbot\" content=\"index, follow, max-snippet:-1, max-image-preview:large, max-video-preview:-1\" \/>\n<link rel=\"canonical\" href=\"https:\/\/beachin.ch\/en\/events-at-the-beach\/event-archive\/birthday-party-02-02-2020\/\" \/>\n<meta property=\"og:locale\" content=\"en_US\" \/>\n<meta property=\"og:type\" content=\"article\" \/>\n<meta property=\"og:title\" content=\"Birthday Party - 02.02.2020 &ndash; BeachIN Sport, Bar &amp; Hotel\" \/>\n<meta property=\"og:description\" content=\"[vc_row][vc_column][vc_column_text] Review Birthday-Party on the 02.02.2020 With &#8220;ideal&#8221; BeachIN &#8211; weather conditions &#8211; it rained, windy and was cold&#8230; 90 persons celebrated a round birthday from 11.00 o&#8217;clock to 18.00 o&#8217;clock. Actually there was a &#8220;coming and going&#8221; planned, but finally everybody came and stayed until the end! Games, fun, music and a cosy get-together weiterlesen...\" \/>\n<meta property=\"og:url\" content=\"https:\/\/beachin.ch\/en\/events-at-the-beach\/event-archive\/birthday-party-02-02-2020\/\" \/>\n<meta property=\"og:site_name\" content=\"BeachIN Sport, Bar &amp; Hotel\" \/>\n<meta property=\"article:modified_time\" content=\"2020-02-13T14:46:44+00:00\" \/>\n<meta name=\"twitter:card\" content=\"summary_large_image\" \/>\n<script type=\"application\/ld+json\" class=\"yoast-schema-graph\">{\"@context\":\"https:\/\/schema.org\",\"@graph\":[{\"@type\":\"WebSite\",\"@id\":\"https:\/\/beachin.ch\/en\/#website\",\"url\":\"https:\/\/beachin.ch\/en\/\",\"name\":\"BeachIN Sport, Bar &amp; Hotel\",\"description\":\"Strandfeeling das ganze Jahr!\",\"potentialAction\":[{\"@type\":\"SearchAction\",\"target\":\"https:\/\/beachin.ch\/en\/?s={search_term_string}\",\"query-input\":\"required name=search_term_string\"}],\"inLanguage\":\"en-US\"},{\"@type\":\"WebPage\",\"@id\":\"https:\/\/beachin.ch\/en\/events-at-the-beach\/event-archive\/birthday-party-02-02-2020\/#webpage\",\"url\":\"https:\/\/beachin.ch\/en\/events-at-the-beach\/event-archive\/birthday-party-02-02-2020\/\",\"name\":\"Birthday Party - 02.02.2020 &ndash; BeachIN Sport, Bar &amp; Hotel\",\"isPartOf\":{\"@id\":\"https:\/\/beachin.ch\/en\/#website\"},\"datePublished\":\"2020-02-10T07:41:38+00:00\",\"dateModified\":\"2020-02-13T14:46:44+00:00\",\"inLanguage\":\"en-US\",\"potentialAction\":[{\"@type\":\"ReadAction\",\"target\":[\"https:\/\/beachin.ch\/en\/events-at-the-beach\/event-archive\/birthday-party-02-02-2020\/\"]}]}]}<\/script>\n<!-- \/ Yoast SEO plugin. -->","_links":{"self":[{"href":"https:\/\/beachin.ch\/en\/wp-json\/wp\/v2\/pages\/10206"}],"collection":[{"href":"https:\/\/beachin.ch\/en\/wp-json\/wp\/v2\/pages"}],"about":[{"href":"https:\/\/beachin.ch\/en\/wp-json\/wp\/v2\/types\/page"}],"author":[{"embeddable":true,"href":"https:\/\/beachin.ch\/en\/wp-json\/wp\/v2\/users\/1"}],"replies":[{"embeddable":true,"href":"https:\/\/beachin.ch\/en\/wp-json\/wp\/v2\/comments?post=10206"}],"version-history":[{"count":3,"href":"https:\/\/beachin.ch\/en\/wp-json\/wp\/v2\/pages\/10206\/revisions"}],"predecessor-version":[{"id":10620,"href":"https:\/\/beachin.ch\/en\/wp-json\/wp\/v2\/pages\/10206\/revisions\/10620"}],"up":[{"embeddable":true,"href":"https:\/\/beachin.ch\/en\/wp-json\/wp\/v2\/pages\/9765"}],"wp:attachment":[{"href":"https:\/\/beachin.ch\/en\/wp-json\/wp\/v2\/media?parent=10206"}],"curies":[{"name":"wp","href":"https:\/\/api.w.org\/{rel}","templated":true}]}}